{"id":2978,"date":"2023-12-06T07:28:57","date_gmt":"2023-12-06T07:28:57","guid":{"rendered":"https:\/\/dolmabahcepalace.gen.tr\/frequently-asked-questions\/"},"modified":"2024-06-11T15:20:20","modified_gmt":"2024-06-11T15:20:20","slug":"dolmabahce-palast-haufige-fragen","status":"publish","type":"page","link":"https:\/\/dolmabahcepalace.gen.tr\/de\/dolmabahce-palast-haufige-fragen\/","title":{"rendered":"H\u00e4ufige Fragen \u00fcber den Dolmabah\u00e7e Palast"},"content":{"rendered":"<h1 style=\"text-align: left;\">H\u00e4ufige Fragen \u00fcber den Dolmabah\u00e7e Palast in Istanbul<\/h1>\n<h2 style=\"\"><strong>H\u00e4ufige Fragen \u00fcber den Dolmabah\u00e7e Palast (FAQ)<\/strong><\/h2>\n<h2 id=\"t-1718114276014\" style=\"text-align: left;\"><strong>Bestseller:&nbsp;<\/strong><strong>Dolmabah\u00e7e Palast Ticket<\/strong><\/h2>\n<p data-tcb_hover_state_parent=\"\" style=\"\"><a href=\"https:\/\/dolmabahcepalace.gen.tr\/de\/kontakt\/\" style=\"outline: none;\" data-lt-tmp-id=\"lt-496096\" spellcheck=\"false\" target=\"_blank\" rel=\"noopener\">Buchen Sie ein beliebiges Ticket f\u00fcr den Dolmabahce Palast und erhalten Sie ein reduziertes Ticket f\u00fcr eine Bosporus-Bootsfahrt f\u00fcr nur 8 Euro.<\/a><\/p>\n<h2 data-qa-marker=\"product-name\" style=\"\" id=\"t-1718114276015\"><a href=\"https:\/\/www.headout.com\/r\/most-amazing-placesrecommends-OkzSk\/\" target=\"_blank\" rel=\"nofollow noopener\" data-tcb_hover_state_parent=\"\" style=\"outline: none;\" data-lt-tmp-id=\"lt-652134\" spellcheck=\"false\">Dolmabahce Palast Skip-the-Line Tickets mit Audioguide<\/a><\/h2>\n<p style=\"\"><a href=\"https:\/\/www.headout.com\/r\/most-amazing-placesrecommends-OkzSk\/\" target=\"_blank\" rel=\"nofollow noopener\" style=\"outline: none;\" data-lt-tmp-id=\"lt-2171\" spellcheck=\"false\">4.2 \/ 5 (992)<\/a><\/p>\n<p style=\"\">Machen Sie sich bereit f\u00fcr ein unvergessliches Erlebnis im pr\u00e4chtigen Dolmabah\u00e7e-Palast an der Meerenge von Istanbul. Genie\u00dfen Sie dank Schnelleinlass und Audioguide eine aufschlussreiche Besichtigung des weltber\u00fchmten Palastes!<strong><span style=\"--tcb-applied-color: rgba(255, 0, 0, 0.85) !important; color: rgba(255, 0, 0, 0.85) !important;\"> <a href=\"https:\/\/www.headout.com\/r\/most-amazing-placesrecommends-OkzSk\/\" target=\"_blank\" rel=\"nofollow noopener\" style=\"outline: none;\" data-lt-tmp-id=\"lt-264609\" spellcheck=\"false\">+ mehr Details<\/a><\/span><\/strong><\/p>\n<p style=\"\"><a href=\"https:\/\/www.headout.com\/r\/most-amazing-placesrecommends-OkzSk\/\" rel=\"nofollow noopener\" target=\"_blank\" style=\"outline: none;\" data-lt-tmp-id=\"lt-52890\" spellcheck=\"false\">Ab<\/a><\/p>\n<p style=\"\"><a href=\"https:\/\/www.headout.com\/r\/most-amazing-placesrecommends-OkzSk\/\" target=\"_blank\" rel=\"nofollow noopener\" style=\"outline: none;\"><span style=\"text-decoration: line-through;\">45&nbsp;<\/span><\/a><a href=\"https:\/\/www.headout.com\/r\/most-amazing-placesrecommends-OkzSk\/\" rel=\"nofollow noopener\" target=\"_blank\" style=\"outline: none;\"><span>\u20ac<\/span><\/a><\/p>\n<p style=\"\"><a href=\"https:\/\/www.headout.com\/r\/most-amazing-placesrecommends-OkzSk\/\" rel=\"nofollow noopener\" style=\"outline: none;\" target=\"_blank\" data-lt-tmp-id=\"lt-835826\" spellcheck=\"false\"><span style=\"--tcb-applied-color: var$(--tcb-skin-color-4) !important; color: var(--tcb-skin-color-4) !important;\"><strong>38,25\u20ac&nbsp;<\/strong><\/span><\/a><\/p>\n<p> __CONFIG_colors_palette__{&#8222;active_palette&#8220;:0,&#8220;config&#8220;:{&#8222;colors&#8220;:{&#8222;62516&#8220;:{&#8222;name&#8220;:&#8220;Main Accent&#8220;,&#8220;parent&#8220;:-1}},&#8220;gradients&#8220;:[]},&#8220;palettes&#8220;:[{&#8222;name&#8220;:&#8220;Default Palette&#8220;,&#8220;value&#8220;:{&#8222;colors&#8220;:{&#8222;62516&#8220;:{&#8222;val&#8220;:&#8220;rgb(29, 73, 186)&#8220;}},&#8220;gradients&#8220;:[]}}]}__CONFIG_colors_palette__ <a href=\"https:\/\/www.headout.com\/r\/most-amazing-placesrecommends-OkzSk\/\" target=\"_blank\" rel=\"nofollow noopener\"> <span><span><strong>Verf\u00fcgbarkeit pr\u00fcfen<\/strong><\/span><\/span> <\/a>  <\/p>\n<h2 id=\"t-1718114276016\" style=\"text-align: left;\"><strong>Meistverkaufte F\u00fchrungen f\u00fcr den&nbsp;<\/strong><strong>Dolmabah\u00e7e&nbsp;<\/strong><strong>Palast<\/strong><\/h2>\n<p data-tcb_hover_state_parent=\"\" style=\"\"><a href=\"#tve-jump-18fe7b8d489\" style=\"outline: currentcolor;\"><\/a><a href=\"https:\/\/dolmabahcepalace.gen.tr\/de\/kontakt\/\" style=\"outline: none;\" data-lt-tmp-id=\"lt-663514\" spellcheck=\"false\" target=\"_blank\" rel=\"noopener\">Buchen Sie ein beliebiges Ticket f\u00fcr den Dolmabahce Palast und erhalten Sie ein reduziertes Ticket f\u00fcr eine Bosporus-Bootsfahrt f\u00fcr nur 8 Euro.<\/a><\/p>\n<h2 data-qa-marker=\"product-name\" style=\"\" id=\"t-1718114276017\" data-tcb_hover_state_parent=\"\"><span style=\"font-weight: normal;\"><a href=\"https:\/\/www.headout.com\/r\/most-amazing-placesrecommends-Olz4D\/\" target=\"_blank\" rel=\"nofollow noopener\" style=\"outline: none;\" data-lt-tmp-id=\"lt-549283\" spellcheck=\"false\">Gef\u00fchrte Tour durch den Dolmabahce Palast mit Harem &amp; Gem\u00e4ldemuseum mit Skip-the-Line Tickets<\/a><\/span><\/h2>\n<p style=\"\"><a href=\"https:\/\/www.headout.com\/r\/most-amazing-placesrecommends-eIPYn\/\" target=\"_blank\" rel=\"nofollow noopener\"><\/a><a href=\"https:\/\/www.headout.com\/r\/most-amazing-placesrecommends-Olz4D\/\" rel=\"nofollow noopener\" target=\"_blank\" style=\"outline: none;\" data-lt-tmp-id=\"lt-838106\" spellcheck=\"false\">4,2\/5 (912)<\/a><\/p>\n<p style=\"\">Erkunden Sie Istanbuls Dolmabahce-Palast, den Harem und das Gem\u00e4ldemuseum auf einer gef\u00fchrten Tour durch osmanische Geschichte, Kunst und Architektur. <a href=\"https:\/\/www.headout.com\/r\/most-amazing-placesrecommends-Olz4D\/\" rel=\"nofollow noopener\" target=\"_blank\" style=\"outline: none;\" data-lt-tmp-id=\"lt-97438\" spellcheck=\"false\"><strong>+ mehr Details<\/strong><\/a><\/p>\n<p style=\"\">Ab<\/p>\n<p style=\"\"><a href=\"https:\/\/www.headout.com\/r\/most-amazing-placesrecommends-eIPYn\/\" target=\"_blank\" rel=\"nofollow noopener\"><\/a><a data-lt-tmp-id=\"lt-949290\" href=\"https:\/\/www.headout.com\/r\/most-amazing-placesrecommends-7Svlr\/\" rel=\"nofollow noopener\" spellcheck=\"false\" target=\"_blank\"><\/a><a data-lt-tmp-id=\"lt-821383\" href=\"https:\/\/www.headout.com\/r\/most-amazing-placesrecommends-Olz4D\/\" rel=\"nofollow noopener\" spellcheck=\"false\" target=\"_blank\" style=\"outline: none;\">42 \u20ac<\/a><\/p>\n<p>__CONFIG_colors_palette__{&#8222;active_palette&#8220;:0,&#8220;config&#8220;:{&#8222;colors&#8220;:{&#8222;9296b&#8220;:{&#8222;name&#8220;:&#8220;Main Accent&#8220;,&#8220;parent&#8220;:-1}},&#8220;gradients&#8220;:[]},&#8220;palettes&#8220;:[{&#8222;name&#8220;:&#8220;Default Palette&#8220;,&#8220;value&#8220;:{&#8222;colors&#8220;:{&#8222;9296b&#8220;:{&#8222;val&#8220;:&#8220;rgb(29, 73, 186)&#8220;}},&#8220;gradients&#8220;:[]},&#8220;original&#8220;:{&#8222;colors&#8220;:{&#8222;9296b&#8220;:{&#8222;val&#8220;:&#8220;rgb(19, 114, 211)&#8220;,&#8220;hsl&#8220;:{&#8222;h&#8220;:210,&#8220;s&#8220;:0.83,&#8220;l&#8220;:0.45,&#8220;a&#8220;:1}}},&#8220;gradients&#8220;:[]}}]}__CONFIG_colors_palette__ <a href=\"https:\/\/www.headout.com\/r\/most-amazing-placesrecommends-Olz4D\/\" target=\"_blank\" rel=\"nofollow noopener\"> <span><span style=\"\">Verf\u00fcgbarkeit pr\u00fcfen<\/span><\/span> <\/a>  <\/p>\n<h2 style=\"text-align: left;\" id=\"t-1718114276018\"><b>Beliebtestes Kombiticket<\/b><\/h2>\n<p data-tcb_hover_state_parent=\"\" style=\"\"><a href=\"#tve-jump-18fe7b8d489\" style=\"outline: currentcolor;\"><\/a><a href=\"https:\/\/dolmabahcepalace.gen.tr\/de\/kontakt\/\" style=\"outline: none;\" data-lt-tmp-id=\"lt-12655\" spellcheck=\"false\" target=\"_blank\" rel=\"noopener\">Buchen Sie ein beliebiges Ticket f\u00fcr den Dolmabahce Palast und erhalten Sie ein reduziertes Ticket f\u00fcr eine Bosporus-Bootsfahrt f\u00fcr nur 8 Euro.<\/a><\/p>\n<h2 data-qa-marker=\"product-name\" style=\"\" id=\"t-1718114276019\"><a href=\"https:\/\/www.headout.com\/r\/most-amazing-placesrecommends-eIPYn\/\" target=\"_blank\" rel=\"nofollow noopener\"><\/a><a data-lt-tmp-id=\"lt-225321\" href=\"https:\/\/www.headout.com\/r\/most-amazing-placesrecommends-7Svlr\/\" rel=\"nofollow noopener\" spellcheck=\"false\" target=\"_blank\"><\/a><a data-lt-tmp-id=\"lt-398957\" href=\"https:\/\/megapass.com\/turkey\/istanbul\/topkapi-palace-museum-tickets?discountCode=ma-places\" rel=\"nofollow noopener\" spellcheck=\"false\" target=\"_blank\"><\/a><a data-lt-tmp-id=\"lt-707014\" href=\"https:\/\/www.headout.com\/r\/most-amazing-placesrecommends-OmUaq\/\" rel=\"nofollow noopener\" spellcheck=\"false\" target=\"_blank\" style=\"outline: none;\">Kombiticket: Dolmabah\u00e7e-Palast + Tickets f\u00fcr die Bosporus-Kreuzfahrt<\/a><\/h2>\n<p style=\"\"><a href=\"https:\/\/www.headout.com\/r\/most-amazing-placesrecommends-eIPYn\/\" target=\"_blank\" rel=\"nofollow noopener\"><\/a><a href=\"https:\/\/megapass.com\/turkey\/istanbul\/topkapi-palace-museum-tickets?discountCode=ma-places\" rel=\"nofollow noopener\" target=\"_blank\"><\/a><a href=\"https:\/\/www.headout.com\/r\/most-amazing-placesrecommends-OmUaq\/\" rel=\"nofollow noopener\" target=\"_blank\" style=\"outline: none;\">4,2 \/ 5 (75)<\/a><\/p>\n<p data-test-id=\"activity-overview-content\" data-v-5726f79d=\"\" style=\"\">Sparen Sie bares Geld mit diesem tollen Kombiticket, das eine gef\u00fchrte Tour durch den Dolmabah\u00e7e-Palast und eine Bootsfahrt auf dem Bosporus umfasst!&nbsp;<a href=\"https:\/\/www.headout.com\/r\/most-amazing-placesrecommends-OmUaq\/\" rel=\"nofollow noopener\" target=\"_blank\" style=\"outline: none;\" data-lt-tmp-id=\"lt-565618\" spellcheck=\"false\"><strong>+ mehr Details<\/strong><\/a><\/p>\n<p style=\"\">Ab<\/p>\n<p style=\"\"><a href=\"https:\/\/www.headout.com\/r\/most-amazing-placesrecommends-eIPYn\/\" target=\"_blank\" rel=\"nofollow noopener\"><\/a><a data-lt-tmp-id=\"lt-949290\" href=\"https:\/\/www.headout.com\/r\/most-amazing-placesrecommends-7Svlr\/\" rel=\"nofollow noopener\" spellcheck=\"false\" target=\"_blank\"><\/a><a data-lt-tmp-id=\"lt-821383\" href=\"https:\/\/megapass.com\/turkey\/istanbul\/topkapi-palace-museum-tickets?discountCode=ma-places\" rel=\"nofollow noopener\" spellcheck=\"false\" target=\"_blank\"><\/a><a data-lt-tmp-id=\"lt-541635\" href=\"https:\/\/www.headout.com\/r\/most-amazing-placesrecommends-OmUaq\/\" rel=\"nofollow noopener\" spellcheck=\"false\" target=\"_blank\" style=\"outline: none;\">67 \u20ac<\/a><\/p>\n<p>__CONFIG_colors_palette__{&#8222;active_palette&#8220;:0,&#8220;config&#8220;:{&#8222;colors&#8220;:{&#8222;9296b&#8220;:{&#8222;name&#8220;:&#8220;Main Accent&#8220;,&#8220;parent&#8220;:-1}},&#8220;gradients&#8220;:[]},&#8220;palettes&#8220;:[{&#8222;name&#8220;:&#8220;Default Palette&#8220;,&#8220;value&#8220;:{&#8222;colors&#8220;:{&#8222;9296b&#8220;:{&#8222;val&#8220;:&#8220;rgb(29, 73, 186)&#8220;}},&#8220;gradients&#8220;:[]},&#8220;original&#8220;:{&#8222;colors&#8220;:{&#8222;9296b&#8220;:{&#8222;val&#8220;:&#8220;rgb(19, 114, 211)&#8220;,&#8220;hsl&#8220;:{&#8222;h&#8220;:210,&#8220;s&#8220;:0.83,&#8220;l&#8220;:0.45,&#8220;a&#8220;:1}}},&#8220;gradients&#8220;:[]}}]}__CONFIG_colors_palette__ <a href=\"https:\/\/www.headout.com\/r\/most-amazing-placesrecommends-OmUaq\/\" rel=\"nofollow noopener\" target=\"_blank\"> <span style=\"\"><span style=\"\">Verf\u00fcgbarkeit pr\u00fcfen<\/span><\/span> <\/a>  <\/p>\n<h2 style=\"text-align: left;\" id=\"t-1718114276020\"><strong>Kombi-Pass mit dem besten Preis-Leistungs-Verh\u00e4ltnis<\/strong><\/h2>\n<p data-tcb_hover_state_parent=\"\" style=\"\"><a href=\"#tve-jump-18fe7b8d489\" style=\"outline: currentcolor;\"><\/a><a href=\"https:\/\/dolmabahcepalace.gen.tr\/de\/kontakt\/\" style=\"outline: none;\" data-lt-tmp-id=\"lt-36641\" spellcheck=\"false\" target=\"_blank\" rel=\"noopener\">Buchen Sie ein beliebiges Ticket f\u00fcr den Dolmabahce Palast und erhalten Sie ein reduziertes Ticket f\u00fcr eine Bosporus-Bootsfahrt f\u00fcr nur 8 Euro.<\/a><\/p>\n<h2 data-qa-marker=\"product-name\" style=\"\" id=\"t-1718114276021\"><a href=\"https:\/\/www.headout.com\/r\/most-amazing-placesrecommends-eIPYn\/\" target=\"_blank\" rel=\"nofollow noopener\"><\/a><a data-lt-tmp-id=\"lt-225321\" href=\"https:\/\/www.headout.com\/r\/most-amazing-placesrecommends-7Svlr\/\" rel=\"nofollow noopener\" spellcheck=\"false\" target=\"_blank\"><\/a><a data-lt-tmp-id=\"lt-398957\" href=\"https:\/\/megapass.com\/turkey\/istanbul\/topkapi-palace-museum-tickets?discountCode=ma-places\" rel=\"nofollow noopener\" spellcheck=\"false\" target=\"_blank\"><\/a><a data-lt-tmp-id=\"lt-707014\" href=\"https:\/\/www.getyourguide.com\/istanbul-l56\/istanbul-topkapi-palace-harem-tour-including-entry-ticket-t127010\/?partner_id=NO9XIDE&amp;utm_medium=online_publisher&amp;cmp=TopkapiGenTrHomepage\" rel=\"nofollow noopener\" spellcheck=\"false\" target=\"_blank\"><\/a><a data-lt-tmp-id=\"lt-652778\" href=\"https:\/\/megapass.com\/turkey\/istanbul\/megapass-istanbul?discountCode=ma-places\" rel=\"nofollow noopener\" spellcheck=\"false\" target=\"_blank\" style=\"outline: none;\"><strong>MegaPass Classic mit Top-Attraktionen<\/strong><\/a><\/h2>\n<p style=\"\"><a href=\"https:\/\/www.headout.com\/r\/most-amazing-placesrecommends-eIPYn\/\" target=\"_blank\" rel=\"nofollow noopener\"><\/a><a href=\"https:\/\/megapass.com\/turkey\/istanbul\/topkapi-palace-museum-tickets?discountCode=ma-places\" rel=\"nofollow noopener\" target=\"_blank\"><\/a><a href=\"https:\/\/www.getyourguide.com\/istanbul-l56\/istanbul-topkapi-palace-harem-tour-including-entry-ticket-t127010\/?partner_id=NO9XIDE&amp;utm_medium=online_publisher&amp;cmp=TopkapiGenTrHomepage\" rel=\"nofollow noopener\" target=\"_blank\"><\/a><a href=\"https:\/\/megapass.com\/turkey\/istanbul\/megapass-istanbul?discountCode=ma-places\" rel=\"nofollow noopener\" target=\"_blank\" style=\"outline: none;\">4,8 \/ 5 (230)<\/a><\/p>\n<p data-test-id=\"activity-overview-content\" data-v-5726f79d=\"\" style=\"\">Der MegaPass deckt alle Top-Museen in Istanbul ab, wie die Hagia Sophia, den Topkapi-Palast + Harem, die Cisterna Basilica und den Dolmabahce-Palast. Neben diesen Top-Attraktionen genie\u00dfen Sie eine Bosporus-Kreuzfahrt, eine F\u00fchrung durch die Blaue Moschee und Sie k\u00f6nnen von der Hop-On-Hop-Off-Bustour und einer F\u00fchrung durch die asiatische Seite profitieren <a href=\"https:\/\/megapass.com\/turkey\/istanbul\/megapass-istanbul?discountCode=ma-places\" rel=\"nofollow noopener\" target=\"_blank\" style=\"outline: none;\" data-lt-tmp-id=\"lt-662657\" spellcheck=\"false\"><strong>+ mehr Details<\/strong><\/a><\/p>\n<p style=\"\">Ab<\/p>\n<p style=\"\"><a href=\"https:\/\/www.headout.com\/r\/most-amazing-placesrecommends-eIPYn\/\" target=\"_blank\" rel=\"nofollow noopener\"><\/a><a data-lt-tmp-id=\"lt-949290\" href=\"https:\/\/www.headout.com\/r\/most-amazing-placesrecommends-7Svlr\/\" rel=\"nofollow noopener\" spellcheck=\"false\" target=\"_blank\"><\/a><a data-lt-tmp-id=\"lt-821383\" href=\"https:\/\/megapass.com\/turkey\/istanbul\/topkapi-palace-museum-tickets?discountCode=ma-places\" rel=\"nofollow noopener\" spellcheck=\"false\" target=\"_blank\"><\/a><a data-lt-tmp-id=\"lt-541635\" href=\"https:\/\/www.getyourguide.com\/istanbul-l56\/istanbul-topkapi-palace-harem-tour-including-entry-ticket-t127010\/?partner_id=NO9XIDE&amp;utm_medium=online_publisher&amp;cmp=TopkapiGenTrHomepage\" rel=\"nofollow noopener\" spellcheck=\"false\" target=\"_blank\"><\/a><a data-lt-tmp-id=\"lt-787019\" href=\"https:\/\/megapass.com\/turkey\/istanbul\/megapass-istanbul?discountCode=ma-places\" rel=\"nofollow noopener\" spellcheck=\"false\" target=\"_blank\" style=\"outline: none;\">98 \u20ac&nbsp;<\/a><\/p>\n<p>__CONFIG_colors_palette__{&#8222;active_palette&#8220;:0,&#8220;config&#8220;:{&#8222;colors&#8220;:{&#8222;9296b&#8220;:{&#8222;name&#8220;:&#8220;Main Accent&#8220;,&#8220;parent&#8220;:-1}},&#8220;gradients&#8220;:[]},&#8220;palettes&#8220;:[{&#8222;name&#8220;:&#8220;Default Palette&#8220;,&#8220;value&#8220;:{&#8222;colors&#8220;:{&#8222;9296b&#8220;:{&#8222;val&#8220;:&#8220;rgb(29, 73, 186)&#8220;}},&#8220;gradients&#8220;:[]},&#8220;original&#8220;:{&#8222;colors&#8220;:{&#8222;9296b&#8220;:{&#8222;val&#8220;:&#8220;rgb(19, 114, 211)&#8220;,&#8220;hsl&#8220;:{&#8222;h&#8220;:210,&#8220;s&#8220;:0.83,&#8220;l&#8220;:0.45,&#8220;a&#8220;:1}}},&#8220;gradients&#8220;:[]}}]}__CONFIG_colors_palette__ <a href=\"https:\/\/megapass.com\/turkey\/istanbul\/megapass-istanbul?discountCode=ma-places\" target=\"_blank\" rel=\"nofollow noopener\"> <span style=\"\"><span style=\"\">Verf\u00fcgbarkeit pr\u00fcfen<\/span><\/span> <\/a>   <\/p>\n","protected":false},"excerpt":{"rendered":"<p>H\u00e4ufige Fragen \u00fcber den Dolmabah\u00e7e Palast in Istanbul H\u00e4ufige Fragen \u00fcber den Dolmabah\u00e7e Palast (FAQ) Bestseller:&nbsp;Dolmabah\u00e7e Palast Ticket Buchen Sie ein beliebiges Ticket f\u00fcr den Dolmabahce Palast und erhalten Sie ein reduziertes Ticket f\u00fcr eine Bosporus-Bootsfahrt f\u00fcr nur 8 Euro. Dolmabahce Palast Skip-the-Line Tickets mit Audioguide 4.2 \/ 5 (992) Machen Sie sich bereit f\u00fcr [&hellip;]<\/p>\n","protected":false},"author":1,"featured_media":2632,"parent":0,"menu_order":0,"comment_status":"closed","ping_status":"closed","template":"","meta":{"footnotes":""},"class_list":["post-2978","page","type-page","status-publish","has-post-thumbnail","hentry","post-wrapper","thrv_wrapper"],"_links":{"self":[{"href":"https:\/\/dolmabahcepalace.gen.tr\/de\/wp-json\/wp\/v2\/pages\/2978","targetHints":{"allow":["GET"]}}],"collection":[{"href":"https:\/\/dolmabahcepalace.gen.tr\/de\/wp-json\/wp\/v2\/pages"}],"about":[{"href":"https:\/\/dolmabahcepalace.gen.tr\/de\/wp-json\/wp\/v2\/types\/page"}],"author":[{"embeddable":true,"href":"https:\/\/dolmabahcepalace.gen.tr\/de\/wp-json\/wp\/v2\/users\/1"}],"replies":[{"embeddable":true,"href":"https:\/\/dolmabahcepalace.gen.tr\/de\/wp-json\/wp\/v2\/comments?post=2978"}],"version-history":[{"count":14,"href":"https:\/\/dolmabahcepalace.gen.tr\/de\/wp-json\/wp\/v2\/pages\/2978\/revisions"}],"predecessor-version":[{"id":3488,"href":"https:\/\/dolmabahcepalace.gen.tr\/de\/wp-json\/wp\/v2\/pages\/2978\/revisions\/3488"}],"wp:featuredmedia":[{"embeddable":true,"href":"https:\/\/dolmabahcepalace.gen.tr\/de\/wp-json\/wp\/v2\/media\/2632"}],"wp:attachment":[{"href":"https:\/\/dolmabahcepalace.gen.tr\/de\/wp-json\/wp\/v2\/media?parent=2978"}],"curies":[{"name":"wp","href":"https:\/\/api.w.org\/{rel}","templated":true}]}}