{"id":3227,"date":"2024-05-17T14:33:12","date_gmt":"2024-05-17T14:33:12","guid":{"rendered":"https:\/\/dolmabahcepalace.gen.tr\/?page_id=3227"},"modified":"2024-05-17T14:33:13","modified_gmt":"2024-05-17T14:33:13","slug":"impressum","status":"publish","type":"page","link":"https:\/\/dolmabahcepalace.gen.tr\/de\/impressum\/","title":{"rendered":"Impressum"},"content":{"rendered":"","protected":false},"excerpt":{"rendered":"","protected":false},"author":5,"featured_media":0,"parent":0,"menu_order":0,"comment_status":"closed","ping_status":"closed","template":"","meta":{"footnotes":"","tve_updated_post":"<div class=\"thrv_wrapper thrv_text_element\">\t<h1><strong>Impressum<\/strong><\/h1><p>MOST AMAZING PLACES TANITIM VE T\u0130C. A.\u015e.<\/p><p>G\u00fcm\u00fc\u015fsuyu Mah.&nbsp;<\/p><p>\u0130n\u00f6n\u00fc Cd. Melek Apt, NO: 11, K1 D2<\/p><p>34437 Beyo\u011flu\/\u0130stanbul<\/p><p><strong>Tax-Identifikationsnummer:<br><\/strong>Beyoglu VD 6232114088<\/p><p><strong>Gesch\u00e4ftsf\u00fchrer:&nbsp;<\/strong>D. Eronal<\/p><p><strong>Internet:&nbsp;<\/strong><lt-highlighter class=\"lt--mac-os\" data-lt-linked=\"1\" style=\"display: none; z-index: auto !important;\"><lt-div spellcheck=\"false\" class=\"lt-highlighter__wrapper\" style=\"width: 239.195px !important; height: 18px !important; transform: none !important; transform-origin: 0px 0px !important; zoom: 1 !important; margin-top: 6px !important; margin-left: 65.3125px !important;\"><lt-div class=\"lt-highlighter__scroll-element\" style=\"top: 0px !important; left: 0px !important; width: 239px !important; height: 18px !important;\"><\/lt-div><\/lt-div><\/lt-highlighter><a href=\"https:\/\/most-amazing-places.com\/\" rel=\"nofollow noopener\" target=\"_blank\" class=\"\" style=\"outline: none;\" data-lt-tmp-id=\"lt-613320\" spellcheck=\"false\">https:\/\/most-amazing-places.com\/<\/a><\/p><\/div>","tve_custom_css":"@media (min-width: 300px){.tcb-post-list[data-css=\"tve-u-17c36d83415\"] .post-wrapper.thrv_wrapper { width: calc(100% + 0px); }.tcb-post-list[data-css=\"tve-u-17c36d83415\"] .post-wrapper.thrv_wrapper:nth-child(n+2) { margin-top: 15px !important; }.tcb-post-list[data-css=\"tve-u-17c36d83415\"] .post-wrapper.thrv_wrapper:not(:nth-child(n+2)) { margin-top: 0px !important; }.tcb-post-list[data-css=\"tve-u-17c36d83415\"] .post-wrapper.thrv_wrapper:not(:nth-child(n)) { margin-right: 0px !important; }.tcb-post-list[data-css=\"tve-u-17c36d83415\"] .post-wrapper.thrv_wrapper:nth-child(n) { margin-right: 0px !important; }}","tve_user_custom_css":"","tve_globals":{"e":"1","font_cls":[]},"tcb2_ready":1,"tcb_editor_enabled":1,"tve_landing_page":"","_tve_header":"","_tve_footer":""},"class_list":["post-3227","page","type-page","status-publish","hentry","post-wrapper","thrv_wrapper"],"_links":{"self":[{"href":"https:\/\/dolmabahcepalace.gen.tr\/de\/wp-json\/wp\/v2\/pages\/3227","targetHints":{"allow":["GET"]}}],"collection":[{"href":"https:\/\/dolmabahcepalace.gen.tr\/de\/wp-json\/wp\/v2\/pages"}],"about":[{"href":"https:\/\/dolmabahcepalace.gen.tr\/de\/wp-json\/wp\/v2\/types\/page"}],"author":[{"embeddable":true,"href":"https:\/\/dolmabahcepalace.gen.tr\/de\/wp-json\/wp\/v2\/users\/5"}],"replies":[{"embeddable":true,"href":"https:\/\/dolmabahcepalace.gen.tr\/de\/wp-json\/wp\/v2\/comments?post=3227"}],"version-history":[{"count":5,"href":"https:\/\/dolmabahcepalace.gen.tr\/de\/wp-json\/wp\/v2\/pages\/3227\/revisions"}],"predecessor-version":[{"id":3232,"href":"https:\/\/dolmabahcepalace.gen.tr\/de\/wp-json\/wp\/v2\/pages\/3227\/revisions\/3232"}],"wp:attachment":[{"href":"https:\/\/dolmabahcepalace.gen.tr\/de\/wp-json\/wp\/v2\/media?parent=3227"}],"curies":[{"name":"wp","href":"https:\/\/api.w.org\/{rel}","templated":true}]}}