{"id":3902,"date":"2024-11-05T10:35:36","date_gmt":"2024-11-05T10:35:36","guid":{"rendered":"https:\/\/dolmabahcepalace.gen.tr\/disclosure\/"},"modified":"2024-11-05T13:41:11","modified_gmt":"2024-11-05T13:41:11","slug":"offenlegung-der-affiliate-partner","status":"publish","type":"page","link":"https:\/\/dolmabahcepalace.gen.tr\/de\/offenlegung-der-affiliate-partner\/","title":{"rendered":"Offenlegung der Affiliate-Partner"},"content":{"rendered":"<h1><span data-attr-id=\"the_title\" data-extra_key=\"the_title\" data-option-inline=\"1\" data-shortcode=\"thrv_dynamic_data_content\" data-shortcode-name=\"Post title\">Offenlegung der Affiliate-Partner<\/span><\/h1>\n<p><span><img decoding=\"async\" alt=\"\" data-id=\"2879\" width=\"555\" data-init-width=\"1000\" height=\"312\" data-init-height=\"563\" title=\"Dolmabahce,Palace,,Istanbul,,Turkey.,View,Of,The,Palace,From,The\" loading=\"lazy\" src=\"https:\/\/dolmabahcepalace.gen.tr\/wp-content\/uploads\/2024\/11\/dolmabahce-palace-gallery-photos7.jpg\" data-width=\"555\" data-height=\"312\" style=\"aspect-ratio: auto 1000 \/ 563;\"><\/span><\/p>\n<p dir=\"ltr\">Bei DolmabahcePalace.gen.tr ist es unser Ziel, qualitativ hochwertige Reiseinhalte bereitzustellen, die Ihnen helfen, Ihre Reisen zu planen und zu genie\u00dfen. Um unsere Bem\u00fchungen bei der Pflege und dem Wachstum dieser Website zu unterst\u00fctzen, verwenden wir Affiliate-Links in unseren Inhalten. Das bedeutet, dass wir m\u00f6glicherweise eine kleine Provision verdienen, wenn Sie sich daf\u00fcr entscheiden, einen Kauf \u00fcber einige der Links auf unserer Website zu t\u00e4tigen. Dies ist f\u00fcr Sie ohne zus\u00e4tzliche Kosten zu haben und hilft uns, den Inhalt kostenlos und aktuell zu halten.<\/p>\n<h2 dir=\"ltr\">Warum Wir Affiliate-Links Verwenden<\/h2>\n<p dir=\"ltr\">Der Betrieb einer Website erfordert Zeit und Ressourcen, und Affiliate-Partnerschaften erm\u00f6glichen es uns, die Arbeit, die wir tun, zu finanzieren. Es ist wichtig zu beachten, dass wir nur Produkte, Touren und Dienstleistungen empfehlen, von denen wir wirklich glauben, dass sie Ihrem Reiseerlebnis einen Mehrwert verleihen. Wir w\u00e4hlen unsere Affiliate-Partner sorgf\u00e4ltig aus und \u00fcberpr\u00fcfen sie, um sicherzustellen, dass sie mit den Standards und Interessen unserer Leser \u00fcbereinstimmen.<\/p>\n<h2 dir=\"ltr\">Affiliate-Partner<\/h2>\n<p dir=\"ltr\">Zu unseren vertrauensw\u00fcrdigen Affiliate-Partnern geh\u00f6ren:<\/p>\n<li dir=\"ltr\">GetYourGuide<\/li>\n<li dir=\"ltr\">Tiqets<\/li>\n<li dir=\"ltr\">Headout<\/li>\n<li dir=\"ltr\">Viator<\/li>\n<li dir=\"ltr\">Platinumlist<\/li>\n<li dir=\"ltr\">Civitatis<\/li>\n<li dir=\"ltr\">Holafly<\/li>\n<li dir=\"ltr\">Booking.com<\/li>\n<li dir=\"ltr\">Megapass<\/li>\n<li dir=\"ltr\">Musement<\/li>\n<p dir=\"ltr\">Bitte beachten Sie, dass wir diese Liste aktualisieren k\u00f6nnen, wenn wir mit neuen Unternehmen zusammenarbeiten, denen wir vertrauen und die wir empfehlen.<\/p>\n<h2 dir=\"ltr\">Verpflichtung zur Ehrlichkeit<\/h2>\n<p dir=\"ltr\">Wir m\u00f6chten, dass Sie sich in die Empfehlungen, die wir geben, sicher f\u00fchlen. W\u00e4hrend das Verdienen einer Provision unsere Arbeit unterst\u00fctzt, beeinflusst sie nie die Inhalte, Themen oder Produkte, die wir empfehlen. Unser Hauptaugenmerk liegt darauf, hilfreiche, ehrliche und genaue Informationen f\u00fcr Ihre Reisen bereitzustellen. Jedes Produkt oder jede Dienstleistung, die wir unterst\u00fctzen, ist etwas, das wir pers\u00f6nlich verwenden oder Freunden und Familie empfehlen w\u00fcrden.<\/p>\n<h2 dir=\"ltr\">Ihre Unterst\u00fctzung ist wichtig<\/h2>\n<p dir=\"ltr\">Durch die Nutzung unserer Affiliate-Links unterst\u00fctzen Sie die Inhalte und Ressourcen, die wir hier bei DolmabahcePalace.gen.tr anbieten, und wir sind unglaublich dankbar f\u00fcr Ihr Vertrauen und Ihre Unterst\u00fctzung. Es erm\u00f6glicht uns, weiterhin Tipps, Leitf\u00e4den und Empfehlungen zu geben, von denen wir hoffen, dass sie Ihre Reiseabenteuer verbessern.<\/p>\n<p dir=\"ltr\">Wenn Sie Fragen oder Bedenken zu unseren Affiliate-Partnerschaften oder Inhalten haben, k\u00f6nnen Sie sich gerne an uns wenden.<\/p>\n<p><span><span>                    <\/span><\/span><span>Search<\/span><\/p>\n<p style=\"\"><strong>HILFREICHE LINKS<\/strong><\/p>\n<p style=\"\"><a href=\"https:\/\/dolmabahcepalace.gen.tr\/de\/dolmabahce-palast\/\" style=\"outline: none;\" data-lt-tmp-id=\"lt-985672\" spellcheck=\"false\">\u00dcberblick<\/a><\/p>\n<p style=\"\"><a href=\"https:\/\/dolmabahcepalace.gen.tr\/de\/dolmabahce-palast\/dolmabahce-palast-geschichte\/\" style=\"outline: none;\" data-lt-tmp-id=\"lt-209367\" spellcheck=\"false\">Geschichte<\/a><\/p>\n<p style=\"\"><a href=\"https:\/\/dolmabahcepalace.gen.tr\/de\/dolmabahce-palast\/dolmabahce-harem\/\" style=\"outline: none;\" data-lt-tmp-id=\"lt-426858\" spellcheck=\"false\">Harem<\/a><\/p>\n<p style=\"\"><a href=\"https:\/\/dolmabahcepalace.gen.tr\/de\/dolmabahce-palast\/dolmabahce-ataturk\/\" style=\"outline: none;\" data-lt-tmp-id=\"lt-374081\" spellcheck=\"false\">Atat\u00fcrk<\/a><\/p>\n<p style=\"\"><a href=\"https:\/\/dolmabahcepalace.gen.tr\/de\/dolmabahce-palast-offnungszeiten\/\" style=\"outline: none;\">\u00d6ffnungszeiten<\/a><\/p>\n<p style=\"\"><a href=\"https:\/\/dolmabahcepalace.gen.tr\/de\/dolmabahce-palast-anfahrt\/\" style=\"outline: none;\" data-lt-tmp-id=\"lt-509694\" spellcheck=\"false\">Anfahrt<\/a><\/p>\n<p style=\"\"><a href=\"https:\/\/dolmabahcepalace.gen.tr\/de\/dolmabahce-palast-eintritt-tickets\/\" style=\"outline: none;\" data-lt-tmp-id=\"lt-732107\" spellcheck=\"false\">Eintritt &amp; F\u00fchrungen<\/a><\/p>\n<p style=\"\"><a href=\"https:\/\/dolmabahcepalace.gen.tr\/de\/dolmabahce-palast-haufige-fragen\/\" style=\"outline: none;\" data-lt-tmp-id=\"lt-961298\" spellcheck=\"false\">FAQ<\/a><\/p>\n","protected":false},"excerpt":{"rendered":"<p>Offenlegung der Affiliate-Partner Bei DolmabahcePalace.gen.tr ist es unser Ziel, qualitativ hochwertige Reiseinhalte bereitzustellen, die Ihnen helfen, Ihre Reisen zu planen und zu genie\u00dfen. Um unsere Bem\u00fchungen bei der Pflege und dem Wachstum dieser Website zu unterst\u00fctzen, verwenden wir Affiliate-Links in unseren Inhalten. Das bedeutet, dass wir m\u00f6glicherweise eine kleine Provision verdienen, wenn Sie sich daf\u00fcr [&hellip;]<\/p>\n","protected":false},"author":6,"featured_media":2682,"parent":0,"menu_order":0,"comment_status":"closed","ping_status":"closed","template":"","meta":{"footnotes":""},"class_list":["post-3902","page","type-page","status-publish","has-post-thumbnail","hentry","post-wrapper","thrv_wrapper"],"_links":{"self":[{"href":"https:\/\/dolmabahcepalace.gen.tr\/de\/wp-json\/wp\/v2\/pages\/3902","targetHints":{"allow":["GET"]}}],"collection":[{"href":"https:\/\/dolmabahcepalace.gen.tr\/de\/wp-json\/wp\/v2\/pages"}],"about":[{"href":"https:\/\/dolmabahcepalace.gen.tr\/de\/wp-json\/wp\/v2\/types\/page"}],"author":[{"embeddable":true,"href":"https:\/\/dolmabahcepalace.gen.tr\/de\/wp-json\/wp\/v2\/users\/6"}],"replies":[{"embeddable":true,"href":"https:\/\/dolmabahcepalace.gen.tr\/de\/wp-json\/wp\/v2\/comments?post=3902"}],"version-history":[{"count":5,"href":"https:\/\/dolmabahcepalace.gen.tr\/de\/wp-json\/wp\/v2\/pages\/3902\/revisions"}],"predecessor-version":[{"id":3909,"href":"https:\/\/dolmabahcepalace.gen.tr\/de\/wp-json\/wp\/v2\/pages\/3902\/revisions\/3909"}],"wp:featuredmedia":[{"embeddable":true,"href":"https:\/\/dolmabahcepalace.gen.tr\/de\/wp-json\/wp\/v2\/media\/2682"}],"wp:attachment":[{"href":"https:\/\/dolmabahcepalace.gen.tr\/de\/wp-json\/wp\/v2\/media?parent=3902"}],"curies":[{"name":"wp","href":"https:\/\/api.w.org\/{rel}","templated":true}]}}