{"id":4209,"date":"2024-11-02T13:57:40","date_gmt":"2024-11-02T13:57:40","guid":{"rendered":"https:\/\/dolmabahcepalace.gen.tr\/dolmabahce-palast-eintritt-tickets\/dolmabahce-palace-combo-tickets\/"},"modified":"2026-03-31T08:08:34","modified_gmt":"2026-03-31T08:08:34","slug":"kombitickets","status":"publish","type":"page","link":"https:\/\/dolmabahcepalace.gen.tr\/de\/dolmabahce-palast-eintritt-tickets\/kombitickets\/","title":{"rendered":"Kombitickets f\u00fcr den Dolmabahce Palast"},"content":{"rendered":"<h1 style=\"text-align: left;\"><span data-attr-id=\"the_title\" data-extra_key=\"the_title\" data-option-inline=\"1\" data-shortcode=\"thrv_dynamic_data_content\" data-shortcode-name=\"Post title\">Kombitickets f\u00fcr den Dolmabahce Palast<\/span><\/h1>\n<p style=\"text-align: left;\"><strong>Erleben Sie Istanbuls bedeutendste Sehensw\u00fcrdigkeiten \u2013 mit nur einem Ticket und attraktiven Ersparnissen.<\/strong><\/p>\n<p data-pm-slice=\"1 1 []\">Der im 19. Jahrhundert erbaute Dolmabahce Palast z\u00e4hlt<strong> heute zu den meistbesuchten Wahrzeichen der T\u00fcrkei. <\/strong>Er war die letzte <strong>Residenz von sechs osmanischen Sultanen<\/strong> sowie der Ort, an dem Mustafa Kemal <strong>Atat\u00fcrk<\/strong><strong>verstarb<\/strong>.&nbsp;<\/p>\n<p data-pm-slice=\"1 1 []\">Auf dieser Seite finden Sie die <strong>beliebtesten Kombitickets f\u00fcr den Dolmabahce Palas<\/strong><strong>t.<\/strong> Dazu geh\u00f6ren Angebote mit weltber\u00fchmten Sehensw\u00fcrdigkeiten wie der <a href=\"https:\/\/www.hagiasophia.gen.tr\/de\/\" target=\"_blank\" style=\"outline: none;\" rel=\"noopener\">Hagia Sophia<\/a> bis hin zu einer <a href=\"https:\/\/bosphorus-dinner-cruise.com\/de\/\" target=\"_blank\" style=\"outline: none;\" rel=\"noopener\">Bosphorus-Dinner-Kreuzfahrt<\/a>.&nbsp;<\/p>\n<h2 id=\"t-1730381329341\"><strong>1. Bes<\/strong><strong>tseller: Dolmabah\u00e7e-Palast Kombiticket<\/strong><\/h2>\n<h3 dir=\"ltr\" style=\"text-align: left;\" id=\"t-1730552236060\"><span style=\"\">Kombi: Dolmabah\u00e7e-Palast &amp; Harem Schnelleinlass-Tickets mit Audioguide + Bosporus-Dinner-Kreuzfahrt mit t\u00fcrkischer Show<\/span><\/h3>\n<p data-pm-slice=\"1 1 []\">Entdecken Sie die <strong>Highlights Istanbuls<\/strong> und sparen Sie dabei bares Geld mit diesem exklusiven Kombiticket! <strong>Umgehen Sie die Warteschlangen am Dolmabahce Palast,<\/strong> einem osmanischen Prachtbau aus dem 19. Jahrhundert, und tauchen Sie ganz entspannt in seine bewegte Geschichte ein.<\/p>\n<p data-pm-slice=\"1 1 []\">Anschlie\u00dfend erwartet Sie eine<strong> abendliche Bosporus-Dinner-Kreuzfahrt mit traditioneller t\u00fcrkischer K\u00fcche,<\/strong> unbegrenzten Getr\u00e4nken und faszinierenden <strong>Live-Shows \u2013<\/strong> begleitet vom atemberaubenden Panorama der beleuchteten Stadt.<\/p>\n<p><strong>Ideal f\u00fcr Kulturinteressierte und Erstbesucher<\/strong>: Dieses Kombiticket vereint zwei unvergessliche Erlebnisse in einem praktischen Paket und pr\u00e4sentiert Ihnen das Beste, was Istanbul zu bieten hat.<\/p>\n<p dir=\"ltr\"><a href=\"https:\/\/bosphorus-dinner-cruise.com\/de\" style=\"outline: none;\" target=\"_blank\" rel=\"noopener\">&gt;&gt; Sie m\u00f6chten den Tag stilvoll auf dem Bosporus ausklingen lassen? Entdecken Sie <strong>hier weitere Angebote f\u00fcr Dinner-Kreuzfahrten in Istanbul.<\/strong><\/a><\/p>\n<h2 id=\"t-1730381329343\" style=\"\"><strong>2. <\/strong><strong>Beliebteste Wahl: Dolmabah\u00e7e-Palast Kombiticket<\/strong><\/h2>\n<h3 style=\"text-align: left;\" id=\"t-1730552236061\"><span style=\"\">Kombi: Dolmabah\u00e7e-Palast &amp; Harem Schnelleinlass-Tickets mit Audioguide + Schifffahrt auf dem Bosporus<\/span><\/h3>\n<p data-pm-slice=\"1 1 []\">Sparen Sie mit diesem attraktiven Kombiticket, das eine <strong>gef\u00fchrte Besichtigung des Dolmabah\u00e7e-Palasts <\/strong>sowie eine <strong>Kreuzfahrt auf dem Bosporus umfasst<\/strong>! \u00dcberspringen Sie die Warteschlange am Dolmabahce Palast und entdecken Sie das Wahrzeichen ganz bequem mit einem informativen <strong>Audioguide<\/strong> \u2013 inklusive spannender Einblicke in Geschichte, Kunst und Architektur. Anschlie\u00dfend genie\u00dfen Sie vom Wasser aus den beeindruckenden Blick auf Istanbuls ber\u00fchmte Skyline.<\/p>\n<p>Da sich der Eingang zum Dolmabahce Palast und der Anleger f\u00fcr die Bosporus-Kreuzfahrt <strong>direkt nebeneinander befinden,<\/strong> eignet sich dieses Ticket ideal f\u00fcr&nbsp;<strong>Besucher mit wenig Zeit.<\/strong> Sie erkunden die wichtigsten Sehensw\u00fcrdigkeiten Istanbuls entlang einer einzigen Route \u2013 <strong>effizient und stressfrei.<\/strong><\/p>\n<p dir=\"ltr\"><a href=\"https:\/\/bosphorus-cruise-istanbul.com\/\" style=\"outline: none;\" data-lt-tmp-id=\"lt-786084\" spellcheck=\"false\" target=\"_blank\" rel=\"noopener\"><span style=\"font-size: 16px !important;\">&gt;&gt; Sie m\u00f6chten noch mehr vom Bosporus erleben? Entdecken Sie <strong>hier weitere Bosporustouren<\/strong> \u2013 auch mit Abendessen und Show.<\/span><\/a><\/p>\n<h2 id=\"t-1730465776873\"><strong>3. Best<\/strong><strong>es Preis-Leistungs-Verh\u00e4ltnis: Dolmabah\u00e7e Palast Kombitickets<\/strong><\/h2>\n<h3 dir=\"ltr\" style=\"text-align: left;\" id=\"t-1730552236062\"><span style=\"\">Kombi: Dolmabah\u00e7e-Palast &amp; Harem + Hagia Sophia Schnelleinlass-Tickets<\/span><\/h3>\n<p data-pm-slice=\"1 1 []\">Sparen Sie mit diesem exklusiven Kombiticket, das Ihnen bevorzugten Zugang zu zwei der bedeutendsten Sehensw\u00fcrdigkeiten Istanbuls bietet: zum <strong>Dolmabah\u00e7e Palast, <\/strong>inklusive informativem <strong>Audioguide<\/strong>, und zur beeindruckenden <strong>Hagia Sophia.<\/strong><\/p>\n<p><strong>Ideal f\u00fcr Geschichtsinteressierte <\/strong>und Reisende, die ihre Zeit optimal nutzen m\u00f6chten: Mit diesem Ticket umgehen Sie die langen Warteschlangen und tauchen direkt ein in das kulturelle Erbe und die architektonischen Meisterwerke Istanbuls.<\/p>\n<h2 data-pm-slice=\"1 1 []\" id=\"t-1754297965051\">Warum ein Kombiticket f\u00fcr den Dolmabahce Palast kaufen?<\/h2>\n<ul>\n<li><span>\n<p data-pm-slice=\"1 1 []\"><strong>Zeitersparnis<\/strong>: Mit vielen hier vorgestellten Kombitickets umgehen Sie die lange Warteschlangen \u2013 etwa am Dolmabah\u00e7e Palast, an der Hagia Sophia oder bei einer Bosporus-Kreuzfahrt. So erleben Sie mehr in k\u00fcrzerer Zeit<a href=\"#tve-jump-1987474b015\" jump-animation=\"smooth\" style=\"outline: none;\"> &gt;&gt; Zu den beliebtesten Kombitickets.<\/a><\/p>\n<p><\/span><\/li>\n<li><span>\n<p data-pm-slice=\"1 1 []\"><strong>Kostenersparnis:<\/strong> Im Vergleich zum Kauf einzelner Tickets sind Kombitickets deutlich g\u00fcnstiger. Sie erhalten in der Regel hier mehr zu einem besseren Preis.<\/p>\n<p><\/span><\/li>\n<li><span>\n<p data-pm-slice=\"1 1 []\"><strong>Bequemlichkeit<\/strong>: Ein Kombiticket b\u00fcndelt mehrere Eintrittskarten, sodass Sie sich nicht um mehrere Buchungen k\u00fcmmern m\u00fcssen. Ideal f\u00fcr stressfreies Sightseeing.<\/p>\n<p><\/span><\/li>\n<li><span>\n<p data-pm-slice=\"1 1 []\"><strong>Mehr erleben:<\/strong> Viele Angebote beinhalten Audioguides, gef\u00fchrte Touren oder zus\u00e4tzliche Leistungen wie Dinner oder Shows \u2013 perfekt f\u00fcr ein intensiveres Kulturerlebnis.<\/p>\n<p><\/span><\/li>\n<li><span>\n<p data-pm-slice=\"1 1 []\"><strong>Ideal f\u00fcr Erstbesucher:<\/strong> Mit nur einem Kombiticket decken Sie gleich mehrere Highlights ab. Perfekt, wenn Sie Istanbul kompakt und gut organisiert erleben m\u00f6chten.<\/p>\n<p><\/span><\/li>\n<li><span>\n<p data-pm-slice=\"1 1 []\"><strong>Flexible Nutzung:&nbsp;<\/strong>Einige Kombitickets sind 24 bis 48 Stunden g\u00fcltig \u2013 so k\u00f6nnen Sie die enthaltenen Leistungen ganz nach Ihrem eigenen Zeitplan nutzen.<\/p>\n<p><\/span><\/li>\n<\/ul>\n<h2 data-pm-slice=\"1 1 []\" id=\"t-1754297965052\">Planen Sie Ihren Besuch im Dolmabahce Palast<\/h2>\n<p data-pm-slice=\"1 1 []\"><strong>\u00d6ffnungszeiten: <\/strong>Dienstags bis sonntags, 9:00\u201318:00 Uhr<\/p>\n<p><strong>Letzter Einlass:<\/strong> 17:30 Uhr (Empfohlene Besuchsdauer: 2\u20133 Stunden)<\/p>\n<p><strong>Geschlossen:&nbsp;<\/strong><br \/>&#8211; Jeden Montag,<br \/>&#8211; dem ersten Tag des Opferfestes (Kurban Bayram\u0131),<br \/>&#8211; dem ersten Tag des Ramadanfestes (Ramazan Bayram\u0131)<br \/>&#8211; sowie an Neujahr (1. Januar).<\/p>\n<p><strong>Beste Besuchszeit:&nbsp;<\/strong>Der Dolmabahce Palast ist ganzj\u00e4hrig ge\u00f6ffnet. Die beste Tageszeit f\u00fcr einen Besuch ist am <strong>fr\u00fchen Vormittag,<\/strong> direkt nach \u00d6ffnung. So vermeiden Sie die gr\u00f6\u00dften Besucherstr\u00f6me.<\/p>\n<h2 id=\"t-1730381329350\" style=\"\"><strong>H\u00e4ufige Fragen \u00fcber Kombitickets f\u00fcr den Dolmabahce Palast<\/strong><\/h2>\n<p><a href=\"https:\/\/dolmabahcepalace.gen.tr\/de\/dolmabahce-palast-anfahrt\/\" dynamic-postlink=\"tcb_post_the_permalink\" data-shortcode-id=\"2984\"><\/a><\/p>\n<p style=\"padding-bottom: 0px !important; margin-bottom: 0px !important;\"><strong>Weiterlesen<\/strong><\/p>\n<h2 style=\"\" id=\"t-1754297965053\"><span data-attr-css=\"\" data-attr-link=\"1\" data-attr-rel=\"0\" data-attr-static-link=\"{&quot;className&quot;:&quot;&quot;,&quot;href&quot;:&quot;https:\/\/dolmabahcepalace.gen.tr\/de\/dolmabahce-palast-anfahrt\/&quot;,&quot;title&quot;:&quot;Anfahrt zum Dolmabah\u00e7e Palast&quot;,&quot;class&quot;:&quot;&quot;}\" data-attr-target=\"0\" data-extra_key=\"\" data-option-inline=\"1\" data-shortcode=\"tcb_post_title\" data-shortcode-name=\"Post title\" style=\"\"><a href=\"https:\/\/dolmabahcepalace.gen.tr\/de\/dolmabahce-palast-anfahrt\/\" title=\"Anfahrt zum Dolmabah\u00e7e Palast\" data-css=\"\">Anfahrt zum Dolmabah\u00e7e Palast<\/a><\/span><\/h2>\n<p><a href=\"https:\/\/dolmabahcepalace.gen.tr\/de\/dolmabahce-palast-haufige-fragen\/\" dynamic-postlink=\"tcb_post_the_permalink\" data-shortcode-id=\"2984\"><\/a><\/p>\n<p style=\"padding-bottom: 0px !important; margin-bottom: 0px !important;\"><strong>Weiterlesen<\/strong><\/p>\n<h2 style=\"\" id=\"t-1754297965053\"><span data-attr-css=\"\" data-attr-link=\"1\" data-attr-rel=\"0\" data-attr-static-link=\"{&quot;className&quot;:&quot;&quot;,&quot;href&quot;:&quot;https:\/\/dolmabahcepalace.gen.tr\/de\/dolmabahce-palast-anfahrt\/&quot;,&quot;title&quot;:&quot;Anfahrt zum Dolmabah\u00e7e Palast&quot;,&quot;class&quot;:&quot;&quot;}\" data-attr-target=\"0\" data-extra_key=\"\" data-option-inline=\"1\" data-shortcode=\"tcb_post_title\" data-shortcode-name=\"Post title\" style=\"\"><a href=\"https:\/\/dolmabahcepalace.gen.tr\/de\/dolmabahce-palast-haufige-fragen\/\" title=\"H\u00e4ufige Fragen \u00fcber den Dolmabah\u00e7e Palast\" data-css=\"\">H\u00e4ufige Fragen \u00fcber den Dolmabah\u00e7e Palast<\/a><\/span><\/h2>\n","protected":false},"excerpt":{"rendered":"<p>Kombitickets f\u00fcr den Dolmabahce Palast Erleben Sie Istanbuls bedeutendste Sehensw\u00fcrdigkeiten \u2013 mit nur einem Ticket und attraktiven Ersparnissen. Der im 19. Jahrhundert erbaute Dolmabahce Palast z\u00e4hlt heute zu den meistbesuchten Wahrzeichen der T\u00fcrkei. Er war die letzte Residenz von sechs osmanischen Sultanen sowie der Ort, an dem Mustafa Kemal Atat\u00fcrkverstarb.&nbsp; Auf dieser Seite finden Sie [&hellip;]<\/p>\n","protected":false},"author":6,"featured_media":2500,"parent":2975,"menu_order":0,"comment_status":"closed","ping_status":"closed","template":"","meta":{"footnotes":""},"class_list":["post-4209","page","type-page","status-publish","has-post-thumbnail","hentry","post-wrapper","thrv_wrapper"],"_links":{"self":[{"href":"https:\/\/dolmabahcepalace.gen.tr\/de\/wp-json\/wp\/v2\/pages\/4209","targetHints":{"allow":["GET"]}}],"collection":[{"href":"https:\/\/dolmabahcepalace.gen.tr\/de\/wp-json\/wp\/v2\/pages"}],"about":[{"href":"https:\/\/dolmabahcepalace.gen.tr\/de\/wp-json\/wp\/v2\/types\/page"}],"author":[{"embeddable":true,"href":"https:\/\/dolmabahcepalace.gen.tr\/de\/wp-json\/wp\/v2\/users\/6"}],"replies":[{"embeddable":true,"href":"https:\/\/dolmabahcepalace.gen.tr\/de\/wp-json\/wp\/v2\/comments?post=4209"}],"version-history":[{"count":29,"href":"https:\/\/dolmabahcepalace.gen.tr\/de\/wp-json\/wp\/v2\/pages\/4209\/revisions"}],"predecessor-version":[{"id":5610,"href":"https:\/\/dolmabahcepalace.gen.tr\/de\/wp-json\/wp\/v2\/pages\/4209\/revisions\/5610"}],"up":[{"embeddable":true,"href":"https:\/\/dolmabahcepalace.gen.tr\/de\/wp-json\/wp\/v2\/pages\/2975"}],"wp:featuredmedia":[{"embeddable":true,"href":"https:\/\/dolmabahcepalace.gen.tr\/de\/wp-json\/wp\/v2\/media\/2500"}],"wp:attachment":[{"href":"https:\/\/dolmabahcepalace.gen.tr\/de\/wp-json\/wp\/v2\/media?parent=4209"}],"curies":[{"name":"wp","href":"https:\/\/api.w.org\/{rel}","templated":true}]}}