{"id":4215,"date":"2024-11-08T14:38:51","date_gmt":"2024-11-08T14:38:51","guid":{"rendered":"https:\/\/dolmabahcepalace.gen.tr\/palace-and-harem-fast-track-entry\/"},"modified":"2025-08-04T11:14:31","modified_gmt":"2025-08-04T11:14:31","slug":"schnelleinlass-tickets-fur-den-dolmabahce-palast","status":"publish","type":"page","link":"https:\/\/dolmabahcepalace.gen.tr\/de\/schnelleinlass-tickets-fur-den-dolmabahce-palast\/","title":{"rendered":"Schnelleinlass-Tickets f\u00fcr den Dolmabahce Palast inkl. Harem mit Audioguide"},"content":{"rendered":"<p><span><img decoding=\"async\" alt=\"\" data-id=\"3927\" width=\"853\" height=\"640\" title=\"Dolmabahce Palace and Harem Fast-Track Entry 2\" src=\"https:\/\/dolmabahcepalace.gen.tr\/wp-content\/uploads\/2024\/11\/Dolmabahce-Palace-and-Harem-Fast-Track-Entry-2.jpg\" data-src=\"https:\/\/dolmabahcepalace.gen.tr\/wp-content\/uploads\/2024\/11\/Dolmabahce-Palace-and-Harem-Fast-Track-Entry-2-300x225.jpg\" loading=\"lazy\" data-sizes=\"{&quot;thumbnail&quot;:{&quot;url&quot;:&quot;https:\/\/dolmabahcepalace.gen.tr\/wp-content\/uploads\/2024\/11\/Dolmabahce-Palace-and-Harem-Fast-Track-Entry-2-150x150.jpg&quot;,&quot;height&quot;:150,&quot;width&quot;:150,&quot;orientation&quot;:&quot;landscape&quot;},&quot;medium&quot;:{&quot;url&quot;:&quot;https:\/\/dolmabahcepalace.gen.tr\/wp-content\/uploads\/2024\/11\/Dolmabahce-Palace-and-Harem-Fast-Track-Entry-2-300x225.jpg&quot;,&quot;height&quot;:225,&quot;width&quot;:300,&quot;orientation&quot;:&quot;landscape&quot;},&quot;full&quot;:{&quot;url&quot;:&quot;https:\/\/dolmabahcepalace.gen.tr\/wp-content\/uploads\/2024\/11\/Dolmabahce-Palace-and-Harem-Fast-Track-Entry-2.jpg&quot;,&quot;height&quot;:640,&quot;width&quot;:853,&quot;orientation&quot;:&quot;landscape&quot;}}\"><\/span><span><img decoding=\"async\" alt=\"\" data-id=\"3930\" width=\"960\" height=\"640\" title=\"Dolmabahce Palace and Harem Fast-Track Entry\" src=\"https:\/\/dolmabahcepalace.gen.tr\/wp-content\/uploads\/2024\/11\/Dolmabahce-Palace-and-Harem-Fast-Track-Entry.jpg\" data-src=\"https:\/\/dolmabahcepalace.gen.tr\/wp-content\/uploads\/2024\/11\/Dolmabahce-Palace-and-Harem-Fast-Track-Entry-300x200.jpg\" loading=\"lazy\" data-sizes=\"{&quot;thumbnail&quot;:{&quot;url&quot;:&quot;https:\/\/dolmabahcepalace.gen.tr\/wp-content\/uploads\/2024\/11\/Dolmabahce-Palace-and-Harem-Fast-Track-Entry-150x150.jpg&quot;,&quot;height&quot;:150,&quot;width&quot;:150,&quot;orientation&quot;:&quot;landscape&quot;},&quot;medium&quot;:{&quot;url&quot;:&quot;https:\/\/dolmabahcepalace.gen.tr\/wp-content\/uploads\/2024\/11\/Dolmabahce-Palace-and-Harem-Fast-Track-Entry-300x200.jpg&quot;,&quot;height&quot;:200,&quot;width&quot;:300,&quot;orientation&quot;:&quot;landscape&quot;},&quot;full&quot;:{&quot;url&quot;:&quot;https:\/\/dolmabahcepalace.gen.tr\/wp-content\/uploads\/2024\/11\/Dolmabahce-Palace-and-Harem-Fast-Track-Entry.jpg&quot;,&quot;height&quot;:640,&quot;width&quot;:960,&quot;orientation&quot;:&quot;landscape&quot;}}\"><\/span><span><img decoding=\"async\" alt=\"\" data-id=\"3921\" width=\"853\" height=\"640\" title=\"Dolmabahce Palace and Harem Fast-Track Entry 4\" src=\"https:\/\/dolmabahcepalace.gen.tr\/wp-content\/uploads\/2024\/11\/Dolmabahce-Palace-and-Harem-Fast-Track-Entry-4.jpg\" data-src=\"https:\/\/dolmabahcepalace.gen.tr\/wp-content\/uploads\/2024\/11\/Dolmabahce-Palace-and-Harem-Fast-Track-Entry-4-300x225.jpg\" loading=\"lazy\" data-sizes=\"{&quot;thumbnail&quot;:{&quot;url&quot;:&quot;https:\/\/dolmabahcepalace.gen.tr\/wp-content\/uploads\/2024\/11\/Dolmabahce-Palace-and-Harem-Fast-Track-Entry-4-150x150.jpg&quot;,&quot;height&quot;:150,&quot;width&quot;:150,&quot;orientation&quot;:&quot;landscape&quot;},&quot;medium&quot;:{&quot;url&quot;:&quot;https:\/\/dolmabahcepalace.gen.tr\/wp-content\/uploads\/2024\/11\/Dolmabahce-Palace-and-Harem-Fast-Track-Entry-4-300x225.jpg&quot;,&quot;height&quot;:225,&quot;width&quot;:300,&quot;orientation&quot;:&quot;landscape&quot;},&quot;full&quot;:{&quot;url&quot;:&quot;https:\/\/dolmabahcepalace.gen.tr\/wp-content\/uploads\/2024\/11\/Dolmabahce-Palace-and-Harem-Fast-Track-Entry-4.jpg&quot;,&quot;height&quot;:640,&quot;width&quot;:853,&quot;orientation&quot;:&quot;landscape&quot;}}\"><\/span><span><img decoding=\"async\" alt=\"\" data-id=\"3918\" width=\"853\" height=\"640\" title=\"Dolmabahce Palace and Harem Fast-Track Entry 5\" src=\"https:\/\/dolmabahcepalace.gen.tr\/wp-content\/uploads\/2024\/11\/Dolmabahce-Palace-and-Harem-Fast-Track-Entry-5.jpg\" data-src=\"https:\/\/dolmabahcepalace.gen.tr\/wp-content\/uploads\/2024\/11\/Dolmabahce-Palace-and-Harem-Fast-Track-Entry-5-300x225.jpg\" loading=\"lazy\" data-sizes=\"{&quot;thumbnail&quot;:{&quot;url&quot;:&quot;https:\/\/dolmabahcepalace.gen.tr\/wp-content\/uploads\/2024\/11\/Dolmabahce-Palace-and-Harem-Fast-Track-Entry-5-150x150.jpg&quot;,&quot;height&quot;:150,&quot;width&quot;:150,&quot;orientation&quot;:&quot;landscape&quot;},&quot;medium&quot;:{&quot;url&quot;:&quot;https:\/\/dolmabahcepalace.gen.tr\/wp-content\/uploads\/2024\/11\/Dolmabahce-Palace-and-Harem-Fast-Track-Entry-5-300x225.jpg&quot;,&quot;height&quot;:225,&quot;width&quot;:300,&quot;orientation&quot;:&quot;landscape&quot;},&quot;full&quot;:{&quot;url&quot;:&quot;https:\/\/dolmabahcepalace.gen.tr\/wp-content\/uploads\/2024\/11\/Dolmabahce-Palace-and-Harem-Fast-Track-Entry-5.jpg&quot;,&quot;height&quot;:640,&quot;width&quot;:853,&quot;orientation&quot;:&quot;landscape&quot;}}\"><\/span><\/p>\n<h1 dir=\"ltr\">Schnelleinlass-Tickets f\u00fcr den Dolmabah\u00e7e Palast inkl. Harem mit Audioguide<\/h1>\n<h2><a href=\"https:\/\/www.headout.com\/r\/most-amazing-placesrecommends-twESt\/\" target=\"_blank\" rel=\"nofollow noopener\" style=\"outline: none;\">Zur Buchung<\/a><\/h2>\n<h1><a href=\"https:\/\/www.headout.com\/r\/most-amazing-placesrecommends-twESt\/\" target=\"_blank\" rel=\"nofollow noopener\" style=\"outline: none;\" spellcheck=\"false\"><span style=\"font-weight: normal;\">Ab&nbsp;<\/span><strong>46,49\u20ac<\/strong><\/a><\/h1>\n<p data-pm-slice=\"1 1 []\">Entdecken Sie den Dolmabah\u00e7e Palast mit einem Ticket <strong>mit Schnelleinlass und Audioguide<\/strong>. So k\u00f6nnen Sie die Geschichte des Osmanischen Reiches in Ihrem eigenen Tempo erleben. Perfekt f\u00fcr einen flexiblen und interessanten Besuch.<\/p>\n<ul>\n<li style=\"\"><span>Handverlesenes Ticket<\/span><\/li>\n<li style=\"\"><span>Digitales Ticket &nbsp;<\/span><\/li>\n<li style=\"\"><span>Schnelleinlass<\/span><\/li>\n<li style=\"\"><span>Nicht erstattungsf\u00e4hig<\/span><\/li>\n<\/ul>\n<h2>Inbegriffen<\/h2>\n<ul>\n<li><span>Schnelleinlass in den Dolmabah\u00e7e-Palast (ganzt\u00e4giger Zugang)<\/span><\/li>\n<li><span>Eintritt in den Selaml\u0131k-Bereich&nbsp;<\/span><\/li>\n<li><span>Eintritt in den Harem-Bereich&nbsp;<\/span><\/li>\n<li><span>Eintritt in die G\u00e4rten des Dolmabah\u00e7e-Palastes<\/span><\/li>\n<li><span>90-min\u00fctige Bootsfahrt auf dem Bosporus (falls gew\u00e4hlt)<\/span><\/li>\n<li><span>Mehrsprachiger Audioguide sowohl f\u00fcr den Palast als auch f\u00fcr die Bosporusfahrt in 10 Sprachen verf\u00fcgbar (Audioguide f\u00fcr die Bootsfahrt mit Kombioption)<\/span><\/li>\n<\/ul>\n<h2>Nicht inbegriffen<\/h2>\n<ul>\n<li style=\"\"><span>Reiseleiter<\/span><\/li>\n<li style=\"\"><span>Hoteltransfer<\/span><\/li>\n<\/ul>\n<h2>Wichtige Hinweise<\/h2>\n<ul>\n<li style=\"\"><span>Bitte bringen Sie einen g\u00fcltigen Ausweis oder Reisepass mit. Ohne ein g\u00fcltiges Ausweisdokument ist eine Kaution von 200\u202f\u20ac erforderlich, um einen Audioguide auszuleihen. Diese wird bei R\u00fcckgabe am Ausgang zur\u00fcckerstattet.<\/span><\/li>\n<li style=\"\"><span>Fotografieren im Inneren des Palastes ist strengstens untersagt.<\/span><\/li>\n<li><span>Ihr Ticket mit Schnelleinlass umgeht die Warteschlange an der Kasse, jedoch nicht die Sicherheitskontrolle \u2013 hier kann es in der Hochsaison bis zu 30 Minuten dauern.<\/span><\/li>\n<li><span>Der letzte Einlass erfolgt eine Stunde vor Schlie\u00dfung.<\/span><\/li>\n<li><span>Bringen Sie eigene Kopfh\u00f6rer f\u00fcr den Audioguide mit<\/span><\/li>\n<\/ul>\n<h2>Beschreibung:<\/h2>\n<p data-pm-slice=\"1 1 []\">Tauchen Sie ein in die Pracht des Osmanischen Reiches bei einem Besuch im Dolmabah\u00e7e Palast. Dieses Ticket erm\u00f6glicht <strong>bevorzugten Einlass <\/strong>und bietet mit einem <strong>informativen Audioguide in Deutsch<\/strong> spannende Einblicke in das Leben von Sultanen. Ideal f\u00fcr alle, die sich f\u00fcr Geschichte und Architektur begeistern.<\/p>\n<h2>Highlights:<\/h2>\n<ul>\n<li><strong>Schnelleinlass<\/strong>: Sparen Sie Zeit und umgehen Sie die Warteschlangen an der Kasse, um direkt das prachtvolle Palastareal mit seinen 285 R\u00e4umen zu erkunden<\/li>\n<li><strong>Audioguide inklusive:<\/strong> In mehreren Sprachen verf\u00fcgbar f\u00fcr eine pers\u00f6nliche und vertiefte Besichtigung<\/li>\n<li><strong>Architektonische Meisterwerke:<\/strong> Bewundern Sie die Zeremonienhalle mit dem weltweit gr\u00f6\u00dften englischen Kronleuchter, die Medhal-Halle, das Kachelzimmer und vieles mehr<\/li>\n<li><strong>Zugang zum Harem: E<\/strong>ntdecken Sie auch den privaten Harem-Bereich des Palastes<\/li>\n<li><strong>Blick auf den Bosporus:<\/strong> Genie\u00dfen Sie traumhafte Ausblicke auf Istanbuls ber\u00fchmte Wasserstra\u00dfe<\/li>\n<\/ul>\n<h3 dir=\"ltr\">Dolmabah\u00e7e Palast<\/h3>\n<p dir=\"ltr\">Vi\u015fnezade, Dolmabah\u00e7e Cd., 34357 Be\u015fikta\u015f\/\u0130stanbul<\/p>\n<h2>Stornierungsbedingungen<\/h2>\n<p dir=\"ltr\">Diese Tickets k\u00f6nnen nicht storniert oder verschoben werden.<\/p>\n<h2>Treffpunkt &amp; Anweisungen<\/h2>\n<p data-pm-slice=\"1 1 []\">Zeigen Sie Ihr E-Ticket mit Ihrem g\u00fcltigen Ausweis am Schalter vor. &nbsp;<\/p>\n<p><a href=\"https:\/\/www.google.com\/maps?q=@41.03916549682617,29.000459671020508\" target=\"_blank\" rel=\"nofollow noopener\" style=\"outline: none;\" spellcheck=\"false\">In Google Maps \u00f6ffnen<\/a><\/p>\n<h2>Bewertungen<\/h2>\n<p><strong>4.6\/ 5&nbsp;<\/strong><strong>(1283 Bewertungen)<\/strong><\/p>\n<p><em>&#8222;Die reiche Geschichte und die atemberaubende Architektur des Dolmabah\u00e7e-Palastes und der Hagia Sophia haben mich absolut begeistert. Bei einem Spaziergang durch den Dolmabah\u00e7e-Palast f\u00fchlte man sich in die Zeit der osmanischen Sultane zur\u00fcckversetzt &#8211; der Palast ist unglaublich reich verziert und bietet einen Einblick in das Leben der letzten osmanischen Herrscher. [&#8230;]&#8220;<\/em> &#8211; Leonesa, Mai 2025 <a href=\"https:\/\/www.headout.com\/r\/most-amazing-placesrecommends-twESt\/\" target=\"_blank\" rel=\"nofollow noopener\" style=\"outline: none;\" data-lt-tmp-id=\"lt-419858\" spellcheck=\"false\">&gt;&gt; Weitere Bewertungen<\/a><\/p>\n<h2>Weitere Aktivit\u00e4ten, f\u00fcr die Sie sich interessieren k\u00f6nnten<\/h2>\n<p><span>#<\/span><strong><span>2<\/span><\/strong><span>#<\/span><strong><span>2<\/span><\/strong><span><img decoding=\"async\" alt=\"Dolmabahce Palace Skip the Ticket Line &amp; Bosphorus Cruise\" data-id=\"3685\" width=\"159\" data-init-width=\"2344\" height=\"88\" data-init-height=\"1302\" title=\"Dolmabahce Palace Skip the Ticket Line &amp; Bosphorus Cruise\" loading=\"lazy\" src=\"https:\/\/dolmabahcepalace.gen.tr\/wp-content\/uploads\/2024\/09\/Dolmabahce-Palace-Skip-the-Ticket-Line-Bosphorus-Cruise.png\" data-width=\"159\" data-height=\"88\" style=\"aspect-ratio: auto 2344 \/ 1302;\"><\/span><\/p>\n<table>\n<tbody>\n<tr>\n<td><a href=\"https:\/\/megapass.com\/tours-tickets\/dolmabahce-palace-skip-the-ticket-line-and-bosphorus-cruise-i2249?discountCode=ma-places\" target=\"_blank\" rel=\"nofollow noopener\" style=\"outline: none;\" spellcheck=\"false\">Kombiticket: Dolmabahce Palast mit Schnelleinlass + Bosporus Tour<\/a><\/td>\n<\/tr>\n<\/tbody>\n<\/table>\n<p data-pm-slice=\"1 1 []\">\u00dcberspringen Sie die Warteschlangen an der Kasse des Dolmabah\u00e7e-Palastes und entdecken Sie die prachtvollen Innenr\u00e4ume und beeindruckenden G\u00e4rten. Abrunden l\u00e4sst sich Ihr Erlebnis mit einer malerischen Bosporus-Bootsfahrt, die Ihnen traumhafte Ausblicke auf Istanbul bietet.<\/p>\n<h3 style=\"\">Preis<\/h3>\n<h3 style=\"text-align: center;\">Ihnen werden noch keine Kosten berechnet<\/h3>\n<p><span>#<\/span><strong><span>2<\/span><\/strong><span><img decoding=\"async\" alt=\"\" data-id=\"3682\" width=\"159\" data-init-width=\"2362\" height=\"89\" data-init-height=\"1316\" title=\"Dolmabahce Palace, Hagia Sophia, Basilica Cistern Tickets\" loading=\"lazy\" src=\"https:\/\/dolmabahcepalace.gen.tr\/wp-content\/uploads\/2024\/09\/Dolmabahce-Palace-Hagia-Sophia-Basilica-Cistern-Tickets.png\" data-width=\"159\" data-height=\"89\" style=\"aspect-ratio: auto 2362 \/ 1316;\"><\/span><\/p>\n<table>\n<tbody>\n<tr>\n<td><a href=\"https:\/\/megapass.com\/tours-tickets\/dolmabahce-palace-hagia-sophia-and-basilica-cistern-tickets-i2383?discountCode=ma-places\" target=\"_blank\" rel=\"nofollow noopener\" style=\"outline: none;\" data-lt-tmp-id=\"lt-481016\" spellcheck=\"false\">Dolmabahce Palast, Hagia Sophia &amp; Cistern Basilica Tickets<\/a><\/td>\n<\/tr>\n<\/tbody>\n<\/table>\n<p>Maximale Ersparnis mit diesem 3-in-1-Kombiticket! Erkunden Sie Istanbuls ber\u00fchmten Dolmabah\u00e7e Palast, Hagia Sophia, und den Versunkenen Palast (Cisterna Basilica).<\/p>\n<h3 style=\"\">Preis<\/h3>\n<h3 style=\"text-align: center;\">Ihnen werden noch keine Kosten berechnet<\/h3>\n<\/p>\n<h2><a href=\"https:\/\/www.headout.com\/r\/most-amazing-placesrecommends-twESt\/\" target=\"_blank\" rel=\"nofollow noopener\" style=\"outline: none;\" spellcheck=\"false\">Zur Buchung<\/a><\/h2>\n<h1><a href=\"https:\/\/www.headout.com\/r\/most-amazing-placesrecommends-twESt\/\" target=\"_blank\" rel=\"nofollow noopener\" style=\"outline: none;\" spellcheck=\"false\"><span style=\"font-weight: normal;\">Ab<\/span><strong>&nbsp;46,49\u20ac<\/strong><\/a><\/h1>\n<p style=\"text-align: center;\">Ihnen werden noch keine Kosten berechnet<\/p>\n","protected":false},"excerpt":{"rendered":"<p>Schnelleinlass-Tickets f\u00fcr den Dolmabah\u00e7e Palast inkl. Harem mit Audioguide Zur Buchung Ab&nbsp;46,49\u20ac Entdecken Sie den Dolmabah\u00e7e Palast mit einem Ticket mit Schnelleinlass und Audioguide. So k\u00f6nnen Sie die Geschichte des Osmanischen Reiches in Ihrem eigenen Tempo erleben. Perfekt f\u00fcr einen flexiblen und interessanten Besuch. Handverlesenes Ticket Digitales Ticket &nbsp; Schnelleinlass Nicht erstattungsf\u00e4hig Inbegriffen Schnelleinlass in [&hellip;]<\/p>\n","protected":false},"author":5,"featured_media":3660,"parent":0,"menu_order":0,"comment_status":"closed","ping_status":"closed","template":"","meta":{"footnotes":""},"class_list":["post-4215","page","type-page","status-publish","has-post-thumbnail","hentry","post-wrapper","thrv_wrapper"],"_links":{"self":[{"href":"https:\/\/dolmabahcepalace.gen.tr\/de\/wp-json\/wp\/v2\/pages\/4215","targetHints":{"allow":["GET"]}}],"collection":[{"href":"https:\/\/dolmabahcepalace.gen.tr\/de\/wp-json\/wp\/v2\/pages"}],"about":[{"href":"https:\/\/dolmabahcepalace.gen.tr\/de\/wp-json\/wp\/v2\/types\/page"}],"author":[{"embeddable":true,"href":"https:\/\/dolmabahcepalace.gen.tr\/de\/wp-json\/wp\/v2\/users\/5"}],"replies":[{"embeddable":true,"href":"https:\/\/dolmabahcepalace.gen.tr\/de\/wp-json\/wp\/v2\/comments?post=4215"}],"version-history":[{"count":14,"href":"https:\/\/dolmabahcepalace.gen.tr\/de\/wp-json\/wp\/v2\/pages\/4215\/revisions"}],"predecessor-version":[{"id":4761,"href":"https:\/\/dolmabahcepalace.gen.tr\/de\/wp-json\/wp\/v2\/pages\/4215\/revisions\/4761"}],"wp:featuredmedia":[{"embeddable":true,"href":"https:\/\/dolmabahcepalace.gen.tr\/de\/wp-json\/wp\/v2\/media\/3660"}],"wp:attachment":[{"href":"https:\/\/dolmabahcepalace.gen.tr\/de\/wp-json\/wp\/v2\/media?parent=4215"}],"curies":[{"name":"wp","href":"https:\/\/api.w.org\/{rel}","templated":true}]}}