{"id":4366,"date":"2023-12-06T07:20:59","date_gmt":"2023-12-06T07:20:59","guid":{"rendered":"https:\/\/dolmabahcepalace.gen.tr\/about\/dolmabahce-ataturk\/"},"modified":"2025-09-29T13:31:19","modified_gmt":"2025-09-29T13:31:19","slug":"palacio-dolmabahce-y-ataturk","status":"publish","type":"page","link":"https:\/\/dolmabahcepalace.gen.tr\/es\/acerca-del-palacio-de-dolmabahce\/palacio-dolmabahce-y-ataturk\/","title":{"rendered":"Dolmabah\u00e7e y Atat\u00fcrk"},"content":{"rendered":"<h1 style=\"\">Atat\u00fcrk y el Palacio de Dolmabah\u00e7e<\/h1>\n<p style=\"\"><strong>Atat\u00fcrk<\/strong> es considerado el <strong>\u00abpadre\u00bb de la Turqu\u00eda moderna,<\/strong> y <strong>sus ideas y legado a\u00fan forjan la identidad y los ideales del pa\u00eds.<\/strong> Muchos turcos lo consideran un <strong>h\u00e9roe nacional<\/strong> por su gran influencia en la pol\u00edtica, la sociedad y la cultura del pa\u00eds.<\/p>\n<p style=\"text-align: left;\"><strong><strong>Mustaf\u00e1 Kemal Atat\u00fcrk<\/strong><\/strong><\/p>\n<h2 id=\"t-1701768288994\" style=\"\" data-alt-text=\"Palacio de Dolmabah\u00e7e: un legado monumental de Mustafa Kemal Atat\u00fcrk\"><strong>Palacio de Dolmabah\u00e7e: un legado monumental de Mustafa Kemal Atat\u00fcrk<\/strong><\/h2>\n<p style=\"\">Uno de los ejemplos m\u00e1s asombrosos del esplendor otomano es el Palacio de Dolmabah\u00e7e, ubicado en Estambul, Turqu\u00eda. Adem\u00e1s, es una obra arquitect\u00f3nica que guarda una fuerte conexi\u00f3n con la vida y el legado de Mustaf\u00e1 Kemal Atat\u00fcrk, el l\u00edder que fund\u00f3 la Rep\u00fablica de Turqu\u00eda y fue su primer presidente. Es evidente que Atat\u00fcrk ten\u00eda una estrecha relaci\u00f3n con el Palacio de Dolmabah\u00e7e, lo cual constituye un indicio significativo de c\u00f3mo imaginaba la evoluci\u00f3n de Turqu\u00eda hacia una naci\u00f3n moderna y secular en los a\u00f1os venideros.<\/p>\n<h3 style=\"\">Los primeros encuentros de Atat\u00fcrk con el Palacio de Dolmabah\u00e7e<\/h3>\n<p style=\"\">Dolmabah\u00e7e, una maravilla arquitect\u00f3nica del Imperio Otomano, lleg\u00f3 a representar la transformaci\u00f3n del imperio hacia una est\u00e9tica m\u00e1s europea en el siglo XIX. Con su magn\u00edfico exterior y su ornamentado mobiliario, el palacio fue el centro del gobierno durante una \u00e9poca crucial de la historia turca.<\/p>\n<p style=\"\">En los salones de Dolmabah\u00e7e se pueden escuchar historias de reuniones diplom\u00e1ticas, decisiones pol\u00edticas e intercambios culturales. Con sus l\u00e1mparas de ara\u00f1a de cristal y muebles chapados en oro, cada habitaci\u00f3n evoca la riqueza de la antigua corte otomana. Nos sentimos como si estuvi\u00e9ramos en la rica esencia del pasado al recorrer los salones del palacio.<\/p>\n<p style=\"\">La primera vez que Mustafa Kemal Atat\u00fcrk vio el Palacio de Dolmabah\u00e7e fue durante su entrenamiento militar en Estambul. De joven soldado, sol\u00eda pasar junto al palacio y se maravillaba de su grandeza e imponencia. Este enorme edificio llegar\u00eda a ser muy importante en su vida y en la historia de Turqu\u00eda, pero \u00e9l no lo sab\u00eda en aquel momento.<\/p>\n<h3 style=\"\">El uso del Palacio de Dolmabah\u00e7e como residencia presidencial por parte de Atat\u00fcrk<\/h3>\n<p style=\"\">Atat\u00fcrk eligi\u00f3 el Palacio de Dolmabah\u00e7e como su residencia presidencial oficial cuando se fund\u00f3 la Rep\u00fablica Turca de Turqu\u00eda en 1924. Esta decisi\u00f3n no solo reflejaba su rol como presidente; Tambi\u00e9n pretend\u00eda ser un acto simb\u00f3lico. Atat\u00fcrk sab\u00eda que el palacio ten\u00eda un gran valor hist\u00f3rico y pens\u00f3 que podr\u00eda ser un s\u00edmbolo de la transformaci\u00f3n de Turqu\u00eda, de un imperio a una naci\u00f3n moderna.<\/p>\n<p style=\"\">M\u00e1s all\u00e1 de su presencia f\u00edsica, Atat\u00fcrk ten\u00eda una conexi\u00f3n con el Palacio de Dolmabah\u00e7e. La casa muestra su labor como presidente y c\u00f3mo contribuy\u00f3 a convertir la Rep\u00fablica Turca moderna en lo que es hoy. Existen recordatorios f\u00edsicos de su influencia en sus aposentos, las salas donde celebraba reuniones oficiales y los jardines del palacio, donde interactuaba con el p\u00fablico.<\/p>\n<h3 style=\"\">El estilo de vida y las iniciativas de Atat\u00fcrk en el Palacio de Dolmabah\u00e7e<\/h3>\n<p style=\"\">El Palacio de Dolmabah\u00e7e fue otro lugar donde Atat\u00fcrk impuls\u00f3 la modernizaci\u00f3n de Turqu\u00eda. Invitaba a cient\u00edficos, artistas e intelectuales a su residencia, lo que cre\u00f3 un ambiente intelectual y cultural.<\/p>\n<p style=\"\">Ataturk tambi\u00e9n utiliz\u00f3 el palacio para mostrar a los l\u00edderes extranjeros el progreso de Turqu\u00eda y demostrar cu\u00e1n comprometido est\u00e1 el pa\u00eds con la modernizaci\u00f3n y el progreso.<\/p>\n<h3 style=\"\">Los \u00faltimos d\u00edas de Atat\u00fcrk y su legado en el Palacio de Dolmabah\u00e7e<\/h3>\n<p style=\"\">Atat\u00fcrk comenz\u00f3 a tener problemas de salud en 1938. Pas\u00f3 sus \u00faltimos d\u00edas en el Palacio de Dolmabah\u00e7e, donde estuvo acompa\u00f1ado por compa\u00f1eros cercanos y leales sirvientes. Atat\u00fcrk falleci\u00f3 en la Sala Azul del palacio a las 9:05 am del 10 de noviembre de 1938. Dej\u00f3 un legado que marcar\u00eda para siempre el rumbo de Turqu\u00eda.<\/p>\n<p style=\"\">La sala, que se ha conservado como un conmovedor monumento, ejemplifica la sencilla forma de vida que simbolizaba a Atat\u00fcrk. Sus objetos personales y el hecho de que el reloj se detuviera en el momento exacto de su muerte transmiten una profunda sensaci\u00f3n de historia. Dolmabah\u00e7e no era solo una casa; era un lugar sagrado para el pueblo turco y un v\u00ednculo con su pasado en transformaci\u00f3n.<\/p>\n<h3 style=\"\">El Palacio de Dolmabah\u00e7e como s\u00edmbolo de la visi\u00f3n de Atat\u00fcrk<\/h3>\n<p style=\"\">Existe m\u00e1s que una conexi\u00f3n hist\u00f3rica entre Atat\u00fcrk y el Palacio de Dolmabah\u00e7e. Muestra la confluencia de dos \u00e9pocas diferentes: el pasado otomano y el futuro republicano. La decisi\u00f3n de Atat\u00fcrk de vivir en el Palacio de Dolmabah\u00e7e como presidente no fue solo una decisi\u00f3n pr\u00e1ctica; Tambi\u00e9n fue una decisi\u00f3n simb\u00f3lica que marc\u00f3 la transici\u00f3n de Turqu\u00eda de un imperio a una rep\u00fablica moderna.<\/p>\n<p style=\"\">El Palacio de Dolmabah\u00e7e es un recordatorio de los aviones de Atat\u00fcrk para el futuro de Turqu\u00eda. Muestra c\u00f3mo la tradici\u00f3n y la modernizaci\u00f3n pueden coexistir, c\u00f3mo se puede proteger el patrimonio hist\u00f3rico a la vez que se abraza el progreso y la ilustraci\u00f3n. El recuerdo de Atat\u00fcrk perdura no solo en la hermosa arquitectura del palacio, sino tambi\u00e9n en su s\u00edmbolo de cambio y renovaci\u00f3n.<\/p>\n<h3 style=\"\">El legado de Atat\u00fcrk en Dolmabah\u00e7e<\/h3>\n<p style=\"\">Hay m\u00e1s que simples se\u00f1ales f\u00edsicas de la presencia de Atat\u00fcrk en el Palacio de Dolmabah\u00e7e. Sus ideas y planes para una Turqu\u00eda moderna y laica est\u00e1n presentes en cada rinc\u00f3n de la casa. Quienes vienen aqu\u00ed casi pueden o\u00edr los ecos de los discursos de Atat\u00fcrk, en los que hablaron sobre el futuro del pa\u00eds mientras negociaba los complejos asuntos de gobierno desde el interior de estos muros.<\/p>\n<p style=\"\">El pasado de Atat\u00fcrk y su estilo de vida en el Palacio de Dolmabah\u00e7e demuestran su dedicaci\u00f3n al progreso, la educaci\u00f3n y la justicia. Su legado perdura en las instituciones culturales que construyeron y en los cambios que introdujeron en la educaci\u00f3n, los cuales seguir\u00e1n influyendo en el futuro de Turqu\u00eda.<\/p>\n<h3 style=\"\">Dolmabah\u00e7e: una cr\u00f3nica viva<\/h3>\n<p style=\"\">Al recorrer el Palacio de Dolmabah\u00e7e, no solo paseamos por elegantes salas y salones. Nos adentramos en un libro de historia viviente donde la vida y los acontecimientos de Atat\u00fcrk se unen en el Palacio de Dolmabah\u00e7e. La casa act\u00faa como un v\u00ednculo entre la historia del Imperio Otomano y el inicio de la Turqu\u00eda moderna.<\/p>\n<p style=\"\">En resumen, el Palacio de Dolmabah\u00e7e es un ejemplo vivo de la riqueza cultural e hist\u00f3rica de Turqu\u00eda. Al visitarlo, se pueden percibir los sonidos del pasado mezclados con las ideas de un gran l\u00edder.<\/p>\n<p style=\"\">El pasado y el estilo de vida de Atat\u00fcrk en el Palacio de Dolmabah\u00e7e no son solo historias de libros escolares; forman parte de lo que hace \u00fanico a un pa\u00eds. Al recorrer los pasillos de Dolmabah\u00e7e, nos dicen que la historia no es est\u00e1tica. Est\u00e1 viva con el esp\u00edritu de quienes se atrevieron a so\u00f1ar con un futuro mejor.<\/p>\n<h2 style=\"text-align: center;\" id=\"t-1692692162145\" data-alt-text=\"Lo imprescindible sobre Mustafa Kemal Atat\u00fcrk\"><strong>Cosas que debes saber sobre Mustafa Kemal Atat\u00fcrk<\/strong><\/h2>\n","protected":false},"excerpt":{"rendered":"<p>Atat\u00fcrk y el Palacio de Dolmabah\u00e7e Atat\u00fcrk es considerado el \u00abpadre\u00bb de la Turqu\u00eda moderna, y sus ideas y legado a\u00fan forjan la identidad y los ideales del pa\u00eds. Muchos turcos lo consideran un h\u00e9roe nacional por su gran influencia en la pol\u00edtica, la sociedad y la cultura del pa\u00eds. Mustaf\u00e1 Kemal Atat\u00fcrk Palacio de [&hellip;]<\/p>\n","protected":false},"author":1,"featured_media":2898,"parent":4168,"menu_order":0,"comment_status":"closed","ping_status":"closed","template":"","meta":{"footnotes":""},"class_list":["post-4366","page","type-page","status-publish","has-post-thumbnail","hentry","post-wrapper","thrv_wrapper"],"_links":{"self":[{"href":"https:\/\/dolmabahcepalace.gen.tr\/es\/wp-json\/wp\/v2\/pages\/4366","targetHints":{"allow":["GET"]}}],"collection":[{"href":"https:\/\/dolmabahcepalace.gen.tr\/es\/wp-json\/wp\/v2\/pages"}],"about":[{"href":"https:\/\/dolmabahcepalace.gen.tr\/es\/wp-json\/wp\/v2\/types\/page"}],"author":[{"embeddable":true,"href":"https:\/\/dolmabahcepalace.gen.tr\/es\/wp-json\/wp\/v2\/users\/1"}],"replies":[{"embeddable":true,"href":"https:\/\/dolmabahcepalace.gen.tr\/es\/wp-json\/wp\/v2\/comments?post=4366"}],"version-history":[{"count":14,"href":"https:\/\/dolmabahcepalace.gen.tr\/es\/wp-json\/wp\/v2\/pages\/4366\/revisions"}],"predecessor-version":[{"id":5153,"href":"https:\/\/dolmabahcepalace.gen.tr\/es\/wp-json\/wp\/v2\/pages\/4366\/revisions\/5153"}],"up":[{"embeddable":true,"href":"https:\/\/dolmabahcepalace.gen.tr\/es\/wp-json\/wp\/v2\/pages\/4168"}],"wp:featuredmedia":[{"embeddable":true,"href":"https:\/\/dolmabahcepalace.gen.tr\/es\/wp-json\/wp\/v2\/media\/2898"}],"wp:attachment":[{"href":"https:\/\/dolmabahcepalace.gen.tr\/es\/wp-json\/wp\/v2\/media?parent=4366"}],"curies":[{"name":"wp","href":"https:\/\/api.w.org\/{rel}","templated":true}]}}