{"id":4377,"date":"2024-06-05T12:02:27","date_gmt":"2024-06-05T12:02:27","guid":{"rendered":"https:\/\/dolmabahcepalace.gen.tr\/contact\/"},"modified":"2025-09-23T08:26:09","modified_gmt":"2025-09-23T08:26:09","slug":"contacto","status":"publish","type":"page","link":"https:\/\/dolmabahcepalace.gen.tr\/es\/contacto\/","title":{"rendered":"Contacto"},"content":{"rendered":"<h3 style=\"text-align: center;\">Cont\u00e1ctanos&nbsp;<\/h3>\n<p style=\"\">No dude en contactarnos si tiene alguna <strong>pregunta <\/strong><span style=\"font-weight: normal;\">o <\/span><strong>consulta sobre <\/strong><strong>entradas, visitas<\/strong> y <strong>organizaci\u00f3n de grupos.<\/strong> Complete el formulario a continuaci\u00f3n.<\/p>\n<p style=\"\">Nuestro equipo profesional de expertos locales e internacionales responder\u00e1 a su solicitud <strong>lo antes posible<\/strong> .<\/p>\n","protected":false},"excerpt":{"rendered":"<p>Cont\u00e1ctanos&nbsp; No dude en contactarnos si tiene alguna pregunta o consulta sobre entradas, visitas y organizaci\u00f3n de grupos. Complete el formulario a continuaci\u00f3n. Nuestro equipo profesional de expertos locales e internacionales responder\u00e1 a su solicitud lo antes posible .<\/p>\n","protected":false},"author":1,"featured_media":0,"parent":0,"menu_order":0,"comment_status":"closed","ping_status":"closed","template":"","meta":{"footnotes":""},"class_list":["post-4377","page","type-page","status-publish","hentry","post-wrapper","thrv_wrapper"],"_links":{"self":[{"href":"https:\/\/dolmabahcepalace.gen.tr\/es\/wp-json\/wp\/v2\/pages\/4377","targetHints":{"allow":["GET"]}}],"collection":[{"href":"https:\/\/dolmabahcepalace.gen.tr\/es\/wp-json\/wp\/v2\/pages"}],"about":[{"href":"https:\/\/dolmabahcepalace.gen.tr\/es\/wp-json\/wp\/v2\/types\/page"}],"author":[{"embeddable":true,"href":"https:\/\/dolmabahcepalace.gen.tr\/es\/wp-json\/wp\/v2\/users\/1"}],"replies":[{"embeddable":true,"href":"https:\/\/dolmabahcepalace.gen.tr\/es\/wp-json\/wp\/v2\/comments?post=4377"}],"version-history":[{"count":4,"href":"https:\/\/dolmabahcepalace.gen.tr\/es\/wp-json\/wp\/v2\/pages\/4377\/revisions"}],"predecessor-version":[{"id":5044,"href":"https:\/\/dolmabahcepalace.gen.tr\/es\/wp-json\/wp\/v2\/pages\/4377\/revisions\/5044"}],"wp:attachment":[{"href":"https:\/\/dolmabahcepalace.gen.tr\/es\/wp-json\/wp\/v2\/media?parent=4377"}],"curies":[{"name":"wp","href":"https:\/\/api.w.org\/{rel}","templated":true}]}}