{"id":4381,"date":"2024-11-05T10:35:36","date_gmt":"2024-11-05T10:35:36","guid":{"rendered":"https:\/\/dolmabahcepalace.gen.tr\/disclosure\/"},"modified":"2025-09-23T08:26:10","modified_gmt":"2025-09-23T08:26:10","slug":"palacio-dolmabahce-divulgacion-afiliados","status":"publish","type":"page","link":"https:\/\/dolmabahcepalace.gen.tr\/es\/palacio-dolmabahce-divulgacion-afiliados\/","title":{"rendered":"Divulgacion Afiliados"},"content":{"rendered":"<h1><span data-attr-id=\"the_title\" data-extra_key=\"the_title\" data-option-inline=\"1\" data-shortcode=\"thrv_dynamic_data_content\" data-shortcode-name=\"Post title\">Divulgacion Afiliados<\/span><\/h1>\n<p><span><img decoding=\"async\" alt=\"\" data-id=\"2879\" width=\"555\" data-init-width=\"1000\" height=\"312\" data-init-height=\"563\" title=\"Palacio de Dolmabah\u00e7e, Estambul, Turqu\u00eda. Vista del palacio desde el\" loading=\"lazy\" src=\"https:\/\/dolmabahcepalace.gen.tr\/wp-content\/uploads\/2024\/11\/dolmabahce-palace-gallery-photos7.jpg\" data-width=\"555\" data-height=\"312\" style=\"aspect-ratio: auto 1000 \/ 563;\"><\/span><\/p>\n<p dir=\"ltr\">En DolmabahcePalace.gen.tr, nuestro objetivo es ofrecer contenido de viajes de alta calidad que te ayudar\u00e1 a planificar y disfrutar de tus viajes. Para apoyar nuestro esfuerzo por mantener y hacer crecer este sitio web, utilizamos enlaces de afiliados en todo nuestro contenido. Esto significa que si realiza una compra a trav\u00e9s de alguno de los enlaces de nuestro sitio, podr\u00edamos recibir una peque\u00f1a comisi\u00f3n. Esto no tiene ning\u00fan coste adicional para ti y nos ayuda a mantener el contenido gratuito y actualizado.<\/p>\n<h2 dir=\"ltr\">\u00bfPor qu\u00e9 utilizamos enlaces de afiliados?<\/h2>\n<p dir=\"ltr\">Gestionar un sitio web requiere tiempo y recursos, y las colaboraciones con afiliados nos permiten financiar nuestro trabajo. Es importante destacar que solo recomendamos productos, tours y servicios que realmente creemos que aportar\u00e1n valor a su experiencia de viaje. Seleccionamos y evaluamos cuidadosamente a nuestros socios afiliados para asegurarnos de que se ajusten a los est\u00e1ndares e intereses de nuestros lectores.<\/p>\n<h2 dir=\"ltr\">Socios afiliados<\/h2>\n<p dir=\"ltr\">Algunos de nuestros socios afiliados de confianza incluyen:<\/p>\n<ul>\n<li dir=\"ltr\">Obtenga su gu\u00eda<\/li>\n<li dir=\"ltr\">Entradas<\/li>\n<li dir=\"ltr\">Salida<\/li>\n<li dir=\"ltr\">Viator<\/li>\n<li dir=\"ltr\">Platinista<\/li>\n<li dir=\"ltr\">Civitatis<\/li>\n<li dir=\"ltr\">Holafly<\/li>\n<li dir=\"ltr\">Booking.com<\/li>\n<li dir=\"ltr\">Megapass<\/li>\n<li dir=\"ltr\">Museo<\/li>\n<\/ul>\n<p dir=\"ltr\">Tenga en cuenta que podemos actualizar esta lista a medida que nos asociamos con nuevas empresas en las que confiamos y recomendamos.<\/p>\n<h2 dir=\"ltr\">Compromiso con la honestidad<\/h2>\n<p dir=\"ltr\">Queremos que conf\u00ede en las recomendaciones que le ofrecemos. Si bien recibir una comisi\u00f3n contribuye a nuestro trabajo, nunca influye en el contenido, los temas ni los productos que recomendamos. Nuestro objetivo principal es brindar informaci\u00f3n \u00fatil, honesta y precisa para sus viajes. Cualquier producto o servicio que recomendamos es algo que usar\u00edamos o recomendar\u00edamos personalmente a nuestros amigos y familiares.<\/p>\n<h2 dir=\"ltr\">Tu apoyo importa<\/h2>\n<p dir=\"ltr\">Al usar nuestros enlaces de afiliados, apoyas el contenido y los recursos que ofrecemos en DolmabahcePalace.gen.tr, y te agradecemos amplia tu confianza y apoyo. Esto nos permite seguir brind\u00e1ndote consejos, gu\u00edas y recomendaciones que esperamos que mejoren tus aventuras de viaje.<\/p>\n<p dir=\"ltr\">Si tiene alguna pregunta o inquietud sobre nuestras asociaciones de afiliados o contenido, no dude en comunicarse con nosotros.<\/p>\n<p><span><span>                    <\/span><\/span><span>Search<\/span><\/p>\n<p style=\"\"><strong>ENLACES \u00daTILES<\/strong><\/p>\n<p style=\"\"><a href=\"\/es\/?page_id=4168\" style=\"outline: none;\">Acerca del Palacio de Dolmabah\u00e7e<\/a><\/p>\n<p style=\"\"><a href=\"\/es\/?page_id=4373\" style=\"outline: none;\">Historia<\/a><\/p>\n<p style=\"\"><a href=\"\/es\/?page_id=4392\" style=\"outline: none;\">Informaci\u00f3n para visitantes<\/a><\/p>\n<p style=\"\"><a href=\"\/es\/?page_id=4450\" style=\"outline: none;\">C\u00f3mo llegar<\/a><\/p>\n<p style=\"\"><a href=\"\/es\/?page_id=4396\" style=\"outline: currentcolor;\">Visitas guiadas<\/a><\/p>\n<p style=\"\"><a href=\"\/es\/?page_id=4440\">Preguntas frecuentes<\/a><\/p>\n","protected":false},"excerpt":{"rendered":"<p>Divulgacion Afiliados En DolmabahcePalace.gen.tr, nuestro objetivo es ofrecer contenido de viajes de alta calidad que te ayudar\u00e1 a planificar y disfrutar de tus viajes. Para apoyar nuestro esfuerzo por mantener y hacer crecer este sitio web, utilizamos enlaces de afiliados en todo nuestro contenido. Esto significa que si realiza una compra a trav\u00e9s de alguno [&hellip;]<\/p>\n","protected":false},"author":6,"featured_media":2683,"parent":0,"menu_order":0,"comment_status":"closed","ping_status":"closed","template":"","meta":{"footnotes":""},"class_list":["post-4381","page","type-page","status-publish","has-post-thumbnail","hentry","post-wrapper","thrv_wrapper"],"_links":{"self":[{"href":"https:\/\/dolmabahcepalace.gen.tr\/es\/wp-json\/wp\/v2\/pages\/4381","targetHints":{"allow":["GET"]}}],"collection":[{"href":"https:\/\/dolmabahcepalace.gen.tr\/es\/wp-json\/wp\/v2\/pages"}],"about":[{"href":"https:\/\/dolmabahcepalace.gen.tr\/es\/wp-json\/wp\/v2\/types\/page"}],"author":[{"embeddable":true,"href":"https:\/\/dolmabahcepalace.gen.tr\/es\/wp-json\/wp\/v2\/users\/6"}],"replies":[{"embeddable":true,"href":"https:\/\/dolmabahcepalace.gen.tr\/es\/wp-json\/wp\/v2\/comments?post=4381"}],"version-history":[{"count":7,"href":"https:\/\/dolmabahcepalace.gen.tr\/es\/wp-json\/wp\/v2\/pages\/4381\/revisions"}],"predecessor-version":[{"id":5053,"href":"https:\/\/dolmabahcepalace.gen.tr\/es\/wp-json\/wp\/v2\/pages\/4381\/revisions\/5053"}],"wp:featuredmedia":[{"embeddable":true,"href":"https:\/\/dolmabahcepalace.gen.tr\/es\/wp-json\/wp\/v2\/media\/2683"}],"wp:attachment":[{"href":"https:\/\/dolmabahcepalace.gen.tr\/es\/wp-json\/wp\/v2\/media?parent=4381"}],"curies":[{"name":"wp","href":"https:\/\/api.w.org\/{rel}","templated":true}]}}