{"id":4385,"date":"2024-09-10T17:56:55","date_gmt":"2024-09-10T17:56:55","guid":{"rendered":"https:\/\/dolmabahcepalace.gen.tr\/dolmabahce-palace-skip-the-line-bosphorus-cruise-ticket\/"},"modified":"2025-09-23T08:26:08","modified_gmt":"2025-09-23T08:26:08","slug":"palacio-de-dolmabahce-sin-colas-y-crucero-por-el-bosforo","status":"publish","type":"page","link":"https:\/\/dolmabahcepalace.gen.tr\/es\/palacio-de-dolmabahce-sin-colas-y-crucero-por-el-bosforo\/","title":{"rendered":"Combo Palacio de Dolmabah\u00e7e: sin colas y crucero por el B\u00f3sforo"},"content":{"rendered":"<p><span><img decoding=\"async\" alt=\"\" data-id=\"3694\" width=\"2374\" height=\"1322\" title=\"Visita a la Mezquita Azul, entrada a la Cisterna Bas\u00edlica y crucero por el B\u00f3sforo 2\" src=\"https:\/\/dolmabahcepalace.gen.tr\/wp-content\/uploads\/2024\/09\/Blue-Mosque-Tour-Basilica-Cistern-Ticket-Bosphorus-Cruise-2-1024x570.png\" data-src=\"https:\/\/dolmabahcepalace.gen.tr\/wp-content\/uploads\/2024\/09\/Blue-Mosque-Tour-Basilica-Cistern-Ticket-Bosphorus-Cruise-2-300x167.png\" loading=\"lazy\" data-sizes=\"{&quot;thumbnail&quot;:{&quot;url&quot;:&quot;https:\/\/dolmabahcepalace.gen.tr\/wp-content\/uploads\/2024\/09\/Blue-Mosque-Tour-Basilica-Cistern-Ticket-Bosphorus-Cruise-2-150x150.png&quot;,&quot;height&quot;:150,&quot;width&quot;:150,&quot;orientation&quot;:&quot;landscape&quot;},&quot;medium&quot;:{&quot;url&quot;:&quot;https:\/\/dolmabahcepalace.gen.tr\/wp-content\/uploads\/2024\/09\/Blue-Mosque-Tour-Basilica-Cistern-Ticket-Bosphorus-Cruise-2-300x167.png&quot;,&quot;height&quot;:167,&quot;width&quot;:300,&quot;orientation&quot;:&quot;landscape&quot;},&quot;large&quot;:{&quot;url&quot;:&quot;https:\/\/dolmabahcepalace.gen.tr\/wp-content\/uploads\/2024\/09\/Blue-Mosque-Tour-Basilica-Cistern-Ticket-Bosphorus-Cruise-2-1024x570.png&quot;,&quot;height&quot;:570,&quot;width&quot;:1024,&quot;orientation&quot;:&quot;landscape&quot;},&quot;full&quot;:{&quot;url&quot;:&quot;https:\/\/dolmabahcepalace.gen.tr\/wp-content\/uploads\/2024\/09\/Blue-Mosque-Tour-Basilica-Cistern-Ticket-Bosphorus-Cruise-2.png&quot;,&quot;height&quot;:1322,&quot;width&quot;:2374,&quot;orientation&quot;:&quot;landscape&quot;},&quot;1536x1536&quot;:{&quot;url&quot;:&quot;https:\/\/dolmabahcepalace.gen.tr\/wp-content\/uploads\/2024\/09\/Blue-Mosque-Tour-Basilica-Cistern-Ticket-Bosphorus-Cruise-2-1536x855.png&quot;,&quot;height&quot;:855,&quot;width&quot;:1536,&quot;orientation&quot;:&quot;landscape&quot;},&quot;2048x2048&quot;:{&quot;url&quot;:&quot;https:\/\/dolmabahcepalace.gen.tr\/wp-content\/uploads\/2024\/09\/Blue-Mosque-Tour-Basilica-Cistern-Ticket-Bosphorus-Cruise-2-2048x1140.png&quot;,&quot;height&quot;:1140,&quot;width&quot;:2048,&quot;orientation&quot;:&quot;landscape&quot;}}\"><\/span><span><img decoding=\"async\" alt=\"\" data-id=\"3700\" width=\"2376\" height=\"1318\" title=\"Entrada sin colas al Palacio de Dolmabah\u00e7e y crucero por el B\u00f3sforo 22\" src=\"https:\/\/dolmabahcepalace.gen.tr\/wp-content\/uploads\/2024\/09\/Dolmabahce-Palace-Skip-the-Ticket-Line-Bosphorus-Cruise-22-1024x568.png\" data-src=\"https:\/\/dolmabahcepalace.gen.tr\/wp-content\/uploads\/2024\/09\/Dolmabahce-Palace-Skip-the-Ticket-Line-Bosphorus-Cruise-22-300x166.png\" loading=\"lazy\" data-sizes=\"{&quot;thumbnail&quot;:{&quot;url&quot;:&quot;https:\/\/dolmabahcepalace.gen.tr\/wp-content\/uploads\/2024\/09\/Dolmabahce-Palace-Skip-the-Ticket-Line-Bosphorus-Cruise-22-150x150.png&quot;,&quot;height&quot;:150,&quot;width&quot;:150,&quot;orientation&quot;:&quot;landscape&quot;},&quot;medium&quot;:{&quot;url&quot;:&quot;https:\/\/dolmabahcepalace.gen.tr\/wp-content\/uploads\/2024\/09\/Dolmabahce-Palace-Skip-the-Ticket-Line-Bosphorus-Cruise-22-300x166.png&quot;,&quot;height&quot;:166,&quot;width&quot;:300,&quot;orientation&quot;:&quot;landscape&quot;},&quot;large&quot;:{&quot;url&quot;:&quot;https:\/\/dolmabahcepalace.gen.tr\/wp-content\/uploads\/2024\/09\/Dolmabahce-Palace-Skip-the-Ticket-Line-Bosphorus-Cruise-22-1024x568.png&quot;,&quot;height&quot;:568,&quot;width&quot;:1024,&quot;orientation&quot;:&quot;landscape&quot;},&quot;full&quot;:{&quot;url&quot;:&quot;https:\/\/dolmabahcepalace.gen.tr\/wp-content\/uploads\/2024\/09\/Dolmabahce-Palace-Skip-the-Ticket-Line-Bosphorus-Cruise-22.png&quot;,&quot;height&quot;:1318,&quot;width&quot;:2376,&quot;orientation&quot;:&quot;landscape&quot;},&quot;1536x1536&quot;:{&quot;url&quot;:&quot;https:\/\/dolmabahcepalace.gen.tr\/wp-content\/uploads\/2024\/09\/Dolmabahce-Palace-Skip-the-Ticket-Line-Bosphorus-Cruise-22-1536x852.png&quot;,&quot;height&quot;:852,&quot;width&quot;:1536,&quot;orientation&quot;:&quot;landscape&quot;},&quot;2048x2048&quot;:{&quot;url&quot;:&quot;https:\/\/dolmabahcepalace.gen.tr\/wp-content\/uploads\/2024\/09\/Dolmabahce-Palace-Skip-the-Ticket-Line-Bosphorus-Cruise-22-2048x1136.png&quot;,&quot;height&quot;:1136,&quot;width&quot;:2048,&quot;orientation&quot;:&quot;landscape&quot;}}\"><\/span><span><img decoding=\"async\" alt=\"\" data-id=\"3703\" width=\"2372\" height=\"1318\" title=\"Entrada sin colas al Palacio de Dolmabah\u00e7e y crucero por el B\u00f3sforo33\" src=\"https:\/\/dolmabahcepalace.gen.tr\/wp-content\/uploads\/2024\/09\/Dolmabahce-Palace-Skip-the-Ticket-Line-Bosphorus-Cruise33-1024x569.png\" data-src=\"https:\/\/dolmabahcepalace.gen.tr\/wp-content\/uploads\/2024\/09\/Dolmabahce-Palace-Skip-the-Ticket-Line-Bosphorus-Cruise33-300x167.png\" loading=\"lazy\" data-sizes=\"{&quot;thumbnail&quot;:{&quot;url&quot;:&quot;https:\/\/dolmabahcepalace.gen.tr\/wp-content\/uploads\/2024\/09\/Dolmabahce-Palace-Skip-the-Ticket-Line-Bosphorus-Cruise33-150x150.png&quot;,&quot;height&quot;:150,&quot;width&quot;:150,&quot;orientation&quot;:&quot;landscape&quot;},&quot;medium&quot;:{&quot;url&quot;:&quot;https:\/\/dolmabahcepalace.gen.tr\/wp-content\/uploads\/2024\/09\/Dolmabahce-Palace-Skip-the-Ticket-Line-Bosphorus-Cruise33-300x167.png&quot;,&quot;height&quot;:167,&quot;width&quot;:300,&quot;orientation&quot;:&quot;landscape&quot;},&quot;large&quot;:{&quot;url&quot;:&quot;https:\/\/dolmabahcepalace.gen.tr\/wp-content\/uploads\/2024\/09\/Dolmabahce-Palace-Skip-the-Ticket-Line-Bosphorus-Cruise33-1024x569.png&quot;,&quot;height&quot;:569,&quot;width&quot;:1024,&quot;orientation&quot;:&quot;landscape&quot;},&quot;full&quot;:{&quot;url&quot;:&quot;https:\/\/dolmabahcepalace.gen.tr\/wp-content\/uploads\/2024\/09\/Dolmabahce-Palace-Skip-the-Ticket-Line-Bosphorus-Cruise33.png&quot;,&quot;height&quot;:1318,&quot;width&quot;:2372,&quot;orientation&quot;:&quot;landscape&quot;},&quot;1536x1536&quot;:{&quot;url&quot;:&quot;https:\/\/dolmabahcepalace.gen.tr\/wp-content\/uploads\/2024\/09\/Dolmabahce-Palace-Skip-the-Ticket-Line-Bosphorus-Cruise33-1536x853.png&quot;,&quot;height&quot;:853,&quot;width&quot;:1536,&quot;orientation&quot;:&quot;landscape&quot;},&quot;2048x2048&quot;:{&quot;url&quot;:&quot;https:\/\/dolmabahcepalace.gen.tr\/wp-content\/uploads\/2024\/09\/Dolmabahce-Palace-Skip-the-Ticket-Line-Bosphorus-Cruise33-2048x1138.png&quot;,&quot;height&quot;:1138,&quot;width&quot;:2048,&quot;orientation&quot;:&quot;landscape&quot;}}\"><\/span><span><img decoding=\"async\" alt=\"\" data-id=\"3706\" width=\"2374\" height=\"1316\" title=\"Entradas al Palacio de Dolmabah\u00e7e con acceso prioritario y audiogu\u00eda\" src=\"https:\/\/dolmabahcepalace.gen.tr\/wp-content\/uploads\/2024\/09\/Dolmabahce-Palace-Tickets-with-Fast-Track-Entry-Audio-Guide-5-1024x568.png\" data-src=\"https:\/\/dolmabahcepalace.gen.tr\/wp-content\/uploads\/2024\/09\/Dolmabahce-Palace-Tickets-with-Fast-Track-Entry-Audio-Guide-5-300x166.png\" loading=\"lazy\" data-sizes=\"{&quot;thumbnail&quot;:{&quot;url&quot;:&quot;https:\/\/dolmabahcepalace.gen.tr\/wp-content\/uploads\/2024\/09\/Dolmabahce-Palace-Tickets-with-Fast-Track-Entry-Audio-Guide-5-150x150.png&quot;,&quot;height&quot;:150,&quot;width&quot;:150,&quot;orientation&quot;:&quot;landscape&quot;},&quot;medium&quot;:{&quot;url&quot;:&quot;https:\/\/dolmabahcepalace.gen.tr\/wp-content\/uploads\/2024\/09\/Dolmabahce-Palace-Tickets-with-Fast-Track-Entry-Audio-Guide-5-300x166.png&quot;,&quot;height&quot;:166,&quot;width&quot;:300,&quot;orientation&quot;:&quot;landscape&quot;},&quot;large&quot;:{&quot;url&quot;:&quot;https:\/\/dolmabahcepalace.gen.tr\/wp-content\/uploads\/2024\/09\/Dolmabahce-Palace-Tickets-with-Fast-Track-Entry-Audio-Guide-5-1024x568.png&quot;,&quot;height&quot;:568,&quot;width&quot;:1024,&quot;orientation&quot;:&quot;landscape&quot;},&quot;full&quot;:{&quot;url&quot;:&quot;https:\/\/dolmabahcepalace.gen.tr\/wp-content\/uploads\/2024\/09\/Dolmabahce-Palace-Tickets-with-Fast-Track-Entry-Audio-Guide-5.png&quot;,&quot;height&quot;:1316,&quot;width&quot;:2374,&quot;orientation&quot;:&quot;landscape&quot;},&quot;1536x1536&quot;:{&quot;url&quot;:&quot;https:\/\/dolmabahcepalace.gen.tr\/wp-content\/uploads\/2024\/09\/Dolmabahce-Palace-Tickets-with-Fast-Track-Entry-Audio-Guide-5-1536x851.png&quot;,&quot;height&quot;:851,&quot;width&quot;:1536,&quot;orientation&quot;:&quot;landscape&quot;},&quot;2048x2048&quot;:{&quot;url&quot;:&quot;https:\/\/dolmabahcepalace.gen.tr\/wp-content\/uploads\/2024\/09\/Dolmabahce-Palace-Tickets-with-Fast-Track-Entry-Audio-Guide-5-2048x1135.png&quot;,&quot;height&quot;:1135,&quot;width&quot;:2048,&quot;orientation&quot;:&quot;landscape&quot;}}\"><\/span><span><img decoding=\"async\" alt=\"\" data-id=\"3697\" width=\"2344\" height=\"1302\" title=\"Entrada sin colas al Palacio de Dolmabah\u00e7e y crucero por el B\u00f3sforo\" src=\"https:\/\/dolmabahcepalace.gen.tr\/wp-content\/uploads\/2024\/09\/Dolmabahce-Palace-Skip-the-Ticket-Line-Bosphorus-Cruise-1-1024x569.png\" data-src=\"https:\/\/dolmabahcepalace.gen.tr\/wp-content\/uploads\/2024\/09\/Dolmabahce-Palace-Skip-the-Ticket-Line-Bosphorus-Cruise-1-300x167.png\" loading=\"lazy\" data-sizes=\"{&quot;thumbnail&quot;:{&quot;url&quot;:&quot;https:\/\/dolmabahcepalace.gen.tr\/wp-content\/uploads\/2024\/09\/Dolmabahce-Palace-Skip-the-Ticket-Line-Bosphorus-Cruise-1-150x150.png&quot;,&quot;height&quot;:150,&quot;width&quot;:150,&quot;orientation&quot;:&quot;landscape&quot;},&quot;medium&quot;:{&quot;url&quot;:&quot;https:\/\/dolmabahcepalace.gen.tr\/wp-content\/uploads\/2024\/09\/Dolmabahce-Palace-Skip-the-Ticket-Line-Bosphorus-Cruise-1-300x167.png&quot;,&quot;height&quot;:167,&quot;width&quot;:300,&quot;orientation&quot;:&quot;landscape&quot;},&quot;large&quot;:{&quot;url&quot;:&quot;https:\/\/dolmabahcepalace.gen.tr\/wp-content\/uploads\/2024\/09\/Dolmabahce-Palace-Skip-the-Ticket-Line-Bosphorus-Cruise-1-1024x569.png&quot;,&quot;height&quot;:569,&quot;width&quot;:1024,&quot;orientation&quot;:&quot;landscape&quot;},&quot;full&quot;:{&quot;url&quot;:&quot;https:\/\/dolmabahcepalace.gen.tr\/wp-content\/uploads\/2024\/09\/Dolmabahce-Palace-Skip-the-Ticket-Line-Bosphorus-Cruise-1.png&quot;,&quot;height&quot;:1302,&quot;width&quot;:2344,&quot;orientation&quot;:&quot;landscape&quot;},&quot;1536x1536&quot;:{&quot;url&quot;:&quot;https:\/\/dolmabahcepalace.gen.tr\/wp-content\/uploads\/2024\/09\/Dolmabahce-Palace-Skip-the-Ticket-Line-Bosphorus-Cruise-1-1536x853.png&quot;,&quot;height&quot;:853,&quot;width&quot;:1536,&quot;orientation&quot;:&quot;landscape&quot;},&quot;2048x2048&quot;:{&quot;url&quot;:&quot;https:\/\/dolmabahcepalace.gen.tr\/wp-content\/uploads\/2024\/09\/Dolmabahce-Palace-Skip-the-Ticket-Line-Bosphorus-Cruise-1-2048x1138.png&quot;,&quot;height&quot;:1138,&quot;width&quot;:2048,&quot;orientation&quot;:&quot;landscape&quot;}}\"><\/span><\/p>\n<h1 dir=\"ltr\">Entrada sin colas al Palacio de Dolmabah\u00e7e y crucero por el B\u00f3sforo<\/h1>\n<h2><a href=\"https:\/\/megapass.com\/tours-tickets\/dolmabahce-palace-skip-the-ticket-line-and-bosphorus-cruise-i2249?discountCode=ma-places\" target=\"_blank\" rel=\"nofollow noopener\" style=\"outline: none;\">Make a reservation<\/a><\/h2>\n<h1><a href=\"https:\/\/megapass.com\/tours-tickets\/dolmabahce-palace-skip-the-ticket-line-and-bosphorus-cruise-i2249?discountCode=ma-places\" target=\"_blank\" rel=\"nofollow noopener\" style=\"outline: none;\"><strong>\u20ac48.00<\/strong><\/a><\/h1>\n<p dir=\"ltr\">Descubra la opulencia del Palacio de Dolmabah\u00e7e con acceso sin colas y explore sus impresionantes interiores y jardines. Complete su experiencia con un crucero panor\u00e1mico por el B\u00f3sforo, que le ofrecer\u00e1 impresionantes vistas del horizonte de Estambul y sus monumentos hist\u00f3ricos.<\/p>\n<ul>\n<li style=\"\"><span>Seleccionado cuidadosamente<\/span><\/li>\n<li style=\"\"><span>Billete m\u00f3vil &nbsp;<\/span><\/li>\n<li style=\"\">                    <span>Confirmaci\u00f3n instant\u00e1nea<\/span><\/li>\n<li style=\"\"><span>V\u00eda r\u00e1pida<\/span><\/li>\n<li style=\"\"><span>Cancelaci\u00f3n gratuita<\/span><\/li>\n<\/ul>\n<h2>Qu\u00e9 incluye<\/h2>\n<ul>\n<li><span>Entrada al Palacio de Dolmabah\u00e7e, incluida la secci\u00f3n del har\u00e9n.<\/span><\/li>\n<li><span>Acceso sin colas al Palacio de Dolmabah\u00e7e<\/span><\/li>\n<li><span>Audiogu\u00eda del Palacio de Dolmabah\u00e7e (disponible en m\u00e1s de 10 idiomas)<\/span><\/li>\n<li><span>Crucero de 90 minutos por el B\u00f3sforo<\/span><\/li>\n<li><span>Audiogu\u00eda para el crucero por el B\u00f3sforo (disponible en 5 idiomas)<\/span><\/li>\n<\/ul>\n<h2>Qu\u00e9 no est\u00e1 incluido<\/h2>\n<ul>\n<li style=\"\"><span>Acceso sin colas de seguridad<\/span><\/li>\n<li><span>Comida y bebida<\/span><\/li>\n<li style=\"\"><span>Gu\u00eda del lugar para el Palacio de Dolmabah\u00e7e o crucero<\/span><\/li>\n<\/ul>\n<h2>Informaci\u00f3n importante<\/h2>\n<ul>\n<li style=\"\"><span>Horario de apertura del Palacio de Dolmabah\u00e7e: de 9:00 a 18:00 (\u00faltima entrada a las 17:00, cerrado los lunes)<\/span><\/li>\n<li><span>El crucero por el B\u00f3sforo sale todos los d\u00edas a las 10:30, 11:45, 12:45, 13:45 y 14:45.<\/span><\/li>\n<li><span>El punto de partida del crucero est\u00e1 a 5 minutos a pie del Palacio de Dolmabah\u00e7e.<\/span><\/li>\n<li><span>Los controles de seguridad pueden causar breves retrasos durante la temporada alta<\/span><\/li>\n<li><span>Aseg\u00farese de que su tel\u00e9fono est\u00e9 cargado para utilizar la audiogu\u00eda.<\/span><\/li>\n<\/ul>\n<h2 style=\"\">Ofrecido en colaboraci\u00f3n con nuestro socio:<\/h2>\n<p><span><img decoding=\"async\" alt=\"\" data-id=\"3006\" width=\"129\" data-init-width=\"265\" height=\"75\" data-init-height=\"153\" title=\"MegaPass\" loading=\"lazy\" src=\"https:\/\/dolmabahcepalace.gen.tr\/wp-content\/uploads\/2024\/05\/MegaPass.png\" data-width=\"129\" data-height=\"75\" style=\"aspect-ratio: auto 265 \/ 153;\"><\/span><\/p>\n<p>Dolmabahcepalace.gen.tr facilita los pagos, mientras que MegaPass act\u00faa como el comercio oficial. Los t\u00e9rminos y condiciones se mantienen sin cambios.<\/p>\n<p><a href=\"https:\/\/megapass.com\/tours-tickets\/dolmabahce-palace-skip-the-ticket-line-and-bosphorus-cruise-i2249?discountCode=ma-places\" target=\"_blank\" rel=\"nofollow noopener\" style=\"outline: none;\" data-lt-tmp-id=\"lt-493231\" spellcheck=\"false\">Haga clic aqu\u00ed si prefiere reservar en el sitio web de MegaPass.<\/a><\/p>\n<h2>Descripci\u00f3n:<\/h2>\n<p dir=\"ltr\">Sum\u00e9rgete en la grandeza de Estambul con <strong>la entrada sin colas al Palacio de Dolmabah\u00e7e,<\/strong> donde podr\u00e1s admirar sus suntuosos interiores y sus hermosos jardines. Descubre la rica historia del palacio con una <strong>audiogu\u00eda<\/strong> antes de disfrutar de un relajante <strong>crucero por el B\u00f3sforo.<\/strong> Admira las impresionantes vistas de <strong>los lugares emblem\u00e1ticos de Estambul desde el agua<\/strong> , creando una combinaci\u00f3n perfecta de exploraci\u00f3n cultural y belleza paisaj\u00edstica.<\/p>\n<h2>Reflejos:<\/h2>\n<ul>\n<li dir=\"ltr\">Evite las largas colas para adquirir entradas en el Palacio de Dolmabah\u00e7e<\/li>\n<li dir=\"ltr\">Explora los opulentos interiores y los tranquilos jardines del palacio.<\/li>\n<li dir=\"ltr\">Disfrute de un crucero de 90 minutos por el B\u00f3sforo con impresionantes vistas del horizonte de Estambul.<\/li>\n<li dir=\"ltr\">Audiogu\u00edas tanto para el palacio como para el crucero en varios idiomas.<\/li>\n<li dir=\"ltr\">Conozca la conexi\u00f3n del palacio con la historia otomana y Mustafa Kemal Atat\u00fcrk.<\/li>\n<\/ul>\n<h2>Palacio de Dolmabah\u00e7e<\/h2>\n<p dir=\"ltr\">Vi\u015fnezade, Dolmabah\u00e7e Cd., 34357 Be\u015fikta\u015f\/Estambul<\/p>\n<h2>Pol\u00edtica de cancelaci\u00f3n<\/h2>\n<p dir=\"ltr\">Cancelaci\u00f3n gratuita 24 horas antes del inicio de la actividad.<\/p>\n<h2>Punto de encuentro e instrucciones<\/h2>\n<p dir=\"ltr\">Canjee su entrada en el Palacio de Dolmabah\u00e7e, Vi\u015fnezade, Dolmabah\u00e7e Cd., 34357 Be\u015fikta\u015f\/Estambul. Presente su cup\u00f3n y una identificaci\u00f3n con foto v\u00e1lida en el punto de canje.<\/p>\n<p><a href=\"https:\/\/maps.app.goo.gl\/sY2oxjpUd5ADBcXV8\" target=\"_blank\" rel=\"nofollow noopener\" style=\"outline: none;\" data-lt-tmp-id=\"lt-581789\" spellcheck=\"false\">Abrir en Maps<\/a><\/p>\n<h2>Algunas actividades que te podr\u00edan gustar<\/h2>\n<p><span># <\/span><strong><span>2<\/span><\/strong><span># <\/span><strong><span>2<\/span><\/strong><span><img decoding=\"async\" alt=\"\" data-id=\"3667\" width=\"159\" data-init-width=\"2374\" height=\"88\" data-init-height=\"1316\" title=\"Entradas al Palacio de Dolmabah\u00e7e con acceso prioritario y audiogu\u00eda\" loading=\"lazy\" src=\"https:\/\/dolmabahcepalace.gen.tr\/wp-content\/uploads\/2024\/09\/Dolmabahce-Palace-Tickets-with-Fast-Track-Entry-Audio-Guide-1.png\" data-width=\"159\" data-height=\"88\" style=\"aspect-ratio: auto 2374 \/ 1316;\"><\/span><\/p>\n<table>\n<tbody>\n<tr>\n<td><a href=\"https:\/\/megapass.com\/tours-tickets\/dolmabahce-palace-skip-the-line-ticket-and-audio-guide-i2513?discountCode=ma-places\" target=\"_blank\" rel=\"nofollow noopener\" style=\"outline: none;\" data-lt-tmp-id=\"lt-569507\" spellcheck=\"false\">Entradas al Palacio de Dolmabah\u00e7e con acceso prioritario y audiogu\u00eda<\/a><\/td>\n<\/tr>\n<\/tbody>\n<\/table>\n<p dir=\"ltr\">\u00a1Disfruta de la m\u00e1xima comodidad con nuestra entrada a Dolmabah\u00e7e, v\u00e1lida todo el d\u00eda! Evita las largas colas, ahorra hasta una hora con nuestra entrada prioritaria y disfruta de una audiogu\u00eda gratuita. Aprovecha al m\u00e1ximo tu visita con total flexibilidad durante el horario de apertura.&nbsp;<\/p>\n<h3 style=\"\">Precio total<\/h3>\n<h3 style=\"\">No se le cobrar\u00e1 todav\u00eda<\/h3>\n<p><span># <\/span><strong><span>2<\/span><\/strong><span><img decoding=\"async\" alt=\"\" data-id=\"3682\" width=\"159\" data-init-width=\"2362\" height=\"89\" data-init-height=\"1316\" title=\"Entradas para el Palacio de Dolmabah\u00e7e, Santa Sof\u00eda y la Cisterna Bas\u00edlica\" loading=\"lazy\" src=\"https:\/\/dolmabahcepalace.gen.tr\/wp-content\/uploads\/2024\/09\/Dolmabahce-Palace-Hagia-Sophia-Basilica-Cistern-Tickets.png\" data-width=\"159\" data-height=\"89\" style=\"aspect-ratio: auto 2362 \/ 1316;\"><\/span><\/p>\n<table>\n<tbody>\n<tr>\n<td><a href=\"https:\/\/megapass.com\/tours-tickets\/dolmabahce-palace-hagia-sophia-and-basilica-cistern-tickets-i2383?discountCode=ma-places\" target=\"_blank\" rel=\"nofollow noopener\" style=\"outline: none;\" data-lt-tmp-id=\"lt-163467\" spellcheck=\"false\">Entradas para el Palacio de Dolmabah\u00e7e, Santa Sof\u00eda y la Cisterna Bas\u00edlica<\/a><\/td>\n<\/tr>\n<\/tbody>\n<\/table>\n<p dir=\"ltr\">\u00a1Maximiza tus ahorros con este combo 3 en 1, v\u00e1lido por 2 d\u00edas! Explora el emblem\u00e1tico Palacio de Dolmabah\u00e7e, Santa Sof\u00eda y la Cisterna Bas\u00edlica de Estambul a tu propio ritmo. Con las entradas en el bolsillo y una audiogu\u00eda a tu lado, podr\u00e1s adentrarte en su rica historia.<\/p>\n<h3 style=\"\">Precio total<\/h3>\n<h3 style=\"\">No se le cobrar\u00e1 todav\u00eda<\/h3>\n<\/p>\n<h2><a href=\"https:\/\/megapass.com\/tours-tickets\/dolmabahce-palace-skip-the-ticket-line-and-bosphorus-cruise-i2249?discountCode=ma-places\" target=\"_blank\" rel=\"nofollow noopener\" style=\"outline: none;\">Hacer una reserva<\/a><\/h2>\n<h1><a href=\"https:\/\/megapass.com\/tours-tickets\/dolmabahce-palace-skip-the-ticket-line-and-bosphorus-cruise-i2249?discountCode=ma-places\" target=\"_blank\" rel=\"nofollow noopener\" style=\"outline: none;\"><strong>48,00 \u20ac<\/strong><\/a><\/h1>\n<p style=\"\">No se le cobrar\u00e1 todav\u00eda<\/p>\n","protected":false},"excerpt":{"rendered":"<p>Entrada sin colas al Palacio de Dolmabah\u00e7e y crucero por el B\u00f3sforo Make a reservation \u20ac48.00 Descubra la opulencia del Palacio de Dolmabah\u00e7e con acceso sin colas y explore sus impresionantes interiores y jardines. Complete su experiencia con un crucero panor\u00e1mico por el B\u00f3sforo, que le ofrecer\u00e1 impresionantes vistas del horizonte de Estambul y sus [&hellip;]<\/p>\n","protected":false},"author":6,"featured_media":0,"parent":0,"menu_order":0,"comment_status":"closed","ping_status":"closed","template":"","meta":{"footnotes":""},"class_list":["post-4385","page","type-page","status-publish","hentry","post-wrapper","thrv_wrapper"],"_links":{"self":[{"href":"https:\/\/dolmabahcepalace.gen.tr\/es\/wp-json\/wp\/v2\/pages\/4385","targetHints":{"allow":["GET"]}}],"collection":[{"href":"https:\/\/dolmabahcepalace.gen.tr\/es\/wp-json\/wp\/v2\/pages"}],"about":[{"href":"https:\/\/dolmabahcepalace.gen.tr\/es\/wp-json\/wp\/v2\/types\/page"}],"author":[{"embeddable":true,"href":"https:\/\/dolmabahcepalace.gen.tr\/es\/wp-json\/wp\/v2\/users\/6"}],"replies":[{"embeddable":true,"href":"https:\/\/dolmabahcepalace.gen.tr\/es\/wp-json\/wp\/v2\/comments?post=4385"}],"version-history":[{"count":4,"href":"https:\/\/dolmabahcepalace.gen.tr\/es\/wp-json\/wp\/v2\/pages\/4385\/revisions"}],"predecessor-version":[{"id":5043,"href":"https:\/\/dolmabahcepalace.gen.tr\/es\/wp-json\/wp\/v2\/pages\/4385\/revisions\/5043"}],"wp:attachment":[{"href":"https:\/\/dolmabahcepalace.gen.tr\/es\/wp-json\/wp\/v2\/media?parent=4385"}],"curies":[{"name":"wp","href":"https:\/\/api.w.org\/{rel}","templated":true}]}}