{"id":4399,"date":"2024-11-02T13:57:40","date_gmt":"2024-11-02T13:57:40","guid":{"rendered":"https:\/\/dolmabahcepalace.gen.tr\/tickets-tours\/dolmabahce-palace-combo-tickets\/"},"modified":"2026-01-22T08:00:37","modified_gmt":"2026-01-22T08:00:37","slug":"entradas-combinadas","status":"publish","type":"page","link":"https:\/\/dolmabahcepalace.gen.tr\/es\/palacio-de-dolmabahce-entradas-y-visitas-guiadas\/entradas-combinadas\/","title":{"rendered":"Entradas combinadas para el Palacio de Dolmabah\u00e7e"},"content":{"rendered":"<p>__CONFIG_grupo_edici\u00f3n__{}__CONFIG_grupo_edici\u00f3n____CONFIG_grupo_edici\u00f3n__{}__CONFIG_grupo_edici\u00f3n__<\/p>\n<h1 style=\"text-align: left;\"><span data-attr-id=\"the_title\" data-extra_key=\"the_title\" data-option-inline=\"1\" data-shortcode=\"thrv_dynamic_data_content\" data-shortcode-name=\"Post title\">Entradas combinadas para el Palacio de Dolmabah\u00e7e<\/span><\/h1>\n<p style=\"text-align: left;\"><strong>Explora sitios emblem\u00e1ticos. Disfruta de grandes ahorros. Solo una entrada.<\/strong>&nbsp;<\/p>\n<p><strong>El Palacio de Dolmabah\u00e7e<\/strong> , construido en el&nbsp; <strong>siglo XIX<\/strong> &nbsp;como residencia real, es uno de los&nbsp; <strong>monumentos m\u00e1s visitados de Turqu\u00eda<\/strong> . Incluido en la&nbsp; <strong>Lista Indicativa del Patrimonio Mundial de la UNESCO<\/strong> , alberg\u00f3 a los \u00faltimos&nbsp; <strong>seis sultanes otomanos<\/strong> &nbsp;y marca el lugar de&nbsp; <strong>fallecimiento de Mustafa Kemal Atat\u00fcrk. Su&nbsp;<\/strong><strong>arquitectura<\/strong> &nbsp;y&nbsp; <strong>arte<\/strong> \u00fanicos&nbsp; &nbsp;siguen cautivando a los visitantes y albergando importantes eventos.<\/p>\n<p>Esta p\u00e1gina presenta las mejores&nbsp; <strong>entradas combinadas<\/strong> &nbsp;para el Palacio de Dolmabah\u00e7e. Explore lugares emblem\u00e1ticos como&nbsp; <a href=\"https:\/\/www.hagiasophia.gen.tr\/es\/\" target=\"_blank\" rel=\"noopener\"><strong>Santa Sof\u00eda<\/strong><\/a>&nbsp; o disfrute de un&nbsp;<a href=\"https:\/\/bosphorus-dinner-cruise.com\/\" target=\"_blank\" style=\"outline: none;\" rel=\"noopener\"><strong>crucero con cena por el B\u00f3sforo<\/strong><\/a>. Todas las entradas incluyen &nbsp;<strong>acceso sin colas<\/strong> &nbsp;y&nbsp; <strong>visitas guiadas<\/strong> , clasificadas como&nbsp; <strong>las m\u00e1s vendidas<\/strong> ,&nbsp; <strong>las m\u00e1s preferidas<\/strong> y&nbsp; <strong>las experiencias con mejor relaci\u00f3n calidad-precio<\/strong> para facilitar su selecci\u00f3n.<\/p>\n<h2 id=\"t-1730381329341\"><strong>1. Entrada combinada m\u00e1s vendida para el Palacio de Dolmabah\u00e7e<\/strong><\/h2>\n<h3 dir=\"ltr\" style=\"text-align: left;\" id=\"t-1730552236060\"><span style=\"\">Combo (Ahorra un 15%): Crucero con cena por el B\u00f3sforo con espect\u00e1culo turco + Entradas sin colas al Palacio de Dolmabah\u00e7e<\/span><\/h3>\n<p dir=\"ltr\"><span style=\"font-size: 16px !important;\">\u00a1Descubre las maravillas de Estambul <strong>ahorrando un 26%<\/strong> con este combo exclusivo! <strong>Evita las colas en el Palacio de Dolmabah\u00e7e<\/strong> , una obra maestra otomana del siglo XIX, y explora con naturalidad su rica historia y opulenta arquitectura. Despu\u00e9s, emb\u00e1rcate en un <strong>crucero con cena por el B\u00f3sforo<\/strong> , donde disfrutar\u00e1s de un fest\u00edn de <strong>cocina turca, bebidas ilimitadas<\/strong> y fascinantes espect\u00e1culos tradicionales con el horizonte de la ciudad como fondo.&nbsp;<\/span><\/p>\n<p dir=\"ltr\"><span style=\"font-size: 16px !important;\"><strong>Perfecto tanto para los entusiastas de la cultura<\/strong> como <strong>para quienes la visitan por primera vez<\/strong> , este combo ofrece dos experiencias inolvidables en un paquete conveniente, que muestra lo <strong>mejor de los lugares emblem\u00e1ticos de Estambul<\/strong> y <strong>su vibrante cultura<\/strong> .<\/span><\/p>\n<p dir=\"ltr\"><a href=\"https:\/\/bosphorus-dinner-cruise.com\/\" style=\"outline: none;\" data-lt-tmp-id=\"lt-283673\" spellcheck=\"false\" target=\"_blank\" rel=\"noopener\"><span style=\"font-size: 16px !important;\">&gt;&gt; Para profundizar su exploraci\u00f3n de Estambul y coronar su d\u00eda con una deliciosa cena mientras se desliza por el B\u00f3sforo, puede visitar nuestro sitio para conocer las opciones de boletos para el crucero con cena por el B\u00f3sforo.<\/span><\/a><\/p>\n<h2 id=\"t-1730381329343\" style=\"\"><strong>2. Entrada combinada m\u00e1s popular para el Palacio de Dolmabah\u00e7e<\/strong><\/h2>\n<h3 style=\"text-align: left;\" id=\"t-1730552236061\"><span style=\"\">Combo: Entradas sin colas al Palacio de Dolmabah\u00e7e <span style=\"\">con audiogu\u00eda + Crucero por el B\u00f3sforo<\/span><\/span><\/h3>\n<p dir=\"ltr\"><strong><span style=\"font-size: 16px !important;\">\u00a1Ahorra a lo grande<\/span><\/strong><span style=\"font-size: 16px !important;\"> con este fant\u00e1stico combo, que incluye una visita guiada al Palacio de Dolmabah\u00e7e y un crucero panor\u00e1mico por el B\u00f3sforo de Estambul! <strong>Evita las colas en el Palacio de Dolmabah\u00e7e<\/strong> , una obra maestra otomana del siglo XIX, y explora su <strong>rica historia<\/strong> y <strong>opulenta arquitectura<\/strong> con la gu\u00eda de una atractiva audiogu\u00eda. Despu\u00e9s, zarpa en un <strong>crucero panor\u00e1mico por el B\u00f3sforo<\/strong> y disfruta de vistas panor\u00e1micas del <strong>ic\u00f3nico horizonte de Estambul desde el agua.<\/strong><\/span><\/p>\n<p dir=\"ltr\"><span style=\"font-size: 16px !important;\">Con la <strong>entrada al Palacio de Dolmabah\u00e7e y el punto de embarque del crucero por el B\u00f3sforo uno junto al otro<\/strong> , este billete combinado es <strong>perfecto para visitantes con tiempo limitado<\/strong> . Ofrece la oportunidad de explorar <strong>los principales lugares de inter\u00e9s de Estambul en una sola ruta, ahorrando tiempo.<\/strong><\/span><\/p>\n<p dir=\"ltr\"><a href=\"https:\/\/bosphorus-cruise-istanbul.com\/\" style=\"outline: none;\" data-lt-tmp-id=\"lt-280133\" spellcheck=\"false\" target=\"_blank\" rel=\"noopener\"><span style=\"font-size: 16px !important;\">&gt;&gt; Para profundizar su exploraci\u00f3n de Estambul y coronar su d\u00eda con una deliciosa cena mientras navega por el B\u00f3sforo, puede visitar nuestro sitio para conocer las opciones de boletos para el crucero por el B\u00f3sforo.<\/span><\/a><\/p>\n<h2 id=\"t-1730465776873\"><strong>3. Experiencias con la mejor relaci\u00f3n calidad-precio para entradas combinadas al Palacio de Dolmabah\u00e7e<\/strong><\/h2>\n<h3 dir=\"ltr\" style=\"text-align: left;\" id=\"t-1730552236062\"><span style=\"\">Combo (Ahorra un 20%): <span style=\"\">Entradas sin colas al Palacio de Dolmabah\u00e7e con audiogu\u00eda<\/span> &nbsp;+ Entradas sin colas a Santa Sof\u00eda<\/span><\/h3>\n<p dir=\"ltr\"><strong><span style=\"font-size: 16px !important;\">Ahorre un 20%<\/span><\/strong><span style=\"font-size: 16px !important;\"> con esta combinaci\u00f3n exclusiva, que ofrece <strong>acceso sin colas a dos de los monumentos m\u00e1s preciados de Estambul<\/strong> : el Palacio de Dolmabah\u00e7e, completo con una audiogu\u00eda informativa, y la magn\u00edfica Santa Sof\u00eda.&nbsp;<\/span><\/p>\n<p dir=\"ltr\"><span style=\"font-size: 16px !important;\">Este alojamiento es una <strong>gran opci\u00f3n para los entusiastas de la historia y los viajeros que buscan aprovechar al m\u00e1ximo su tiempo<\/strong> , ya que les permite evitar las largas colas y sumergirse directamente en el rico patrimonio y las maravillas arquitect\u00f3nicas de Estambul.<\/span><\/p>\n<h2 id=\"t-1730465776874\"><strong>\u00bfPor qu\u00e9 comprar una entrada combinada al Palacio de Dolmabah\u00e7e?<\/strong><\/h2>\n<ul>\n<li><span>\n<p dir=\"ltr\"><strong>Ahorra tiempo:<\/strong> Las entradas combinadas suelen incluir acceso sin colas, lo que te ahorra tiempo en atracciones populares como el Palacio de Dolmabah\u00e7e, Santa Sof\u00eda o un crucero por el B\u00f3sforo. Podr\u00e1s ver m\u00e1s en menos tiempo y evitar largas esperas en taquilla. &gt;&gt; \u00a1Descubre y compra tu entrada combinada aqu\u00ed!<strong><\/strong><\/p>\n<p><\/span><\/li>\n<li><span>\n<p dir=\"ltr\"><strong>Ahorro de costos:<\/strong> los boletos combinados generalmente ofrecen tarifas con descuento en comparaci\u00f3n con la compra de boletos separados para cada atracci\u00f3n, lo que le brinda una forma m\u00e1s rentable de explorar los principales sitios de Estambul. &gt;&gt; \u00a1Vea las entradas con descuento para Dolmabahce aqu\u00ed!<\/p>\n<p><\/span><\/li>\n<li><span>\n<p dir=\"ltr\"><strong>Conveniencia:<\/strong> con un boleto combinado, todos sus pases de entrada se agrupan, lo que simplifica la planificaci\u00f3n y le permite visitar m\u00faltiples atracciones sin la molestia de comprar boletos en cada ubicaci\u00f3n.<\/p>\n<p><\/span><\/li>\n<li><span>\n<p dir=\"ltr\"><strong>Experiencia mejorada:<\/strong> Muchos billetes combinados incluyen extras como audiogu\u00edas, visitas guiadas u opciones de comida (por ejemplo, un crucero con cena por el B\u00f3sforo), lo que le permite sumergirse m\u00e1s profundamente en la historia y la cultura de Estambul. &gt;&gt; \u00a1Compre ahora su entrada al Palacio de Dolmabahce con opci\u00f3n de crucero por el B\u00f3sforo!<\/p>\n<p><\/span><\/li>\n<li><span>\n<p dir=\"ltr\"><strong>Perfecto para quienes visitan por primera vez:<\/strong> los boletos combinados cubren m\u00faltiples atracciones imperdibles, lo que permite que los nuevos visitantes disfruten de una experiencia eficiente y completa de los lugares hist\u00f3ricos y culturales de Estambul.<strong>&nbsp;<\/strong><\/p>\n<p><\/span><\/li>\n<li><span>\n<p dir=\"ltr\"><strong>Flexibilidad:<\/strong> Algunos billetes combinados ofrecen una validez extendida, lo que le permite explorar a su propio ritmo durante uno o dos d\u00edas.<\/p>\n<p><\/span><\/li>\n<\/ul>\n<h2 id=\"t-1730381329349\"><strong>Planifique su visita al Palacio de Dolmabah\u00e7e<\/strong><\/h2>\n<p dir=\"ltr\"><strong>Horarios:<\/strong> de 9 a 18 horas (de martes a domingo)<\/p>\n<p dir=\"ltr\"><strong>\u00daltima entrada:<\/strong> 17.30 horas (Duraci\u00f3n: 2 a 3 horas)<\/p>\n<p dir=\"ltr\"><strong>Cerrado:<\/strong> lunes, primer d\u00eda de la Fiesta del Sacrificio, primer d\u00eda del Ramad\u00e1n Bairam y a\u00f1o Nuevo.<\/p>\n<p dir=\"ltr\"><strong>Mejor \u00e9poca para visitar:<\/strong> El Palacio de Dolmabah\u00e7e abre todo el a\u00f1o. El mejor momento para visitarlo es por la ma\u00f1ana, durante las primeras horas de la ma\u00f1ana, para evitar las aglomeraciones. Evite visitarlo durante los meses de monz\u00f3n (julio y agosto) y en invierno (de diciembre a febrero), ya que el clima no es propicio.<\/p>\n<h2 id=\"t-1730381329350\"><strong>Preguntas frecuentes sobre las entradas combinadas al Palacio de Dolmabah\u00e7e<\/strong><\/h2>\n<p><a href=\"https:\/\/dolmabahcepalace.gen.tr\/es\/como-llegar-al-palacio-de-dolmabahce\/\" dynamic-postlink=\"tcb_post_the_permalink\" data-shortcode-id=\"1684\"><\/a><\/p>\n<p style=\"padding-bottom: 0px !important; margin-bottom: 0px !important;\"><strong>M\u00c1S INFORMACI\u00d3N<\/strong><\/p>\n<h2 style=\"\" id=\"t-1758634466477\"><span data-attr-css=\"\" data-attr-link=\"1\" data-attr-rel=\"0\" data-attr-static-link=\"{&quot;className&quot;:&quot;&quot;,&quot;href&quot;:&quot;https:\/\/dolmabahcepalace.gen.tr\/es\/como-llegar-al-palacio-de-dolmabahce\/&quot;,&quot;title&quot;:&quot;C\u00f3mo llegar al Palacio de Dolmabah\u00e7e&quot;,&quot;class&quot;:&quot;&quot;}\" data-attr-target=\"0\" data-extra_key=\"\" data-option-inline=\"1\" data-shortcode=\"tcb_post_title\" data-shortcode-name=\"Post title\" style=\"\"><a href=\"https:\/\/dolmabahcepalace.gen.tr\/es\/como-llegar-al-palacio-de-dolmabahce\/\" title=\"C\u00f3mo llegar al Palacio de Dolmabah\u00e7e\" data-css=\"\">C\u00f3mo llegar al Palacio de Dolmabah\u00e7e<\/a><\/span><\/h2>\n<p><a href=\"https:\/\/dolmabahcepalace.gen.tr\/es\/palacio-de-dolmabahce-preguntas-frecuentes\/\" dynamic-postlink=\"tcb_post_the_permalink\" data-shortcode-id=\"1684\"><\/a><\/p>\n<p style=\"padding-bottom: 0px !important; margin-bottom: 0px !important;\"><strong>M\u00c1S INFORMACI\u00d3N<\/strong><\/p>\n<h2 style=\"\" id=\"t-1758634466477\"><span data-attr-css=\"\" data-attr-link=\"1\" data-attr-rel=\"0\" data-attr-static-link=\"{&quot;className&quot;:&quot;&quot;,&quot;href&quot;:&quot;https:\/\/dolmabahcepalace.gen.tr\/es\/como-llegar-al-palacio-de-dolmabahce\/&quot;,&quot;title&quot;:&quot;C\u00f3mo llegar al Palacio de Dolmabah\u00e7e&quot;,&quot;class&quot;:&quot;&quot;}\" data-attr-target=\"0\" data-extra_key=\"\" data-option-inline=\"1\" data-shortcode=\"tcb_post_title\" data-shortcode-name=\"Post title\" style=\"\"><a href=\"https:\/\/dolmabahcepalace.gen.tr\/es\/palacio-de-dolmabahce-preguntas-frecuentes\/\" title=\"Preguntas frecuentes (FAQ) sobre el Palacio de Dolmabah\u00e7e\" data-css=\"\">Preguntas frecuentes (FAQ) sobre el Palacio de Dolmabah\u00e7e<\/a><\/span><\/h2>\n","protected":false},"excerpt":{"rendered":"<p>__CONFIG_grupo_edici\u00f3n__{}__CONFIG_grupo_edici\u00f3n____CONFIG_grupo_edici\u00f3n__{}__CONFIG_grupo_edici\u00f3n__ Entradas combinadas para el Palacio de Dolmabah\u00e7e Explora sitios emblem\u00e1ticos. Disfruta de grandes ahorros. Solo una entrada.&nbsp; El Palacio de Dolmabah\u00e7e , construido en el&nbsp; siglo XIX &nbsp;como residencia real, es uno de los&nbsp; monumentos m\u00e1s visitados de Turqu\u00eda . Incluido en la&nbsp; Lista Indicativa del Patrimonio Mundial de la UNESCO , alberg\u00f3 a [&hellip;]<\/p>\n","protected":false},"author":6,"featured_media":2501,"parent":4396,"menu_order":0,"comment_status":"closed","ping_status":"closed","template":"","meta":{"footnotes":""},"class_list":["post-4399","page","type-page","status-publish","has-post-thumbnail","hentry","post-wrapper","thrv_wrapper"],"_links":{"self":[{"href":"https:\/\/dolmabahcepalace.gen.tr\/es\/wp-json\/wp\/v2\/pages\/4399","targetHints":{"allow":["GET"]}}],"collection":[{"href":"https:\/\/dolmabahcepalace.gen.tr\/es\/wp-json\/wp\/v2\/pages"}],"about":[{"href":"https:\/\/dolmabahcepalace.gen.tr\/es\/wp-json\/wp\/v2\/types\/page"}],"author":[{"embeddable":true,"href":"https:\/\/dolmabahcepalace.gen.tr\/es\/wp-json\/wp\/v2\/users\/6"}],"replies":[{"embeddable":true,"href":"https:\/\/dolmabahcepalace.gen.tr\/es\/wp-json\/wp\/v2\/comments?post=4399"}],"version-history":[{"count":12,"href":"https:\/\/dolmabahcepalace.gen.tr\/es\/wp-json\/wp\/v2\/pages\/4399\/revisions"}],"predecessor-version":[{"id":5464,"href":"https:\/\/dolmabahcepalace.gen.tr\/es\/wp-json\/wp\/v2\/pages\/4399\/revisions\/5464"}],"up":[{"embeddable":true,"href":"https:\/\/dolmabahcepalace.gen.tr\/es\/wp-json\/wp\/v2\/pages\/4396"}],"wp:featuredmedia":[{"embeddable":true,"href":"https:\/\/dolmabahcepalace.gen.tr\/es\/wp-json\/wp\/v2\/media\/2501"}],"wp:attachment":[{"href":"https:\/\/dolmabahcepalace.gen.tr\/es\/wp-json\/wp\/v2\/media?parent=4399"}],"curies":[{"name":"wp","href":"https:\/\/api.w.org\/{rel}","templated":true}]}}