{"id":4437,"date":"2024-09-10T17:40:39","date_gmt":"2024-09-10T17:40:39","guid":{"rendered":"https:\/\/dolmabahcepalace.gen.tr\/dolmabahce-palace-fast-track-entry-ticket\/"},"modified":"2025-09-23T08:26:10","modified_gmt":"2025-09-23T08:26:10","slug":"entradas-al-palacio-de-dolmabahce-con-acceso-rapido","status":"publish","type":"page","link":"https:\/\/dolmabahcepalace.gen.tr\/es\/entradas-al-palacio-de-dolmabahce-con-acceso-rapido\/","title":{"rendered":"Entradas al Palacio de Dolmabah\u00e7e con acceso r\u00e1pido y audiogu\u00eda"},"content":{"rendered":"<p><span><img decoding=\"async\" alt=\"\" data-id=\"3667\" width=\"2374\" height=\"1316\" title=\"Entradas al Palacio de Dolmabah\u00e7e con acceso prioritario y audiogu\u00eda\" src=\"https:\/\/dolmabahcepalace.gen.tr\/wp-content\/uploads\/2024\/09\/Dolmabahce-Palace-Tickets-with-Fast-Track-Entry-Audio-Guide-1-1024x568.png\" data-src=\"https:\/\/dolmabahcepalace.gen.tr\/wp-content\/uploads\/2024\/09\/Dolmabahce-Palace-Tickets-with-Fast-Track-Entry-Audio-Guide-1-300x166.png\" loading=\"lazy\" data-sizes=\"{&quot;thumbnail&quot;:{&quot;url&quot;:&quot;https:\/\/dolmabahcepalace.gen.tr\/wp-content\/uploads\/2024\/09\/Dolmabahce-Palace-Tickets-with-Fast-Track-Entry-Audio-Guide-1-150x150.png&quot;,&quot;height&quot;:150,&quot;width&quot;:150,&quot;orientation&quot;:&quot;landscape&quot;},&quot;medium&quot;:{&quot;url&quot;:&quot;https:\/\/dolmabahcepalace.gen.tr\/wp-content\/uploads\/2024\/09\/Dolmabahce-Palace-Tickets-with-Fast-Track-Entry-Audio-Guide-1-300x166.png&quot;,&quot;height&quot;:166,&quot;width&quot;:300,&quot;orientation&quot;:&quot;landscape&quot;},&quot;large&quot;:{&quot;url&quot;:&quot;https:\/\/dolmabahcepalace.gen.tr\/wp-content\/uploads\/2024\/09\/Dolmabahce-Palace-Tickets-with-Fast-Track-Entry-Audio-Guide-1-1024x568.png&quot;,&quot;height&quot;:568,&quot;width&quot;:1024,&quot;orientation&quot;:&quot;landscape&quot;},&quot;full&quot;:{&quot;url&quot;:&quot;https:\/\/dolmabahcepalace.gen.tr\/wp-content\/uploads\/2024\/09\/Dolmabahce-Palace-Tickets-with-Fast-Track-Entry-Audio-Guide-1.png&quot;,&quot;height&quot;:1316,&quot;width&quot;:2374,&quot;orientation&quot;:&quot;landscape&quot;},&quot;1536x1536&quot;:{&quot;url&quot;:&quot;https:\/\/dolmabahcepalace.gen.tr\/wp-content\/uploads\/2024\/09\/Dolmabahce-Palace-Tickets-with-Fast-Track-Entry-Audio-Guide-1-1536x851.png&quot;,&quot;height&quot;:851,&quot;width&quot;:1536,&quot;orientation&quot;:&quot;landscape&quot;},&quot;2048x2048&quot;:{&quot;url&quot;:&quot;https:\/\/dolmabahcepalace.gen.tr\/wp-content\/uploads\/2024\/09\/Dolmabahce-Palace-Tickets-with-Fast-Track-Entry-Audio-Guide-1-2048x1135.png&quot;,&quot;height&quot;:1135,&quot;width&quot;:2048,&quot;orientation&quot;:&quot;landscape&quot;}}\"><\/span><span><img decoding=\"async\" alt=\"\" data-id=\"3670\" width=\"2382\" height=\"1328\" title=\"Entradas al Palacio de Dolmabah\u00e7e con acceso prioritario y audiogu\u00eda 1\" src=\"https:\/\/dolmabahcepalace.gen.tr\/wp-content\/uploads\/2024\/09\/Dolmabahce-Palace-Tickets-with-Fast-Track-Entry-Audio-Guide-1-1-1024x571.png\" data-src=\"https:\/\/dolmabahcepalace.gen.tr\/wp-content\/uploads\/2024\/09\/Dolmabahce-Palace-Tickets-with-Fast-Track-Entry-Audio-Guide-1-1-300x167.png\" loading=\"lazy\" data-sizes=\"{&quot;thumbnail&quot;:{&quot;url&quot;:&quot;https:\/\/dolmabahcepalace.gen.tr\/wp-content\/uploads\/2024\/09\/Dolmabahce-Palace-Tickets-with-Fast-Track-Entry-Audio-Guide-1-1-150x150.png&quot;,&quot;height&quot;:150,&quot;width&quot;:150,&quot;orientation&quot;:&quot;landscape&quot;},&quot;medium&quot;:{&quot;url&quot;:&quot;https:\/\/dolmabahcepalace.gen.tr\/wp-content\/uploads\/2024\/09\/Dolmabahce-Palace-Tickets-with-Fast-Track-Entry-Audio-Guide-1-1-300x167.png&quot;,&quot;height&quot;:167,&quot;width&quot;:300,&quot;orientation&quot;:&quot;landscape&quot;},&quot;large&quot;:{&quot;url&quot;:&quot;https:\/\/dolmabahcepalace.gen.tr\/wp-content\/uploads\/2024\/09\/Dolmabahce-Palace-Tickets-with-Fast-Track-Entry-Audio-Guide-1-1-1024x571.png&quot;,&quot;height&quot;:571,&quot;width&quot;:1024,&quot;orientation&quot;:&quot;landscape&quot;},&quot;full&quot;:{&quot;url&quot;:&quot;https:\/\/dolmabahcepalace.gen.tr\/wp-content\/uploads\/2024\/09\/Dolmabahce-Palace-Tickets-with-Fast-Track-Entry-Audio-Guide-1-1.png&quot;,&quot;height&quot;:1328,&quot;width&quot;:2382,&quot;orientation&quot;:&quot;landscape&quot;},&quot;1536x1536&quot;:{&quot;url&quot;:&quot;https:\/\/dolmabahcepalace.gen.tr\/wp-content\/uploads\/2024\/09\/Dolmabahce-Palace-Tickets-with-Fast-Track-Entry-Audio-Guide-1-1-1536x856.png&quot;,&quot;height&quot;:856,&quot;width&quot;:1536,&quot;orientation&quot;:&quot;landscape&quot;},&quot;2048x2048&quot;:{&quot;url&quot;:&quot;https:\/\/dolmabahcepalace.gen.tr\/wp-content\/uploads\/2024\/09\/Dolmabahce-Palace-Tickets-with-Fast-Track-Entry-Audio-Guide-1-1-2048x1142.png&quot;,&quot;height&quot;:1142,&quot;width&quot;:2048,&quot;orientation&quot;:&quot;landscape&quot;}}\"><\/span><span><img decoding=\"async\" alt=\"\" data-id=\"3673\" width=\"2352\" height=\"1312\" title=\"Entradas al Palacio de Dolmabah\u00e7e con acceso prioritario y audiogu\u00eda 2\" src=\"https:\/\/dolmabahcepalace.gen.tr\/wp-content\/uploads\/2024\/09\/Dolmabahce-Palace-Tickets-with-Fast-Track-Entry-Audio-Guide-2-1024x571.png\" data-src=\"https:\/\/dolmabahcepalace.gen.tr\/wp-content\/uploads\/2024\/09\/Dolmabahce-Palace-Tickets-with-Fast-Track-Entry-Audio-Guide-2-300x167.png\" loading=\"lazy\" data-sizes=\"{&quot;thumbnail&quot;:{&quot;url&quot;:&quot;https:\/\/dolmabahcepalace.gen.tr\/wp-content\/uploads\/2024\/09\/Dolmabahce-Palace-Tickets-with-Fast-Track-Entry-Audio-Guide-2-150x150.png&quot;,&quot;height&quot;:150,&quot;width&quot;:150,&quot;orientation&quot;:&quot;landscape&quot;},&quot;medium&quot;:{&quot;url&quot;:&quot;https:\/\/dolmabahcepalace.gen.tr\/wp-content\/uploads\/2024\/09\/Dolmabahce-Palace-Tickets-with-Fast-Track-Entry-Audio-Guide-2-300x167.png&quot;,&quot;height&quot;:167,&quot;width&quot;:300,&quot;orientation&quot;:&quot;landscape&quot;},&quot;large&quot;:{&quot;url&quot;:&quot;https:\/\/dolmabahcepalace.gen.tr\/wp-content\/uploads\/2024\/09\/Dolmabahce-Palace-Tickets-with-Fast-Track-Entry-Audio-Guide-2-1024x571.png&quot;,&quot;height&quot;:571,&quot;width&quot;:1024,&quot;orientation&quot;:&quot;landscape&quot;},&quot;full&quot;:{&quot;url&quot;:&quot;https:\/\/dolmabahcepalace.gen.tr\/wp-content\/uploads\/2024\/09\/Dolmabahce-Palace-Tickets-with-Fast-Track-Entry-Audio-Guide-2.png&quot;,&quot;height&quot;:1312,&quot;width&quot;:2352,&quot;orientation&quot;:&quot;landscape&quot;},&quot;1536x1536&quot;:{&quot;url&quot;:&quot;https:\/\/dolmabahcepalace.gen.tr\/wp-content\/uploads\/2024\/09\/Dolmabahce-Palace-Tickets-with-Fast-Track-Entry-Audio-Guide-2-1536x857.png&quot;,&quot;height&quot;:857,&quot;width&quot;:1536,&quot;orientation&quot;:&quot;landscape&quot;},&quot;2048x2048&quot;:{&quot;url&quot;:&quot;https:\/\/dolmabahcepalace.gen.tr\/wp-content\/uploads\/2024\/09\/Dolmabahce-Palace-Tickets-with-Fast-Track-Entry-Audio-Guide-2-2048x1142.png&quot;,&quot;height&quot;:1142,&quot;width&quot;:2048,&quot;orientation&quot;:&quot;landscape&quot;}}\"><\/span><span><img decoding=\"async\" alt=\"\" data-id=\"3676\" width=\"2328\" height=\"1286\" title=\"Entradas al Palacio de Dolmabah\u00e7e con acceso prioritario y audiogu\u00eda 3\" src=\"https:\/\/dolmabahcepalace.gen.tr\/wp-content\/uploads\/2024\/09\/Dolmabahce-Palace-Tickets-with-Fast-Track-Entry-Audio-Guide-3-1024x566.png\" data-src=\"https:\/\/dolmabahcepalace.gen.tr\/wp-content\/uploads\/2024\/09\/Dolmabahce-Palace-Tickets-with-Fast-Track-Entry-Audio-Guide-3-300x166.png\" loading=\"lazy\" data-sizes=\"{&quot;thumbnail&quot;:{&quot;url&quot;:&quot;https:\/\/dolmabahcepalace.gen.tr\/wp-content\/uploads\/2024\/09\/Dolmabahce-Palace-Tickets-with-Fast-Track-Entry-Audio-Guide-3-150x150.png&quot;,&quot;height&quot;:150,&quot;width&quot;:150,&quot;orientation&quot;:&quot;landscape&quot;},&quot;medium&quot;:{&quot;url&quot;:&quot;https:\/\/dolmabahcepalace.gen.tr\/wp-content\/uploads\/2024\/09\/Dolmabahce-Palace-Tickets-with-Fast-Track-Entry-Audio-Guide-3-300x166.png&quot;,&quot;height&quot;:166,&quot;width&quot;:300,&quot;orientation&quot;:&quot;landscape&quot;},&quot;large&quot;:{&quot;url&quot;:&quot;https:\/\/dolmabahcepalace.gen.tr\/wp-content\/uploads\/2024\/09\/Dolmabahce-Palace-Tickets-with-Fast-Track-Entry-Audio-Guide-3-1024x566.png&quot;,&quot;height&quot;:566,&quot;width&quot;:1024,&quot;orientation&quot;:&quot;landscape&quot;},&quot;full&quot;:{&quot;url&quot;:&quot;https:\/\/dolmabahcepalace.gen.tr\/wp-content\/uploads\/2024\/09\/Dolmabahce-Palace-Tickets-with-Fast-Track-Entry-Audio-Guide-3.png&quot;,&quot;height&quot;:1286,&quot;width&quot;:2328,&quot;orientation&quot;:&quot;landscape&quot;},&quot;1536x1536&quot;:{&quot;url&quot;:&quot;https:\/\/dolmabahcepalace.gen.tr\/wp-content\/uploads\/2024\/09\/Dolmabahce-Palace-Tickets-with-Fast-Track-Entry-Audio-Guide-3-1536x848.png&quot;,&quot;height&quot;:848,&quot;width&quot;:1536,&quot;orientation&quot;:&quot;landscape&quot;},&quot;2048x2048&quot;:{&quot;url&quot;:&quot;https:\/\/dolmabahcepalace.gen.tr\/wp-content\/uploads\/2024\/09\/Dolmabahce-Palace-Tickets-with-Fast-Track-Entry-Audio-Guide-3-2048x1131.png&quot;,&quot;height&quot;:1131,&quot;width&quot;:2048,&quot;orientation&quot;:&quot;landscape&quot;}}\"><\/span><span><img decoding=\"async\" alt=\"\" data-id=\"3679\" width=\"2322\" height=\"1292\" title=\"Entradas al Palacio de Dolmabah\u00e7e con acceso prioritario y audiogu\u00eda 4\" src=\"https:\/\/dolmabahcepalace.gen.tr\/wp-content\/uploads\/2024\/09\/Dolmabahce-Palace-Tickets-with-Fast-Track-Entry-Audio-Guide-4-1024x570.png\" data-src=\"https:\/\/dolmabahcepalace.gen.tr\/wp-content\/uploads\/2024\/09\/Dolmabahce-Palace-Tickets-with-Fast-Track-Entry-Audio-Guide-4-300x167.png\" loading=\"lazy\" data-sizes=\"{&quot;thumbnail&quot;:{&quot;url&quot;:&quot;https:\/\/dolmabahcepalace.gen.tr\/wp-content\/uploads\/2024\/09\/Dolmabahce-Palace-Tickets-with-Fast-Track-Entry-Audio-Guide-4-150x150.png&quot;,&quot;height&quot;:150,&quot;width&quot;:150,&quot;orientation&quot;:&quot;landscape&quot;},&quot;medium&quot;:{&quot;url&quot;:&quot;https:\/\/dolmabahcepalace.gen.tr\/wp-content\/uploads\/2024\/09\/Dolmabahce-Palace-Tickets-with-Fast-Track-Entry-Audio-Guide-4-300x167.png&quot;,&quot;height&quot;:167,&quot;width&quot;:300,&quot;orientation&quot;:&quot;landscape&quot;},&quot;large&quot;:{&quot;url&quot;:&quot;https:\/\/dolmabahcepalace.gen.tr\/wp-content\/uploads\/2024\/09\/Dolmabahce-Palace-Tickets-with-Fast-Track-Entry-Audio-Guide-4-1024x570.png&quot;,&quot;height&quot;:570,&quot;width&quot;:1024,&quot;orientation&quot;:&quot;landscape&quot;},&quot;full&quot;:{&quot;url&quot;:&quot;https:\/\/dolmabahcepalace.gen.tr\/wp-content\/uploads\/2024\/09\/Dolmabahce-Palace-Tickets-with-Fast-Track-Entry-Audio-Guide-4.png&quot;,&quot;height&quot;:1292,&quot;width&quot;:2322,&quot;orientation&quot;:&quot;landscape&quot;},&quot;1536x1536&quot;:{&quot;url&quot;:&quot;https:\/\/dolmabahcepalace.gen.tr\/wp-content\/uploads\/2024\/09\/Dolmabahce-Palace-Tickets-with-Fast-Track-Entry-Audio-Guide-4-1536x855.png&quot;,&quot;height&quot;:855,&quot;width&quot;:1536,&quot;orientation&quot;:&quot;landscape&quot;},&quot;2048x2048&quot;:{&quot;url&quot;:&quot;https:\/\/dolmabahcepalace.gen.tr\/wp-content\/uploads\/2024\/09\/Dolmabahce-Palace-Tickets-with-Fast-Track-Entry-Audio-Guide-4-2048x1140.png&quot;,&quot;height&quot;:1140,&quot;width&quot;:2048,&quot;orientation&quot;:&quot;landscape&quot;}}\"><\/span><\/p>\n<h1 dir=\"ltr\">Entradas al Palacio de Dolmabah\u00e7e con acceso prioritario y audiogu\u00eda<\/h1>\n<h2><a href=\"https:\/\/megapass.com\/tours-tickets\/dolmabahce-palace-skip-the-line-ticket-and-audio-guide-i2513?discountCode=ma-places\" target=\"_blank\" rel=\"nofollow noopener\" style=\"outline: none;\">Make a reservation<\/a><\/h2>\n<h1><a href=\"https:\/\/megapass.com\/tours-tickets\/dolmabahce-palace-skip-the-line-ticket-and-audio-guide-i2513?discountCode=ma-places\" target=\"_blank\" rel=\"nofollow noopener\" style=\"outline: none;\" spellcheck=\"false\"><span style=\"font-weight: normal;\">From \u20ac<\/span><strong>46.50<\/strong><\/a><\/h1>\n<p dir=\"ltr\">Descubra la belleza del Palacio de Dolmabah\u00e7e con acceso prioritario y una audiogu\u00eda gratuita. Evite las largas colas, disfrute de acceso flexible durante todo el d\u00eda y sum\u00e9rjase en la impresionante arquitectura y la rica historia de este emblem\u00e1tico lugar.<\/p>\n<ul>\n<li style=\"\"><span>Seleccionado cuidadosamente<\/span><\/li>\n<li style=\"\"><span>Billete m\u00f3vil &nbsp;<\/span><\/li>\n<li style=\"\">                    <span>Confirmaci\u00f3n instant\u00e1nea<\/span><\/li>\n<li style=\"\"><span>V\u00eda r\u00e1pida<\/span><\/li>\n<li style=\"\"><span>Cancelaci\u00f3n gratuita<\/span><\/li>\n<\/ul>\n<h2>Qu\u00e9 incluye<\/h2>\n<ul>\n<li><span>Entrada al Palacio de Dolmabah\u00e7e<\/span><\/li>\n<li><span>Acceso r\u00e1pido a la cola de venta de entradas<\/span><\/li>\n<li><span>Audiogu\u00eda en m\u00e1s de 10 idiomas<\/span><\/li>\n<\/ul>\n<h2>Qu\u00e9 no est\u00e1 incluido<\/h2>\n<ul>\n<li style=\"\"><span>Acceso sin colas de seguridad<\/span><\/li>\n<li style=\"\"><span>Gu\u00eda tur\u00edstico en el lugar<\/span><\/li>\n<\/ul>\n<h2>Informaci\u00f3n importante<\/h2>\n<ul>\n<li style=\"\"><span>Horario de apertura del Palacio de Dolmabah\u00e7e: todos los d\u00edas de 9:00 a 18:00 (cerrado los lunes)<\/span><\/li>\n<li><span>\u00daltima entrada a las 5 p.m.<\/span><\/li>\n<li><span>El control de seguridad puede tardar hasta 15 minutos durante la temporada alta.<\/span><\/li>\n<li><span>Audiogu\u00eda disponible en varios idiomas para tu smartphone<\/span><\/li>\n<li><span>Traiga sus propios auriculares para la audiogu\u00eda.<\/span><\/li>\n<\/ul>\n<h2 style=\"\">Ofrecido en colaboraci\u00f3n con nuestro socio:<\/h2>\n<p><span><img decoding=\"async\" alt=\"\" data-id=\"3006\" width=\"129\" data-init-width=\"265\" height=\"75\" data-init-height=\"153\" title=\"MegaPass\" loading=\"lazy\" src=\"https:\/\/dolmabahcepalace.gen.tr\/wp-content\/uploads\/2024\/05\/MegaPass.png\" data-width=\"129\" data-height=\"75\" style=\"aspect-ratio: auto 265 \/ 153;\"><\/span><\/p>\n<p>Dolmabahcepalace.gen.tr facilita los pagos, mientras que MegaPass act\u00faa como el comercio oficial. Los t\u00e9rminos y condiciones se mantienen sin cambios.<\/p>\n<p><a href=\"https:\/\/megapass.com\/tours-tickets\/dolmabahce-palace-skip-the-line-ticket-and-audio-guide-i2513?discountCode=ma-places\" target=\"_blank\" rel=\"nofollow noopener\" style=\"outline: none;\" data-lt-tmp-id=\"lt-493231\" spellcheck=\"false\">Haga clic aqu\u00ed si prefiere reservar en el sitio web de MegaPass.<\/a><\/p>\n<h2>Descripci\u00f3n:<\/h2>\n<p dir=\"ltr\">Experimente el Palacio de Dolmabah\u00e7e con la comodidad de <strong>la entrada prioritaria,<\/strong> que le permite <strong>evitar las largas filas<\/strong> . <strong>Explore el palacio a su propio ritmo<\/strong> con una <strong>audiogu\u00eda informativa disponible<\/strong> en <strong>varios idiomas<\/strong> . Marav\u00edllese con la grandeza de esta <strong>joya otomana<\/strong> y sus <strong>impresionantes detalles arquitect\u00f3nicos,<\/strong> mientras disfruta de acceso flexible durante todo el d\u00eda.<\/p>\n<h2>Reflejos:<\/h2>\n<ul>\n<li dir=\"ltr\">Entrada r\u00e1pida para evitar las colas de venta de billetes<\/li>\n<li dir=\"ltr\">Explora el Palacio de Dolmabah\u00e7e con una audiogu\u00eda<\/li>\n<li dir=\"ltr\">Acceso flexible durante todo el d\u00eda durante el horario de apertura.<\/li>\n<li dir=\"ltr\">Aprenda sobre la historia y la arquitectura del palacio a su propio ritmo.<\/li>\n<\/ul>\n<h3 dir=\"ltr\">Palacio de Dolmabah\u00e7e<\/h3>\n<p dir=\"ltr\">Vi\u015fnezade, Dolmabah\u00e7e Cd., 34357 Be\u015fikta\u015f\/Estambul<\/p>\n<h2>Pol\u00edtica de cancelaci\u00f3n<\/h2>\n<p dir=\"ltr\">Cancelaci\u00f3n gratuita 24 horas antes del inicio de la actividad.<\/p>\n<h2>Punto de encuentro e instrucciones<\/h2>\n<p dir=\"ltr\">Canjee su entrada en el Palacio de Dolmabah\u00e7e, Vi\u015fnezade, Dolmabah\u00e7e Cd., 34357 Be\u015fikta\u015f\/Estambul. Presente su cup\u00f3n y una identificaci\u00f3n con foto v\u00e1lida en el punto de canje.<\/p>\n<p><a href=\"https:\/\/maps.app.goo.gl\/sY2oxjpUd5ADBcXV8\" target=\"_blank\" rel=\"nofollow noopener\" style=\"outline: none;\" data-lt-tmp-id=\"lt-581789\" spellcheck=\"false\">Abrir en Maps<\/a><\/p>\n<h2>Algunas actividades que te podr\u00edan gustar<\/h2>\n<p><span># <\/span><strong><span>2<\/span><\/strong><span># <\/span><strong><span>2<\/span><\/strong><span><img decoding=\"async\" alt=\"Entrada sin colas al Palacio de Dolmabah\u00e7e y crucero por el B\u00f3sforo\" data-id=\"3685\" width=\"159\" data-init-width=\"2344\" height=\"88\" data-init-height=\"1302\" title=\"Entrada sin colas al Palacio de Dolmabah\u00e7e y crucero por el B\u00f3sforo\" loading=\"lazy\" src=\"https:\/\/dolmabahcepalace.gen.tr\/wp-content\/uploads\/2024\/09\/Dolmabahce-Palace-Skip-the-Ticket-Line-Bosphorus-Cruise.png\" data-width=\"159\" data-height=\"88\" style=\"aspect-ratio: auto 2344 \/ 1302;\"><\/span><\/p>\n<table>\n<tbody>\n<tr>\n<td><a href=\"https:\/\/megapass.com\/tours-tickets\/dolmabahce-palace-skip-the-ticket-line-and-bosphorus-cruise-i2249?discountCode=ma-places\" target=\"_blank\" rel=\"nofollow noopener\" style=\"outline: none;\" data-lt-tmp-id=\"lt-569507\" spellcheck=\"false\">Entrada sin colas al Palacio de Dolmabah\u00e7e y crucero por el B\u00f3sforo<\/a><\/td>\n<\/tr>\n<\/tbody>\n<\/table>\n<p dir=\"ltr\">Evite las colas para adquirir entradas en el Palacio de Dolmabah\u00e7e y disfrute de sus opulentos interiores y sus impresionantes jardines. Mejore su experiencia con un crucero panor\u00e1mico por el B\u00f3sforo, que le ofrecer\u00e1 hermosas vistas de Estambul.&nbsp;<\/p>\n<h3 style=\"\">Precio total<\/h3>\n<h3 style=\"\">No se le cobrar\u00e1 todav\u00eda<\/h3>\n<p><span># <\/span><strong><span>2<\/span><\/strong><span><img decoding=\"async\" alt=\"\" data-id=\"3682\" width=\"159\" data-init-width=\"2362\" height=\"89\" data-init-height=\"1316\" title=\"Entradas para el Palacio de Dolmabah\u00e7e, Santa Sof\u00eda y la Cisterna Bas\u00edlica\" loading=\"lazy\" src=\"https:\/\/dolmabahcepalace.gen.tr\/wp-content\/uploads\/2024\/09\/Dolmabahce-Palace-Hagia-Sophia-Basilica-Cistern-Tickets.png\" data-width=\"159\" data-height=\"89\" style=\"aspect-ratio: auto 2362 \/ 1316;\"><\/span><\/p>\n<table>\n<tbody>\n<tr>\n<td><a href=\"https:\/\/megapass.com\/tours-tickets\/dolmabahce-palace-hagia-sophia-and-basilica-cistern-tickets-i2383?discountCode=ma-places\" target=\"_blank\" rel=\"nofollow noopener\" style=\"outline: none;\" data-lt-tmp-id=\"lt-163467\" spellcheck=\"false\">Entradas para el Palacio de Dolmabah\u00e7e, Santa Sof\u00eda y la Cisterna Bas\u00edlica<\/a><\/td>\n<\/tr>\n<\/tbody>\n<\/table>\n<p>\u00a1Maximiza tus ahorros con este combo 3 en 1, v\u00e1lido por 2 d\u00edas! Explora el emblem\u00e1tico Palacio de Dolmabah\u00e7e, Santa Sof\u00eda y la Cisterna Bas\u00edlica de Estambul a tu propio ritmo. Con las entradas en el bolsillo y una audiogu\u00eda a tu lado, podr\u00e1s adentrarte en su rica historia.<\/p>\n<h3 style=\"\">Precio total<\/h3>\n<h3 style=\"\">No se le cobrar\u00e1 todav\u00eda<\/h3>\n<\/p>\n<h2><a href=\"https:\/\/megapass.com\/tours-tickets\/dolmabahce-palace-skip-the-line-ticket-and-audio-guide-i2513?discountCode=ma-places\" target=\"_blank\" rel=\"nofollow noopener\" style=\"outline: none;\">Hacer una reserva<\/a><\/h2>\n<h1><a href=\"https:\/\/megapass.com\/tours-tickets\/dolmabahce-palace-skip-the-line-ticket-and-audio-guide-i2513?discountCode=ma-places\" target=\"_blank\" rel=\"nofollow noopener\" style=\"outline: none;\"><span style=\"font-weight: normal;\">Desde <\/span><strong>&nbsp;46,50 \u20ac<\/strong><\/a><\/h1>\n<p style=\"\">No se le cobrar\u00e1 todav\u00eda<\/p>\n","protected":false},"excerpt":{"rendered":"<p>Entradas al Palacio de Dolmabah\u00e7e con acceso prioritario y audiogu\u00eda Make a reservation From \u20ac46.50 Descubra la belleza del Palacio de Dolmabah\u00e7e con acceso prioritario y una audiogu\u00eda gratuita. Evite las largas colas, disfrute de acceso flexible durante todo el d\u00eda y sum\u00e9rjase en la impresionante arquitectura y la rica historia de este emblem\u00e1tico lugar. [&hellip;]<\/p>\n","protected":false},"author":6,"featured_media":3661,"parent":0,"menu_order":0,"comment_status":"closed","ping_status":"closed","template":"","meta":{"footnotes":""},"class_list":["post-4437","page","type-page","status-publish","has-post-thumbnail","hentry","post-wrapper","thrv_wrapper"],"_links":{"self":[{"href":"https:\/\/dolmabahcepalace.gen.tr\/es\/wp-json\/wp\/v2\/pages\/4437","targetHints":{"allow":["GET"]}}],"collection":[{"href":"https:\/\/dolmabahcepalace.gen.tr\/es\/wp-json\/wp\/v2\/pages"}],"about":[{"href":"https:\/\/dolmabahcepalace.gen.tr\/es\/wp-json\/wp\/v2\/types\/page"}],"author":[{"embeddable":true,"href":"https:\/\/dolmabahcepalace.gen.tr\/es\/wp-json\/wp\/v2\/users\/6"}],"replies":[{"embeddable":true,"href":"https:\/\/dolmabahcepalace.gen.tr\/es\/wp-json\/wp\/v2\/comments?post=4437"}],"version-history":[{"count":4,"href":"https:\/\/dolmabahcepalace.gen.tr\/es\/wp-json\/wp\/v2\/pages\/4437\/revisions"}],"predecessor-version":[{"id":5046,"href":"https:\/\/dolmabahcepalace.gen.tr\/es\/wp-json\/wp\/v2\/pages\/4437\/revisions\/5046"}],"wp:featuredmedia":[{"embeddable":true,"href":"https:\/\/dolmabahcepalace.gen.tr\/es\/wp-json\/wp\/v2\/media\/3661"}],"wp:attachment":[{"href":"https:\/\/dolmabahcepalace.gen.tr\/es\/wp-json\/wp\/v2\/media?parent=4437"}],"curies":[{"name":"wp","href":"https:\/\/api.w.org\/{rel}","templated":true}]}}