{"id":4440,"date":"2023-12-06T07:28:57","date_gmt":"2023-12-06T07:28:57","guid":{"rendered":"https:\/\/dolmabahcepalace.gen.tr\/frequently-asked-questions\/"},"modified":"2025-09-23T08:26:17","modified_gmt":"2025-09-23T08:26:17","slug":"palacio-de-dolmabahce-preguntas-frecuentes","status":"publish","type":"page","link":"https:\/\/dolmabahcepalace.gen.tr\/es\/palacio-de-dolmabahce-preguntas-frecuentes\/","title":{"rendered":"Preguntas frecuentes (FAQ) sobre el Palacio de Dolmabah\u00e7e"},"content":{"rendered":"<h1 style=\"text-align: left;\">Preguntas frecuentes<\/h1>\n<h2 style=\"\"><strong>Preguntas frecuentes sobre el Palacio de Dolmabah\u00e7e<\/strong><\/h2>\n<p><a href=\"\/es\/?page_id=4440\" dynamic-postlink=\"tcb_post_the_permalink\" data-shortcode-id=\"1092\"><\/a><\/p>\n<p style=\"padding-bottom: 0px !important; margin-bottom: 0px !important;\"><strong>M\u00c1S INFORMACI\u00d3N<\/strong><\/p>\n<h2 style=\"\"><span data-attr-css=\"\" data-attr-link=\"1\" data-attr-rel=\"0\" data-attr-static-link=\"{&quot;className&quot;:&quot;&quot;,&quot;href&quot;:&quot;#&quot;,&quot;title&quot;:&quot;Preguntas frecuentes (FAQ) sobre el Palacio de Dolmabah\u00e7e&quot;,&quot;class&quot;:&quot;&quot;}\" data-attr-target=\"0\" data-extra_key=\"\" data-option-inline=\"1\" data-shortcode=\"tcb_post_title\" data-shortcode-name=\"Post title\" style=\"\"><a href=\"\/es\/?page_id=4440\" title=\"Preguntas frecuentes (FAQ) sobre el Palacio de Dolmabah\u00e7e\" data-css=\"\">Preguntas frecuentes (FAQ) sobre el Palacio de Dolmabah\u00e7e<\/a><\/span><\/h2>\n","protected":false},"excerpt":{"rendered":"<p>Preguntas frecuentes Preguntas frecuentes sobre el Palacio de Dolmabah\u00e7e M\u00c1S INFORMACI\u00d3N Preguntas frecuentes (FAQ) sobre el Palacio de Dolmabah\u00e7e<\/p>\n","protected":false},"author":1,"featured_media":2633,"parent":0,"menu_order":0,"comment_status":"closed","ping_status":"closed","template":"","meta":{"footnotes":""},"class_list":["post-4440","page","type-page","status-publish","has-post-thumbnail","hentry","post-wrapper","thrv_wrapper"],"_links":{"self":[{"href":"https:\/\/dolmabahcepalace.gen.tr\/es\/wp-json\/wp\/v2\/pages\/4440","targetHints":{"allow":["GET"]}}],"collection":[{"href":"https:\/\/dolmabahcepalace.gen.tr\/es\/wp-json\/wp\/v2\/pages"}],"about":[{"href":"https:\/\/dolmabahcepalace.gen.tr\/es\/wp-json\/wp\/v2\/types\/page"}],"author":[{"embeddable":true,"href":"https:\/\/dolmabahcepalace.gen.tr\/es\/wp-json\/wp\/v2\/users\/1"}],"replies":[{"embeddable":true,"href":"https:\/\/dolmabahcepalace.gen.tr\/es\/wp-json\/wp\/v2\/comments?post=4440"}],"version-history":[{"count":8,"href":"https:\/\/dolmabahcepalace.gen.tr\/es\/wp-json\/wp\/v2\/pages\/4440\/revisions"}],"predecessor-version":[{"id":5109,"href":"https:\/\/dolmabahcepalace.gen.tr\/es\/wp-json\/wp\/v2\/pages\/4440\/revisions\/5109"}],"wp:featuredmedia":[{"embeddable":true,"href":"https:\/\/dolmabahcepalace.gen.tr\/es\/wp-json\/wp\/v2\/media\/2633"}],"wp:attachment":[{"href":"https:\/\/dolmabahcepalace.gen.tr\/es\/wp-json\/wp\/v2\/media?parent=4440"}],"curies":[{"name":"wp","href":"https:\/\/api.w.org\/{rel}","templated":true}]}}