{"id":4450,"date":"2023-12-06T07:41:56","date_gmt":"2023-12-06T07:41:56","guid":{"rendered":"https:\/\/dolmabahcepalace.gen.tr\/how-to-get-to-dolmabahce-palace\/"},"modified":"2025-09-29T13:29:31","modified_gmt":"2025-09-29T13:29:31","slug":"como-llegar-al-palacio-de-dolmabahce","status":"publish","type":"page","link":"https:\/\/dolmabahcepalace.gen.tr\/es\/como-llegar-al-palacio-de-dolmabahce\/","title":{"rendered":"C\u00f3mo llegar al Palacio de Dolmabah\u00e7e"},"content":{"rendered":"<h1 style=\"text-align: left;\"><strong>C\u00f3mo llegar al Palacio de Dolmabah\u00e7e<\/strong><\/h1>\n<h2 style=\"\"><strong>M\u00e1s opciones:<\/strong><\/h2>\n<ul>\n<li style=\"\"><span style=\"\"><strong>A pie:<\/strong><\/span><\/li>\n<\/ul>\n<p style=\"\"><span lang=\"EN-GB\">El Palacio de Dolmabah\u00e7e se encuentra en pleno centro de Estambul, por lo que es f\u00e1cil llegar a pie desde muchos lugares. Caminar <strong>desde la plaza Taksim<\/strong> y <strong>el Be\u015fikta\u015f<\/strong> hasta el palacio toma <strong>20 minutos<\/strong> . Caminar <strong>desde Sultanahmet<\/strong> hasta el palacio toma <strong>50 minutos<\/strong> .<\/span><\/p>\n<ul>\n<li style=\"\"><span style=\"\"><strong>En tren:<\/strong><\/span><\/li>\n<\/ul>\n<p>Puede tomar <strong>el tren Marmaray<\/strong> desde <strong>\u00dcsk\u00fcdar hasta Sirkec<\/strong> i. <strong>Es posible <\/strong><strong>llegar a<\/strong> la estaci\u00f3n de Kabata\u015f en tranv\u00eda desde la estaci\u00f3n de Sirkeci . Se puede llegar al Palacio de Dolmabah\u00e7e a pie desde la estaci\u00f3n de Kabata\u015f. <strong>El tiempo de viaje aproximado es de 50 minutos<\/strong> .<strong><\/strong><strong><\/strong><\/p>\n<ul>\n<li style=\"\"><span style=\"\"><strong>En tranv\u00eda:<\/strong><\/span><\/li>\n<\/ul>\n<p style=\"\"><strong>Kabata\u015f es la parada de tranv\u00eda m\u00e1s cercana<\/strong> al Palacio de Dolmabah\u00e7e; opera <strong>la l\u00ednea T1<\/strong> . Se puede ir caminando desde Kabata\u015f hasta el palacio. <strong>Est\u00e1 <\/strong><strong>a solo 7 minutos a pie.<\/strong><\/p>\n<ul>\n<li style=\"\"><span style=\"\"><strong>En autob\u00fas:<\/strong><\/span><\/li>\n<\/ul>\n<p style=\"\"><strong>Varias l\u00edneas de autob\u00fas<\/strong> paran cerca del Palacio de Dolmabah\u00e7e. Las <strong>estaciones m\u00e1s cercanas<\/strong> son <strong>Kabata\u015f<\/strong> y <strong>Be\u015fikta\u015f<\/strong> . El palacio est\u00e1 a pocos pasos de Kabata\u015f. Si lo desea, puede caminar o tomar un taxi desde Be\u015fikta\u015f hasta el palacio.<strong><\/strong><\/p>\n<ul>\n<li style=\"\"><span style=\"\"><strong>En taxi:<\/strong><\/span><\/li>\n<\/ul>\n<p style=\"\">Se puede llegar f\u00e1cilmente al Palacio de Dolmabah\u00e7e <strong>en taxi<\/strong> , disponible en toda Estambul. Antes de emprender el viaje, <strong>aseg\u00farese<\/strong> de que el taxi tenga <strong>tax\u00edmetro<\/strong> o negocie la tarifa con el conductor.<\/p>\n<ul>\n<li style=\"\"><span style=\"\"><strong>En coche:<\/strong><\/span><\/li>\n<\/ul>\n<p>Si prefieres conducir, puedes usar una aplicaci\u00f3n de navegaci\u00f3n o GPS para llegar al Palacio de Dolmabah\u00e7e. Se <strong>recomienda consultar la disponibilidad de plazas de aparcamiento o los aparcamientos cercanos<\/strong> , ya que el aparcamiento puede ser limitado en la zona.<\/p>\n<h2 style=\"\"><strong>Ubicaci\u00f3n del Palacio de Dolmabah\u00e7e<\/strong><\/h2>\n<p style=\"\"><strong>Ubicaci\u00f3n:<\/strong> Vi\u015fnezade, Dolmabah\u00e7e Cd., 34357 Be\u015fikta\u015f\/\u0130stanbul<\/p>\n<h2 id=\"t-1748932609736\" style=\"text-align: left;\"><strong>Entradas al Palacio de Dolmabah\u00e7e m\u00e1s vendidas<\/strong><\/h2>\n<p>  <a href=\"https:\/\/www.headout.com\/r\/most-amazing-placesrecommends-cvOVW\/\" target=\"_blank\" rel=\" nofollow noopener\" style=\"\"><\/a><\/p>\n<h2 data-qa-marker=\"product-name\" style=\"\" id=\"t-1748932609737\"><a href=\"https:\/\/www.headout.com\/r\/most-amazing-placesrecommends-cvOVW\/\" target=\"_blank\" rel=\"nofollow noopener\" data-tcb_hover_state_parent=\"\" style=\"outline: none;\" spellcheck=\"false\">Entradas sin colas al Palacio de Dolmabah\u00e7e con audiogu\u00eda<\/a><\/h2>\n<p style=\"\"><a href=\"https:\/\/www.headout.com\/r\/most-amazing-placesrecommends-cvOVW\/\" target=\"_blank\" rel=\"nofollow noopener\" style=\"outline: none;\" data-lt-tmp-id=\"lt-657592\" spellcheck=\"false\">4.6 \/ 5 (1300+ rese\u00f1as)<\/a><\/p>\n<p style=\"\"><span style=\"--tcb-applied-color: var$(--tcb-skin-color-24) !important; color: var(--tcb-skin-color-24) !important;\">Prep\u00e1rese para una experiencia inolvidable en el suntuoso Palacio de Dolmabah\u00e7e, situado a orillas del Estrecho del B\u00f3sforo. Con entrada r\u00e1pida y audiogu\u00eda incluida, \u00a1descubra cada rinc\u00f3n de este emblem\u00e1tico palacio de fama mundial!<\/span><strong><span style=\"--tcb-applied-color: rgba(255, 0, 0, 0.85) !important; color: rgba(255, 0, 0, 0.85) !important;\"><a href=\"https:\/\/www.headout.com\/r\/most-amazing-placesrecommends-cvOVW\/\" target=\"_blank\" rel=\"nofollow noopener\" style=\"outline: none;\" data-lt-tmp-id=\"lt-646515\" spellcheck=\"false\">+ m\u00e1s detalles<\/a><\/span><\/strong><strong><span style=\"--tcb-applied-color: rgba(255, 0, 0, 0.85) !important; color: rgba(255, 0, 0, 0.85) !important;\"> <\/span><\/strong><\/p>\n<p style=\"\"><a href=\"https:\/\/www.headout.com\/r\/most-amazing-placesrecommends-cvOVW\/\" target=\"_blank\" rel=\"nofollow noopener\" style=\"outline: none; font-size: 25px !important;\" data-lt-tmp-id=\"lt-45149\" spellcheck=\"false\"><span style=\"--tcb-applied-color: var$(--tcb-skin-color-4) !important; color: var(--tcb-skin-color-4) !important;\"><strong>42,96 \u20ac<\/strong><\/span><\/a><\/p>\n<p> __CONFIG_colors_palette__{\u00abactive_palette\u00bb:0,\u00bbconfig\u00bb:{\u00abcolors\u00bb:{\u00ab62516\u00bb:{\u00abname\u00bb:\u00bbMain Accent\u00bb,\u00bbparent\u00bb:-1}},\u00bbgradients\u00bb:[]},\u00bbpalettes\u00bb:[{\u00abname\u00bb:\u00bbDefault Palette\u00bb,\u00bbvalue\u00bb:{\u00abcolors\u00bb:{\u00ab62516\u00bb:{\u00abval\u00bb:\u00bbrgb(29, 73, 186)\u00bb}},\u00bbgradients\u00bb:[]}}]}__CONFIG_colors_palette__ <a href=\"https:\/\/www.headout.com\/r\/most-amazing-placesrecommends-cvOVW\/\" target=\"_blank\" rel=\"nofollow noopener\"> <span><span><strong>Consultar disponibilidad<\/strong><\/span><\/span> <\/a>  <\/p>\n<h2 style=\"text-align: left;\" id=\"t-1748932609738\"><strong>Entradas combinadas m\u00e1s populares<\/strong><\/h2>\n<p>  <a href=\"https:\/\/www.headout.com\/r\/most-amazing-placesrecommends-cvmy9\/\" target=\"_blank\" rel=\" nofollow noopener\" style=\"\"><\/a><\/p>\n<h2 data-qa-marker=\"product-name\" style=\"\" id=\"t-1748932609739\" data-tcb_hover_state_parent=\"\"><span style=\"font-weight: normal;\"><a href=\"https:\/\/www.headout.com\/r\/most-amazing-placesrecommends-cvmy9\/\" target=\"_blank\" rel=\"nofollow noopener\" style=\"outline: none;\" data-lt-tmp-id=\"lt-520746\" spellcheck=\"false\">Pack ahorro (15%): Crucero con cena y espect\u00e1culo tradicional + entrada r\u00e1pida al Palacio de Dolmabah\u00e7e<\/a><\/span><\/h2>\n<p style=\"\"><a href=\"https:\/\/www.headout.com\/r\/most-amazing-placesrecommends-eIPYn\/\" target=\"_blank\" rel=\"nofollow noopener\"><\/a><a href=\"https:\/\/www.headout.com\/r\/most-amazing-placesrecommends-cvmy9\/\" rel=\"nofollow noopener\" target=\"_blank\" style=\"outline: none;\" spellcheck=\"false\">4.7\/5 (2200+ rese\u00f1as)<\/a><\/p>\n<p style=\"\"><span style=\"--tcb-applied-color: var$(--tcb-skin-color-24) !important; color: var(--tcb-skin-color-24) !important;\">\u00a1Ahorra un 16% en dos experiencias imprescindibles de Estambul! Disfruta de un crucero nocturno por el B\u00f3sforo con cena, espect\u00e1culo tradicional y barra libre, junto con entrada r\u00e1pida al Palacio de Dolmabah\u00e7e. \u00a1Una combinaci\u00f3n perfecta para los amantes de la cultura y el encanto otomano!<\/span><a href=\"https:\/\/www.headout.com\/r\/most-amazing-placesrecommends-cvmy9\/\" rel=\"nofollow noopener\" target=\"_blank\" style=\"outline: none;\" data-lt-tmp-id=\"lt-667477\" spellcheck=\"false\"><strong>+ m\u00e1s detalles&nbsp;<\/strong><\/a><\/p>\n<p style=\"\"><a href=\"https:\/\/www.headout.com\/r\/most-amazing-placesrecommends-eIPYn\/\" target=\"_blank\" rel=\"nofollow noopener\"><\/a><a data-lt-tmp-id=\"lt-949290\" href=\"https:\/\/www.headout.com\/r\/most-amazing-placesrecommends-7Svlr\/\" rel=\"nofollow noopener\" spellcheck=\"false\" target=\"_blank\"><\/a><a data-lt-tmp-id=\"lt-696441\" href=\"https:\/\/www.headout.com\/r\/most-amazing-placesrecommends-cvmy9\/\" rel=\"nofollow noopener\" spellcheck=\"false\" target=\"_blank\" style=\"outline: none;\">69,11 \u20ac<\/a><\/p>\n<p>__CONFIG_colors_palette__{\u00abactive_palette\u00bb:0,\u00bbconfig\u00bb:{\u00abcolors\u00bb:{\u00ab9296b\u00bb:{\u00abname\u00bb:\u00bbMain Accent\u00bb,\u00bbparent\u00bb:-1}},\u00bbgradients\u00bb:[]},\u00bbpalettes\u00bb:[{\u00abname\u00bb:\u00bbDefault Palette\u00bb,\u00bbvalue\u00bb:{\u00abcolors\u00bb:{\u00ab9296b\u00bb:{\u00abval\u00bb:\u00bbrgb(29, 73, 186)\u00bb}},\u00bbgradients\u00bb:[]},\u00bboriginal\u00bb:{\u00abcolors\u00bb:{\u00ab9296b\u00bb:{\u00abval\u00bb:\u00bbrgb(19, 114, 211)\u00bb,\u00bbhsl\u00bb:{\u00abh\u00bb:210,\u00bbs\u00bb:0.83,\u00bbl\u00bb:0.45,\u00bba\u00bb:1}}},\u00bbgradients\u00bb:[]}}]}__CONFIG_colors_palette__ <a href=\"https:\/\/www.headout.com\/r\/most-amazing-placesrecommends-cvmy9\/\" target=\"_blank\" rel=\"nofollow noopener\"> <span><span style=\"\">Consultar disponibilidad<\/span><\/span> <\/a>    <a href=\"https:\/\/www.headout.com\/r\/most-amazing-placesrecommends-oAoZ3\/\" target=\"_blank\" rel=\" nofollow noopener\" style=\"\"><\/a><\/p>\n<h2 data-qa-marker=\"product-name\" style=\"\" id=\"t-1748932609740\"><a href=\"https:\/\/www.headout.com\/r\/most-amazing-placesrecommends-eIPYn\/\" target=\"_blank\" rel=\"nofollow noopener\"><\/a><a data-lt-tmp-id=\"lt-225321\" href=\"https:\/\/www.headout.com\/r\/most-amazing-placesrecommends-7Svlr\/\" rel=\"nofollow noopener\" spellcheck=\"false\" target=\"_blank\"><\/a><a data-lt-tmp-id=\"lt-398957\" href=\"https:\/\/megapass.com\/turkey\/istanbul\/topkapi-palace-museum-tickets?discountCode=ma-places\" rel=\"nofollow noopener\" spellcheck=\"false\" target=\"_blank\"><\/a><a data-lt-tmp-id=\"lt-707014\" href=\"https:\/\/megapass.com\/tours-tickets\/dolmabahce-palace-skip-the-ticket-line-and-bosphorus-cruise-i2249?discountCode=ma-places\" rel=\"nofollow noopener\" spellcheck=\"false\" target=\"_blank\" style=\"outline: none;\">Palacio de Dolmabah\u00e7e con entrada r\u00e1pida + crucero por el B\u00f3sforo<\/a><\/h2>\n<p style=\"\"><a href=\"https:\/\/www.headout.com\/r\/most-amazing-placesrecommends-eIPYn\/\" target=\"_blank\" rel=\"nofollow noopener\"><\/a><a href=\"https:\/\/megapass.com\/turkey\/istanbul\/topkapi-palace-museum-tickets?discountCode=ma-places\" rel=\"nofollow noopener\" target=\"_blank\"><\/a><a href=\"https:\/\/megapass.com\/tours-tickets\/dolmabahce-palace-skip-the-ticket-line-and-bosphorus-cruise-i2249?discountCode=ma-places\" rel=\"nofollow noopener\" target=\"_blank\" style=\"outline: none;\" spellcheck=\"false\">4.9 \/ 5 (10+ rese\u00f1as)<\/a><\/p>\n<p style=\"\"><strong>Incluye:<\/strong><\/p>\n<ul>\n<li style=\"\"><strong><span style=\"font-size: 13px !important;\">Entrada sin colas al Palacio de Dolmabah\u00e7e y al har\u00e9n<\/span><\/strong><span style=\"font-size: 13px !important;\">&nbsp;<\/span><\/li>\n<li style=\"\"><span style=\"font-size: 13px !important;\"><strong>Audiogu\u00eda&nbsp;<\/strong>del Palacio de Dolmabah\u00e7e (disponible en m\u00e1s de 10 idiomas)<\/span><\/li>\n<li style=\"\"><span style=\"font-size: 13px !important;\"><strong>Crucero de 90 minutos por el B\u00f3sforo<\/strong> con audiogu\u00eda multiling\u00fce (m\u00e1s de 5 idiomas)<strong><\/strong><\/span><\/li>\n<\/ul>\n<p style=\"\"><a href=\"https:\/\/www.headout.com\/r\/most-amazing-placesrecommends-eIPYn\/\" target=\"_blank\" rel=\"nofollow noopener\"><\/a><a data-lt-tmp-id=\"lt-949290\" href=\"https:\/\/www.headout.com\/r\/most-amazing-placesrecommends-7Svlr\/\" rel=\"nofollow noopener\" spellcheck=\"false\" target=\"_blank\"><\/a><a data-lt-tmp-id=\"lt-821383\" href=\"https:\/\/megapass.com\/turkey\/istanbul\/topkapi-palace-museum-tickets?discountCode=ma-places\" rel=\"nofollow noopener\" spellcheck=\"false\" target=\"_blank\"><\/a><a data-lt-tmp-id=\"lt-314981\" href=\"https:\/\/megapass.com\/tours-tickets\/dolmabahce-palace-skip-the-ticket-line-and-bosphorus-cruise-i2249?discountCode=ma-places\" rel=\"nofollow noopener\" spellcheck=\"false\" target=\"_blank\" style=\"outline: none;\">53,00 \u20ac<\/a><\/p>\n<p>__CONFIG_colors_palette__{\u00abactive_palette\u00bb:0,\u00bbconfig\u00bb:{\u00abcolors\u00bb:{\u00ab9296b\u00bb:{\u00abname\u00bb:\u00bbMain Accent\u00bb,\u00bbparent\u00bb:-1}},\u00bbgradients\u00bb:[]},\u00bbpalettes\u00bb:[{\u00abname\u00bb:\u00bbDefault Palette\u00bb,\u00bbvalue\u00bb:{\u00abcolors\u00bb:{\u00ab9296b\u00bb:{\u00abval\u00bb:\u00bbrgb(29, 73, 186)\u00bb}},\u00bbgradients\u00bb:[]},\u00bboriginal\u00bb:{\u00abcolors\u00bb:{\u00ab9296b\u00bb:{\u00abval\u00bb:\u00bbrgb(19, 114, 211)\u00bb,\u00bbhsl\u00bb:{\u00abh\u00bb:210,\u00bbs\u00bb:0.83,\u00bbl\u00bb:0.45,\u00bba\u00bb:1}}},\u00bbgradients\u00bb:[]}}]}__CONFIG_colors_palette__ <a href=\"\" rel=\"nofollow\" target=\"_blank\" style=\"\"> <span style=\"\"><span style=\"\">Reserva aqu\u00ed<\/span><\/span> <\/a>    <a href=\"https:\/\/www.headout.com\/r\/most-amazing-placesrecommends-cwWWw\/\" target=\"_blank\" rel=\" nofollow noopener\" style=\"\"><\/a><\/p>\n<h2 data-qa-marker=\"product-name\" style=\"\" id=\"t-1748932609741\"><a href=\"https:\/\/www.headout.com\/r\/most-amazing-placesrecommends-eIPYn\/\" target=\"_blank\" rel=\"nofollow noopener\"><\/a><a data-lt-tmp-id=\"lt-225321\" href=\"https:\/\/www.headout.com\/r\/most-amazing-placesrecommends-7Svlr\/\" rel=\"nofollow noopener\" spellcheck=\"false\" target=\"_blank\"><\/a><a data-lt-tmp-id=\"lt-398957\" href=\"https:\/\/megapass.com\/turkey\/istanbul\/topkapi-palace-museum-tickets?discountCode=ma-places\" rel=\"nofollow noopener\" spellcheck=\"false\" target=\"_blank\"><\/a><a data-lt-tmp-id=\"lt-707014\" href=\"https:\/\/www.getyourguide.com\/istanbul-l56\/istanbul-topkapi-palace-harem-tour-including-entry-ticket-t127010\/?partner_id=NO9XIDE&amp;utm_medium=online_publisher&amp;cmp=TopkapiGenTrHomepage\" rel=\"nofollow noopener\" spellcheck=\"false\" target=\"_blank\"><\/a><a data-lt-tmp-id=\"lt-812226\" href=\"https:\/\/www.headout.com\/r\/most-amazing-placesrecommends-cwWWw\/\" rel=\"nofollow noopener\" spellcheck=\"false\" target=\"_blank\" style=\"outline: none;\">Combo: Entrada r\u00e1pida al Palacio de Dolmabah\u00e7e con audiogu\u00eda + entrada r\u00e1pida a Santa Sof\u00eda<\/a><\/h2>\n<p style=\"\"><a href=\"https:\/\/www.headout.com\/r\/most-amazing-placesrecommends-eIPYn\/\" target=\"_blank\" rel=\"nofollow noopener\"><\/a><a href=\"https:\/\/megapass.com\/turkey\/istanbul\/topkapi-palace-museum-tickets?discountCode=ma-places\" rel=\"nofollow noopener\" target=\"_blank\"><\/a><a href=\"https:\/\/www.getyourguide.com\/istanbul-l56\/istanbul-topkapi-palace-harem-tour-including-entry-ticket-t127010\/?partner_id=NO9XIDE&amp;utm_medium=online_publisher&amp;cmp=TopkapiGenTrHomepage\" rel=\"nofollow noopener\" target=\"_blank\"><\/a><a href=\"https:\/\/www.headout.com\/r\/most-amazing-placesrecommends-cwWWw\/\" rel=\"nofollow noopener\" target=\"_blank\" style=\"outline: none;\" data-lt-tmp-id=\"lt-833933\" spellcheck=\"false\">4.5\/5 (1500+ rese\u00f1as)<\/a><\/p>\n<p data-end=\"123\" data-is-last-node=\"\" data-is-only-node=\"\" data-start=\"0\"><span style=\"--tcb-applied-color: var$(--tcb-skin-color-24) !important; color: var(--tcb-skin-color-24) !important;\">Descubra dos joyas imprescindibles de Estambul: acceda sin esperas al Palacio de Dolmabah\u00e7e con audiogu\u00eda incluida y a la majestuosa Santa Sof\u00eda.<\/span><a href=\"https:\/\/www.headout.com\/r\/most-amazing-placesrecommends-cwWWw\/\" rel=\"nofollow noopener\" target=\"_blank\" style=\"outline: none;\" data-lt-tmp-id=\"lt-583713\" spellcheck=\"false\"><strong>+ m\u00e1s detalles<\/strong><\/a><\/p>\n<p style=\"\"><a href=\"https:\/\/www.headout.com\/r\/most-amazing-placesrecommends-eIPYn\/\" target=\"_blank\" rel=\"nofollow noopener\"><\/a><a data-lt-tmp-id=\"lt-949290\" href=\"https:\/\/www.headout.com\/r\/most-amazing-placesrecommends-7Svlr\/\" rel=\"nofollow noopener\" spellcheck=\"false\" target=\"_blank\"><\/a><a data-lt-tmp-id=\"lt-821383\" href=\"https:\/\/megapass.com\/turkey\/istanbul\/topkapi-palace-museum-tickets?discountCode=ma-places\" rel=\"nofollow noopener\" spellcheck=\"false\" target=\"_blank\"><\/a><a data-lt-tmp-id=\"lt-541635\" href=\"https:\/\/www.getyourguide.com\/istanbul-l56\/istanbul-topkapi-palace-harem-tour-including-entry-ticket-t127010\/?partner_id=NO9XIDE&amp;utm_medium=online_publisher&amp;cmp=TopkapiGenTrHomepage\" rel=\"nofollow noopener\" spellcheck=\"false\" target=\"_blank\"><\/a><a href=\"https:\/\/www.headout.com\/r\/most-amazing-placesrecommends-cwWWw\/\" rel=\"nofollow noopener\" spellcheck=\"false\" target=\"_blank\" style=\"outline: none;\">75,05 \u20ac<\/a><\/p>\n<p>__CONFIG_colors_palette__{\u00abactive_palette\u00bb:0,\u00bbconfig\u00bb:{\u00abcolors\u00bb:{\u00ab9296b\u00bb:{\u00abname\u00bb:\u00bbMain Accent\u00bb,\u00bbparent\u00bb:-1}},\u00bbgradients\u00bb:[]},\u00bbpalettes\u00bb:[{\u00abname\u00bb:\u00bbDefault Palette\u00bb,\u00bbvalue\u00bb:{\u00abcolors\u00bb:{\u00ab9296b\u00bb:{\u00abval\u00bb:\u00bbrgb(29, 73, 186)\u00bb}},\u00bbgradients\u00bb:[]},\u00bboriginal\u00bb:{\u00abcolors\u00bb:{\u00ab9296b\u00bb:{\u00abval\u00bb:\u00bbrgb(19, 114, 211)\u00bb,\u00bbhsl\u00bb:{\u00abh\u00bb:210,\u00bbs\u00bb:0.83,\u00bbl\u00bb:0.45,\u00bba\u00bb:1}}},\u00bbgradients\u00bb:[]}}]}__CONFIG_colors_palette__ <a href=\"https:\/\/www.headout.com\/r\/most-amazing-placesrecommends-cwWWw\/\" target=\"_blank\" rel=\"nofollow noopener\"> <span style=\"\"><span style=\"\">Consultar disponibilidad<\/span><\/span> <\/a>  <\/p>\n<h2 style=\"text-align: left;\" id=\"t-1748932609742\"><strong>El combo con mejor relaci\u00f3n calidad-precio<\/strong><\/h2>\n<p>  <a href=\"https:\/\/megapass.com\/turkey\/istanbul\/megapass-istanbul?discountCode=ma-places\" target=\"_blank\" rel=\" nofollow noopener\" style=\"\"><\/a><\/p>\n<h2 data-qa-marker=\"product-name\" style=\"\" id=\"t-1748932609743\"><a href=\"https:\/\/www.headout.com\/r\/most-amazing-placesrecommends-eIPYn\/\" target=\"_blank\" rel=\"nofollow noopener\"><\/a><a data-lt-tmp-id=\"lt-225321\" href=\"https:\/\/www.headout.com\/r\/most-amazing-placesrecommends-7Svlr\/\" rel=\"nofollow noopener\" spellcheck=\"false\" target=\"_blank\"><\/a><a data-lt-tmp-id=\"lt-398957\" href=\"https:\/\/megapass.com\/turkey\/istanbul\/topkapi-palace-museum-tickets?discountCode=ma-places\" rel=\"nofollow noopener\" spellcheck=\"false\" target=\"_blank\"><\/a><a data-lt-tmp-id=\"lt-707014\" href=\"https:\/\/www.getyourguide.com\/istanbul-l56\/istanbul-topkapi-palace-harem-tour-including-entry-ticket-t127010\/?partner_id=NO9XIDE&amp;utm_medium=online_publisher&amp;cmp=TopkapiGenTrHomepage\" rel=\"nofollow noopener\" spellcheck=\"false\" target=\"_blank\"><\/a><a data-lt-tmp-id=\"lt-652778\" href=\"https:\/\/megapass.com\/turkey\/istanbul\/pass?discountCode=ma-places\" rel=\"nofollow noopener\" spellcheck=\"false\" target=\"_blank\" style=\"outline: none;\"><strong><strong><\/strong><\/strong><\/a><strong><strong><a data-lt-tmp-id=\"lt-652778\" href=\"https:\/\/megapass.com\/turkey\/istanbul\/pass?discountCode=ma-places\" rel=\"nofollow noopener\" spellcheck=\"false\" target=\"_blank\" style=\"outline: none;\"><strong>MegaPass con acceso a 2, 4 o 10 atracciones principales<\/strong><\/a><\/strong><\/strong><\/h2>\n<p style=\"\"><a href=\"https:\/\/www.headout.com\/r\/most-amazing-placesrecommends-eIPYn\/\" target=\"_blank\" rel=\"nofollow noopener\"><\/a><a href=\"https:\/\/megapass.com\/turkey\/istanbul\/topkapi-palace-museum-tickets?discountCode=ma-places\" rel=\"nofollow noopener\" target=\"_blank\"><\/a><a href=\"https:\/\/www.getyourguide.com\/istanbul-l56\/istanbul-topkapi-palace-harem-tour-including-entry-ticket-t127010\/?partner_id=NO9XIDE&amp;utm_medium=online_publisher&amp;cmp=TopkapiGenTrHomepage\" rel=\"nofollow noopener\" target=\"_blank\"><\/a><a href=\"https:\/\/megapass.com\/turkey\/istanbul\/pass?discountCode=ma-places\" rel=\"nofollow noopener\" target=\"_blank\" style=\"outline: none;\" data-lt-tmp-id=\"lt-365787\" spellcheck=\"false\">5.0 \/ 5 (850+ rese\u00f1as)<\/a><\/p>\n<p data-test-id=\"activity-overview-content\" data-v-5726f79d=\"\" style=\"\"><span style=\"--tcb-applied-color: var$(--tcb-skin-color-24) !important; color: var(--tcb-skin-color-24) !important;\">Con este pase flexible, accede a<strong> 2, 4 o 10 atracciones principales<\/strong> de Estambul. Visita la emblem\u00e1tica Mezquita Azul, navega por el B\u00f3sforo y utiliza el transporte p\u00fablico sin complicaciones. \u00a1Ahorra a lo grande y disfruta de una experiencia completa!<\/span><a href=\"https:\/\/megapass.com\/turkey\/istanbul\/pass?discountCode=ma-places\" rel=\"nofollow noopener\" target=\"_blank\" style=\"outline: none;\" data-lt-tmp-id=\"lt-822703\" spellcheck=\"false\"><strong>+ m\u00e1s detalles<\/strong><\/a><\/p>\n<p style=\"\"><a href=\"https:\/\/www.headout.com\/r\/most-amazing-placesrecommends-eIPYn\/\" target=\"_blank\" rel=\"nofollow noopener\"><\/a><a data-lt-tmp-id=\"lt-949290\" href=\"https:\/\/www.headout.com\/r\/most-amazing-placesrecommends-7Svlr\/\" rel=\"nofollow noopener\" spellcheck=\"false\" target=\"_blank\"><\/a><a data-lt-tmp-id=\"lt-821383\" href=\"https:\/\/megapass.com\/turkey\/istanbul\/topkapi-palace-museum-tickets?discountCode=ma-places\" rel=\"nofollow noopener\" spellcheck=\"false\" target=\"_blank\"><\/a><a data-lt-tmp-id=\"lt-541635\" href=\"https:\/\/www.getyourguide.com\/istanbul-l56\/istanbul-topkapi-palace-harem-tour-including-entry-ticket-t127010\/?partner_id=NO9XIDE&amp;utm_medium=online_publisher&amp;cmp=TopkapiGenTrHomepage\" rel=\"nofollow noopener\" spellcheck=\"false\" target=\"_blank\"><\/a><a href=\"https:\/\/megapass.com\/turkey\/istanbul\/pass?discountCode=ma-places\" rel=\"nofollow noopener\" spellcheck=\"false\" target=\"_blank\" style=\"outline: none;\">Desde 144,00 \u20ac<\/a><\/p>\n<p>__CONFIG_colors_palette__{\u00abactive_palette\u00bb:0,\u00bbconfig\u00bb:{\u00abcolors\u00bb:{\u00ab9296b\u00bb:{\u00abname\u00bb:\u00bbMain Accent\u00bb,\u00bbparent\u00bb:-1}},\u00bbgradients\u00bb:[]},\u00bbpalettes\u00bb:[{\u00abname\u00bb:\u00bbDefault Palette\u00bb,\u00bbvalue\u00bb:{\u00abcolors\u00bb:{\u00ab9296b\u00bb:{\u00abval\u00bb:\u00bbrgb(29, 73, 186)\u00bb}},\u00bbgradients\u00bb:[]},\u00bboriginal\u00bb:{\u00abcolors\u00bb:{\u00ab9296b\u00bb:{\u00abval\u00bb:\u00bbrgb(19, 114, 211)\u00bb,\u00bbhsl\u00bb:{\u00abh\u00bb:210,\u00bbs\u00bb:0.83,\u00bbl\u00bb:0.45,\u00bba\u00bb:1}}},\u00bbgradients\u00bb:[]}}]}__CONFIG_colors_palette__ <a href=\"https:\/\/megapass.com\/turkey\/istanbul\/pass?discountCode=ma-places\" target=\"_blank\" rel=\"nofollow noopener\"> <span style=\"\"><span style=\"\">Consultar disponibilidad<\/span><\/span> <\/a>   <\/p>\n","protected":false},"excerpt":{"rendered":"<p>C\u00f3mo llegar al Palacio de Dolmabah\u00e7e M\u00e1s opciones: A pie: El Palacio de Dolmabah\u00e7e se encuentra en pleno centro de Estambul, por lo que es f\u00e1cil llegar a pie desde muchos lugares. Caminar desde la plaza Taksim y el Be\u015fikta\u015f hasta el palacio toma 20 minutos . Caminar desde Sultanahmet hasta el palacio toma 50 [&hellip;]<\/p>\n","protected":false},"author":1,"featured_media":2926,"parent":0,"menu_order":0,"comment_status":"closed","ping_status":"closed","template":"","meta":{"footnotes":""},"class_list":["post-4450","page","type-page","status-publish","has-post-thumbnail","hentry","post-wrapper","thrv_wrapper"],"_links":{"self":[{"href":"https:\/\/dolmabahcepalace.gen.tr\/es\/wp-json\/wp\/v2\/pages\/4450","targetHints":{"allow":["GET"]}}],"collection":[{"href":"https:\/\/dolmabahcepalace.gen.tr\/es\/wp-json\/wp\/v2\/pages"}],"about":[{"href":"https:\/\/dolmabahcepalace.gen.tr\/es\/wp-json\/wp\/v2\/types\/page"}],"author":[{"embeddable":true,"href":"https:\/\/dolmabahcepalace.gen.tr\/es\/wp-json\/wp\/v2\/users\/1"}],"replies":[{"embeddable":true,"href":"https:\/\/dolmabahcepalace.gen.tr\/es\/wp-json\/wp\/v2\/comments?post=4450"}],"version-history":[{"count":7,"href":"https:\/\/dolmabahcepalace.gen.tr\/es\/wp-json\/wp\/v2\/pages\/4450\/revisions"}],"predecessor-version":[{"id":5150,"href":"https:\/\/dolmabahcepalace.gen.tr\/es\/wp-json\/wp\/v2\/pages\/4450\/revisions\/5150"}],"wp:featuredmedia":[{"embeddable":true,"href":"https:\/\/dolmabahcepalace.gen.tr\/es\/wp-json\/wp\/v2\/media\/2926"}],"wp:attachment":[{"href":"https:\/\/dolmabahcepalace.gen.tr\/es\/wp-json\/wp\/v2\/media?parent=4450"}],"curies":[{"name":"wp","href":"https:\/\/api.w.org\/{rel}","templated":true}]}}