{"id":4453,"date":"2024-11-08T14:38:51","date_gmt":"2024-11-08T14:38:51","guid":{"rendered":"https:\/\/dolmabahcepalace.gen.tr\/palace-and-harem-fast-track-entry\/"},"modified":"2025-09-23T08:26:12","modified_gmt":"2025-09-23T08:26:12","slug":"palacio-de-dolmabahce-y-haren-acceso-rapido","status":"publish","type":"page","link":"https:\/\/dolmabahcepalace.gen.tr\/es\/palacio-de-dolmabahce-y-haren-acceso-rapido\/","title":{"rendered":"Estambul: acceso r\u00e1pido al Palacio de Dolmabah\u00e7e y al Har\u00e9n"},"content":{"rendered":"<p><span><img decoding=\"async\" alt=\"\" data-id=\"3927\" width=\"853\" height=\"640\" title=\"Palacio de Dolmabah\u00e7e y Har\u00e9n, entrada r\u00e1pida 2\" src=\"https:\/\/dolmabahcepalace.gen.tr\/wp-content\/uploads\/2024\/11\/Dolmabahce-Palace-and-Harem-Fast-Track-Entry-2.jpg\" data-src=\"https:\/\/dolmabahcepalace.gen.tr\/wp-content\/uploads\/2024\/11\/Dolmabahce-Palace-and-Harem-Fast-Track-Entry-2-300x225.jpg\" loading=\"lazy\" data-sizes=\"{&quot;thumbnail&quot;:{&quot;url&quot;:&quot;https:\/\/dolmabahcepalace.gen.tr\/wp-content\/uploads\/2024\/11\/Dolmabahce-Palace-and-Harem-Fast-Track-Entry-2-150x150.jpg&quot;,&quot;height&quot;:150,&quot;width&quot;:150,&quot;orientation&quot;:&quot;landscape&quot;},&quot;medium&quot;:{&quot;url&quot;:&quot;https:\/\/dolmabahcepalace.gen.tr\/wp-content\/uploads\/2024\/11\/Dolmabahce-Palace-and-Harem-Fast-Track-Entry-2-300x225.jpg&quot;,&quot;height&quot;:225,&quot;width&quot;:300,&quot;orientation&quot;:&quot;landscape&quot;},&quot;full&quot;:{&quot;url&quot;:&quot;https:\/\/dolmabahcepalace.gen.tr\/wp-content\/uploads\/2024\/11\/Dolmabahce-Palace-and-Harem-Fast-Track-Entry-2.jpg&quot;,&quot;height&quot;:640,&quot;width&quot;:853,&quot;orientation&quot;:&quot;landscape&quot;}}\"><\/span><span><img decoding=\"async\" alt=\"\" data-id=\"3930\" width=\"960\" height=\"640\" title=\"Entrada r\u00e1pida al Palacio de Dolmabah\u00e7e y al har\u00e9n\" src=\"https:\/\/dolmabahcepalace.gen.tr\/wp-content\/uploads\/2024\/11\/Dolmabahce-Palace-and-Harem-Fast-Track-Entry.jpg\" data-src=\"https:\/\/dolmabahcepalace.gen.tr\/wp-content\/uploads\/2024\/11\/Dolmabahce-Palace-and-Harem-Fast-Track-Entry-300x200.jpg\" loading=\"lazy\" data-sizes=\"{&quot;thumbnail&quot;:{&quot;url&quot;:&quot;https:\/\/dolmabahcepalace.gen.tr\/wp-content\/uploads\/2024\/11\/Dolmabahce-Palace-and-Harem-Fast-Track-Entry-150x150.jpg&quot;,&quot;height&quot;:150,&quot;width&quot;:150,&quot;orientation&quot;:&quot;landscape&quot;},&quot;medium&quot;:{&quot;url&quot;:&quot;https:\/\/dolmabahcepalace.gen.tr\/wp-content\/uploads\/2024\/11\/Dolmabahce-Palace-and-Harem-Fast-Track-Entry-300x200.jpg&quot;,&quot;height&quot;:200,&quot;width&quot;:300,&quot;orientation&quot;:&quot;landscape&quot;},&quot;full&quot;:{&quot;url&quot;:&quot;https:\/\/dolmabahcepalace.gen.tr\/wp-content\/uploads\/2024\/11\/Dolmabahce-Palace-and-Harem-Fast-Track-Entry.jpg&quot;,&quot;height&quot;:640,&quot;width&quot;:960,&quot;orientation&quot;:&quot;landscape&quot;}}\"><\/span><span><img decoding=\"async\" alt=\"\" data-id=\"3921\" width=\"853\" height=\"640\" title=\"Entrada r\u00e1pida al Palacio de Dolmabah\u00e7e y al har\u00e9n 4\" src=\"https:\/\/dolmabahcepalace.gen.tr\/wp-content\/uploads\/2024\/11\/Dolmabahce-Palace-and-Harem-Fast-Track-Entry-4.jpg\" data-src=\"https:\/\/dolmabahcepalace.gen.tr\/wp-content\/uploads\/2024\/11\/Dolmabahce-Palace-and-Harem-Fast-Track-Entry-4-300x225.jpg\" loading=\"lazy\" data-sizes=\"{&quot;thumbnail&quot;:{&quot;url&quot;:&quot;https:\/\/dolmabahcepalace.gen.tr\/wp-content\/uploads\/2024\/11\/Dolmabahce-Palace-and-Harem-Fast-Track-Entry-4-150x150.jpg&quot;,&quot;height&quot;:150,&quot;width&quot;:150,&quot;orientation&quot;:&quot;landscape&quot;},&quot;medium&quot;:{&quot;url&quot;:&quot;https:\/\/dolmabahcepalace.gen.tr\/wp-content\/uploads\/2024\/11\/Dolmabahce-Palace-and-Harem-Fast-Track-Entry-4-300x225.jpg&quot;,&quot;height&quot;:225,&quot;width&quot;:300,&quot;orientation&quot;:&quot;landscape&quot;},&quot;full&quot;:{&quot;url&quot;:&quot;https:\/\/dolmabahcepalace.gen.tr\/wp-content\/uploads\/2024\/11\/Dolmabahce-Palace-and-Harem-Fast-Track-Entry-4.jpg&quot;,&quot;height&quot;:640,&quot;width&quot;:853,&quot;orientation&quot;:&quot;landscape&quot;}}\"><\/span><span><img decoding=\"async\" alt=\"\" data-id=\"3918\" width=\"853\" height=\"640\" title=\"Entrada r\u00e1pida al Palacio de Dolmabah\u00e7e y al Har\u00e9n 5\" src=\"https:\/\/dolmabahcepalace.gen.tr\/wp-content\/uploads\/2024\/11\/Dolmabahce-Palace-and-Harem-Fast-Track-Entry-5.jpg\" data-src=\"https:\/\/dolmabahcepalace.gen.tr\/wp-content\/uploads\/2024\/11\/Dolmabahce-Palace-and-Harem-Fast-Track-Entry-5-300x225.jpg\" loading=\"lazy\" data-sizes=\"{&quot;thumbnail&quot;:{&quot;url&quot;:&quot;https:\/\/dolmabahcepalace.gen.tr\/wp-content\/uploads\/2024\/11\/Dolmabahce-Palace-and-Harem-Fast-Track-Entry-5-150x150.jpg&quot;,&quot;height&quot;:150,&quot;width&quot;:150,&quot;orientation&quot;:&quot;landscape&quot;},&quot;medium&quot;:{&quot;url&quot;:&quot;https:\/\/dolmabahcepalace.gen.tr\/wp-content\/uploads\/2024\/11\/Dolmabahce-Palace-and-Harem-Fast-Track-Entry-5-300x225.jpg&quot;,&quot;height&quot;:225,&quot;width&quot;:300,&quot;orientation&quot;:&quot;landscape&quot;},&quot;full&quot;:{&quot;url&quot;:&quot;https:\/\/dolmabahcepalace.gen.tr\/wp-content\/uploads\/2024\/11\/Dolmabahce-Palace-and-Harem-Fast-Track-Entry-5.jpg&quot;,&quot;height&quot;:640,&quot;width&quot;:853,&quot;orientation&quot;:&quot;landscape&quot;}}\"><\/span><\/p>\n<h1 dir=\"ltr\">Entradas sin colas al Palacio de Dolmabah\u00e7e y al har\u00e9n con audiogu\u00eda<\/h1>\n<h2><a href=\"https:\/\/www.headout.com\/r\/most-amazing-placesrecommends-gOPUy\/\" target=\"_blank\" rel=\"nofollow noopener\" style=\"outline: none;\">Make a reservation<\/a><\/h2>\n<h1><a href=\"https:\/\/www.headout.com\/r\/most-amazing-placesrecommends-gOPUy\/\" target=\"_blank\" rel=\"nofollow noopener\" style=\"outline: none;\" spellcheck=\"false\"><span style=\"font-weight: normal;\">From \u20ac<\/span><strong>46.49<\/strong><\/a><\/h1>\n<p dir=\"ltr\">Descubra el esplendor del Palacio de Dolmabah\u00e7e con una <strong>entrada prioritaria<\/strong> que le permite saltarse las colas, explorar libremente con una <strong>audiogu\u00eda<\/strong> y sumergirse en la fascinante historia del Imperio Otomano. Ideal para una visita flexible y enriquecedora.<\/p>\n<ul>\n<li style=\"\"><span>Boleto seleccionado a mano<\/span><\/li>\n<li style=\"\"><span>Billete m\u00f3vil &nbsp;<\/span><\/li>\n<li style=\"\"><span>V\u00eda r\u00e1pida<\/span><\/li>\n<li style=\"\"><span>Cancelaci\u00f3n gratuita<\/span><\/li>\n<\/ul>\n<h2>Qu\u00e9 incluye<\/h2>\n<ul>\n<li><span>Entrada sin colas al Palacio de Dolmabah\u00e7e&nbsp;<\/span><\/li>\n<li><span>Acceso al har\u00e9n<\/span><\/li>\n<li><span>Audiogu\u00eda multiling\u00fce (10 idiomas disponibles)<\/span><\/li>\n<\/ul>\n<h2>Qu\u00e9 no est\u00e1 incluido<\/h2>\n<ul>\n<li style=\"\"><span>Gu\u00eda tur\u00edstico<\/span><\/li>\n<li style=\"\"><span>Entrada al Museo del Reloj<\/span><\/li>\n<\/ul>\n<h2>Informaci\u00f3n importante<\/h2>\n<ul>\n<li style=\"\"><span>Presente un documento de identidad o pasaporte v\u00e1lido. Sin \u00e9l, se requiere un dep\u00f3sito de 200 \u20ac para el pr\u00e9stamo de una audiogu\u00eda, que se reembolsar\u00e1 al regresar a la salida.<\/span><\/li>\n<li style=\"\"><span>Est\u00e1 estrictamente prohibido tomar fotograf\u00edas dentro del recinto.<\/span><\/li>\n<li><span>La entrada r\u00e1pida permite evitar las filas de boletos, pero no la fila de seguridad, que puede demorar hasta 30 minutos.<\/span><\/li>\n<li><span>La \u00faltima admisi\u00f3n es 1 hora antes del cierre.<\/span><\/li>\n<li><span>Traiga sus propios auriculares para la audiogu\u00eda.<\/span><\/li>\n<\/ul>\n<h2>Descripci\u00f3n:<\/h2>\n<p dir=\"ltr\">Sum\u00e9rgete en la grandeza del Imperio Otomano con una visita al Palacio de Dolmabah\u00e7e. Esta entrada te permite saltarte las colas y explorar la residencia de los gobernantes otomanos, con una audiogu\u00eda que te revelar\u00e1 historias fascinantes de sultanes y reinas. Imprescindible para los amantes de la historia y la arquitectura.<\/p>\n<h2>Reflejos:<\/h2>\n<ul>\n<li><strong>Entrada que ahorra tiempo:<\/strong> evite las filas de boletos y ahorre tiempo valioso explorando el palacio de 285 habitaciones de la dinast\u00eda otomana.<\/li>\n<\/ul>\n<ul>\n<li dir=\"ltr\"><strong>Audiogu\u00eda detallada:<\/strong> disponible en varios idiomas para un recorrido personalizado.<\/li>\n<li dir=\"ltr\"><strong>Maravillas arquitect\u00f3nicas:<\/strong> marav\u00edllese con el Sal\u00f3n Ceremonial con los candelabros ingleses m\u00e1s grandes del mundo, el impresionante Sal\u00f3n Medhal, la Sala de Azulejos y m\u00e1s.<\/li>\n<li dir=\"ltr\"><strong>Explora el har\u00e9n:<\/strong> incluye acceso a la intrigante secci\u00f3n del har\u00e9n del palacio.<\/li>\n<li><strong>Vistas del B\u00f3sforo:<\/strong> admire las vistas panor\u00e1micas de la ic\u00f3nica v\u00eda fluvial de Estambul.<\/li>\n<\/ul>\n<h3 dir=\"ltr\">Palacio de Dolmabah\u00e7e<\/h3>\n<p dir=\"ltr\">Vi\u015fnezade, Dolmabah\u00e7e Cd., 34357 Be\u015fikta\u015f\/Estambul<\/p>\n<h2>Pol\u00edtica de cancelaci\u00f3n<\/h2>\n<p dir=\"ltr\">Cancela hasta 24 horas antes de la experiencia para obtener un reembolso completo.<\/p>\n<h2>Punto de encuentro e instrucciones<\/h2>\n<p data-pm-slice=\"1 1 []\">Muestra tu voucher m\u00f3vil con una identificaci\u00f3n v\u00e1lida y llega 15 minutos antes para evitar demoras.<\/p>\n<p><a href=\"https:\/\/www.google.com\/maps?q=@41.03916549682617,29.000459671020508\" target=\"_blank\" rel=\"nofollow noopener\" style=\"outline: none;\" data-lt-tmp-id=\"lt-581789\" spellcheck=\"false\">Abrir en Maps<\/a><\/p>\n<h2>Rese\u00f1as y calificaciones<\/h2>\n<p><strong>4.6\/ 5&nbsp; <\/strong><strong>(1283 opiniones)<\/strong><\/p>\n<p><em>El palacio es incre\u00edble y casi no hab\u00eda gente cuando llegu\u00e9 (10:30 h). Es enorme y con la audiogu\u00eda merece la pena.<\/em> &#8211; Marina, abril de 2025<\/p>\n<p><em>La reserva fue r\u00e1pida y sin problemas. \u00a1Entrada sin esperas! Excelente audiogu\u00eda. No hab\u00eda largas colas en el palacio ni aglomeraciones. Pudimos verlo todo con tranquilidad. \u00a1Un palacio precioso que no te puedes perder! \u00a1Muy recomendable!<\/em> &#8211; Barbara, abril de 2025 <a href=\"https:\/\/www.headout.com\/r\/most-amazing-placesrecommends-gOPUy\/\" target=\"_blank\" rel=\"nofollow noopener\">&gt;&gt; M\u00e1s rese\u00f1as<\/a><\/p>\n<h2>Algunas actividades que te podr\u00edan gustar<\/h2>\n<p><span># <\/span><strong><span>2<\/span><\/strong><span># <\/span><strong><span>2<\/span><\/strong><span><img decoding=\"async\" alt=\"Entrada sin colas al Palacio de Dolmabah\u00e7e y crucero por el B\u00f3sforo\" data-id=\"3685\" width=\"159\" data-init-width=\"2344\" height=\"88\" data-init-height=\"1302\" title=\"Entrada sin colas al Palacio de Dolmabah\u00e7e y crucero por el B\u00f3sforo\" loading=\"lazy\" src=\"https:\/\/dolmabahcepalace.gen.tr\/wp-content\/uploads\/2024\/09\/Dolmabahce-Palace-Skip-the-Ticket-Line-Bosphorus-Cruise.png\" data-width=\"159\" data-height=\"88\" style=\"aspect-ratio: auto 2344 \/ 1302;\"><\/span><\/p>\n<table>\n<tbody>\n<tr>\n<td><a href=\"https:\/\/megapass.com\/tours-tickets\/dolmabahce-palace-skip-the-ticket-line-and-bosphorus-cruise-i2249?discountCode=ma-places\" target=\"_blank\" rel=\"nofollow noopener\" style=\"outline: none;\" data-lt-tmp-id=\"lt-569507\" spellcheck=\"false\">Entrada sin colas al Palacio de Dolmabah\u00e7e y crucero por el B\u00f3sforo<\/a><\/td>\n<\/tr>\n<\/tbody>\n<\/table>\n<p dir=\"ltr\">Evite las colas para adquirir entradas en el Palacio de Dolmabah\u00e7e y disfrute de sus opulentos interiores y sus impresionantes jardines. Mejore su experiencia con un crucero panor\u00e1mico por el B\u00f3sforo, que le ofrecer\u00e1 hermosas vistas de Estambul.&nbsp;<\/p>\n<h3 style=\"\">Precio total<\/h3>\n<h3 style=\"\">No se le cobrar\u00e1 todav\u00eda<\/h3>\n<p><span># <\/span><strong><span>2<\/span><\/strong><span><img decoding=\"async\" alt=\"\" data-id=\"3682\" width=\"159\" data-init-width=\"2362\" height=\"89\" data-init-height=\"1316\" title=\"Entradas para el Palacio de Dolmabah\u00e7e, Santa Sof\u00eda y la Cisterna Bas\u00edlica\" loading=\"lazy\" src=\"https:\/\/dolmabahcepalace.gen.tr\/wp-content\/uploads\/2024\/09\/Dolmabahce-Palace-Hagia-Sophia-Basilica-Cistern-Tickets.png\" data-width=\"159\" data-height=\"89\" style=\"aspect-ratio: auto 2362 \/ 1316;\"><\/span><\/p>\n<table>\n<tbody>\n<tr>\n<td><a href=\"https:\/\/megapass.com\/tours-tickets\/dolmabahce-palace-hagia-sophia-and-basilica-cistern-tickets-i2383?discountCode=ma-places\" target=\"_blank\" rel=\"nofollow noopener\" style=\"outline: none;\" data-lt-tmp-id=\"lt-163467\" spellcheck=\"false\">Entradas para el Palacio de Dolmabah\u00e7e, Santa Sof\u00eda y la Cisterna Bas\u00edlica<\/a><\/td>\n<\/tr>\n<\/tbody>\n<\/table>\n<p>\u00a1Maximiza tus ahorros con este combo 3 en 1, v\u00e1lido por 2 d\u00edas! Explora el emblem\u00e1tico Palacio de Dolmabah\u00e7e, Santa Sof\u00eda y la Cisterna Bas\u00edlica de Estambul a tu propio ritmo. Con las entradas en el bolsillo y una audiogu\u00eda a tu lado, podr\u00e1s adentrarte en su rica historia.<\/p>\n<h3 style=\"\">Precio total<\/h3>\n<h3 style=\"\">No se le cobrar\u00e1 todav\u00eda<\/h3>\n<\/p>\n<h2><a href=\"https:\/\/www.headout.com\/r\/most-amazing-placesrecommends-gOPUy\/\" target=\"_blank\" rel=\"nofollow noopener\" style=\"outline: none;\" data-lt-tmp-id=\"lt-208305\" spellcheck=\"false\">Hacer una reserva<\/a><\/h2>\n<h1><a href=\"https:\/\/www.headout.com\/r\/most-amazing-placesrecommends-gOPUy\/\" target=\"_blank\" rel=\"nofollow noopener\" style=\"outline: none;\" spellcheck=\"false\"><span style=\"font-weight: normal;\">Desde <\/span><strong>&nbsp;46,49 \u20ac<\/strong><\/a><\/h1>\n<p style=\"\">No se le cobrar\u00e1 todav\u00eda<\/p>\n","protected":false},"excerpt":{"rendered":"<p>Entradas sin colas al Palacio de Dolmabah\u00e7e y al har\u00e9n con audiogu\u00eda Make a reservation From \u20ac46.49 Descubra el esplendor del Palacio de Dolmabah\u00e7e con una entrada prioritaria que le permite saltarse las colas, explorar libremente con una audiogu\u00eda y sumergirse en la fascinante historia del Imperio Otomano. Ideal para una visita flexible y enriquecedora. [&hellip;]<\/p>\n","protected":false},"author":5,"featured_media":3661,"parent":0,"menu_order":0,"comment_status":"closed","ping_status":"closed","template":"","meta":{"footnotes":""},"class_list":["post-4453","page","type-page","status-publish","has-post-thumbnail","hentry","post-wrapper","thrv_wrapper"],"_links":{"self":[{"href":"https:\/\/dolmabahcepalace.gen.tr\/es\/wp-json\/wp\/v2\/pages\/4453","targetHints":{"allow":["GET"]}}],"collection":[{"href":"https:\/\/dolmabahcepalace.gen.tr\/es\/wp-json\/wp\/v2\/pages"}],"about":[{"href":"https:\/\/dolmabahcepalace.gen.tr\/es\/wp-json\/wp\/v2\/types\/page"}],"author":[{"embeddable":true,"href":"https:\/\/dolmabahcepalace.gen.tr\/es\/wp-json\/wp\/v2\/users\/5"}],"replies":[{"embeddable":true,"href":"https:\/\/dolmabahcepalace.gen.tr\/es\/wp-json\/wp\/v2\/comments?post=4453"}],"version-history":[{"count":4,"href":"https:\/\/dolmabahcepalace.gen.tr\/es\/wp-json\/wp\/v2\/pages\/4453\/revisions"}],"predecessor-version":[{"id":5047,"href":"https:\/\/dolmabahcepalace.gen.tr\/es\/wp-json\/wp\/v2\/pages\/4453\/revisions\/5047"}],"wp:featuredmedia":[{"embeddable":true,"href":"https:\/\/dolmabahcepalace.gen.tr\/es\/wp-json\/wp\/v2\/media\/3661"}],"wp:attachment":[{"href":"https:\/\/dolmabahcepalace.gen.tr\/es\/wp-json\/wp\/v2\/media?parent=4453"}],"curies":[{"name":"wp","href":"https:\/\/api.w.org\/{rel}","templated":true}]}}