{"id":4295,"date":"2023-12-06T07:20:59","date_gmt":"2023-12-06T07:20:59","guid":{"rendered":"https:\/\/dolmabahcepalace.gen.tr\/about\/dolmabahce-ataturk\/"},"modified":"2025-08-14T09:51:48","modified_gmt":"2025-08-14T09:51:48","slug":"ataturk","status":"publish","type":"page","link":"https:\/\/dolmabahcepalace.gen.tr\/fr\/a-propos-du-palais-de-dolmabahce\/ataturk\/","title":{"rendered":"L&rsquo;histoire d&rsquo;Atat\u00fcrk au palais de Dolmabah\u00e7e"},"content":{"rendered":"<h1 style=\"\">Atat\u00fcrk et le palais de Dolmabah\u00e7e<\/h1>\n<p style=\"\"><strong>Atat\u00fcrk<\/strong> est consid\u00e9r\u00e9 comme le <strong>\u00ab p\u00e8re \u00bb de la Turquie moderne,<\/strong> et <strong>ses id\u00e9es et son h\u00e9ritage fa\u00e7onnent encore aujourd&rsquo;hui l&rsquo;identit\u00e9 et les id\u00e9aux du pays.<\/strong> De nombreux Turcs le consid\u00e8rent comme un <strong>h\u00e9ros national<\/strong> , car il a profond\u00e9ment marqu\u00e9 la politique, la soci\u00e9t\u00e9 et la culture de leur pays.<\/p>\n<p style=\"text-align: left;\"><strong><strong>MUSTAFA KEMAL ATAT\u00dcRK<\/strong><\/strong><\/p>\n<h2 id=\"t-1701768288994\" style=\"\"><strong>Palais de Dolmabah\u00e7e : un h\u00e9ritage monumental de Mustafa Kemal Atat\u00fcrk<\/strong><\/h2>\n<p style=\"\">L&rsquo;un des exemples les plus remarquables de la splendeur ottomane est le palais de Dolmabah\u00e7e, situ\u00e9 \u00e0 Istanbul, en Turquie. Cet ouvrage architectural est \u00e9troitement li\u00e9 \u00e0 la vie et \u00e0 l&rsquo;h\u00e9ritage de Mustafa Kemal Atat\u00fcrk, fondateur de la R\u00e9publique de Turquie et premier pr\u00e9sident de cette derni\u00e8re. Il est \u00e9vident qu&rsquo;Atat\u00fcrk entretenait une relation \u00e9troite avec le palais de Dolmabah\u00e7e, ce qui t\u00e9moigne de la mani\u00e8re dont il envisageait l&rsquo;\u00e9volution de la Turquie vers une nation moderne et la\u00efque.<\/p>\n<h3 style=\"\">Les premi\u00e8res rencontres d&rsquo;Atat\u00fcrk avec le palais de Dolmabah\u00e7e<\/h3>\n<p style=\"\">Dolmabah\u00e7e, merveille architecturale de l&rsquo;Empire ottoman, est devenu le symbole de la transformation de l&#8217;empire vers une esth\u00e9tique plus europ\u00e9enne au XIXe si\u00e8cle. Avec sa fa\u00e7ade magnifique et son mobilier richement d\u00e9cor\u00e9, le palais \u00e9tait le centre du gouvernement \u00e0 une \u00e9poque cruciale de l&rsquo;histoire turque.<\/p>\n<p style=\"\">Des histoires de rencontres diplomatiques, de choix politiques et d&rsquo;\u00e9changes culturels r\u00e9sonnent dans les salles de Dolmabah\u00e7e. Avec ses lustres en cristal et son mobilier plaqu\u00e9 or, chaque pi\u00e8ce \u00e9voque la richesse de la cour ottomane d&rsquo;autrefois. En parcourant les salles du palais, on se sent plong\u00e9 dans la richesse du pass\u00e9.<\/p>\n<p style=\"\">La premi\u00e8re fois que Mustafa Kemal Atat\u00fcrk vit le palais de Dolmabah\u00e7e, c&rsquo;\u00e9tait lors d&rsquo;un entra\u00eenement militaire \u00e0 Istanbul. Jeune soldat, il passait souvent devant le palais et \u00e9tait \u00e9merveill\u00e9 par sa grandeur et sa puissance. Cet immense b\u00e2timent allait devenir un \u00e9l\u00e9ment crucial de sa vie et de l&rsquo;histoire de la Turquie, mais il n&rsquo;en avait aucune id\u00e9e \u00e0 l&rsquo;\u00e9poque.<\/p>\n<h3 style=\"\">L&rsquo;utilisation du palais de Dolmabah\u00e7e comme r\u00e9sidence pr\u00e9sidentielle par Atat\u00fcrk<\/h3>\n<p style=\"\">Atat\u00fcrk a choisi le palais de Dolmabah\u00e7e comme r\u00e9sidence pr\u00e9sidentielle officielle lors de la fondation de la R\u00e9publique turque en 1924. Cette d\u00e9cision ne refl\u00e9tait pas seulement son r\u00f4le de pr\u00e9sident&nbsp;; elle se voulait aussi un acte symbolique. Atat\u00fcrk savait que le palais avait une grande valeur historique et pensait qu&rsquo;il pourrait symboliser la transformation de la Turquie, passant d&rsquo;un empire \u00e0 une nation moderne.<\/p>\n<p style=\"\">Au-del\u00e0 de sa pr\u00e9sence physique, Atat\u00fcrk entretenait un lien avec le palais de Dolmabah\u00e7e. La demeure t\u00e9moigne de son action pr\u00e9sidentielle et de la mani\u00e8re dont il a contribu\u00e9 \u00e0 faire de la R\u00e9publique turque moderne ce qu&rsquo;elle est aujourd&rsquo;hui. Son influence est attest\u00e9e par des t\u00e9moignages mat\u00e9riels dans ses appartements, les salles o\u00f9 il tenait ses r\u00e9unions officielles et le parc du palais, o\u00f9 il interagissait avec le public.<\/p>\n<h3 style=\"\">Le style de vie et les initiatives d&rsquo;Atat\u00fcrk au palais de Dolmabah\u00e7e<\/h3>\n<p style=\"\">Le palais de Dolmabah\u00e7e fut un autre lieu o\u00f9 Atat\u00fcrk encouragea la modernisation de la Turquie. Il est invit\u00e9 chez lui scientifiques, artistes et intellectuels, cr\u00e9ant ainsi une atmosph\u00e8re intellectuelle et culturelle.<\/p>\n<p style=\"\">Atat\u00fcrk a \u00e9galement utilis\u00e9 le palais pour montrer aux dirigeants \u00e9trangers les progr\u00e8s de la Turquie et montrer \u00e0 quel point le pays est engag\u00e9 dans la modernisation et le progr\u00e8s.<\/p>\n<h3 style=\"\">Les derniers jours et l&rsquo;h\u00e9ritage d&rsquo;Atat\u00fcrk au palais de Dolmabah\u00e7e<\/h3>\n<p style=\"\">Atat\u00fcrk a commenc\u00e9 \u00e0 souffrir de probl\u00e8mes de sant\u00e9 en 1938. Il a pass\u00e9 ses derniers jours au palais de Dolmabah\u00e7e, entour\u00e9 de ses proches et de ses fid\u00e8les serviteurs. <strong>Il s&rsquo;\u00e9teignit dans la Chambre Bleue du palais \u00e0 9 h 05 le 10 novembre 1938<\/strong>. Il laissa derri\u00e8re lui un h\u00e9ritage qui allait fa\u00e7onner \u00e0 jamais l&rsquo;avenir de la Turquie.<\/p>\n<p style=\"\">La salle, pr\u00e9serv\u00e9e comme un m\u00e9morial \u00e9mouvant, illustre le mode de vie simple qui symbolisait Atat\u00fcrk. Ses objets personnels et le fait que l&rsquo;horloge se soit arr\u00eat\u00e9e \u00e0 l&rsquo;instant pr\u00e9cis de sa mort conf\u00e8rent une forte dimension historique. Dolmabah\u00e7e n&rsquo;\u00e9tait pas seulement une maison ; c&rsquo;\u00e9tait un lieu saint pour le peuple turc et un lien avec son pass\u00e9 en pleine mutation.<\/p>\n<h3 style=\"\">Le palais de Dolmabah\u00e7e, symbole de la vision d&rsquo;Atat\u00fcrk<\/h3>\n<p style=\"\">Il existe plus qu&rsquo;un lien historique entre Atat\u00fcrk et le palais de Dolmabah\u00e7e. Ils illustrent la rencontre de deux \u00e9poques distinctes&nbsp;: le pass\u00e9 ottoman et l&rsquo;avenir r\u00e9publicain. Le choix d&rsquo;Atat\u00fcrk de vivre au palais de Dolmabah\u00e7e en tant que pr\u00e9sident n&rsquo;\u00e9tait pas seulement une d\u00e9cision pratique&nbsp;; c&rsquo;\u00e9tait aussi un geste symbolique qui marquait la transition de la Turquie d&rsquo;un empire \u00e0 une r\u00e9publique moderne.<\/p>\n<p style=\"\">Le palais de Dolmabah\u00e7e rappelle les projets d&rsquo;Atat\u00fcrk pour l&rsquo;avenir de la Turquie. Il illustre comment coutume et modernisation peuvent s&rsquo;harmoniser, comment pr\u00e9server le patrimoine historique tout en favorisant le progr\u00e8s et les Lumi\u00e8res. La m\u00e9moire d&rsquo;Atat\u00fcrk perdure non seulement dans la magnifique architecture du palais, mais aussi dans son symbole de changement et de renouveau.<\/p>\n<h3 style=\"\">L&rsquo;h\u00e9ritage d&rsquo;Atat\u00fcrk \u00e0 Dolmabah\u00e7e<\/h3>\n<p style=\"\">Au palais de Dolmabah\u00e7e, la pr\u00e9sence d&rsquo;Atat\u00fcrk ne se limite pas \u00e0 des traces physiques. Ses id\u00e9es et ses projets pour une Turquie moderne et la\u00efque sont ancr\u00e9s dans chaque recoin de la demeure. Ceux qui viennent ici peuvent presque entendre l&rsquo;\u00e9cho des discours d&rsquo;Atat\u00fcrk, au cours desquels il \u00e9voquait l&rsquo;avenir du pays tout en n\u00e9gociant les questions complexes de gouvernance depuis l&rsquo;int\u00e9rieur de ces murs.<\/p>\n<p style=\"\">Le pass\u00e9 d&rsquo;Atat\u00fcrk et sa vie au palais de Dolmabah\u00e7e t\u00e9moignent de son engagement en faveur du progr\u00e8s, de l&rsquo;\u00e9ducation et de l&rsquo;\u00e9quit\u00e9. Son h\u00e9ritage se perp\u00e9tue \u00e0 travers les institutions culturelles qu&rsquo;il a b\u00e2ties et les changements qu&rsquo;il a apport\u00e9s \u00e0 l&rsquo;\u00e9ducation, qui continueront d&rsquo;influencer l&rsquo;avenir de la Turquie.<\/p>\n<h3 style=\"\">Dolmabah\u00e7e : une chronique vivante<\/h3>\n<p style=\"\">En visitant le palais de Dolmabah\u00e7e, nous ne nous contentons pas de parcourir des salles et des couloirs somptueux. Nous p\u00e9n\u00e9trons dans un livre d&rsquo;histoire vivant o\u00f9 la vie et les \u00e9v\u00e9nements d&rsquo;Atat\u00fcrk se rejoignent. La maison fait le lien entre l&rsquo;histoire de l&rsquo;Empire ottoman et les d\u00e9buts de la Turquie moderne.<\/p>\n<p style=\"\">En r\u00e9sum\u00e9, le palais de Dolmabah\u00e7e est un exemple vivant de la richesse culturelle et historique de la Turquie. En y visitant, on per\u00e7oit les sonorit\u00e9s du pass\u00e9 m\u00eal\u00e9es aux id\u00e9es d&rsquo;un grand dirigeant.<\/p>\n<p style=\"\">Le pass\u00e9 et le mode de vie d&rsquo;Atat\u00fcrk au palais de Dolmabah\u00e7e ne sont pas de simples anecdotes tir\u00e9es des manuels scolaires&nbsp;; ils contribuent \u00e0 l&rsquo;unicit\u00e9 d&rsquo;un pays. On nous dit que l&rsquo;histoire n&rsquo;est pas statique en parcourant les couloirs de Dolmabah\u00e7e. Elle est vivante, anim\u00e9e par l&rsquo;esprit de ceux qui ont os\u00e9 r\u00eaver d&rsquo;un avenir meilleur.<\/p>\n<h2 style=\"text-align: center;\" id=\"t-1692692162145\" data-alt-text=\"Must to Know About Atat\u00fcrk\"><strong>Choses \u00e0 savoir sur Mustafa Kemal Atat\u00fcrk<\/strong><\/h2>\n","protected":false},"excerpt":{"rendered":"<p>Atat\u00fcrk et le palais de Dolmabah\u00e7e Atat\u00fcrk est consid\u00e9r\u00e9 comme le \u00ab p\u00e8re \u00bb de la Turquie moderne, et ses id\u00e9es et son h\u00e9ritage fa\u00e7onnent encore aujourd&rsquo;hui l&rsquo;identit\u00e9 et les id\u00e9aux du pays. De nombreux Turcs le consid\u00e8rent comme un h\u00e9ros national , car il a profond\u00e9ment marqu\u00e9 la politique, la soci\u00e9t\u00e9 et la culture [&hellip;]<\/p>\n","protected":false},"author":3,"featured_media":4296,"parent":4291,"menu_order":0,"comment_status":"closed","ping_status":"closed","template":"","meta":{"footnotes":""},"class_list":["post-4295","page","type-page","status-publish","has-post-thumbnail","hentry","post-wrapper","thrv_wrapper"],"_links":{"self":[{"href":"https:\/\/dolmabahcepalace.gen.tr\/fr\/wp-json\/wp\/v2\/pages\/4295","targetHints":{"allow":["GET"]}}],"collection":[{"href":"https:\/\/dolmabahcepalace.gen.tr\/fr\/wp-json\/wp\/v2\/pages"}],"about":[{"href":"https:\/\/dolmabahcepalace.gen.tr\/fr\/wp-json\/wp\/v2\/types\/page"}],"author":[{"embeddable":true,"href":"https:\/\/dolmabahcepalace.gen.tr\/fr\/wp-json\/wp\/v2\/users\/3"}],"replies":[{"embeddable":true,"href":"https:\/\/dolmabahcepalace.gen.tr\/fr\/wp-json\/wp\/v2\/comments?post=4295"}],"version-history":[{"count":10,"href":"https:\/\/dolmabahcepalace.gen.tr\/fr\/wp-json\/wp\/v2\/pages\/4295\/revisions"}],"predecessor-version":[{"id":4902,"href":"https:\/\/dolmabahcepalace.gen.tr\/fr\/wp-json\/wp\/v2\/pages\/4295\/revisions\/4902"}],"up":[{"embeddable":true,"href":"https:\/\/dolmabahcepalace.gen.tr\/fr\/wp-json\/wp\/v2\/pages\/4291"}],"wp:featuredmedia":[{"embeddable":true,"href":"https:\/\/dolmabahcepalace.gen.tr\/fr\/wp-json\/wp\/v2\/media\/4296"}],"wp:attachment":[{"href":"https:\/\/dolmabahcepalace.gen.tr\/fr\/wp-json\/wp\/v2\/media?parent=4295"}],"curies":[{"name":"wp","href":"https:\/\/api.w.org\/{rel}","templated":true}]}}