{"id":4306,"date":"2023-12-06T08:33:08","date_gmt":"2023-12-06T08:33:08","guid":{"rendered":"https:\/\/dolmabahcepalace.gen.tr\/about\/dolmabahce-history\/"},"modified":"2025-09-20T16:23:59","modified_gmt":"2025-09-20T16:23:59","slug":"histoire","status":"publish","type":"page","link":"https:\/\/dolmabahcepalace.gen.tr\/fr\/a-propos-du-palais-de-dolmabahce\/histoire\/","title":{"rendered":"Histoire du palais de Dolmabah\u00e7e [+Chronologie]"},"content":{"rendered":"<h1 style=\"text-align: left;\">Histoire du palais de Dolmabah\u00e7e<\/h1>\n<p style=\"text-align: left;\"><strong>HISTOIRE<\/strong><\/p>\n<h2 id=\"t-1692609875206\" data-alt-text=\"History of Dolmabah\u00e7e Palace\" style=\"\"><strong>Histoire du palais de Dolmabah\u00e7e<\/strong><\/h2>\n<p>Situ\u00e9 au c\u0153ur du paysage pittoresque d&rsquo;Istanbul, l\u00e0 o\u00f9 le puissant d\u00e9troit du Bosphore touche les c\u00f4tes europ\u00e9ennes, le palais de Dolmabah\u00e7e illustre la magnificence d&rsquo;une \u00e9poque. Son nom, qui signifie \u00ab&nbsp;jardin luxuriant&nbsp;\u00bb, \u00e9voque splendeur et sophistication, t\u00e9moignant de la prouesse artistique et de l&rsquo;extravagance de l&rsquo;Empire ottoman. L&rsquo;exploration du riche pass\u00e9 historique du palais de Dolmabah\u00e7e offre un voyage dans le temps, r\u00e9v\u00e9lant l&rsquo;\u00e9volution des styles architecturaux, l&rsquo;ascension et le d\u00e9clin d&rsquo;un empire, ainsi que l&rsquo;influence profonde et durable de Mustafa Kemal Atat\u00fcrk.<\/p>\n<h3 id=\"t-1701862334274\" style=\"\">L&rsquo;\u00e8re ottomane : un palais de grandeur et de changement<\/h3>\n<p style=\"\">L&rsquo;histoire du palais de Dolmabah\u00e7e est intimement li\u00e9e aux vicissitudes de la domination ottomane. En 1843, le sultan Abd\u00fclmecid Ier ordonna sa construction, marquant une transformation profonde de l&rsquo;architecture de l&rsquo;Empire ottoman. Les sultans r\u00e9sidaient depuis des si\u00e8cles au <a href=\"https:\/\/topkapipalace.gen.tr\/fr\/\" target=\"_blank\" rel=\"noopener\">palais de Topkapi<\/a>, une ancienne forteresse ottomane situ\u00e9e au c\u0153ur de la vieille ville d&rsquo;Istanbul. N\u00e9anmoins, l&#8217;empire connut des efforts de modernisation au milieu du XIXe si\u00e8cle, et le sultan Abd\u00fclmecid Ier s&rsquo;effor\u00e7a de concevoir un palais refl\u00e9tant fid\u00e8lement ces transformations.<\/p>\n<p>Les int\u00e9rieurs somptueux et l&rsquo;architecture d&rsquo;inspiration europ\u00e9enne du palais de Dolmabah\u00e7e t\u00e9moignaient de l&rsquo;assimilation de la modernit\u00e9 occidentale par l&rsquo;Empire ottoman. Sa construction, qui n\u00e9cessita 35 tonnes d&rsquo;or et treize ans de travail, t\u00e9moigna de la richesse et de la puissance de l&#8217;empire. Garabet Balyan et son fils Nigoayos Balyan, tous deux architectes arm\u00e9niens, fusionn\u00e8rent habilement des \u00e9l\u00e9ments des styles baroque, rococo et n\u00e9oclassique pour cr\u00e9er un chef-d&rsquo;\u0153uvre architectural.<\/p>\n<h3 id=\"t-1701862334275\" style=\"\">Un palais d&rsquo;opulence et de d\u00e9tails complexes<\/h3>\n<p style=\"\">Le palais de Dolmabah\u00e7e est orn\u00e9 d&rsquo;ornements extravagants et d&rsquo;une richesse d&rsquo;artisanat complexe. D\u00e8s son entr\u00e9e dans l&rsquo;enceinte du palais, on est imm\u00e9diatement transport\u00e9 dans un royaume d&rsquo;une splendeur incomparable. Chaque \u00e9l\u00e9ment finement travaill\u00e9, notamment les peintures murales peintes \u00e0 la main, les plafonds dor\u00e9s et les somptueuses colonnes de marbre qui ornent l&rsquo;int\u00e9rieur du palais, refl\u00e8te l&rsquo;opulence de la cour ottomane.<\/p>\n<p>The Crystal Hall is an enchanting spectacle adorned with glistening crystal walls and chandeliers. On the other hand, the ceremonial hall emanates an air of magnificence due to its towering dome and crimson velvet curtains. In addition to a vast assortment of textiles, paintings, furniture, and porcelain, the palace provides a glimpse into the court and daily life of the Ottoman sultans.<\/p>\n<h3 style=\"\" id=\"t-1701862334276\">Un symbole de la puissance et de la diplomatie ottomanes<\/h3>\n<p>Le palais de Dolmabah\u00e7e \u00e9tait un embl\u00e8me du prestige et du pouvoir ottomans, et pas seulement une r\u00e9sidence.<\/p>\n<p>Des dignitaires \u00e9trangers et des c\u00e9r\u00e9monies d&rsquo;\u00c9tat ont \u00e9t\u00e9 accueillis \u00e0 cet endroit au cours de la seconde moiti\u00e9 du XIXe si\u00e8cle, lorsqu&rsquo;il fonctionnait comme centre administratif de l&#8217;empire.&nbsp;<\/p>\n<p>La splendeur extravagante du palais servait de d\u00e9claration calcul\u00e9e, soulignant la richesse et l&rsquo;influence de l&rsquo;Empire ottoman \u00e0 une \u00e9poque o\u00f9 il rencontrait l&rsquo;opposition des puissances europ\u00e9ennes.<\/p>\n<h3 id=\"t-1701862334277\" style=\"\">L&rsquo;h\u00e9ritage d&rsquo;Atat\u00fcrk : un palais de la Turquie moderne<\/h3>\n<p style=\"\">L&rsquo;importance du palais d\u00e9passe celle de l&rsquo;\u00e9poque ottomane. Apr\u00e8s la formation de la R\u00e9publique de Turquie, Mustafa Kemal Atat\u00fcrk, fondateur et premier pr\u00e9sident de la r\u00e9publique, s&rsquo;installa au palais de Dolmabah\u00e7e. Atat\u00fcrk, grand admirateur de la culture occidentale, percevait les int\u00e9rieurs opulents et l&rsquo;architecture d&rsquo;inspiration europ\u00e9enne du palais comme une parfaite illustration de la modernisation de la Turquie. Le 10 novembre 1938, il s&rsquo;\u00e9teignit dans la chambre 504, o\u00f9 il avait termin\u00e9 ses derniers jours au sein du palais.<\/p>\n<p style=\"\">Aujourd&rsquo;hui, le palais de Dolmabah\u00e7e est un mus\u00e9e qui accueille des visiteurs du monde entier. Offrant un aper\u00e7u de la cour et du mode de vie des sultans ottomans, sa vaste collection d&rsquo;objets comprend des textiles, des peintures, du mobilier et de la porcelaine. &nbsp;V\u00e9ritable lien avec le pass\u00e9, les salles majestueuses et les int\u00e9rieurs somptueux du palais permettent aux visiteurs de s&rsquo;immerger dans la magnificence et la grandeur d&rsquo;une \u00e9poque r\u00e9volue.<\/p>\n<h3 id=\"t-1701862334278\" style=\"\">Un t\u00e9moignage de l&rsquo;h\u00e9ritage durable des Ottomans<\/h3>\n<p>En parcourant les couloirs du palais, des r\u00e9verb\u00e9rations historiques semblent \u00e9maner de chaque recoin, servant de rappel poignant de l&rsquo;ascension et du d\u00e9clin de l&#8217;empire, de ses succ\u00e8s et de ses difficult\u00e9s.<\/p>\n<p>Le palais de Dolmabah\u00e7e t\u00e9moigne de l&rsquo;h\u00e9ritage durable des Ottomans, symbolisant leur magnificence, leur prouesse artistique et leur influence mondiale. V\u00e9ritable centre d&rsquo;activit\u00e9 historique, il invite les visiteurs \u00e0 se plonger dans la complexit\u00e9 de l&rsquo;Empire ottoman et \u00e0 d\u00e9couvrir l&rsquo;existence captivante de Mustafa.<\/p>\n<p style=\"text-align: left;\"><strong>\u00e0 l&rsquo;int\u00e9rieur<\/strong><\/p>\n<h2 style=\"\" id=\"t-1701862484735\" data-alt-text=\"What is Inside of the Dolmabah\u00e7e Palace\">Ci-dessous, vous trouverez des monuments et des b\u00e2timents importants \u00e0 l&rsquo;int\u00e9rieur du palais de Dolmabah\u00e7e.<\/h2>\n<p><span><img decoding=\"async\" alt=\"histoire de la salle du palais de Dolmabah\u00e7e\" data-id=\"2143\" width=\"454\" data-init-width=\"1000\" height=\"297\" data-init-height=\"654\" title=\"histoire de la salle du palais de Dolmabah\u00e7e\" src=\"https:\/\/dolmabahcepalace.gen.tr\/wp-content\/uploads\/2023\/12\/little-ceremonial-ahll.jpg\" data-width=\"454\" style=\"aspect-ratio: auto 1000 \/ 654;\" data-height=\"297\" loading=\"lazy\"><\/span><\/p>\n<h3 style=\"\" id=\"t-1701862334279\">La salle de c\u00e9r\u00e9monie : une symphonie de grandeur<\/h3>\n<p style=\"\">Situ\u00e9e au c\u0153ur du palais de Dolmabah\u00e7e, la salle de c\u00e9r\u00e9monie est un espace royal d&rsquo;une grande importance architecturale, impr\u00e9gn\u00e9 d&rsquo;histoire. Elle d\u00e9gage un luxe incomparable, illustr\u00e9 par son lustre monumental, une magnifique \u0153uvre d&rsquo;\u00e9clairage pesant pas moins de 4,5 tonnes.<\/p>\n<p style=\"\">Au-del\u00e0 de son r\u00f4le de merveille architecturale, la magnificence de la salle symbolise les moments critiques du d\u00e9veloppement du palais de Dolmabah\u00e7e et de l&rsquo;Empire ottoman.<\/p>\n<p style=\"\">C&rsquo;est ici que fut sign\u00e9 le trait\u00e9 de S\u00e8vres en 1920, un moment cl\u00e9 de la chute de l&rsquo;Empire. Le mobilier somptueux et le plafond aux motifs complexes t\u00e9moignent de l&rsquo;attachement constant de l&rsquo;Empire \u00e0 l&rsquo;\u00e9l\u00e9gance, malgr\u00e9 un climat politique turbulent.<\/p>\n<p style=\"\">Les visiteurs sont transport\u00e9s \u00e0 une \u00e9poque o\u00f9 la diplomatie et la d\u00e9cadence convergeaient au c\u0153ur de l&rsquo;Empire ottoman alors qu&rsquo;ils se tiennent dans cet espace royal.<\/p>\n<p><span style=\"\"><img decoding=\"async\" alt=\"\" data-id=\"2065\" width=\"454\" data-init-width=\"2560\" height=\"341\" data-init-height=\"1920\" title=\"IMG_4336\" src=\"https:\/\/dolmabahcepalace.gen.tr\/wp-content\/uploads\/2023\/12\/IMG_4336-scaled.jpg\" data-width=\"454\" style=\"aspect-ratio: auto 2560 \/ 1920;\" data-height=\"341\" loading=\"lazy\" mt-d=\"-3\" ml-d=\"0\" mt-t=\"-2.1019999999999754\" ml-t=\"0\"><\/span><\/p>\n<h3 style=\"\" id=\"t-1701862334280\">Salle du tr\u00f4ne&nbsp;: o\u00f9 le symbolisme rencontre la souverainet\u00e9<\/h3>\n<p>La salle du tr\u00f4ne, un sanctuaire o\u00f9 le symbolisme et la domination des sultans ottomans se rencontrent, est accessible apr\u00e8s une exploration plus approfondie du palais.<\/p>\n<p>Les murs sont orn\u00e9s de feuilles d&rsquo;or, contribuant \u00e0 une atmosph\u00e8re de magnificence royale. Des motifs artistiques honorant l&rsquo;illustre histoire culturelle de l&#8217;empire ornent la pi\u00e8ce, un v\u00e9ritable enchantement visuel.<\/p>\n<p>En tant que symbole de l\u2019influence politique et symbolique exerc\u00e9e par les empereurs ottomans, la salle du tr\u00f4ne se dresse comme un rappel.<\/p>\n<p>Le tr\u00f4ne royal, nich\u00e9 dans une atmosph\u00e8re de magnificence, \u00e9voque le pouvoir et l&rsquo;interaction complexe entre les coutumes historiques et les forces en constante \u00e9volution de l&#8217;empire. Devant ce si\u00e8ge historique du pouvoir, les invit\u00e9s sont profond\u00e9ment confront\u00e9s aux vestiges tangibles de l&rsquo;histoire ottomane.<\/p>\n<p><span><img decoding=\"async\" alt=\"histoire du harem de dolmabah\u00e7e\" data-id=\"1949\" width=\"525\" data-init-width=\"2560\" height=\"394\" data-init-height=\"1920\" title=\"histoire du harem de dolmabah\u00e7e\" src=\"https:\/\/dolmabahcepalace.gen.tr\/wp-content\/uploads\/2023\/12\/IMG_4101-scaled.jpg\" data-width=\"525\" style=\"aspect-ratio: auto 2560 \/ 1920;\" data-height=\"394\" loading=\"lazy\"><\/span><\/p>\n<h3 style=\"\" id=\"t-1701862334281\">Le Harem : intrigues voil\u00e9es et espaces intimes<\/h3>\n<p style=\"\">Le harem du palais de Dolmabah\u00e7e d\u00e9voile un pan de son histoire, tel le r\u00e9cit d&rsquo;un roman captivant. Nich\u00e9 au c\u0153ur du palais, ce labyrinthe complexe de chambres interconnect\u00e9es offre un aper\u00e7u pr\u00e9cieux des affaires intimes de l&rsquo;\u00e9lite ottomane.<\/p>\n<p style=\"\">Dans cette ambiance, compl\u00e9t\u00e9e par l&rsquo;\u00e9clat s\u00e9duisant de lampes \u00e9labor\u00e9es et le murmure feutr\u00e9 de textiles opulents, de faibles sons de joie et de dialogues priv\u00e9s \u00e9voquent<\/p>\n<p style=\"\">Le harem \u00e9tait une structure complexe o\u00f9 les man\u0153uvres politiques et les relations personnelles se croisaient ; ce n\u2019\u00e9tait pas simplement un ensemble de quartiers priv\u00e9s.<\/p>\n<p>En parcourant les appartements priv\u00e9s, chacun racontant une histoire distincte, les visiteurs acqui\u00e8rent une compr\u00e9hension plus fine du mode de vie qui se d\u00e9roulait derri\u00e8re les intrigues secr\u00e8tes de la cour ottomane. Plus qu&rsquo;un simple \u00e9l\u00e9ment architectural, le harem est une repr\u00e9sentation concr\u00e8te du contexte historique complexe du palais de Dolmabah\u00e7e. <a href=\"https:\/\/dolmabahcepalace.gen.tr\/fr\/a-propos-du-palais-de-dolmabahce\/harem\/\" style=\"outline: currentcolor;\">&gt;&gt; Pour en savoir plus sur le harem<\/a><\/p>\n<p><span style=\"\"><img decoding=\"async\" alt=\"histoire du jardin de Dolmabah\u00e7e\" data-id=\"1940\" width=\"525\" data-init-width=\"2560\" height=\"394\" data-init-height=\"1920\" title=\"histoire du jardin de Dolmabah\u00e7e\" src=\"https:\/\/dolmabahcepalace.gen.tr\/wp-content\/uploads\/2023\/12\/IMG_4307-scaled.jpg\" data-width=\"525\" style=\"aspect-ratio: auto 2560 \/ 1920;\" data-height=\"394\" ml-d=\"0\" mt-d=\"0\" mt-t=\"0\" ml-t=\"0\" loading=\"lazy\"><\/span><\/p>\n<h3 style=\"\" id=\"t-1701862334282\">Les Jardins : Oasis de tranquillit\u00e9 au c\u0153ur de la grandeur<\/h3>\n<p style=\"\">Le palais de Dolmabah\u00e7e \u00e9tend sa port\u00e9e au-del\u00e0 de ses int\u00e9rieurs opulents pour englober des jardins sereins qui offrent un sanctuaire au milieu de la magnificence.<\/p>\n<p style=\"\">Les pelouses soign\u00e9es, agr\u00e9ment\u00e9es de fontaines et de fleurs \u00e9clatantes, offrent un contraste apaisant avec la somptuosit\u00e9 des appartements du palais. La Tour de l&rsquo;Horloge, embl\u00e8me c\u00e9l\u00e8bre, domine ce sanctuaire luxuriant, sans laisser de trace du passage du temps.<\/p>\n<p style=\"\">Gr\u00e2ce \u00e0 leur emplacement avantageux le long du Bosphore, les jardins du palais de Dolmabah\u00e7e offrent non seulement une ambiance sereine mais \u00e9galement des panoramas impressionnants.<\/p>\n<p>Ainsi, le palais relie l\u2019histoire aux courants dynamiques du Bosphore en servant de lien entre la splendeur architecturale int\u00e9rieure et la grandeur naturelle au-del\u00e0.<\/p>\n<p><span><img decoding=\"async\" alt=\"histoire des tr\u00e9sors du palais de Dolmabah\u00e7e\" data-id=\"2144\" width=\"525\" data-init-width=\"1000\" height=\"350\" data-init-height=\"667\" title=\"histoire des tr\u00e9sors du palais de Dolmabah\u00e7e\" src=\"https:\/\/dolmabahcepalace.gen.tr\/wp-content\/uploads\/2023\/12\/history-of-dolmabahce-palace-treasures.jpg\" data-width=\"525\" style=\"aspect-ratio: auto 1000 \/ 667;\" data-height=\"350\" loading=\"lazy\"><\/span><\/p>\n<h3 style=\"\" id=\"t-1701862334283\">Un havre de tr\u00e9sors artistiques<\/h3>\n<p style=\"\">Le palais de Dolmabah\u00e7e abrite de nombreux chefs-d&rsquo;\u0153uvre artistiques t\u00e9moignant du raffinement et de la richesse culturelle de l&rsquo;Empire ottoman. De magnifiques peintures d&rsquo;artistes ottomans c\u00e9l\u00e8bres ornent les murs, repr\u00e9sentant des sc\u00e8nes de la vie de cour, des paysages et des \u00e9v\u00e9nements historiques importants. Des tapis, fabriqu\u00e9s \u00e0 la main par les c\u00e9l\u00e8bres artisans royaux de Hereke, recouvrent le sol. Leurs motifs complexes et leurs couleurs vives conf\u00e8rent au palais un aspect encore plus luxueux. Couronnes, colliers, boucles d&rsquo;oreilles, bracelets et autres bijoux orn\u00e9s de diamants, d&rsquo;\u00e9meraudes, de rubis et de saphirs, ornaient la maison. Lors des \u00e9v\u00e9nements importants, les sultans, leurs \u00e9pouses et les autres membres de la famille royale portaient ces bijoux.<\/p>\n<p><span style=\"\"><img decoding=\"async\" alt=\"\u00e0 l'int\u00e9rieur de la tour de l'horloge de Dolmabah\u00e7e\" data-id=\"2146\" width=\"454\" data-init-width=\"1000\" height=\"303\" data-init-height=\"667\" title=\"\u00e0 l'int\u00e9rieur de la tour de l'horloge de Dolmabah\u00e7e\" src=\"https:\/\/dolmabahcepalace.gen.tr\/wp-content\/uploads\/2023\/12\/dolmabahce-clock-tower.jpg\" data-width=\"454\" style=\"aspect-ratio: auto 1000 \/ 667;\" data-height=\"303\" ml-d=\"0\" mt-d=\"0\" mt-t=\"0\" ml-t=\"0\" loading=\"lazy\"><\/span><\/p>\n<h3 style=\"\" id=\"t-1701862334284\">Tour de l&rsquo;Horloge<\/h3>\n<p style=\"\">Si la Tour de l&rsquo;Horloge remplit une fonction pratique de chronom\u00e9trage, sa pr\u00e9sence va bien au-del\u00e0. D&rsquo;un point de vue symbolique, elle symbolise la transition de l&rsquo;Empire ottoman vers la modernit\u00e9 au XIXe si\u00e8cle et refl\u00e8te le style architectural du palais de Dolmabah\u00e7e.<\/p>\n<p style=\"\">Le positionnement strat\u00e9gique de la Tour de l&rsquo;Horloge sur le terrain du palais garantit son importance depuis de multiples points de vue, englobant \u00e0 la fois le palais et le Bosphore.<\/p>\n<p>&nbsp;Son emplacement contribue \u00e0 l&rsquo;atmosph\u00e8re esth\u00e9tique agr\u00e9able des jardins du palais en offrant aux visiteurs un \u00e9l\u00e9ment central \u00e0 observer au milieu de l&rsquo;environnement verdoyant et de l&rsquo;architecture expansive de Dolmabah\u00e7e.<\/p>\n<p><a href=\"https:\/\/dolmabahcepalace.gen.tr\/fr\/comment-aller-au-palais-de-dolmabahce\/\" dynamic-postlink=\"tcb_post_the_permalink\" data-shortcode-id=\"1684\"><\/a><\/p>\n<p style=\"padding-bottom: 0px !important; margin-bottom: 0px !important;\"><strong>LEARN MORE<\/strong><\/p>\n<h2 style=\"\" id=\"t-1717505660168\"><span data-attr-css=\"\" data-attr-link=\"1\" data-attr-rel=\"0\" data-attr-static-link=\"{&quot;className&quot;:&quot;&quot;,&quot;href&quot;:&quot;https:\/\/dolmabahcepalace.gen.tr\/fr\/comment-aller-au-palais-de-dolmabahce\/&quot;,&quot;title&quot;:&quot;Comment aller au palais de Dolmabah\u00e7e (En Bus, \u00e0 Pied, en Tramway)&quot;,&quot;class&quot;:&quot;&quot;}\" data-attr-target=\"0\" data-extra_key=\"\" data-option-inline=\"1\" data-shortcode=\"tcb_post_title\" data-shortcode-name=\"Post title\" style=\"\"><a href=\"https:\/\/dolmabahcepalace.gen.tr\/fr\/comment-aller-au-palais-de-dolmabahce\/\" title=\"Comment aller au palais de Dolmabah\u00e7e (En Bus, \u00e0 Pied, en Tramway)\" data-css=\"\">Comment aller au palais de Dolmabah\u00e7e (En Bus, \u00e0 Pied, en Tramway)<\/a><\/span><\/h2>\n<p><a href=\"https:\/\/dolmabahcepalace.gen.tr\/fr\/foire-aux-questions-dolmabahce\/\" dynamic-postlink=\"tcb_post_the_permalink\" data-shortcode-id=\"1684\"><\/a><\/p>\n<p style=\"padding-bottom: 0px !important; margin-bottom: 0px !important;\"><strong>LEARN MORE<\/strong><\/p>\n<h2 style=\"\" id=\"t-1717505660168\"><span data-attr-css=\"\" data-attr-link=\"1\" data-attr-rel=\"0\" data-attr-static-link=\"{&quot;className&quot;:&quot;&quot;,&quot;href&quot;:&quot;https:\/\/dolmabahcepalace.gen.tr\/fr\/comment-aller-au-palais-de-dolmabahce\/&quot;,&quot;title&quot;:&quot;Comment aller au palais de Dolmabah\u00e7e (En Bus, \u00e0 Pied, en Tramway)&quot;,&quot;class&quot;:&quot;&quot;}\" data-attr-target=\"0\" data-extra_key=\"\" data-option-inline=\"1\" data-shortcode=\"tcb_post_title\" data-shortcode-name=\"Post title\" style=\"\"><a href=\"https:\/\/dolmabahcepalace.gen.tr\/fr\/foire-aux-questions-dolmabahce\/\" title=\"Foire aux questions (FAQ) sur le palais de Dolmabah\u00e7e\" data-css=\"\">Foire aux questions (FAQ) sur le palais de Dolmabah\u00e7e<\/a><\/span><\/h2>\n","protected":false},"excerpt":{"rendered":"<p>Histoire du palais de Dolmabah\u00e7e HISTOIRE Histoire du palais de Dolmabah\u00e7e Situ\u00e9 au c\u0153ur du paysage pittoresque d&rsquo;Istanbul, l\u00e0 o\u00f9 le puissant d\u00e9troit du Bosphore touche les c\u00f4tes europ\u00e9ennes, le palais de Dolmabah\u00e7e illustre la magnificence d&rsquo;une \u00e9poque. Son nom, qui signifie \u00ab&nbsp;jardin luxuriant&nbsp;\u00bb, \u00e9voque splendeur et sophistication, t\u00e9moignant de la prouesse artistique et de [&hellip;]<\/p>\n","protected":false},"author":3,"featured_media":4307,"parent":4291,"menu_order":0,"comment_status":"closed","ping_status":"closed","template":"","meta":{"footnotes":""},"class_list":["post-4306","page","type-page","status-publish","has-post-thumbnail","hentry","post-wrapper","thrv_wrapper"],"_links":{"self":[{"href":"https:\/\/dolmabahcepalace.gen.tr\/fr\/wp-json\/wp\/v2\/pages\/4306","targetHints":{"allow":["GET"]}}],"collection":[{"href":"https:\/\/dolmabahcepalace.gen.tr\/fr\/wp-json\/wp\/v2\/pages"}],"about":[{"href":"https:\/\/dolmabahcepalace.gen.tr\/fr\/wp-json\/wp\/v2\/types\/page"}],"author":[{"embeddable":true,"href":"https:\/\/dolmabahcepalace.gen.tr\/fr\/wp-json\/wp\/v2\/users\/3"}],"replies":[{"embeddable":true,"href":"https:\/\/dolmabahcepalace.gen.tr\/fr\/wp-json\/wp\/v2\/comments?post=4306"}],"version-history":[{"count":9,"href":"https:\/\/dolmabahcepalace.gen.tr\/fr\/wp-json\/wp\/v2\/pages\/4306\/revisions"}],"predecessor-version":[{"id":5035,"href":"https:\/\/dolmabahcepalace.gen.tr\/fr\/wp-json\/wp\/v2\/pages\/4306\/revisions\/5035"}],"up":[{"embeddable":true,"href":"https:\/\/dolmabahcepalace.gen.tr\/fr\/wp-json\/wp\/v2\/pages\/4291"}],"wp:featuredmedia":[{"embeddable":true,"href":"https:\/\/dolmabahcepalace.gen.tr\/fr\/wp-json\/wp\/v2\/media\/4307"}],"wp:attachment":[{"href":"https:\/\/dolmabahcepalace.gen.tr\/fr\/wp-json\/wp\/v2\/media?parent=4306"}],"curies":[{"name":"wp","href":"https:\/\/api.w.org\/{rel}","templated":true}]}}