{"id":4311,"date":"2024-06-05T12:02:27","date_gmt":"2024-06-05T12:02:27","guid":{"rendered":"https:\/\/dolmabahcepalace.gen.tr\/contact\/"},"modified":"2025-08-12T08:04:53","modified_gmt":"2025-08-12T08:04:53","slug":"contact","status":"publish","type":"page","link":"https:\/\/dolmabahcepalace.gen.tr\/fr\/contact\/","title":{"rendered":"Contact"},"content":{"rendered":"<h3 style=\"text-align: center;\">Contactez-nous&nbsp;<\/h3>\n<p style=\"\">N&rsquo;h\u00e9sitez pas \u00e0 nous contacter pour toute <span style=\"font-weight: normal;\">question <\/span><strong>concernant<\/strong> les <strong>billets, les visites<\/strong> et <strong>l&rsquo;organisation de groupes.<\/strong> Remplissez simplement le formulaire ci-dessous <strong>.<\/strong><span style=\"font-weight: normal;\"><\/span><strong><\/strong><strong><\/strong><strong><\/strong><\/p>\n<p style=\"\">Notre \u00e9quipe professionnelle d&rsquo;experts locaux et internationaux r\u00e9pondra \u00e0 votre demande <strong>dans les plus brefs d\u00e9lais<\/strong> .<\/p>\n<p><a href=\"https:\/\/dolmabahcepalace.gen.tr\/fr\/contact\/\" dynamic-postlink=\"tcb_post_the_permalink\" data-shortcode-id=\"1792\"><\/a><\/p>\n<p style=\"padding-bottom: 0px !important; margin-bottom: 0px !important;\"><strong>LEARN MORE<\/strong><\/p>\n<h2 style=\"\"><span data-attr-css=\"\" data-attr-link=\"1\" data-attr-rel=\"0\" data-attr-static-link=\"{&quot;className&quot;:&quot;&quot;,&quot;href&quot;:&quot;https:\/\/dolmabahcepalace.gen.tr\/fr\/contact\/&quot;,&quot;title&quot;:&quot;Contact&quot;,&quot;class&quot;:&quot;&quot;}\" data-attr-target=\"0\" data-extra_key=\"\" data-option-inline=\"1\" data-shortcode=\"tcb_post_title\" data-shortcode-name=\"Post title\" style=\"\"><a href=\"https:\/\/dolmabahcepalace.gen.tr\/fr\/contact\/\" title=\"Contact\" data-css=\"\">Contact<\/a><\/span><\/h2>\n","protected":false},"excerpt":{"rendered":"<p>Contactez-nous&nbsp; N&rsquo;h\u00e9sitez pas \u00e0 nous contacter pour toute question concernant les billets, les visites et l&rsquo;organisation de groupes. Remplissez simplement le formulaire ci-dessous . Notre \u00e9quipe professionnelle d&rsquo;experts locaux et internationaux r\u00e9pondra \u00e0 votre demande dans les plus brefs d\u00e9lais . LEARN MORE Contact<\/p>\n","protected":false},"author":3,"featured_media":0,"parent":0,"menu_order":0,"comment_status":"closed","ping_status":"closed","template":"","meta":{"footnotes":""},"class_list":["post-4311","page","type-page","status-publish","hentry","post-wrapper","thrv_wrapper"],"_links":{"self":[{"href":"https:\/\/dolmabahcepalace.gen.tr\/fr\/wp-json\/wp\/v2\/pages\/4311","targetHints":{"allow":["GET"]}}],"collection":[{"href":"https:\/\/dolmabahcepalace.gen.tr\/fr\/wp-json\/wp\/v2\/pages"}],"about":[{"href":"https:\/\/dolmabahcepalace.gen.tr\/fr\/wp-json\/wp\/v2\/types\/page"}],"author":[{"embeddable":true,"href":"https:\/\/dolmabahcepalace.gen.tr\/fr\/wp-json\/wp\/v2\/users\/3"}],"replies":[{"embeddable":true,"href":"https:\/\/dolmabahcepalace.gen.tr\/fr\/wp-json\/wp\/v2\/comments?post=4311"}],"version-history":[{"count":5,"href":"https:\/\/dolmabahcepalace.gen.tr\/fr\/wp-json\/wp\/v2\/pages\/4311\/revisions"}],"predecessor-version":[{"id":4821,"href":"https:\/\/dolmabahcepalace.gen.tr\/fr\/wp-json\/wp\/v2\/pages\/4311\/revisions\/4821"}],"wp:attachment":[{"href":"https:\/\/dolmabahcepalace.gen.tr\/fr\/wp-json\/wp\/v2\/media?parent=4311"}],"curies":[{"name":"wp","href":"https:\/\/api.w.org\/{rel}","templated":true}]}}