{"id":4320,"date":"2024-09-10T17:56:55","date_gmt":"2024-09-10T17:56:55","guid":{"rendered":"https:\/\/dolmabahcepalace.gen.tr\/dolmabahce-palace-skip-the-line-bosphorus-cruise-ticket\/"},"modified":"2025-08-13T09:08:51","modified_gmt":"2025-08-13T09:08:51","slug":"billet-combine-istanbul-entree-au-palais-de-dolmabahce-et-croisiere-sur-le-bosphore","status":"publish","type":"page","link":"https:\/\/dolmabahcepalace.gen.tr\/fr\/billet-combine-istanbul-entree-au-palais-de-dolmabahce-et-croisiere-sur-le-bosphore\/","title":{"rendered":"Billet combin\u00e9 Istanbul : Entr\u00e9e au Palais de Dolmabah\u00e7e et Croisi\u00e8re sur le Bosphore"},"content":{"rendered":"<p><span><img decoding=\"async\" alt=\"\" data-id=\"3694\" width=\"2374\" height=\"1322\" title=\"Visite de la Mosqu\u00e9e Bleue, billet pour la Citerne Basilique et croisi\u00e8re sur le Bosphore 2\" src=\"https:\/\/dolmabahcepalace.gen.tr\/wp-content\/uploads\/2024\/09\/Blue-Mosque-Tour-Basilica-Cistern-Ticket-Bosphorus-Cruise-2-1024x570.png\" data-src=\"https:\/\/dolmabahcepalace.gen.tr\/wp-content\/uploads\/2024\/09\/Blue-Mosque-Tour-Basilica-Cistern-Ticket-Bosphorus-Cruise-2-300x167.png\" loading=\"lazy\" data-sizes=\"{&quot;thumbnail&quot;:{&quot;url&quot;:&quot;https:\/\/dolmabahcepalace.gen.tr\/wp-content\/uploads\/2024\/09\/Blue-Mosque-Tour-Basilica-Cistern-Ticket-Bosphorus-Cruise-2-150x150.png&quot;,&quot;height&quot;:150,&quot;width&quot;:150,&quot;orientation&quot;:&quot;landscape&quot;},&quot;medium&quot;:{&quot;url&quot;:&quot;https:\/\/dolmabahcepalace.gen.tr\/wp-content\/uploads\/2024\/09\/Blue-Mosque-Tour-Basilica-Cistern-Ticket-Bosphorus-Cruise-2-300x167.png&quot;,&quot;height&quot;:167,&quot;width&quot;:300,&quot;orientation&quot;:&quot;landscape&quot;},&quot;large&quot;:{&quot;url&quot;:&quot;https:\/\/dolmabahcepalace.gen.tr\/wp-content\/uploads\/2024\/09\/Blue-Mosque-Tour-Basilica-Cistern-Ticket-Bosphorus-Cruise-2-1024x570.png&quot;,&quot;height&quot;:570,&quot;width&quot;:1024,&quot;orientation&quot;:&quot;landscape&quot;},&quot;full&quot;:{&quot;url&quot;:&quot;https:\/\/dolmabahcepalace.gen.tr\/wp-content\/uploads\/2024\/09\/Blue-Mosque-Tour-Basilica-Cistern-Ticket-Bosphorus-Cruise-2.png&quot;,&quot;height&quot;:1322,&quot;width&quot;:2374,&quot;orientation&quot;:&quot;landscape&quot;},&quot;1536x1536&quot;:{&quot;url&quot;:&quot;https:\/\/dolmabahcepalace.gen.tr\/wp-content\/uploads\/2024\/09\/Blue-Mosque-Tour-Basilica-Cistern-Ticket-Bosphorus-Cruise-2-1536x855.png&quot;,&quot;height&quot;:855,&quot;width&quot;:1536,&quot;orientation&quot;:&quot;landscape&quot;},&quot;2048x2048&quot;:{&quot;url&quot;:&quot;https:\/\/dolmabahcepalace.gen.tr\/wp-content\/uploads\/2024\/09\/Blue-Mosque-Tour-Basilica-Cistern-Ticket-Bosphorus-Cruise-2-2048x1140.png&quot;,&quot;height&quot;:1140,&quot;width&quot;:2048,&quot;orientation&quot;:&quot;landscape&quot;}}\"><\/span><span><img decoding=\"async\" alt=\"\" data-id=\"3700\" width=\"2376\" height=\"1318\" title=\"Billet coupe-file pour le palais de Dolmabah\u00e7e et croisi\u00e8re sur le Bosphore 22\" src=\"https:\/\/dolmabahcepalace.gen.tr\/wp-content\/uploads\/2024\/09\/Dolmabahce-Palace-Skip-the-Ticket-Line-Bosphorus-Cruise-22-1024x568.png\" data-src=\"https:\/\/dolmabahcepalace.gen.tr\/wp-content\/uploads\/2024\/09\/Dolmabahce-Palace-Skip-the-Ticket-Line-Bosphorus-Cruise-22-300x166.png\" loading=\"lazy\" data-sizes=\"{&quot;thumbnail&quot;:{&quot;url&quot;:&quot;https:\/\/dolmabahcepalace.gen.tr\/wp-content\/uploads\/2024\/09\/Dolmabahce-Palace-Skip-the-Ticket-Line-Bosphorus-Cruise-22-150x150.png&quot;,&quot;height&quot;:150,&quot;width&quot;:150,&quot;orientation&quot;:&quot;landscape&quot;},&quot;medium&quot;:{&quot;url&quot;:&quot;https:\/\/dolmabahcepalace.gen.tr\/wp-content\/uploads\/2024\/09\/Dolmabahce-Palace-Skip-the-Ticket-Line-Bosphorus-Cruise-22-300x166.png&quot;,&quot;height&quot;:166,&quot;width&quot;:300,&quot;orientation&quot;:&quot;landscape&quot;},&quot;large&quot;:{&quot;url&quot;:&quot;https:\/\/dolmabahcepalace.gen.tr\/wp-content\/uploads\/2024\/09\/Dolmabahce-Palace-Skip-the-Ticket-Line-Bosphorus-Cruise-22-1024x568.png&quot;,&quot;height&quot;:568,&quot;width&quot;:1024,&quot;orientation&quot;:&quot;landscape&quot;},&quot;full&quot;:{&quot;url&quot;:&quot;https:\/\/dolmabahcepalace.gen.tr\/wp-content\/uploads\/2024\/09\/Dolmabahce-Palace-Skip-the-Ticket-Line-Bosphorus-Cruise-22.png&quot;,&quot;height&quot;:1318,&quot;width&quot;:2376,&quot;orientation&quot;:&quot;landscape&quot;},&quot;1536x1536&quot;:{&quot;url&quot;:&quot;https:\/\/dolmabahcepalace.gen.tr\/wp-content\/uploads\/2024\/09\/Dolmabahce-Palace-Skip-the-Ticket-Line-Bosphorus-Cruise-22-1536x852.png&quot;,&quot;height&quot;:852,&quot;width&quot;:1536,&quot;orientation&quot;:&quot;landscape&quot;},&quot;2048x2048&quot;:{&quot;url&quot;:&quot;https:\/\/dolmabahcepalace.gen.tr\/wp-content\/uploads\/2024\/09\/Dolmabahce-Palace-Skip-the-Ticket-Line-Bosphorus-Cruise-22-2048x1136.png&quot;,&quot;height&quot;:1136,&quot;width&quot;:2048,&quot;orientation&quot;:&quot;landscape&quot;}}\"><\/span><span><img decoding=\"async\" alt=\"\" data-id=\"3703\" width=\"2372\" height=\"1318\" title=\"Billet coupe-file pour le palais de Dolmabah\u00e7e et croisi\u00e8re sur le Bosphore 33\" src=\"https:\/\/dolmabahcepalace.gen.tr\/wp-content\/uploads\/2024\/09\/Dolmabahce-Palace-Skip-the-Ticket-Line-Bosphorus-Cruise33-1024x569.png\" data-src=\"https:\/\/dolmabahcepalace.gen.tr\/wp-content\/uploads\/2024\/09\/Dolmabahce-Palace-Skip-the-Ticket-Line-Bosphorus-Cruise33-300x167.png\" loading=\"lazy\" data-sizes=\"{&quot;thumbnail&quot;:{&quot;url&quot;:&quot;https:\/\/dolmabahcepalace.gen.tr\/wp-content\/uploads\/2024\/09\/Dolmabahce-Palace-Skip-the-Ticket-Line-Bosphorus-Cruise33-150x150.png&quot;,&quot;height&quot;:150,&quot;width&quot;:150,&quot;orientation&quot;:&quot;landscape&quot;},&quot;medium&quot;:{&quot;url&quot;:&quot;https:\/\/dolmabahcepalace.gen.tr\/wp-content\/uploads\/2024\/09\/Dolmabahce-Palace-Skip-the-Ticket-Line-Bosphorus-Cruise33-300x167.png&quot;,&quot;height&quot;:167,&quot;width&quot;:300,&quot;orientation&quot;:&quot;landscape&quot;},&quot;large&quot;:{&quot;url&quot;:&quot;https:\/\/dolmabahcepalace.gen.tr\/wp-content\/uploads\/2024\/09\/Dolmabahce-Palace-Skip-the-Ticket-Line-Bosphorus-Cruise33-1024x569.png&quot;,&quot;height&quot;:569,&quot;width&quot;:1024,&quot;orientation&quot;:&quot;landscape&quot;},&quot;full&quot;:{&quot;url&quot;:&quot;https:\/\/dolmabahcepalace.gen.tr\/wp-content\/uploads\/2024\/09\/Dolmabahce-Palace-Skip-the-Ticket-Line-Bosphorus-Cruise33.png&quot;,&quot;height&quot;:1318,&quot;width&quot;:2372,&quot;orientation&quot;:&quot;landscape&quot;},&quot;1536x1536&quot;:{&quot;url&quot;:&quot;https:\/\/dolmabahcepalace.gen.tr\/wp-content\/uploads\/2024\/09\/Dolmabahce-Palace-Skip-the-Ticket-Line-Bosphorus-Cruise33-1536x853.png&quot;,&quot;height&quot;:853,&quot;width&quot;:1536,&quot;orientation&quot;:&quot;landscape&quot;},&quot;2048x2048&quot;:{&quot;url&quot;:&quot;https:\/\/dolmabahcepalace.gen.tr\/wp-content\/uploads\/2024\/09\/Dolmabahce-Palace-Skip-the-Ticket-Line-Bosphorus-Cruise33-2048x1138.png&quot;,&quot;height&quot;:1138,&quot;width&quot;:2048,&quot;orientation&quot;:&quot;landscape&quot;}}\"><\/span><span><img decoding=\"async\" alt=\"\" data-id=\"3706\" width=\"2374\" height=\"1316\" title=\"Billets pour le palais de Dolmabah\u00e7e avec entr\u00e9e rapide et audioguide\" src=\"https:\/\/dolmabahcepalace.gen.tr\/wp-content\/uploads\/2024\/09\/Dolmabahce-Palace-Tickets-with-Fast-Track-Entry-Audio-Guide-5-1024x568.png\" data-src=\"https:\/\/dolmabahcepalace.gen.tr\/wp-content\/uploads\/2024\/09\/Dolmabahce-Palace-Tickets-with-Fast-Track-Entry-Audio-Guide-5-300x166.png\" loading=\"lazy\" data-sizes=\"{&quot;thumbnail&quot;:{&quot;url&quot;:&quot;https:\/\/dolmabahcepalace.gen.tr\/wp-content\/uploads\/2024\/09\/Dolmabahce-Palace-Tickets-with-Fast-Track-Entry-Audio-Guide-5-150x150.png&quot;,&quot;height&quot;:150,&quot;width&quot;:150,&quot;orientation&quot;:&quot;landscape&quot;},&quot;medium&quot;:{&quot;url&quot;:&quot;https:\/\/dolmabahcepalace.gen.tr\/wp-content\/uploads\/2024\/09\/Dolmabahce-Palace-Tickets-with-Fast-Track-Entry-Audio-Guide-5-300x166.png&quot;,&quot;height&quot;:166,&quot;width&quot;:300,&quot;orientation&quot;:&quot;landscape&quot;},&quot;large&quot;:{&quot;url&quot;:&quot;https:\/\/dolmabahcepalace.gen.tr\/wp-content\/uploads\/2024\/09\/Dolmabahce-Palace-Tickets-with-Fast-Track-Entry-Audio-Guide-5-1024x568.png&quot;,&quot;height&quot;:568,&quot;width&quot;:1024,&quot;orientation&quot;:&quot;landscape&quot;},&quot;full&quot;:{&quot;url&quot;:&quot;https:\/\/dolmabahcepalace.gen.tr\/wp-content\/uploads\/2024\/09\/Dolmabahce-Palace-Tickets-with-Fast-Track-Entry-Audio-Guide-5.png&quot;,&quot;height&quot;:1316,&quot;width&quot;:2374,&quot;orientation&quot;:&quot;landscape&quot;},&quot;1536x1536&quot;:{&quot;url&quot;:&quot;https:\/\/dolmabahcepalace.gen.tr\/wp-content\/uploads\/2024\/09\/Dolmabahce-Palace-Tickets-with-Fast-Track-Entry-Audio-Guide-5-1536x851.png&quot;,&quot;height&quot;:851,&quot;width&quot;:1536,&quot;orientation&quot;:&quot;landscape&quot;},&quot;2048x2048&quot;:{&quot;url&quot;:&quot;https:\/\/dolmabahcepalace.gen.tr\/wp-content\/uploads\/2024\/09\/Dolmabahce-Palace-Tickets-with-Fast-Track-Entry-Audio-Guide-5-2048x1135.png&quot;,&quot;height&quot;:1135,&quot;width&quot;:2048,&quot;orientation&quot;:&quot;landscape&quot;}}\"><\/span><span><img decoding=\"async\" alt=\"\" data-id=\"3697\" width=\"2344\" height=\"1302\" title=\"Billet coupe-file pour le palais de Dolmabah\u00e7e et croisi\u00e8re sur le Bosphore\" src=\"https:\/\/dolmabahcepalace.gen.tr\/wp-content\/uploads\/2024\/09\/Dolmabahce-Palace-Skip-the-Ticket-Line-Bosphorus-Cruise-1-1024x569.png\" data-src=\"https:\/\/dolmabahcepalace.gen.tr\/wp-content\/uploads\/2024\/09\/Dolmabahce-Palace-Skip-the-Ticket-Line-Bosphorus-Cruise-1-300x167.png\" loading=\"lazy\" data-sizes=\"{&quot;thumbnail&quot;:{&quot;url&quot;:&quot;https:\/\/dolmabahcepalace.gen.tr\/wp-content\/uploads\/2024\/09\/Dolmabahce-Palace-Skip-the-Ticket-Line-Bosphorus-Cruise-1-150x150.png&quot;,&quot;height&quot;:150,&quot;width&quot;:150,&quot;orientation&quot;:&quot;landscape&quot;},&quot;medium&quot;:{&quot;url&quot;:&quot;https:\/\/dolmabahcepalace.gen.tr\/wp-content\/uploads\/2024\/09\/Dolmabahce-Palace-Skip-the-Ticket-Line-Bosphorus-Cruise-1-300x167.png&quot;,&quot;height&quot;:167,&quot;width&quot;:300,&quot;orientation&quot;:&quot;landscape&quot;},&quot;large&quot;:{&quot;url&quot;:&quot;https:\/\/dolmabahcepalace.gen.tr\/wp-content\/uploads\/2024\/09\/Dolmabahce-Palace-Skip-the-Ticket-Line-Bosphorus-Cruise-1-1024x569.png&quot;,&quot;height&quot;:569,&quot;width&quot;:1024,&quot;orientation&quot;:&quot;landscape&quot;},&quot;full&quot;:{&quot;url&quot;:&quot;https:\/\/dolmabahcepalace.gen.tr\/wp-content\/uploads\/2024\/09\/Dolmabahce-Palace-Skip-the-Ticket-Line-Bosphorus-Cruise-1.png&quot;,&quot;height&quot;:1302,&quot;width&quot;:2344,&quot;orientation&quot;:&quot;landscape&quot;},&quot;1536x1536&quot;:{&quot;url&quot;:&quot;https:\/\/dolmabahcepalace.gen.tr\/wp-content\/uploads\/2024\/09\/Dolmabahce-Palace-Skip-the-Ticket-Line-Bosphorus-Cruise-1-1536x853.png&quot;,&quot;height&quot;:853,&quot;width&quot;:1536,&quot;orientation&quot;:&quot;landscape&quot;},&quot;2048x2048&quot;:{&quot;url&quot;:&quot;https:\/\/dolmabahcepalace.gen.tr\/wp-content\/uploads\/2024\/09\/Dolmabahce-Palace-Skip-the-Ticket-Line-Bosphorus-Cruise-1-2048x1138.png&quot;,&quot;height&quot;:1138,&quot;width&quot;:2048,&quot;orientation&quot;:&quot;landscape&quot;}}\"><\/span><\/p>\n<h1 dir=\"ltr\">Billet coupe-file pour le palais de Dolmabah\u00e7e et croisi\u00e8re sur le Bosphore<\/h1>\n<h2><a href=\"https:\/\/megapass.com\/tours-tickets\/dolmabahce-palace-skip-the-ticket-line-and-bosphorus-cruise-i2249?discountCode=ma-places\" target=\"_blank\" rel=\"nofollow noopener\" style=\"outline: none;\">Make a reservation<\/a><\/h2>\n<h1><a href=\"https:\/\/megapass.com\/tours-tickets\/dolmabahce-palace-skip-the-ticket-line-and-bosphorus-cruise-i2249?discountCode=ma-places\" target=\"_blank\" rel=\"nofollow noopener\" style=\"outline: none;\"><strong>\u20ac48.00<\/strong><\/a><\/h1>\n<p dir=\"ltr\">D\u00e9couvrez l&rsquo;opulence du palais de Dolmabah\u00e7e avec un acc\u00e8s coupe-file et explorez ses int\u00e9rieurs et jardins \u00e9poustouflants. Compl\u00e9tez votre exp\u00e9rience par une croisi\u00e8re panoramique sur le Bosphore, offrant une vue imprenable sur les toits d&rsquo;Istanbul et ses monuments historiques.<\/p>\n<ul>\n<li style=\"\"><span>Cueilli \u00e0 la main<\/span><\/li>\n<li style=\"\"><span>Billet mobile &nbsp;<\/span><\/li>\n<li style=\"\">                    <span>Confirmation instantan\u00e9e<\/span><\/li>\n<li style=\"\"><span>Voie rapide<\/span><\/li>\n<li style=\"\"><span>Annulation gratuite<\/span><\/li>\n<\/ul>\n<h2>Ce qui est inclus<\/h2>\n<ul>\n<li><span>Entr\u00e9e au palais de Dolmabah\u00e7e, y compris la section Harem<\/span><\/li>\n<li><span>Acc\u00e8s coupe-file au palais de Dolmabah\u00e7e<\/span><\/li>\n<li><span>Audioguide du palais de Dolmabah\u00e7e (disponible en plus de 10 langues)<\/span><\/li>\n<li><span>Croisi\u00e8re de 90 minutes sur le Bosphore<\/span><\/li>\n<li><span>Audioguide pour la croisi\u00e8re sur le Bosphore (disponible en 5 langues)<\/span><\/li>\n<\/ul>\n<h2>Ce qui n&rsquo;est pas inclus<\/h2>\n<ul>\n<li style=\"\"><span>Acc\u00e8s coupe-file pour la s\u00e9curit\u00e9<\/span><\/li>\n<li><span>Nourriture et boissons<\/span><\/li>\n<li style=\"\"><span>Guide sur place pour le palais de Dolmabahce ou croisi\u00e8re<\/span><\/li>\n<\/ul>\n<h2>Informations importantes<\/h2>\n<ul>\n<li style=\"\"><span>Horaires d&rsquo;ouverture du palais de Dolmabah\u00e7e : 9h00 \u2013 18h00 (derni\u00e8re entr\u00e9e \u00e0 17h00, ferm\u00e9 le lundi)<\/span><\/li>\n<li><span>La croisi\u00e8re sur le Bosphore part tous les jours \u00e0 10h30, 11h45, 12h45, 13h45 et 14h45<\/span><\/li>\n<li><span>Le point de d\u00e9part de la croisi\u00e8re se trouve \u00e0 5 minutes \u00e0 pied du palais de Dolmabah\u00e7e<\/span><\/li>\n<li><span>Les contr\u00f4les de s\u00e9curit\u00e9 peuvent entra\u00eener de courts retards pendant la haute saison<\/span><\/li>\n<li><span>Assurez-vous que votre t\u00e9l\u00e9phone est charg\u00e9 pour utiliser l&rsquo;audioguide<\/span><\/li>\n<\/ul>\n<h2 style=\"\">Propos\u00e9 en collaboration avec notre partenaire :<\/h2>\n<p><span><img decoding=\"async\" alt=\"\" data-id=\"3006\" width=\"129\" data-init-width=\"265\" height=\"75\" data-init-height=\"153\" title=\"MegaPass\" loading=\"lazy\" src=\"https:\/\/dolmabahcepalace.gen.tr\/wp-content\/uploads\/2024\/05\/MegaPass.png\" data-width=\"129\" data-height=\"75\" style=\"aspect-ratio: auto 265 \/ 153;\"><\/span><\/p>\n<p>Dolmabahcepalace.gen.tr facilite les paiements, tandis que MegaPass est le commer\u00e7ant officiel. Les conditions g\u00e9n\u00e9rales restent inchang\u00e9es.<\/p>\n<p><a href=\"https:\/\/megapass.com\/tours-tickets\/dolmabahce-palace-skip-the-ticket-line-and-bosphorus-cruise-i2249?discountCode=ma-places\" target=\"_blank\" rel=\"nofollow noopener\" style=\"outline: none;\" data-lt-tmp-id=\"lt-493231\" spellcheck=\"false\">Cliquez ici si vous pr\u00e9f\u00e9rez r\u00e9server sur le site MegaPass.<\/a><\/p>\n<h2>Description:<\/h2>\n<p dir=\"ltr\">Plongez dans la splendeur d&rsquo;Istanbul avec <strong>un billet coupe-file pour le palais de Dolmabah\u00e7e,<\/strong> o\u00f9 vous pourrez admirer ses int\u00e9rieurs somptueux et ses magnifiques jardins paysagers. D\u00e9couvrez la riche histoire du palais gr\u00e2ce \u00e0 un <strong>audioguide<\/strong> avant de partir pour une <strong>croisi\u00e8re relaxante sur le Bosphore.<\/strong> Admirez la vue imprenable sur <strong>les monuments embl\u00e9matiques d&rsquo;Istanbul depuis l&rsquo;eau<\/strong> , cr\u00e9ant un parfait m\u00e9lange d&rsquo;exploration culturelle et de beaut\u00e9 des paysages.<\/p>\n<h2>Points forts:<\/h2>\n<ul>\n<li dir=\"ltr\">\u00c9vitez les longues files d&rsquo;attente pour les billets au palais de Dolmabah\u00e7e<\/li>\n<li dir=\"ltr\">Explorez les int\u00e9rieurs opulents et les jardins tranquilles du palais<\/li>\n<li dir=\"ltr\">Profitez d&rsquo;une croisi\u00e8re de 90 minutes sur le Bosphore avec une vue imprenable sur les toits d&rsquo;Istanbul<\/li>\n<li dir=\"ltr\">Audioguides pour le palais et la croisi\u00e8re en plusieurs langues<\/li>\n<li dir=\"ltr\">D\u00e9couvrez le lien du palais avec l&rsquo;histoire ottomane et Mustafa Kemal Atat\u00fcrk<\/li>\n<\/ul>\n<h2>Palais de Dolmabah\u00e7e<\/h2>\n<p dir=\"ltr\">Vi\u015fnezade, Dolmabah\u00e7e Cd., 34357 Be\u015fikta\u015f\/Istanbul<\/p>\n<h2>Politique d&rsquo;annulation<\/h2>\n<p dir=\"ltr\">Annulation gratuite 24 heures avant le d\u00e9but de l&rsquo;activit\u00e9.<\/p>\n<h2>Point de rendez-vous et instructions<\/h2>\n<p dir=\"ltr\">\u00c9changez votre billet au Palais de Dolmabah\u00e7e, Vi\u015fnezade, Dolmabah\u00e7e Cd., 34357 Be\u015fikta\u015f\/Istanbul. Pr\u00e9sentez votre bon et une pi\u00e8ce d&rsquo;identit\u00e9 valide au point d&rsquo;\u00e9change.<\/p>\n<p><a href=\"https:\/\/maps.app.goo.gl\/sY2oxjpUd5ADBcXV8\" target=\"_blank\" rel=\"nofollow noopener\" style=\"outline: none;\" data-lt-tmp-id=\"lt-581789\" spellcheck=\"false\">Ouvrir dans Maps<\/a><\/p>\n<h2>Quelques activit\u00e9s que vous pourriez aimer<\/h2>\n<p><span># <\/span><strong><span>2<\/span><\/strong><span># <\/span><strong><span>2<\/span><\/strong><span><img decoding=\"async\" alt=\"\" data-id=\"3667\" width=\"159\" data-init-width=\"2374\" height=\"88\" data-init-height=\"1316\" title=\"Billets pour le palais de Dolmabah\u00e7e avec entr\u00e9e rapide et audioguide\" loading=\"lazy\" src=\"https:\/\/dolmabahcepalace.gen.tr\/wp-content\/uploads\/2024\/09\/Dolmabahce-Palace-Tickets-with-Fast-Track-Entry-Audio-Guide-1.png\" data-width=\"159\" data-height=\"88\" style=\"aspect-ratio: auto 2374 \/ 1316;\"><\/span><\/p>\n<table>\n<tbody>\n<tr>\n<td><a href=\"https:\/\/megapass.com\/tours-tickets\/dolmabahce-palace-skip-the-line-ticket-and-audio-guide-i2513?discountCode=ma-places\" target=\"_blank\" rel=\"nofollow noopener\" style=\"outline: none;\" data-lt-tmp-id=\"lt-569507\" spellcheck=\"false\">Billets pour le palais de Dolmabah\u00e7e avec entr\u00e9e rapide et audioguide<\/a><\/td>\n<\/tr>\n<\/tbody>\n<\/table>\n<p dir=\"ltr\">B\u00e9n\u00e9ficiez d&rsquo;un confort optimal gr\u00e2ce \u00e0 notre billet Dolmabah\u00e7e valable toute la journ\u00e9e&nbsp;! \u00c9vitez les longues files d&rsquo;attente, gagnez jusqu&rsquo;\u00e0 1&nbsp;heure gr\u00e2ce \u00e0 notre entr\u00e9e coupe-file et profitez d&rsquo;un audioguide gratuit. Profitez pleinement de votre visite gr\u00e2ce \u00e0 une flexibilit\u00e9 totale pendant les horaires d&rsquo;ouverture.&nbsp;<\/p>\n<h3 style=\"\">Prix total<\/h3>\n<h3 style=\"\">Vous ne serez pas encore factur\u00e9<\/h3>\n<p><span># <\/span><strong><span>2<\/span><\/strong><span><img decoding=\"async\" alt=\"\" data-id=\"3682\" width=\"159\" data-init-width=\"2362\" height=\"89\" data-init-height=\"1316\" title=\"Billets pour le palais de Dolmabah\u00e7e, Sainte-Sophie et la Citerne Basilique\" loading=\"lazy\" src=\"https:\/\/dolmabahcepalace.gen.tr\/wp-content\/uploads\/2024\/09\/Dolmabahce-Palace-Hagia-Sophia-Basilica-Cistern-Tickets.png\" data-width=\"159\" data-height=\"89\" style=\"aspect-ratio: auto 2362 \/ 1316;\"><\/span><\/p>\n<table>\n<tbody>\n<tr>\n<td><a href=\"https:\/\/megapass.com\/tours-tickets\/dolmabahce-palace-hagia-sophia-and-basilica-cistern-tickets-i2383?discountCode=ma-places\" target=\"_blank\" rel=\"nofollow noopener\" style=\"outline: none;\" data-lt-tmp-id=\"lt-163467\" spellcheck=\"false\">Billets pour le palais de Dolmabah\u00e7e, Sainte-Sophie et la Citerne Basilique<\/a><\/td>\n<\/tr>\n<\/tbody>\n<\/table>\n<p dir=\"ltr\">Maximisez vos \u00e9conomies avec ce forfait 3 en 1, valable 2 jours ! Explorez l&#8217;embl\u00e9matique palais de Dolmabah\u00e7e, Sainte-Sophie et la Citerne Basilique d&rsquo;Istanbul \u00e0 votre rythme. Billets en poche et audioguide \u00e0 port\u00e9e de main, plongez dans leur riche histoire.<\/p>\n<h3 style=\"\">Prix total<\/h3>\n<h3 style=\"\">Vous ne serez pas encore factur\u00e9<\/h3>\n<\/p>\n<h2><a href=\"https:\/\/megapass.com\/tours-tickets\/dolmabahce-palace-skip-the-ticket-line-and-bosphorus-cruise-i2249?discountCode=ma-places\" target=\"_blank\" rel=\"nofollow noopener\" style=\"outline: none;\">Faire une r\u00e9servation<\/a><\/h2>\n<h1><a href=\"https:\/\/megapass.com\/tours-tickets\/dolmabahce-palace-skip-the-ticket-line-and-bosphorus-cruise-i2249?discountCode=ma-places\" target=\"_blank\" rel=\"nofollow noopener\" style=\"outline: none;\"><strong>48,00 \u20ac<\/strong><\/a><\/h1>\n<p style=\"\">Vous ne serez pas encore factur\u00e9<\/p>\n","protected":false},"excerpt":{"rendered":"<p>Billet coupe-file pour le palais de Dolmabah\u00e7e et croisi\u00e8re sur le Bosphore Make a reservation \u20ac48.00 D\u00e9couvrez l&rsquo;opulence du palais de Dolmabah\u00e7e avec un acc\u00e8s coupe-file et explorez ses int\u00e9rieurs et jardins \u00e9poustouflants. Compl\u00e9tez votre exp\u00e9rience par une croisi\u00e8re panoramique sur le Bosphore, offrant une vue imprenable sur les toits d&rsquo;Istanbul et ses monuments historiques. [&hellip;]<\/p>\n","protected":false},"author":3,"featured_media":0,"parent":0,"menu_order":0,"comment_status":"closed","ping_status":"closed","template":"","meta":{"footnotes":""},"class_list":["post-4320","page","type-page","status-publish","hentry","post-wrapper","thrv_wrapper"],"_links":{"self":[{"href":"https:\/\/dolmabahcepalace.gen.tr\/fr\/wp-json\/wp\/v2\/pages\/4320","targetHints":{"allow":["GET"]}}],"collection":[{"href":"https:\/\/dolmabahcepalace.gen.tr\/fr\/wp-json\/wp\/v2\/pages"}],"about":[{"href":"https:\/\/dolmabahcepalace.gen.tr\/fr\/wp-json\/wp\/v2\/types\/page"}],"author":[{"embeddable":true,"href":"https:\/\/dolmabahcepalace.gen.tr\/fr\/wp-json\/wp\/v2\/users\/3"}],"replies":[{"embeddable":true,"href":"https:\/\/dolmabahcepalace.gen.tr\/fr\/wp-json\/wp\/v2\/comments?post=4320"}],"version-history":[{"count":4,"href":"https:\/\/dolmabahcepalace.gen.tr\/fr\/wp-json\/wp\/v2\/pages\/4320\/revisions"}],"predecessor-version":[{"id":4868,"href":"https:\/\/dolmabahcepalace.gen.tr\/fr\/wp-json\/wp\/v2\/pages\/4320\/revisions\/4868"}],"wp:attachment":[{"href":"https:\/\/dolmabahcepalace.gen.tr\/fr\/wp-json\/wp\/v2\/media?parent=4320"}],"curies":[{"name":"wp","href":"https:\/\/api.w.org\/{rel}","templated":true}]}}