{"id":4340,"date":"2024-09-10T17:40:39","date_gmt":"2024-09-10T17:40:39","guid":{"rendered":"https:\/\/dolmabahcepalace.gen.tr\/dolmabahce-palace-fast-track-entry-ticket\/"},"modified":"2025-08-13T09:11:16","modified_gmt":"2025-08-13T09:11:16","slug":"billets-pour-le-palais-de-dolmabahce-avec-acces-rapide-et-guide-audio","status":"publish","type":"page","link":"https:\/\/dolmabahcepalace.gen.tr\/fr\/billets-pour-le-palais-de-dolmabahce-avec-acces-rapide-et-guide-audio\/","title":{"rendered":"Billets pour le palais de Dolmabah\u00e7e avec acc\u00e8s rapide et guide audio"},"content":{"rendered":"<p><span><img decoding=\"async\" alt=\"\" data-id=\"3667\" width=\"2374\" height=\"1316\" title=\"Billets pour le palais de Dolmabah\u00e7e avec entr\u00e9e rapide et audioguide\" src=\"https:\/\/dolmabahcepalace.gen.tr\/wp-content\/uploads\/2024\/09\/Dolmabahce-Palace-Tickets-with-Fast-Track-Entry-Audio-Guide-1-1024x568.png\" data-src=\"https:\/\/dolmabahcepalace.gen.tr\/wp-content\/uploads\/2024\/09\/Dolmabahce-Palace-Tickets-with-Fast-Track-Entry-Audio-Guide-1-300x166.png\" loading=\"lazy\" data-sizes=\"{&quot;thumbnail&quot;:{&quot;url&quot;:&quot;https:\/\/dolmabahcepalace.gen.tr\/wp-content\/uploads\/2024\/09\/Dolmabahce-Palace-Tickets-with-Fast-Track-Entry-Audio-Guide-1-150x150.png&quot;,&quot;height&quot;:150,&quot;width&quot;:150,&quot;orientation&quot;:&quot;landscape&quot;},&quot;medium&quot;:{&quot;url&quot;:&quot;https:\/\/dolmabahcepalace.gen.tr\/wp-content\/uploads\/2024\/09\/Dolmabahce-Palace-Tickets-with-Fast-Track-Entry-Audio-Guide-1-300x166.png&quot;,&quot;height&quot;:166,&quot;width&quot;:300,&quot;orientation&quot;:&quot;landscape&quot;},&quot;large&quot;:{&quot;url&quot;:&quot;https:\/\/dolmabahcepalace.gen.tr\/wp-content\/uploads\/2024\/09\/Dolmabahce-Palace-Tickets-with-Fast-Track-Entry-Audio-Guide-1-1024x568.png&quot;,&quot;height&quot;:568,&quot;width&quot;:1024,&quot;orientation&quot;:&quot;landscape&quot;},&quot;full&quot;:{&quot;url&quot;:&quot;https:\/\/dolmabahcepalace.gen.tr\/wp-content\/uploads\/2024\/09\/Dolmabahce-Palace-Tickets-with-Fast-Track-Entry-Audio-Guide-1.png&quot;,&quot;height&quot;:1316,&quot;width&quot;:2374,&quot;orientation&quot;:&quot;landscape&quot;},&quot;1536x1536&quot;:{&quot;url&quot;:&quot;https:\/\/dolmabahcepalace.gen.tr\/wp-content\/uploads\/2024\/09\/Dolmabahce-Palace-Tickets-with-Fast-Track-Entry-Audio-Guide-1-1536x851.png&quot;,&quot;height&quot;:851,&quot;width&quot;:1536,&quot;orientation&quot;:&quot;landscape&quot;},&quot;2048x2048&quot;:{&quot;url&quot;:&quot;https:\/\/dolmabahcepalace.gen.tr\/wp-content\/uploads\/2024\/09\/Dolmabahce-Palace-Tickets-with-Fast-Track-Entry-Audio-Guide-1-2048x1135.png&quot;,&quot;height&quot;:1135,&quot;width&quot;:2048,&quot;orientation&quot;:&quot;landscape&quot;}}\"><\/span><span><img decoding=\"async\" alt=\"\" data-id=\"3670\" width=\"2382\" height=\"1328\" title=\"Billets pour le palais de Dolmabah\u00e7e avec entr\u00e9e rapide et audioguide 1\" src=\"https:\/\/dolmabahcepalace.gen.tr\/wp-content\/uploads\/2024\/09\/Dolmabahce-Palace-Tickets-with-Fast-Track-Entry-Audio-Guide-1-1-1024x571.png\" data-src=\"https:\/\/dolmabahcepalace.gen.tr\/wp-content\/uploads\/2024\/09\/Dolmabahce-Palace-Tickets-with-Fast-Track-Entry-Audio-Guide-1-1-300x167.png\" loading=\"lazy\" data-sizes=\"{&quot;thumbnail&quot;:{&quot;url&quot;:&quot;https:\/\/dolmabahcepalace.gen.tr\/wp-content\/uploads\/2024\/09\/Dolmabahce-Palace-Tickets-with-Fast-Track-Entry-Audio-Guide-1-1-150x150.png&quot;,&quot;height&quot;:150,&quot;width&quot;:150,&quot;orientation&quot;:&quot;landscape&quot;},&quot;medium&quot;:{&quot;url&quot;:&quot;https:\/\/dolmabahcepalace.gen.tr\/wp-content\/uploads\/2024\/09\/Dolmabahce-Palace-Tickets-with-Fast-Track-Entry-Audio-Guide-1-1-300x167.png&quot;,&quot;height&quot;:167,&quot;width&quot;:300,&quot;orientation&quot;:&quot;landscape&quot;},&quot;large&quot;:{&quot;url&quot;:&quot;https:\/\/dolmabahcepalace.gen.tr\/wp-content\/uploads\/2024\/09\/Dolmabahce-Palace-Tickets-with-Fast-Track-Entry-Audio-Guide-1-1-1024x571.png&quot;,&quot;height&quot;:571,&quot;width&quot;:1024,&quot;orientation&quot;:&quot;landscape&quot;},&quot;full&quot;:{&quot;url&quot;:&quot;https:\/\/dolmabahcepalace.gen.tr\/wp-content\/uploads\/2024\/09\/Dolmabahce-Palace-Tickets-with-Fast-Track-Entry-Audio-Guide-1-1.png&quot;,&quot;height&quot;:1328,&quot;width&quot;:2382,&quot;orientation&quot;:&quot;landscape&quot;},&quot;1536x1536&quot;:{&quot;url&quot;:&quot;https:\/\/dolmabahcepalace.gen.tr\/wp-content\/uploads\/2024\/09\/Dolmabahce-Palace-Tickets-with-Fast-Track-Entry-Audio-Guide-1-1-1536x856.png&quot;,&quot;height&quot;:856,&quot;width&quot;:1536,&quot;orientation&quot;:&quot;landscape&quot;},&quot;2048x2048&quot;:{&quot;url&quot;:&quot;https:\/\/dolmabahcepalace.gen.tr\/wp-content\/uploads\/2024\/09\/Dolmabahce-Palace-Tickets-with-Fast-Track-Entry-Audio-Guide-1-1-2048x1142.png&quot;,&quot;height&quot;:1142,&quot;width&quot;:2048,&quot;orientation&quot;:&quot;landscape&quot;}}\"><\/span><span><img decoding=\"async\" alt=\"\" data-id=\"3673\" width=\"2352\" height=\"1312\" title=\"Billets pour le palais de Dolmabah\u00e7e avec entr\u00e9e rapide et audioguide 2\" src=\"https:\/\/dolmabahcepalace.gen.tr\/wp-content\/uploads\/2024\/09\/Dolmabahce-Palace-Tickets-with-Fast-Track-Entry-Audio-Guide-2-1024x571.png\" data-src=\"https:\/\/dolmabahcepalace.gen.tr\/wp-content\/uploads\/2024\/09\/Dolmabahce-Palace-Tickets-with-Fast-Track-Entry-Audio-Guide-2-300x167.png\" loading=\"lazy\" data-sizes=\"{&quot;thumbnail&quot;:{&quot;url&quot;:&quot;https:\/\/dolmabahcepalace.gen.tr\/wp-content\/uploads\/2024\/09\/Dolmabahce-Palace-Tickets-with-Fast-Track-Entry-Audio-Guide-2-150x150.png&quot;,&quot;height&quot;:150,&quot;width&quot;:150,&quot;orientation&quot;:&quot;landscape&quot;},&quot;medium&quot;:{&quot;url&quot;:&quot;https:\/\/dolmabahcepalace.gen.tr\/wp-content\/uploads\/2024\/09\/Dolmabahce-Palace-Tickets-with-Fast-Track-Entry-Audio-Guide-2-300x167.png&quot;,&quot;height&quot;:167,&quot;width&quot;:300,&quot;orientation&quot;:&quot;landscape&quot;},&quot;large&quot;:{&quot;url&quot;:&quot;https:\/\/dolmabahcepalace.gen.tr\/wp-content\/uploads\/2024\/09\/Dolmabahce-Palace-Tickets-with-Fast-Track-Entry-Audio-Guide-2-1024x571.png&quot;,&quot;height&quot;:571,&quot;width&quot;:1024,&quot;orientation&quot;:&quot;landscape&quot;},&quot;full&quot;:{&quot;url&quot;:&quot;https:\/\/dolmabahcepalace.gen.tr\/wp-content\/uploads\/2024\/09\/Dolmabahce-Palace-Tickets-with-Fast-Track-Entry-Audio-Guide-2.png&quot;,&quot;height&quot;:1312,&quot;width&quot;:2352,&quot;orientation&quot;:&quot;landscape&quot;},&quot;1536x1536&quot;:{&quot;url&quot;:&quot;https:\/\/dolmabahcepalace.gen.tr\/wp-content\/uploads\/2024\/09\/Dolmabahce-Palace-Tickets-with-Fast-Track-Entry-Audio-Guide-2-1536x857.png&quot;,&quot;height&quot;:857,&quot;width&quot;:1536,&quot;orientation&quot;:&quot;landscape&quot;},&quot;2048x2048&quot;:{&quot;url&quot;:&quot;https:\/\/dolmabahcepalace.gen.tr\/wp-content\/uploads\/2024\/09\/Dolmabahce-Palace-Tickets-with-Fast-Track-Entry-Audio-Guide-2-2048x1142.png&quot;,&quot;height&quot;:1142,&quot;width&quot;:2048,&quot;orientation&quot;:&quot;landscape&quot;}}\"><\/span><span><img decoding=\"async\" alt=\"\" data-id=\"3676\" width=\"2328\" height=\"1286\" title=\"Billets pour le palais de Dolmabah\u00e7e avec entr\u00e9e rapide et audioguide 3\" src=\"https:\/\/dolmabahcepalace.gen.tr\/wp-content\/uploads\/2024\/09\/Dolmabahce-Palace-Tickets-with-Fast-Track-Entry-Audio-Guide-3-1024x566.png\" data-src=\"https:\/\/dolmabahcepalace.gen.tr\/wp-content\/uploads\/2024\/09\/Dolmabahce-Palace-Tickets-with-Fast-Track-Entry-Audio-Guide-3-300x166.png\" loading=\"lazy\" data-sizes=\"{&quot;thumbnail&quot;:{&quot;url&quot;:&quot;https:\/\/dolmabahcepalace.gen.tr\/wp-content\/uploads\/2024\/09\/Dolmabahce-Palace-Tickets-with-Fast-Track-Entry-Audio-Guide-3-150x150.png&quot;,&quot;height&quot;:150,&quot;width&quot;:150,&quot;orientation&quot;:&quot;landscape&quot;},&quot;medium&quot;:{&quot;url&quot;:&quot;https:\/\/dolmabahcepalace.gen.tr\/wp-content\/uploads\/2024\/09\/Dolmabahce-Palace-Tickets-with-Fast-Track-Entry-Audio-Guide-3-300x166.png&quot;,&quot;height&quot;:166,&quot;width&quot;:300,&quot;orientation&quot;:&quot;landscape&quot;},&quot;large&quot;:{&quot;url&quot;:&quot;https:\/\/dolmabahcepalace.gen.tr\/wp-content\/uploads\/2024\/09\/Dolmabahce-Palace-Tickets-with-Fast-Track-Entry-Audio-Guide-3-1024x566.png&quot;,&quot;height&quot;:566,&quot;width&quot;:1024,&quot;orientation&quot;:&quot;landscape&quot;},&quot;full&quot;:{&quot;url&quot;:&quot;https:\/\/dolmabahcepalace.gen.tr\/wp-content\/uploads\/2024\/09\/Dolmabahce-Palace-Tickets-with-Fast-Track-Entry-Audio-Guide-3.png&quot;,&quot;height&quot;:1286,&quot;width&quot;:2328,&quot;orientation&quot;:&quot;landscape&quot;},&quot;1536x1536&quot;:{&quot;url&quot;:&quot;https:\/\/dolmabahcepalace.gen.tr\/wp-content\/uploads\/2024\/09\/Dolmabahce-Palace-Tickets-with-Fast-Track-Entry-Audio-Guide-3-1536x848.png&quot;,&quot;height&quot;:848,&quot;width&quot;:1536,&quot;orientation&quot;:&quot;landscape&quot;},&quot;2048x2048&quot;:{&quot;url&quot;:&quot;https:\/\/dolmabahcepalace.gen.tr\/wp-content\/uploads\/2024\/09\/Dolmabahce-Palace-Tickets-with-Fast-Track-Entry-Audio-Guide-3-2048x1131.png&quot;,&quot;height&quot;:1131,&quot;width&quot;:2048,&quot;orientation&quot;:&quot;landscape&quot;}}\"><\/span><span><img decoding=\"async\" alt=\"\" data-id=\"3679\" width=\"2322\" height=\"1292\" title=\"Billets pour le palais de Dolmabah\u00e7e avec entr\u00e9e rapide et audioguide 4\" src=\"https:\/\/dolmabahcepalace.gen.tr\/wp-content\/uploads\/2024\/09\/Dolmabahce-Palace-Tickets-with-Fast-Track-Entry-Audio-Guide-4-1024x570.png\" data-src=\"https:\/\/dolmabahcepalace.gen.tr\/wp-content\/uploads\/2024\/09\/Dolmabahce-Palace-Tickets-with-Fast-Track-Entry-Audio-Guide-4-300x167.png\" loading=\"lazy\" data-sizes=\"{&quot;thumbnail&quot;:{&quot;url&quot;:&quot;https:\/\/dolmabahcepalace.gen.tr\/wp-content\/uploads\/2024\/09\/Dolmabahce-Palace-Tickets-with-Fast-Track-Entry-Audio-Guide-4-150x150.png&quot;,&quot;height&quot;:150,&quot;width&quot;:150,&quot;orientation&quot;:&quot;landscape&quot;},&quot;medium&quot;:{&quot;url&quot;:&quot;https:\/\/dolmabahcepalace.gen.tr\/wp-content\/uploads\/2024\/09\/Dolmabahce-Palace-Tickets-with-Fast-Track-Entry-Audio-Guide-4-300x167.png&quot;,&quot;height&quot;:167,&quot;width&quot;:300,&quot;orientation&quot;:&quot;landscape&quot;},&quot;large&quot;:{&quot;url&quot;:&quot;https:\/\/dolmabahcepalace.gen.tr\/wp-content\/uploads\/2024\/09\/Dolmabahce-Palace-Tickets-with-Fast-Track-Entry-Audio-Guide-4-1024x570.png&quot;,&quot;height&quot;:570,&quot;width&quot;:1024,&quot;orientation&quot;:&quot;landscape&quot;},&quot;full&quot;:{&quot;url&quot;:&quot;https:\/\/dolmabahcepalace.gen.tr\/wp-content\/uploads\/2024\/09\/Dolmabahce-Palace-Tickets-with-Fast-Track-Entry-Audio-Guide-4.png&quot;,&quot;height&quot;:1292,&quot;width&quot;:2322,&quot;orientation&quot;:&quot;landscape&quot;},&quot;1536x1536&quot;:{&quot;url&quot;:&quot;https:\/\/dolmabahcepalace.gen.tr\/wp-content\/uploads\/2024\/09\/Dolmabahce-Palace-Tickets-with-Fast-Track-Entry-Audio-Guide-4-1536x855.png&quot;,&quot;height&quot;:855,&quot;width&quot;:1536,&quot;orientation&quot;:&quot;landscape&quot;},&quot;2048x2048&quot;:{&quot;url&quot;:&quot;https:\/\/dolmabahcepalace.gen.tr\/wp-content\/uploads\/2024\/09\/Dolmabahce-Palace-Tickets-with-Fast-Track-Entry-Audio-Guide-4-2048x1140.png&quot;,&quot;height&quot;:1140,&quot;width&quot;:2048,&quot;orientation&quot;:&quot;landscape&quot;}}\"><\/span><\/p>\n<h1 dir=\"ltr\">Billets pour le palais de Dolmabah\u00e7e avec entr\u00e9e rapide et audioguide<\/h1>\n<h2><a href=\"https:\/\/megapass.com\/tours-tickets\/dolmabahce-palace-skip-the-line-ticket-and-audio-guide-i2513?discountCode=ma-places\" target=\"_blank\" rel=\"nofollow noopener\" style=\"outline: none;\">Make a reservation<\/a><\/h2>\n<h1><a href=\"https:\/\/megapass.com\/tours-tickets\/dolmabahce-palace-skip-the-line-ticket-and-audio-guide-i2513?discountCode=ma-places\" target=\"_blank\" rel=\"nofollow noopener\" style=\"outline: none;\" spellcheck=\"false\"><span style=\"font-weight: normal;\">From \u20ac<\/span><strong>46.50<\/strong><\/a><\/h1>\n<p dir=\"ltr\">D\u00e9couvrez la beaut\u00e9 du palais de Dolmabah\u00e7e gr\u00e2ce \u00e0 une entr\u00e9e coupe-file et un audioguide gratuit. \u00c9vitez les longues files d&rsquo;attente, profitez d&rsquo;un acc\u00e8s flexible toute la journ\u00e9e et plongez dans l&rsquo;architecture \u00e9poustouflante et la riche histoire de ce monument embl\u00e9matique.<\/p>\n<ul>\n<li style=\"\"><span>Cueilli \u00e0 la main<\/span><\/li>\n<li style=\"\"><span>Billet mobile &nbsp;<\/span><\/li>\n<li style=\"\">                    <span>Confirmation instantan\u00e9e<\/span><\/li>\n<li style=\"\"><span>Voie rapide<\/span><\/li>\n<li style=\"\"><span>Annulation gratuite<\/span><\/li>\n<\/ul>\n<h2>Ce qui est inclus<\/h2>\n<ul>\n<li><span>Billet d&rsquo;entr\u00e9e au palais de Dolmabahce<\/span><\/li>\n<li><span>Acc\u00e8s rapide aux files d&rsquo;attente des billets<\/span><\/li>\n<li><span>Audioguide en plus de 10 langues<\/span><\/li>\n<\/ul>\n<h2>Ce qui n&rsquo;est pas inclus<\/h2>\n<ul>\n<li style=\"\"><span>Acc\u00e8s coupe-file pour la s\u00e9curit\u00e9<\/span><\/li>\n<li style=\"\"><span>Guide touristique sur place<\/span><\/li>\n<\/ul>\n<h2>Informations importantes<\/h2>\n<ul>\n<li style=\"\"><span>Horaires d&rsquo;ouverture du palais de Dolmabah\u00e7e : Tous les jours de 9h \u00e0 18h (ferm\u00e9 le lundi)<\/span><\/li>\n<li><span>Derni\u00e8re entr\u00e9e \u00e0 17h<\/span><\/li>\n<li><span>Le contr\u00f4le de s\u00e9curit\u00e9 peut prendre jusqu&rsquo;\u00e0 15 minutes pendant la haute saison<\/span><\/li>\n<li><span>Audioguide disponible en plusieurs langues pour votre smartphone<\/span><\/li>\n<li><span>Apportez vos propres \u00e9couteurs pour l&rsquo;audioguide<\/span><\/li>\n<\/ul>\n<h2 style=\"\">Propos\u00e9 en collaboration avec notre partenaire :<\/h2>\n<p><span><img decoding=\"async\" alt=\"\" data-id=\"3006\" width=\"129\" data-init-width=\"265\" height=\"75\" data-init-height=\"153\" title=\"MegaPass\" loading=\"lazy\" src=\"https:\/\/dolmabahcepalace.gen.tr\/wp-content\/uploads\/2024\/05\/MegaPass.png\" data-width=\"129\" data-height=\"75\" style=\"aspect-ratio: auto 265 \/ 153;\"><\/span><\/p>\n<p>Dolmabahcepalace.gen.tr facilite les paiements, tandis que MegaPass est le commer\u00e7ant officiel. Les conditions g\u00e9n\u00e9rales restent inchang\u00e9es.<\/p>\n<p><a href=\"https:\/\/megapass.com\/tours-tickets\/dolmabahce-palace-skip-the-line-ticket-and-audio-guide-i2513?discountCode=ma-places\" target=\"_blank\" rel=\"nofollow noopener\" style=\"outline: none;\" data-lt-tmp-id=\"lt-493231\" spellcheck=\"false\">Cliquez ici si vous pr\u00e9f\u00e9rez r\u00e9server sur le site MegaPass.<\/a><\/p>\n<h2>Description:<\/h2>\n<p dir=\"ltr\">D\u00e9couvrez le palais de Dolmabah\u00e7e gr\u00e2ce \u00e0 l&rsquo; <strong>entr\u00e9e coupe-file,<\/strong> qui vous permet d&rsquo; <strong>\u00e9viter les longues files d&rsquo;attente<\/strong> . <strong>Explorez le palais \u00e0 votre rythme gr\u00e2ce \u00e0 un <\/strong><strong>audioguide<\/strong> informatif disponible en <strong>plusieurs langues<\/strong> . \u00c9merveillez-vous devant la grandeur de ce <strong>joyau ottoman<\/strong> et ses <strong>d\u00e9tails architecturaux \u00e9poustouflants,<\/strong> tout en b\u00e9n\u00e9ficiant d&rsquo;une entr\u00e9e flexible tout au long de la journ\u00e9e.<\/p>\n<h2>Points forts:<\/h2>\n<ul>\n<li dir=\"ltr\">Entr\u00e9e rapide pour \u00e9viter les files d&rsquo;attente aux billets<\/li>\n<li dir=\"ltr\">Explorez le palais de Dolmabah\u00e7e avec un audioguide<\/li>\n<li dir=\"ltr\">Acc\u00e8s flexible toute la journ\u00e9e pendant les heures d&rsquo;ouverture<\/li>\n<li dir=\"ltr\">D\u00e9couvrez l&rsquo;histoire et l&rsquo;architecture du palais \u00e0 votre rythme<\/li>\n<\/ul>\n<h3 dir=\"ltr\">Palais de Dolmabah\u00e7e<\/h3>\n<p dir=\"ltr\">Vi\u015fnezade, Dolmabah\u00e7e Cd., 34357 Be\u015fikta\u015f\/Istanbul<\/p>\n<h2>Politique d&rsquo;annulation<\/h2>\n<p dir=\"ltr\">Annulation gratuite 24 heures avant le d\u00e9but de l&rsquo;activit\u00e9.<\/p>\n<h2>Point de rendez-vous et instructions<\/h2>\n<p dir=\"ltr\">\u00c9changez votre billet au Palais de Dolmabah\u00e7e, Vi\u015fnezade, Dolmabah\u00e7e Cd., 34357 Be\u015fikta\u015f\/Istanbul. Pr\u00e9sentez votre bon et une pi\u00e8ce d&rsquo;identit\u00e9 valide au point d&rsquo;\u00e9change.<\/p>\n<p><a href=\"https:\/\/maps.app.goo.gl\/sY2oxjpUd5ADBcXV8\" target=\"_blank\" rel=\"nofollow noopener\" style=\"outline: none;\" data-lt-tmp-id=\"lt-581789\" spellcheck=\"false\">Ouvrir dans Maps<\/a><\/p>\n<h2>Quelques activit\u00e9s que vous pourriez aimer<\/h2>\n<p><span># <\/span><strong><span>2<\/span><\/strong><span># <\/span><strong><span>2<\/span><\/strong><span><img decoding=\"async\" alt=\"Billet coupe-file pour le palais de Dolmabah\u00e7e et croisi\u00e8re sur le Bosphore\" data-id=\"3685\" width=\"159\" data-init-width=\"2344\" height=\"88\" data-init-height=\"1302\" title=\"Billet coupe-file pour le palais de Dolmabah\u00e7e et croisi\u00e8re sur le Bosphore\" loading=\"lazy\" src=\"https:\/\/dolmabahcepalace.gen.tr\/wp-content\/uploads\/2024\/09\/Dolmabahce-Palace-Skip-the-Ticket-Line-Bosphorus-Cruise.png\" data-width=\"159\" data-height=\"88\" style=\"aspect-ratio: auto 2344 \/ 1302;\"><\/span><\/p>\n<table>\n<tbody>\n<tr>\n<td><a href=\"https:\/\/megapass.com\/tours-tickets\/dolmabahce-palace-skip-the-ticket-line-and-bosphorus-cruise-i2249?discountCode=ma-places\" target=\"_blank\" rel=\"nofollow noopener\" style=\"outline: none;\" data-lt-tmp-id=\"lt-569507\" spellcheck=\"false\">Billet coupe-file pour le palais de Dolmabah\u00e7e et croisi\u00e8re sur le Bosphore<\/a><\/td>\n<\/tr>\n<\/tbody>\n<\/table>\n<p dir=\"ltr\">\u00c9vitez les files d&rsquo;attente au palais de Dolmabah\u00e7e et admirez ses int\u00e9rieurs somptueux et ses magnifiques jardins. Sublimez votre exp\u00e9rience avec une croisi\u00e8re panoramique sur le Bosphore, offrant une vue imprenable sur Istanbul.&nbsp;<\/p>\n<h3 style=\"\">Prix total<\/h3>\n<h3 style=\"\">Vous ne serez pas encore factur\u00e9<\/h3>\n<p><span># <\/span><strong><span>2<\/span><\/strong><span><img decoding=\"async\" alt=\"\" data-id=\"3682\" width=\"159\" data-init-width=\"2362\" height=\"89\" data-init-height=\"1316\" title=\"Billets pour le palais de Dolmabah\u00e7e, Sainte-Sophie et la Citerne Basilique\" loading=\"lazy\" src=\"https:\/\/dolmabahcepalace.gen.tr\/wp-content\/uploads\/2024\/09\/Dolmabahce-Palace-Hagia-Sophia-Basilica-Cistern-Tickets.png\" data-width=\"159\" data-height=\"89\" style=\"aspect-ratio: auto 2362 \/ 1316;\"><\/span><\/p>\n<table>\n<tbody>\n<tr>\n<td><a href=\"https:\/\/megapass.com\/tours-tickets\/dolmabahce-palace-hagia-sophia-and-basilica-cistern-tickets-i2383?discountCode=ma-places\" target=\"_blank\" rel=\"nofollow noopener\" style=\"outline: none;\" data-lt-tmp-id=\"lt-163467\" spellcheck=\"false\">Billets pour le palais de Dolmabah\u00e7e, Sainte-Sophie et la Citerne Basilique<\/a><\/td>\n<\/tr>\n<\/tbody>\n<\/table>\n<p>Maximisez vos \u00e9conomies avec ce forfait 3 en 1, valable 2 jours ! Explorez l&#8217;embl\u00e9matique palais de Dolmabah\u00e7e, Sainte-Sophie et la Citerne Basilique d&rsquo;Istanbul \u00e0 votre rythme. Billets en poche et audioguide \u00e0 port\u00e9e de main, plongez dans leur riche histoire.<\/p>\n<h3 style=\"\">Prix total<\/h3>\n<h3 style=\"\">Vous ne serez pas encore factur\u00e9<\/h3>\n<\/p>\n<h2><a href=\"https:\/\/megapass.com\/tours-tickets\/dolmabahce-palace-skip-the-line-ticket-and-audio-guide-i2513?discountCode=ma-places\" target=\"_blank\" rel=\"nofollow noopener\" style=\"outline: none;\">Faire une r\u00e9servation<\/a><\/h2>\n<h1><a href=\"https:\/\/megapass.com\/tours-tickets\/dolmabahce-palace-skip-the-line-ticket-and-audio-guide-i2513?discountCode=ma-places\" target=\"_blank\" rel=\"nofollow noopener\" style=\"outline: none;\"><span style=\"font-weight: normal;\">\u00c0 partir de <\/span><strong>&nbsp;46,50 \u20ac<\/strong><\/a><\/h1>\n<p style=\"\">Vous ne serez pas encore factur\u00e9<\/p>\n","protected":false},"excerpt":{"rendered":"<p>Billets pour le palais de Dolmabah\u00e7e avec entr\u00e9e rapide et audioguide Make a reservation From \u20ac46.50 D\u00e9couvrez la beaut\u00e9 du palais de Dolmabah\u00e7e gr\u00e2ce \u00e0 une entr\u00e9e coupe-file et un audioguide gratuit. \u00c9vitez les longues files d&rsquo;attente, profitez d&rsquo;un acc\u00e8s flexible toute la journ\u00e9e et plongez dans l&rsquo;architecture \u00e9poustouflante et la riche histoire de ce [&hellip;]<\/p>\n","protected":false},"author":6,"featured_media":4341,"parent":0,"menu_order":0,"comment_status":"closed","ping_status":"closed","template":"","meta":{"footnotes":""},"class_list":["post-4340","page","type-page","status-publish","has-post-thumbnail","hentry","post-wrapper","thrv_wrapper"],"_links":{"self":[{"href":"https:\/\/dolmabahcepalace.gen.tr\/fr\/wp-json\/wp\/v2\/pages\/4340","targetHints":{"allow":["GET"]}}],"collection":[{"href":"https:\/\/dolmabahcepalace.gen.tr\/fr\/wp-json\/wp\/v2\/pages"}],"about":[{"href":"https:\/\/dolmabahcepalace.gen.tr\/fr\/wp-json\/wp\/v2\/types\/page"}],"author":[{"embeddable":true,"href":"https:\/\/dolmabahcepalace.gen.tr\/fr\/wp-json\/wp\/v2\/users\/6"}],"replies":[{"embeddable":true,"href":"https:\/\/dolmabahcepalace.gen.tr\/fr\/wp-json\/wp\/v2\/comments?post=4340"}],"version-history":[{"count":4,"href":"https:\/\/dolmabahcepalace.gen.tr\/fr\/wp-json\/wp\/v2\/pages\/4340\/revisions"}],"predecessor-version":[{"id":4869,"href":"https:\/\/dolmabahcepalace.gen.tr\/fr\/wp-json\/wp\/v2\/pages\/4340\/revisions\/4869"}],"wp:featuredmedia":[{"embeddable":true,"href":"https:\/\/dolmabahcepalace.gen.tr\/fr\/wp-json\/wp\/v2\/media\/4341"}],"wp:attachment":[{"href":"https:\/\/dolmabahcepalace.gen.tr\/fr\/wp-json\/wp\/v2\/media?parent=4340"}],"curies":[{"name":"wp","href":"https:\/\/api.w.org\/{rel}","templated":true}]}}