{"id":4345,"date":"2023-12-06T07:28:57","date_gmt":"2023-12-06T07:28:57","guid":{"rendered":"https:\/\/dolmabahcepalace.gen.tr\/frequently-asked-questions\/"},"modified":"2025-08-14T06:37:06","modified_gmt":"2025-08-14T06:37:06","slug":"foire-aux-questions-dolmabahce","status":"publish","type":"page","link":"https:\/\/dolmabahcepalace.gen.tr\/fr\/foire-aux-questions-dolmabahce\/","title":{"rendered":"Foire aux questions (FAQ) sur le palais de Dolmabah\u00e7e"},"content":{"rendered":"<h1 style=\"text-align: left;\">FAQ<\/h1>\n<h2 style=\"\"><strong>Foire aux questions sur le palais de Dolmabah\u00e7e<\/strong><\/h2>\n<p><a href=\"https:\/\/dolmabahcepalace.gen.tr\/fr\/a-propos-du-palais-de-dolmabahce\/harem\/\" dynamic-postlink=\"tcb_post_the_permalink\" data-shortcode-id=\"1092\"><\/a><\/p>\n<p style=\"padding-bottom: 0px !important; margin-bottom: 0px !important;\"><strong>APPRENDRE ENCORE PLUS<\/strong><\/p>\n<h2 style=\"\"><span data-attr-css=\"\" data-attr-link=\"1\" data-attr-rel=\"0\" data-attr-static-link=\"{&quot;className&quot;:&quot;&quot;,&quot;href&quot;:&quot;https:\/\/dolmabahcepalace.gen.tr\/fr\/a-propos-du-palais-de-dolmabahce\/harem\/&quot;,&quot;title&quot;:&quot;Harem du Palais de Dolmabah\u00e7e : Informations et Billets&quot;,&quot;class&quot;:&quot;&quot;}\" data-attr-target=\"0\" data-extra_key=\"\" data-option-inline=\"1\" data-shortcode=\"tcb_post_title\" data-shortcode-name=\"Post title\" style=\"\"><a href=\"https:\/\/dolmabahcepalace.gen.tr\/fr\/a-propos-du-palais-de-dolmabahce\/harem\/\" title=\"Harem du Palais de Dolmabah\u00e7e : Informations et Billets\" data-css=\"\">Harem du Palais de Dolmabah\u00e7e : Informations et Billets<\/a><\/span><\/h2>\n<p><a href=\"https:\/\/dolmabahcepalace.gen.tr\/fr\/billets-et-visites-guidees\/\" dynamic-postlink=\"tcb_post_the_permalink\" data-shortcode-id=\"1092\"><\/a><\/p>\n<p style=\"padding-bottom: 0px !important; margin-bottom: 0px !important;\"><strong>APPRENDRE ENCORE PLUS<\/strong><\/p>\n<h2 style=\"\"><span data-attr-css=\"\" data-attr-link=\"1\" data-attr-rel=\"0\" data-attr-static-link=\"{&quot;className&quot;:&quot;&quot;,&quot;href&quot;:&quot;https:\/\/dolmabahcepalace.gen.tr\/fr\/a-propos-du-palais-de-dolmabahce\/harem\/&quot;,&quot;title&quot;:&quot;Harem du Palais de Dolmabah\u00e7e : Informations et Billets&quot;,&quot;class&quot;:&quot;&quot;}\" data-attr-target=\"0\" data-extra_key=\"\" data-option-inline=\"1\" data-shortcode=\"tcb_post_title\" data-shortcode-name=\"Post title\" style=\"\"><a href=\"https:\/\/dolmabahcepalace.gen.tr\/fr\/billets-et-visites-guidees\/\" title=\"Billets et Visites Guid\u00e9es du Palais de Dolmabah\u00e7e\" data-css=\"\">Billets et Visites Guid\u00e9es du Palais de Dolmabah\u00e7e<\/a><\/span><\/h2>\n<p><a href=\"https:\/\/dolmabahcepalace.gen.tr\/fr\/horaires-douverture-du-palais-de-dolmabahce\/\" dynamic-postlink=\"tcb_post_the_permalink\" data-shortcode-id=\"1092\"><\/a><\/p>\n<p style=\"padding-bottom: 0px !important; margin-bottom: 0px !important;\"><strong>APPRENDRE ENCORE PLUS<\/strong><\/p>\n<h2 style=\"\"><span data-attr-css=\"\" data-attr-link=\"1\" data-attr-rel=\"0\" data-attr-static-link=\"{&quot;className&quot;:&quot;&quot;,&quot;href&quot;:&quot;https:\/\/dolmabahcepalace.gen.tr\/fr\/a-propos-du-palais-de-dolmabahce\/harem\/&quot;,&quot;title&quot;:&quot;Harem du Palais de Dolmabah\u00e7e : Informations et Billets&quot;,&quot;class&quot;:&quot;&quot;}\" data-attr-target=\"0\" data-extra_key=\"\" data-option-inline=\"1\" data-shortcode=\"tcb_post_title\" data-shortcode-name=\"Post title\" style=\"\"><a href=\"https:\/\/dolmabahcepalace.gen.tr\/fr\/horaires-douverture-du-palais-de-dolmabahce\/\" title=\"Horaires d\u2019ouverture du palais de Dolmabah\u00e7e\" data-css=\"\">Horaires d\u2019ouverture du palais de Dolmabah\u00e7e<\/a><\/span><\/h2>\n<p><a href=\"https:\/\/dolmabahcepalace.gen.tr\/fr\/a-propos-du-palais-de-dolmabahce\/\" dynamic-postlink=\"tcb_post_the_permalink\" data-shortcode-id=\"1092\"><\/a><\/p>\n<p style=\"padding-bottom: 0px !important; margin-bottom: 0px !important;\"><strong>APPRENDRE ENCORE PLUS<\/strong><\/p>\n<h2 style=\"\"><span data-attr-css=\"\" data-attr-link=\"1\" data-attr-rel=\"0\" data-attr-static-link=\"{&quot;className&quot;:&quot;&quot;,&quot;href&quot;:&quot;https:\/\/dolmabahcepalace.gen.tr\/fr\/a-propos-du-palais-de-dolmabahce\/harem\/&quot;,&quot;title&quot;:&quot;Harem du Palais de Dolmabah\u00e7e : Informations et Billets&quot;,&quot;class&quot;:&quot;&quot;}\" data-attr-target=\"0\" data-extra_key=\"\" data-option-inline=\"1\" data-shortcode=\"tcb_post_title\" data-shortcode-name=\"Post title\" style=\"\"><a href=\"https:\/\/dolmabahcepalace.gen.tr\/fr\/a-propos-du-palais-de-dolmabahce\/\" title=\"\u00c0 propos du Palais de Dolmabah\u00e7e\" data-css=\"\">\u00c0 propos du Palais de Dolmabah\u00e7e<\/a><\/span><\/h2>\n","protected":false},"excerpt":{"rendered":"<p>FAQ Foire aux questions sur le palais de Dolmabah\u00e7e APPRENDRE ENCORE PLUS Harem du Palais de Dolmabah\u00e7e : Informations et Billets APPRENDRE ENCORE PLUS Billets et Visites Guid\u00e9es du Palais de Dolmabah\u00e7e APPRENDRE ENCORE PLUS Horaires d\u2019ouverture du palais de Dolmabah\u00e7e APPRENDRE ENCORE PLUS \u00c0 propos du Palais de Dolmabah\u00e7e<\/p>\n","protected":false},"author":1,"featured_media":4346,"parent":0,"menu_order":0,"comment_status":"closed","ping_status":"closed","template":"","meta":{"footnotes":""},"class_list":["post-4345","page","type-page","status-publish","has-post-thumbnail","hentry","post-wrapper","thrv_wrapper"],"_links":{"self":[{"href":"https:\/\/dolmabahcepalace.gen.tr\/fr\/wp-json\/wp\/v2\/pages\/4345","targetHints":{"allow":["GET"]}}],"collection":[{"href":"https:\/\/dolmabahcepalace.gen.tr\/fr\/wp-json\/wp\/v2\/pages"}],"about":[{"href":"https:\/\/dolmabahcepalace.gen.tr\/fr\/wp-json\/wp\/v2\/types\/page"}],"author":[{"embeddable":true,"href":"https:\/\/dolmabahcepalace.gen.tr\/fr\/wp-json\/wp\/v2\/users\/1"}],"replies":[{"embeddable":true,"href":"https:\/\/dolmabahcepalace.gen.tr\/fr\/wp-json\/wp\/v2\/comments?post=4345"}],"version-history":[{"count":12,"href":"https:\/\/dolmabahcepalace.gen.tr\/fr\/wp-json\/wp\/v2\/pages\/4345\/revisions"}],"predecessor-version":[{"id":4894,"href":"https:\/\/dolmabahcepalace.gen.tr\/fr\/wp-json\/wp\/v2\/pages\/4345\/revisions\/4894"}],"wp:featuredmedia":[{"embeddable":true,"href":"https:\/\/dolmabahcepalace.gen.tr\/fr\/wp-json\/wp\/v2\/media\/4346"}],"wp:attachment":[{"href":"https:\/\/dolmabahcepalace.gen.tr\/fr\/wp-json\/wp\/v2\/media?parent=4345"}],"curies":[{"name":"wp","href":"https:\/\/api.w.org\/{rel}","templated":true}]}}