{"id":4355,"date":"2023-12-06T07:41:56","date_gmt":"2023-12-06T07:41:56","guid":{"rendered":"https:\/\/dolmabahcepalace.gen.tr\/how-to-get-to-dolmabahce-palace\/"},"modified":"2025-08-14T06:30:06","modified_gmt":"2025-08-14T06:30:06","slug":"comment-aller-au-palais-de-dolmabahce","status":"publish","type":"page","link":"https:\/\/dolmabahcepalace.gen.tr\/fr\/comment-aller-au-palais-de-dolmabahce\/","title":{"rendered":"Comment aller au palais de Dolmabah\u00e7e (En Bus, \u00e0 Pied, en Tramway)"},"content":{"rendered":"<h1 style=\"text-align: left;\"><strong>Comment se rendre au palais de Dolmabah\u00e7e<\/strong><\/h1>\n<h2 style=\"\"><strong>Plus d&rsquo;options :<\/strong><\/h2>\n<ul>\n<li style=\"\"><span style=\"\"><strong>\u00c0 pied :<\/strong><\/span><\/li>\n<\/ul>\n<p style=\"\"><span lang=\"EN-GB\">Le palais de Dolmabah\u00e7e se trouve au c\u0153ur d&rsquo;Istanbul, il est donc facilement accessible \u00e0 pied depuis de nombreux endroits. Il faut compter <strong>20 minutes \u00e0 pied <\/strong><strong>depuis la place Taksim<\/strong> et <strong>Be\u015fikta\u015f<\/strong> . Il faut compter <strong>50 minutes \u00e0 pied <\/strong><strong>depuis Sultanahmet<\/strong> .<strong><\/strong><strong><\/strong><strong><\/strong><\/span><\/p>\n<ul>\n<li style=\"\"><span style=\"\"><strong>En train :<\/strong><\/span><\/li>\n<\/ul>\n<p>Vous pouvez prendre <strong>le train Marmaray<\/strong> d&rsquo; <strong>\u00dcsk\u00fcdar \u00e0 Sirkeci<\/strong> . Vous <strong>pouvez <\/strong><strong>rejoindre<\/strong> la gare de Kabata\u015f en tramway depuis la gare de Sirkeci . Vous pouvez \u00e9galement rejoindre le palais de Dolmabah\u00e7e \u00e0 pied depuis la gare de Kabata\u015f. <strong>Le trajet dure environ 50 minutes<\/strong> .<strong><\/strong><strong><\/strong><\/p>\n<ul>\n<li style=\"\"><span style=\"\"><strong>En tramway :<\/strong><\/span><\/li>\n<\/ul>\n<p style=\"\"><strong>Kabata\u015f est l&rsquo;arr\u00eat de tramway le plus proche<\/strong> du palais de Dolmabah\u00e7e&nbsp;; il est <strong>desservi par la ligne T1<\/strong> . Il est possible de se rendre au palais \u00e0 pied depuis Kabata\u015f, <strong>en <\/strong><strong>seulement 7&nbsp;minutes.<\/strong><\/p>\n<ul>\n<li style=\"\"><span style=\"\"><strong>En bus :<\/strong><\/span><\/li>\n<\/ul>\n<p style=\"\"><strong>Plusieurs lignes de bus<\/strong> s&rsquo;arr\u00eatent \u00e0 proximit\u00e9 du palais de Dolmabah\u00e7e. <strong>Les stations <\/strong><strong>de Kabata\u015f<\/strong> et <strong>Be\u015fikta\u015f<\/strong> sont les plus proches . Le palais est \u00e0 quelques pas de Kabata\u015f. Si vous le souhaitez, vous pouvez vous y rendre \u00e0 pied ou en taxi depuis Be\u015fikta\u015f.<strong><\/strong><\/p>\n<ul>\n<li style=\"\"><span style=\"\"><strong>En taxi :<\/strong><\/span><\/li>\n<\/ul>\n<p style=\"\">Le palais de Dolmabah\u00e7e est <strong>facilement accessible en taxi<\/strong> , disponible partout \u00e0 Istanbul. Avant de prendre le taxi, <strong>assurez-vous<\/strong> qu&rsquo;il est \u00e9quip\u00e9 d&rsquo;un <strong>compteur fonctionnel<\/strong> ou n\u00e9gociez le prix de la course avec le chauffeur.<\/p>\n<ul>\n<li style=\"\"><span style=\"\"><strong>En voiture:<\/strong><\/span><\/li>\n<\/ul>\n<p>Si vous pr\u00e9f\u00e9rez conduire, vous pouvez utiliser une application de navigation ou un GPS pour vous rendre au palais de Dolmabah\u00e7e. Il est <strong>fortement recommand\u00e9 de v\u00e9rifier les places de stationnement disponibles ou les parkings \u00e0 proximit\u00e9<\/strong> , car le stationnement peut \u00eatre limit\u00e9 dans le quartier.<\/p>\n<h2 style=\"\"><strong>Emplacement du palais de Dolmabah\u00e7e<\/strong><\/h2>\n<p style=\"\"><strong>Lieu :<\/strong> Vi\u015fnezade, Dolmabah\u00e7e Cd., 34357 Be\u015fikta\u015f\/Istanbul<\/p>\n<p><a href=\"https:\/\/dolmabahcepalace.gen.tr\/fr\/billets-et-visites-guidees\/\" dynamic-postlink=\"tcb_post_the_permalink\" data-shortcode-id=\"1792\"><\/a><\/p>\n<p style=\"padding-bottom: 0px !important; margin-bottom: 0px !important;\"><strong>LEARN MORE<\/strong><\/p>\n<h2 style=\"\"><span data-attr-css=\"\" data-attr-link=\"1\" data-attr-rel=\"0\" data-attr-static-link=\"{&quot;className&quot;:&quot;&quot;,&quot;href&quot;:&quot;https:\/\/dolmabahcepalace.gen.tr\/fr\/billets-et-visites-guidees\/&quot;,&quot;title&quot;:&quot;Billets et Visites Guid\u00e9es du Palais de Dolmabah\u00e7e&quot;,&quot;class&quot;:&quot;&quot;}\" data-attr-target=\"0\" data-extra_key=\"\" data-option-inline=\"1\" data-shortcode=\"tcb_post_title\" data-shortcode-name=\"Post title\" style=\"\"><a href=\"https:\/\/dolmabahcepalace.gen.tr\/fr\/billets-et-visites-guidees\/\" title=\"Billets et Visites Guid\u00e9es du Palais de Dolmabah\u00e7e\" data-css=\"\">Billets et Visites Guid\u00e9es du Palais de Dolmabah\u00e7e<\/a><\/span><\/h2>\n<p><a href=\"https:\/\/dolmabahcepalace.gen.tr\/fr\/horaires-douverture-du-palais-de-dolmabahce\/\" dynamic-postlink=\"tcb_post_the_permalink\" data-shortcode-id=\"1792\"><\/a><\/p>\n<p style=\"padding-bottom: 0px !important; margin-bottom: 0px !important;\"><strong>LEARN MORE<\/strong><\/p>\n<h2 style=\"\"><span data-attr-css=\"\" data-attr-link=\"1\" data-attr-rel=\"0\" data-attr-static-link=\"{&quot;className&quot;:&quot;&quot;,&quot;href&quot;:&quot;https:\/\/dolmabahcepalace.gen.tr\/fr\/billets-et-visites-guidees\/&quot;,&quot;title&quot;:&quot;Billets et Visites Guid\u00e9es du Palais de Dolmabah\u00e7e&quot;,&quot;class&quot;:&quot;&quot;}\" data-attr-target=\"0\" data-extra_key=\"\" data-option-inline=\"1\" data-shortcode=\"tcb_post_title\" data-shortcode-name=\"Post title\" style=\"\"><a href=\"https:\/\/dolmabahcepalace.gen.tr\/fr\/horaires-douverture-du-palais-de-dolmabahce\/\" title=\"Horaires d\u2019ouverture du palais de Dolmabah\u00e7e\" data-css=\"\">Horaires d\u2019ouverture du palais de Dolmabah\u00e7e<\/a><\/span><\/h2>\n","protected":false},"excerpt":{"rendered":"<p>Comment se rendre au palais de Dolmabah\u00e7e Plus d&rsquo;options : \u00c0 pied : Le palais de Dolmabah\u00e7e se trouve au c\u0153ur d&rsquo;Istanbul, il est donc facilement accessible \u00e0 pied depuis de nombreux endroits. Il faut compter 20 minutes \u00e0 pied depuis la place Taksim et Be\u015fikta\u015f . Il faut compter 50 minutes \u00e0 pied depuis [&hellip;]<\/p>\n","protected":false},"author":1,"featured_media":4307,"parent":0,"menu_order":0,"comment_status":"closed","ping_status":"closed","template":"","meta":{"footnotes":""},"class_list":["post-4355","page","type-page","status-publish","has-post-thumbnail","hentry","post-wrapper","thrv_wrapper"],"_links":{"self":[{"href":"https:\/\/dolmabahcepalace.gen.tr\/fr\/wp-json\/wp\/v2\/pages\/4355","targetHints":{"allow":["GET"]}}],"collection":[{"href":"https:\/\/dolmabahcepalace.gen.tr\/fr\/wp-json\/wp\/v2\/pages"}],"about":[{"href":"https:\/\/dolmabahcepalace.gen.tr\/fr\/wp-json\/wp\/v2\/types\/page"}],"author":[{"embeddable":true,"href":"https:\/\/dolmabahcepalace.gen.tr\/fr\/wp-json\/wp\/v2\/users\/1"}],"replies":[{"embeddable":true,"href":"https:\/\/dolmabahcepalace.gen.tr\/fr\/wp-json\/wp\/v2\/comments?post=4355"}],"version-history":[{"count":7,"href":"https:\/\/dolmabahcepalace.gen.tr\/fr\/wp-json\/wp\/v2\/pages\/4355\/revisions"}],"predecessor-version":[{"id":4893,"href":"https:\/\/dolmabahcepalace.gen.tr\/fr\/wp-json\/wp\/v2\/pages\/4355\/revisions\/4893"}],"wp:featuredmedia":[{"embeddable":true,"href":"https:\/\/dolmabahcepalace.gen.tr\/fr\/wp-json\/wp\/v2\/media\/4307"}],"wp:attachment":[{"href":"https:\/\/dolmabahcepalace.gen.tr\/fr\/wp-json\/wp\/v2\/media?parent=4355"}],"curies":[{"name":"wp","href":"https:\/\/api.w.org\/{rel}","templated":true}]}}