{"id":4358,"date":"2024-11-08T14:38:51","date_gmt":"2024-11-08T14:38:51","guid":{"rendered":"https:\/\/dolmabahcepalace.gen.tr\/palace-and-harem-fast-track-entry\/"},"modified":"2025-08-13T11:04:44","modified_gmt":"2025-08-13T11:04:44","slug":"istanbul-billet-coupe-file-au-palais-de-dolmabahce-et-son-harem","status":"publish","type":"page","link":"https:\/\/dolmabahcepalace.gen.tr\/fr\/istanbul-billet-coupe-file-au-palais-de-dolmabahce-et-son-harem\/","title":{"rendered":"Billet coupe-file au palais de Dolmabah\u00e7e et son harem (+ guide audio en fran\u00e7ais)"},"content":{"rendered":"<p><span><img decoding=\"async\" alt=\"\" data-id=\"3927\" width=\"853\" height=\"640\" title=\"Entr\u00e9e rapide au palais de Dolmabah\u00e7e et au harem 2\" src=\"https:\/\/dolmabahcepalace.gen.tr\/wp-content\/uploads\/2024\/11\/Dolmabahce-Palace-and-Harem-Fast-Track-Entry-2.jpg\" data-src=\"https:\/\/dolmabahcepalace.gen.tr\/wp-content\/uploads\/2024\/11\/Dolmabahce-Palace-and-Harem-Fast-Track-Entry-2-300x225.jpg\" loading=\"lazy\" data-sizes=\"{&quot;thumbnail&quot;:{&quot;url&quot;:&quot;https:\/\/dolmabahcepalace.gen.tr\/wp-content\/uploads\/2024\/11\/Dolmabahce-Palace-and-Harem-Fast-Track-Entry-2-150x150.jpg&quot;,&quot;height&quot;:150,&quot;width&quot;:150,&quot;orientation&quot;:&quot;landscape&quot;},&quot;medium&quot;:{&quot;url&quot;:&quot;https:\/\/dolmabahcepalace.gen.tr\/wp-content\/uploads\/2024\/11\/Dolmabahce-Palace-and-Harem-Fast-Track-Entry-2-300x225.jpg&quot;,&quot;height&quot;:225,&quot;width&quot;:300,&quot;orientation&quot;:&quot;landscape&quot;},&quot;full&quot;:{&quot;url&quot;:&quot;https:\/\/dolmabahcepalace.gen.tr\/wp-content\/uploads\/2024\/11\/Dolmabahce-Palace-and-Harem-Fast-Track-Entry-2.jpg&quot;,&quot;height&quot;:640,&quot;width&quot;:853,&quot;orientation&quot;:&quot;landscape&quot;}}\"><\/span><span><img decoding=\"async\" alt=\"\" data-id=\"3930\" width=\"960\" height=\"640\" title=\"Entr\u00e9e rapide au palais de Dolmabah\u00e7e et au harem\" src=\"https:\/\/dolmabahcepalace.gen.tr\/wp-content\/uploads\/2024\/11\/Dolmabahce-Palace-and-Harem-Fast-Track-Entry.jpg\" data-src=\"https:\/\/dolmabahcepalace.gen.tr\/wp-content\/uploads\/2024\/11\/Dolmabahce-Palace-and-Harem-Fast-Track-Entry-300x200.jpg\" loading=\"lazy\" data-sizes=\"{&quot;thumbnail&quot;:{&quot;url&quot;:&quot;https:\/\/dolmabahcepalace.gen.tr\/wp-content\/uploads\/2024\/11\/Dolmabahce-Palace-and-Harem-Fast-Track-Entry-150x150.jpg&quot;,&quot;height&quot;:150,&quot;width&quot;:150,&quot;orientation&quot;:&quot;landscape&quot;},&quot;medium&quot;:{&quot;url&quot;:&quot;https:\/\/dolmabahcepalace.gen.tr\/wp-content\/uploads\/2024\/11\/Dolmabahce-Palace-and-Harem-Fast-Track-Entry-300x200.jpg&quot;,&quot;height&quot;:200,&quot;width&quot;:300,&quot;orientation&quot;:&quot;landscape&quot;},&quot;full&quot;:{&quot;url&quot;:&quot;https:\/\/dolmabahcepalace.gen.tr\/wp-content\/uploads\/2024\/11\/Dolmabahce-Palace-and-Harem-Fast-Track-Entry.jpg&quot;,&quot;height&quot;:640,&quot;width&quot;:960,&quot;orientation&quot;:&quot;landscape&quot;}}\"><\/span><span><img decoding=\"async\" alt=\"\" data-id=\"3921\" width=\"853\" height=\"640\" title=\"Entr\u00e9e rapide au palais de Dolmabah\u00e7e et au harem 4\" src=\"https:\/\/dolmabahcepalace.gen.tr\/wp-content\/uploads\/2024\/11\/Dolmabahce-Palace-and-Harem-Fast-Track-Entry-4.jpg\" data-src=\"https:\/\/dolmabahcepalace.gen.tr\/wp-content\/uploads\/2024\/11\/Dolmabahce-Palace-and-Harem-Fast-Track-Entry-4-300x225.jpg\" loading=\"lazy\" data-sizes=\"{&quot;thumbnail&quot;:{&quot;url&quot;:&quot;https:\/\/dolmabahcepalace.gen.tr\/wp-content\/uploads\/2024\/11\/Dolmabahce-Palace-and-Harem-Fast-Track-Entry-4-150x150.jpg&quot;,&quot;height&quot;:150,&quot;width&quot;:150,&quot;orientation&quot;:&quot;landscape&quot;},&quot;medium&quot;:{&quot;url&quot;:&quot;https:\/\/dolmabahcepalace.gen.tr\/wp-content\/uploads\/2024\/11\/Dolmabahce-Palace-and-Harem-Fast-Track-Entry-4-300x225.jpg&quot;,&quot;height&quot;:225,&quot;width&quot;:300,&quot;orientation&quot;:&quot;landscape&quot;},&quot;full&quot;:{&quot;url&quot;:&quot;https:\/\/dolmabahcepalace.gen.tr\/wp-content\/uploads\/2024\/11\/Dolmabahce-Palace-and-Harem-Fast-Track-Entry-4.jpg&quot;,&quot;height&quot;:640,&quot;width&quot;:853,&quot;orientation&quot;:&quot;landscape&quot;}}\"><\/span><span><img decoding=\"async\" alt=\"\" data-id=\"3918\" width=\"853\" height=\"640\" title=\"Entr\u00e9e rapide au palais de Dolmabah\u00e7e et au harem 5\" src=\"https:\/\/dolmabahcepalace.gen.tr\/wp-content\/uploads\/2024\/11\/Dolmabahce-Palace-and-Harem-Fast-Track-Entry-5.jpg\" data-src=\"https:\/\/dolmabahcepalace.gen.tr\/wp-content\/uploads\/2024\/11\/Dolmabahce-Palace-and-Harem-Fast-Track-Entry-5-300x225.jpg\" loading=\"lazy\" data-sizes=\"{&quot;thumbnail&quot;:{&quot;url&quot;:&quot;https:\/\/dolmabahcepalace.gen.tr\/wp-content\/uploads\/2024\/11\/Dolmabahce-Palace-and-Harem-Fast-Track-Entry-5-150x150.jpg&quot;,&quot;height&quot;:150,&quot;width&quot;:150,&quot;orientation&quot;:&quot;landscape&quot;},&quot;medium&quot;:{&quot;url&quot;:&quot;https:\/\/dolmabahcepalace.gen.tr\/wp-content\/uploads\/2024\/11\/Dolmabahce-Palace-and-Harem-Fast-Track-Entry-5-300x225.jpg&quot;,&quot;height&quot;:225,&quot;width&quot;:300,&quot;orientation&quot;:&quot;landscape&quot;},&quot;full&quot;:{&quot;url&quot;:&quot;https:\/\/dolmabahcepalace.gen.tr\/wp-content\/uploads\/2024\/11\/Dolmabahce-Palace-and-Harem-Fast-Track-Entry-5.jpg&quot;,&quot;height&quot;:640,&quot;width&quot;:853,&quot;orientation&quot;:&quot;landscape&quot;}}\"><\/span><\/p>\n<h1 dir=\"ltr\">Billet coupe-file au palais de Dolmabah\u00e7e et son harem (avec audioguide)<\/h1>\n<h2><a href=\"https:\/\/www.headout.com\/r\/most-amazing-placesrecommends-kbRHc\/\" target=\"_blank\" rel=\"nofollow noopener\" style=\"outline: none;\">Faire une r\u00e9servation<\/a><\/h2>\n<h1><a href=\"https:\/\/www.headout.com\/r\/most-amazing-placesrecommends-kbRHc\/\" target=\"_blank\" rel=\"nofollow noopener\" style=\"outline: none;\" spellcheck=\"false\">\u00c0 partir de &nbsp;46,49 \u20ac<\/a><\/h1>\n<p dir=\"ltr\">D\u00e9couvrez la splendeur du palais de Dolmabah\u00e7e gr\u00e2ce \u00e0 un <strong>billet coupe-file<\/strong> qui vous permet d&rsquo;\u00e9viter les files d&rsquo;attente, d&rsquo;explorer librement avec un <strong>audioguide<\/strong> et de vous immerger dans l&rsquo;histoire fascinante de l&rsquo;Empire ottoman. Id\u00e9al pour une visite flexible et enrichissante.<\/p>\n<ul>\n<li style=\"\"><span>Billet tri\u00e9 sur le volet<\/span><\/li>\n<li style=\"\"><span>Billet mobile &nbsp;<\/span><\/li>\n<li style=\"\"><span>Voie rapide<\/span><\/li>\n<li style=\"\"><span>Annulation gratuite<\/span><\/li>\n<\/ul>\n<h2>Ce qui est inclus<\/h2>\n<ul>\n<li><span>Entr\u00e9e coupe-file au palais de Dolmabah\u00e7e&nbsp;<\/span><\/li>\n<li><span>Acc\u00e8s au Harem<\/span><\/li>\n<li><span>Audioguide multilingue (10 langues disponibles)<\/span><\/li>\n<\/ul>\n<h2>Ce qui n&rsquo;est pas inclus<\/h2>\n<ul>\n<li style=\"\"><span>Guide touristique<\/span><\/li>\n<li style=\"\"><span>Entr\u00e9e au mus\u00e9e de l&rsquo;horlogerie<\/span><\/li>\n<\/ul>\n<h2>Informations importantes<\/h2>\n<ul>\n<li style=\"\"><span>Pr\u00e9sentez une pi\u00e8ce d&rsquo;identit\u00e9 ou un passeport en cours de validit\u00e9. Sans cela, une caution de 200 \u20ac est demand\u00e9e pour l&#8217;emprunt d&rsquo;un audioguide, rembours\u00e9e \u00e0 la sortie.<\/span><\/li>\n<li style=\"\"><span>La photographie est strictement interdite \u00e0 l&rsquo;int\u00e9rieur de la salle.<\/span><\/li>\n<li><span>L&rsquo;entr\u00e9e rapide \u00e9vite les files d&rsquo;attente pour les billets, mais pas la file d&rsquo;attente pour la s\u00e9curit\u00e9, qui peut prendre jusqu&rsquo;\u00e0 30 minutes.<\/span><\/li>\n<li><span>Derni\u00e8re admission 1 heure avant la fermeture<\/span><\/li>\n<li><span>Apportez vos propres \u00e9couteurs pour l&rsquo;audioguide<\/span><\/li>\n<\/ul>\n<h2>Description:<\/h2>\n<p dir=\"ltr\">Plongez dans la grandeur de l&rsquo;Empire ottoman en visitant le palais de Dolmabah\u00e7e. Ce billet vous permet d&rsquo;\u00e9viter les files d&rsquo;attente et d&rsquo;explorer la r\u00e9sidence des souverains ottomans, agr\u00e9ment\u00e9e d&rsquo;un audioguide instructif qui vous d\u00e9voilera les histoires captivantes des sultans et des reines. Un incontournable pour les amateurs d&rsquo;histoire et d&rsquo;architecture.<\/p>\n<h2>Points forts:<\/h2>\n<ul>\n<li><strong>Entr\u00e9e rapide :<\/strong> \u00e9vitez les files d&rsquo;attente et gagnez un temps pr\u00e9cieux en explorant le palais de 285 pi\u00e8ces de la dynastie ottomane<\/li>\n<\/ul>\n<ul>\n<li dir=\"ltr\"><strong>Audioguide d\u00e9taill\u00e9 :<\/strong> Disponible en plusieurs langues pour une visite personnalis\u00e9e<\/li>\n<li dir=\"ltr\"><strong>Merveilles architecturales :<\/strong> \u00e9merveillez-vous devant la salle de c\u00e9r\u00e9monie avec les plus grands lustres anglais du monde, l&rsquo;impressionnante salle Medhal, la salle carrel\u00e9e et plus encore<\/li>\n<li dir=\"ltr\"><strong>Explorez le Harem :<\/strong> Comprend l&rsquo;acc\u00e8s \u00e0 la fascinante section Harem du palais<\/li>\n<li><strong>Vues sur le Bosphore :<\/strong> admirez les vues panoramiques sur la voie navigable embl\u00e9matique d&rsquo;Istanbul<\/li>\n<\/ul>\n<h3 dir=\"ltr\">Palais de Dolmabah\u00e7e<\/h3>\n<p dir=\"ltr\">Vi\u015fnezade, Dolmabah\u00e7e Cd., 34357 Be\u015fikta\u015f\/Istanbul<\/p>\n<h2>Politique d&rsquo;annulation<\/h2>\n<p dir=\"ltr\">Annulez jusqu&rsquo;\u00e0 24 heures avant l&rsquo;exp\u00e9rience pour un remboursement complet.<\/p>\n<h2>Point de rendez-vous et instructions<\/h2>\n<p data-pm-slice=\"1 1 []\">Pr\u00e9sentez votre bon mobile accompagn\u00e9 d&rsquo;une pi\u00e8ce d&rsquo;identit\u00e9 valide et arrivez 15 minutes \u00e0 l&rsquo;avance pour \u00e9viter les retards.<\/p>\n<p><a href=\"https:\/\/www.google.com\/maps?q=@41.03916549682617,29.000459671020508\" target=\"_blank\" rel=\"nofollow noopener\" style=\"outline: none;\" data-lt-tmp-id=\"lt-581789\" spellcheck=\"false\">Ouvrir dans Maps<\/a><\/p>\n<h2>Avis et notes<\/h2>\n<p><strong>4,6\/5&nbsp; <\/strong><strong>(1283 avis)<\/strong><\/p>\n<p><em>\u00ab Le palais est magnifique et il n&rsquo;y avait presque personne \u00e0 mon arriv\u00e9e (10h30). Il est immense et, avec l&rsquo;audioguide, \u00e7a vaut le d\u00e9tour. \u00bb<\/em> &#8211; Marina, avril 2025<\/p>\n<p><em>La r\u00e9servation s&rsquo;est d\u00e9roul\u00e9e rapidement et sans probl\u00e8me. Entr\u00e9e sans attente&nbsp;! Excellent audioguide. Pas de longues files d&rsquo;attente ni de foule au palais. Nous avons pu tout visiter en toute tranquillit\u00e9. Un magnifique palais \u00e0 voir absolument&nbsp;! Je le recommande vivement&nbsp;!<\/em> &#8211; Barbara, avril 2025 <a href=\"https:\/\/www.headout.com\/r\/most-amazing-placesrecommends-kbRHc\/\" target=\"_blank\" rel=\"nofollow noopener\" style=\"outline: none;\">&gt;&gt; Plus d&rsquo;avis<\/a><\/p>\n<h2>Quelques activit\u00e9s que vous pourriez aimer<\/h2>\n<p><span># <\/span><strong><span>2<\/span><\/strong><span># <\/span><strong><span>2<\/span><\/strong><span><img decoding=\"async\" alt=\"Billet coupe-file pour le palais de Dolmabah\u00e7e et croisi\u00e8re sur le Bosphore\" data-id=\"3685\" width=\"159\" data-init-width=\"2344\" height=\"88\" data-init-height=\"1302\" title=\"Billet coupe-file pour le palais de Dolmabah\u00e7e et croisi\u00e8re sur le Bosphore\" loading=\"lazy\" src=\"https:\/\/dolmabahcepalace.gen.tr\/wp-content\/uploads\/2024\/09\/Dolmabahce-Palace-Skip-the-Ticket-Line-Bosphorus-Cruise.png\" data-width=\"159\" data-height=\"88\" style=\"aspect-ratio: auto 2344 \/ 1302;\"><\/span><\/p>\n<table>\n<tbody>\n<tr>\n<td><a href=\"https:\/\/megapass.com\/tours-tickets\/dolmabahce-palace-skip-the-ticket-line-and-bosphorus-cruise-i2249?discountCode=ma-places\" target=\"_blank\" rel=\"nofollow noopener\" style=\"outline: none;\" data-lt-tmp-id=\"lt-569507\" spellcheck=\"false\">Billet coupe-file pour le palais de Dolmabah\u00e7e et croisi\u00e8re sur le Bosphore<\/a><\/td>\n<\/tr>\n<\/tbody>\n<\/table>\n<p dir=\"ltr\">\u00c9vitez les files d&rsquo;attente au palais de Dolmabah\u00e7e et admirez ses int\u00e9rieurs somptueux et ses magnifiques jardins. Sublimez votre exp\u00e9rience avec une croisi\u00e8re panoramique sur le Bosphore, offrant une vue imprenable sur Istanbul.&nbsp;<\/p>\n<h3 style=\"\">Prix total<\/h3>\n<h3 style=\"\">Vous ne serez pas encore factur\u00e9<\/h3>\n<p><span># <\/span><strong><span>2<\/span><\/strong><span><img decoding=\"async\" alt=\"\" data-id=\"3682\" width=\"159\" data-init-width=\"2362\" height=\"89\" data-init-height=\"1316\" title=\"Billets pour le palais de Dolmabah\u00e7e, Sainte-Sophie et la Citerne Basilique\" loading=\"lazy\" src=\"https:\/\/dolmabahcepalace.gen.tr\/wp-content\/uploads\/2024\/09\/Dolmabahce-Palace-Hagia-Sophia-Basilica-Cistern-Tickets.png\" data-width=\"159\" data-height=\"89\" style=\"aspect-ratio: auto 2362 \/ 1316;\"><\/span><\/p>\n<table>\n<tbody>\n<tr>\n<td><a href=\"https:\/\/megapass.com\/tours-tickets\/dolmabahce-palace-hagia-sophia-and-basilica-cistern-tickets-i2383?discountCode=ma-places\" target=\"_blank\" rel=\"nofollow noopener\" style=\"outline: none;\" data-lt-tmp-id=\"lt-163467\" spellcheck=\"false\">Billets pour le palais de Dolmabah\u00e7e, Sainte-Sophie et la Citerne Basilique<\/a><\/td>\n<\/tr>\n<\/tbody>\n<\/table>\n<p>Maximisez vos \u00e9conomies avec ce forfait 3 en 1, valable 2 jours ! Explorez l&#8217;embl\u00e9matique palais de Dolmabah\u00e7e, Sainte-Sophie et la Citerne Basilique d&rsquo;Istanbul \u00e0 votre rythme. Billets en poche et audioguide \u00e0 port\u00e9e de main, plongez dans leur riche histoire.<\/p>\n<h3 style=\"\">Prix total<\/h3>\n<h3 style=\"\">Vous ne serez pas encore factur\u00e9<\/h3>\n<\/p>\n<h2><a href=\"https:\/\/www.headout.com\/r\/most-amazing-placesrecommends-kbRHc\/\" target=\"_blank\" rel=\"nofollow noopener\" style=\"outline: none;\" spellcheck=\"false\">Faire une r\u00e9servation<\/a><\/h2>\n<h1><a href=\"https:\/\/www.headout.com\/r\/most-amazing-placesrecommends-kbRHc\/\" target=\"_blank\" rel=\"nofollow noopener\" style=\"outline: none;\" spellcheck=\"false\"><span style=\"font-weight: normal;\">\u00c0 partir de <\/span><strong>&nbsp;46,49 \u20ac<\/strong><\/a><\/h1>\n<p style=\"\">Vous ne serez pas encore factur\u00e9<\/p>\n","protected":false},"excerpt":{"rendered":"<p>Billet coupe-file au palais de Dolmabah\u00e7e et son harem (avec audioguide) Faire une r\u00e9servation \u00c0 partir de &nbsp;46,49 \u20ac D\u00e9couvrez la splendeur du palais de Dolmabah\u00e7e gr\u00e2ce \u00e0 un billet coupe-file qui vous permet d&rsquo;\u00e9viter les files d&rsquo;attente, d&rsquo;explorer librement avec un audioguide et de vous immerger dans l&rsquo;histoire fascinante de l&rsquo;Empire ottoman. Id\u00e9al pour [&hellip;]<\/p>\n","protected":false},"author":3,"featured_media":4341,"parent":0,"menu_order":0,"comment_status":"closed","ping_status":"closed","template":"","meta":{"footnotes":""},"class_list":["post-4358","page","type-page","status-publish","has-post-thumbnail","hentry","post-wrapper","thrv_wrapper"],"_links":{"self":[{"href":"https:\/\/dolmabahcepalace.gen.tr\/fr\/wp-json\/wp\/v2\/pages\/4358","targetHints":{"allow":["GET"]}}],"collection":[{"href":"https:\/\/dolmabahcepalace.gen.tr\/fr\/wp-json\/wp\/v2\/pages"}],"about":[{"href":"https:\/\/dolmabahcepalace.gen.tr\/fr\/wp-json\/wp\/v2\/types\/page"}],"author":[{"embeddable":true,"href":"https:\/\/dolmabahcepalace.gen.tr\/fr\/wp-json\/wp\/v2\/users\/3"}],"replies":[{"embeddable":true,"href":"https:\/\/dolmabahcepalace.gen.tr\/fr\/wp-json\/wp\/v2\/comments?post=4358"}],"version-history":[{"count":11,"href":"https:\/\/dolmabahcepalace.gen.tr\/fr\/wp-json\/wp\/v2\/pages\/4358\/revisions"}],"predecessor-version":[{"id":4882,"href":"https:\/\/dolmabahcepalace.gen.tr\/fr\/wp-json\/wp\/v2\/pages\/4358\/revisions\/4882"}],"wp:featuredmedia":[{"embeddable":true,"href":"https:\/\/dolmabahcepalace.gen.tr\/fr\/wp-json\/wp\/v2\/media\/4341"}],"wp:attachment":[{"href":"https:\/\/dolmabahcepalace.gen.tr\/fr\/wp-json\/wp\/v2\/media?parent=4358"}],"curies":[{"name":"wp","href":"https:\/\/api.w.org\/{rel}","templated":true}]}}