{"id":4222,"date":"2023-12-06T07:20:59","date_gmt":"2023-12-06T07:20:59","guid":{"rendered":"https:\/\/dolmabahcepalace.gen.tr\/about\/dolmabahce-ataturk\/"},"modified":"2025-08-01T13:49:00","modified_gmt":"2025-08-01T13:49:00","slug":"ataturk","status":"publish","type":"page","link":"https:\/\/dolmabahcepalace.gen.tr\/it\/istanbul-palazzo-dolmabahce\/ataturk\/","title":{"rendered":"Ataturk e il Palazzo Dolmabah\u00e7e"},"content":{"rendered":"<h1 style=\"\">Ataturk e Palazzo Dolmabah\u00e7e<\/h1>\n<p style=\"\"><strong>Ataturk<\/strong> \u00e8 considerato il <strong>&#8220;padre&#8221; della Turchia moderna<\/strong> e <strong>le sue idee e la sua eredit\u00e0 plasmano ancora oggi l&#8217;identit\u00e0 e gli ideali del Paese.<\/strong> Molti turchi lo considerano un <strong>eroe nazionale<\/strong> per il suo profondo impatto sulla politica, la societ\u00e0 e la cultura del Paese.<\/p>\n<p style=\"text-align: left;\"><strong><strong>MUSTAFA KEMAL ATAT\u00dcRK<\/strong><\/strong><\/p>\n<h2 id=\"t-1701768288994\" style=\"\"><strong>Palazzo Dolmabah\u00e7e: un&#8217;eredit\u00e0 monumentale di Mustafa Kemal Atat\u00fcrk<\/strong><\/h2>\n<p style=\"\">Uno degli esempi pi\u00f9 straordinari dello splendore ottomano \u00e8 il Palazzo Dolmabah\u00e7e, situato a Istanbul, in Turchia. Inoltre, \u00e8 un&#8217;opera architettonica profondamente legata alla vita e all&#8217;eredit\u00e0 di Mustafa Kemal Ataturk, il leader che fond\u00f2 la Repubblica di Turchia e ne fu il primo presidente. \u00c8 evidente che Ataturk aveva uno stretto legame con il Palazzo Dolmabah\u00e7e, il che \u00e8 un&#8217;indicazione significativa di come immaginava l&#8217;evoluzione della Turchia in una nazione moderna e laica negli anni a venire.<\/p>\n<h3 style=\"\">I primi incontri di Ataturk con il Palazzo Dolmabah\u00e7e<\/h3>\n<p style=\"\">Dolmabah\u00e7e, una meraviglia architettonica dell&#8217;Impero Ottomano, divenne il simbolo della trasformazione dell&#8217;impero verso un&#8217;estetica pi\u00f9 europea nel XIX secolo. Con i suoi magnifici esterni e gli arredi riccamente decorati, il palazzo fu il centro del governo durante un periodo molto importante della storia turca.<\/p>\n<p style=\"\">Storie di incontri diplomatici, scelte politiche e scambi culturali risuonano nelle sale del Dolmabah\u00e7e. Con i suoi lampadari di cristallo e i mobili placcati in oro, ogni stanza evoca la ricchezza della corte ottomana del passato. Passeggiando per le sale del palazzo, ci sentiamo immersi nel ricco tessuto del passato.<\/p>\n<p style=\"\">La prima volta che Mustafa Kemal Atat\u00fcrk vide il Palazzo Dolmabah\u00e7e fu durante un addestramento militare a Istanbul. Da giovane soldato, passava spesso davanti al palazzo e rimaneva stupito dalla sua grandezza e imponenza. Questo enorme edificio sarebbe diventato molto importante nella sua vita e nella storia della Turchia, ma all&#8217;epoca non ne aveva idea.<\/p>\n<h3 style=\"\">L&#8217;uso del Palazzo Dolmabah\u00e7e da parte di Ataturk come residenza presidenziale<\/h3>\n<p style=\"\">Atat\u00fcrk scelse di vivere nel Palazzo Dolmabah\u00e7e come sua residenza presidenziale ufficiale quando la Repubblica Turca di Turchia fu fondata nel 1924. Questa decisione non rifletteva solo il suo ruolo di presidente; doveva anche essere un atto simbolico. Atat\u00fcrk sapeva che il palazzo aveva un grande valore storico e pensava che potesse essere un simbolo del cambiamento della Turchia da impero a nazione moderna.<\/p>\n<p style=\"\">Oltre alla sua presenza fisica, Atat\u00fcrk aveva un legame con il Palazzo Dolmabah\u00e7e. La casa mostra il suo ruolo di presidente e il modo in cui ha contribuito a rendere la moderna Repubblica Turca ci\u00f2 che \u00e8 oggi. Ci sono testimonianze concrete del suo impatto nei suoi alloggi, nelle stanze in cui teneva incontri ufficiali e nei giardini del palazzo, dove interagiva con il pubblico.<\/p>\n<h3 style=\"\">Lo stile di vita e le iniziative di Ataturk al Palazzo Dolmabah\u00e7e<\/h3>\n<p style=\"\">Il Palazzo Dolmabah\u00e7e fu un altro luogo in cui Atat\u00fcrk promosse la modernizzazione della Turchia. Invit\u00f2 scienziati, artisti e intellettuali nella sua dimora, creando un&#8217;atmosfera intellettuale e culturale.<\/p>\n<p style=\"\">Ataturk utilizz\u00f2 il palazzo anche per mostrare ai leader stranieri i progressi della Turchia e dimostrare quanto il Paese sia impegnato nella modernizzazione e nel progresso.<\/p>\n<h3 style=\"\">Gli ultimi giorni di Ataturk e la sua eredit\u00e0 al Palazzo Dolmabah\u00e7e<\/h3>\n<p style=\"\">Ataturk inizi\u00f2 ad avere problemi di salute nel 1938. Trascorse i suoi ultimi giorni a Palazzo Dolmabah\u00e7e, dove fu raggiunto da cari compagni e fedeli servitori. Atat\u00fcrk mor\u00ec nella Sala Blu del palazzo alle 9:05 del 10 novembre 1938. Lasci\u00f2 un&#8217;eredit\u00e0 che avrebbe plasmato per sempre la direzione della Turchia.<\/p>\n<p style=\"\">La stanza, conservata come un toccante monumento commemorativo, esemplifica lo stile di vita semplice che era il simbolo di Atat\u00fcrk. I suoi oggetti personali e il fatto che l&#8217;orologio si sia fermato esattamente nel momento della sua morte trasmettono un forte senso di storia. Dolmabah\u00e7e non era solo una casa; era un luogo sacro per il popolo turco e un legame con il suo passato in continua trasformazione.<\/p>\n<h3 style=\"\">Il Palazzo Dolmabah\u00e7e come simbolo della visione di Atat\u00fcrk<\/h3>\n<p style=\"\">C&#8217;\u00e8 pi\u00f9 di un semplice legame storico tra Atat\u00fcrk e Palazzo Dolmabah\u00e7e. Mostra l&#8217;incontro di due epoche diverse: il passato ottomano e il futuro repubblicano. La scelta di Atat\u00fcrk di vivere a Palazzo Dolmabah\u00e7e come presidente non fu solo una scelta pratica; fu anche una mossa simbolica che segn\u00f2 il passaggio della Turchia da impero a repubblica moderna.<\/p>\n<p style=\"\">Il Palazzo Dolmabah\u00e7e \u00e8 un ricordo dei piani di Atat\u00fcrk per il futuro della Turchia. Dimostra come tradizione e modernizzazione possano convivere, come il patrimonio storico possa essere tutelato, abbracciando al contempo progresso e illuminazione. La memoria di Atat\u00fcrk non vive solo nella splendida architettura del palazzo, ma anche nel modo in cui esso rappresenta il cambiamento e il rinnovamento.<\/p>\n<h3 style=\"\">L&#8217;eredit\u00e0 di Ataturk a Dolmabah\u00e7e<\/h3>\n<p style=\"\">A Palazzo Dolmabah\u00e7e, la presenza di Atat\u00fcrk non si limita ai segni fisici. Le sue idee e i suoi progetti per una Turchia moderna e laica sono intrecciati in ogni angolo della casa. Chi viene qui pu\u00f2 quasi sentire l&#8217;eco dei discorsi di Atat\u00fcrk, in cui parlava del futuro del Paese mentre negoziava le complesse questioni di governo da queste mura.<\/p>\n<p style=\"\">Il passato di Atat\u00fcrk e il modo in cui visse a Palazzo Dolmabah\u00e7e dimostrano la sua dedizione al progresso, all&#8217;istruzione e all&#8217;equit\u00e0. L&#8217;eredit\u00e0 di Atat\u00fcrk continua nelle istituzioni culturali da lui fondate e nei cambiamenti da lui apportati all&#8217;istruzione, che continueranno a influenzare il futuro della Turchia.<\/p>\n<h3 style=\"\">Dolmabah\u00e7e: una cronaca vivente<\/h3>\n<p style=\"\">Quando visitiamo il Palazzo Dolmabah\u00e7e, non stiamo solo passeggiando tra sale e corridoi eleganti. Stiamo entrando in un libro di storia vivente, dove la vita e gli eventi di Ataturk si intrecciano a Palazzo Dolmabah\u00e7e. La casa funge da collegamento tra la storia dell&#8217;Impero Ottomano e l&#8217;inizio della Turchia moderna.<\/p>\n<p style=\"\">In sintesi, il Palazzo Dolmabah\u00e7e \u00e8 un esempio lampante della ricchezza della cultura e della storia della Turchia. Visitandolo, si possono sentire i suoni del passato mescolati alle idee di un grande leader.<\/p>\n<p style=\"\">Il passato e lo stile di vita di Ataturk a Palazzo Dolmabah\u00e7e non sono solo storie che si leggono nei libri di scuola; sono parte di ci\u00f2 che rende un paese unico. Passeggiando per le sale di Dolmabah\u00e7e, ci viene insegnato che la storia non \u00e8 statica. \u00c8 viva, permeata dallo spirito di coloro che hanno osato sognare un futuro migliore.<\/p>\n<h2 style=\"text-align: center;\" id=\"t-1692692162145\" data-alt-text=\"Cosa da sapere\"><strong>Cose da sapere su Mustafa Kemal Atat\u00fcrk<\/strong><\/h2>\n","protected":false},"excerpt":{"rendered":"<p>Ataturk e Palazzo Dolmabah\u00e7e Ataturk \u00e8 considerato il &#8220;padre&#8221; della Turchia moderna e le sue idee e la sua eredit\u00e0 plasmano ancora oggi l&#8217;identit\u00e0 e gli ideali del Paese. Molti turchi lo considerano un eroe nazionale per il suo profondo impatto sulla politica, la societ\u00e0 e la cultura del Paese. MUSTAFA KEMAL ATAT\u00dcRK Palazzo Dolmabah\u00e7e: [&hellip;]<\/p>\n","protected":false},"author":1,"featured_media":4223,"parent":4218,"menu_order":0,"comment_status":"closed","ping_status":"closed","template":"","meta":{"footnotes":""},"class_list":["post-4222","page","type-page","status-publish","has-post-thumbnail","hentry","post-wrapper","thrv_wrapper"],"_links":{"self":[{"href":"https:\/\/dolmabahcepalace.gen.tr\/it\/wp-json\/wp\/v2\/pages\/4222","targetHints":{"allow":["GET"]}}],"collection":[{"href":"https:\/\/dolmabahcepalace.gen.tr\/it\/wp-json\/wp\/v2\/pages"}],"about":[{"href":"https:\/\/dolmabahcepalace.gen.tr\/it\/wp-json\/wp\/v2\/types\/page"}],"author":[{"embeddable":true,"href":"https:\/\/dolmabahcepalace.gen.tr\/it\/wp-json\/wp\/v2\/users\/1"}],"replies":[{"embeddable":true,"href":"https:\/\/dolmabahcepalace.gen.tr\/it\/wp-json\/wp\/v2\/comments?post=4222"}],"version-history":[{"count":7,"href":"https:\/\/dolmabahcepalace.gen.tr\/it\/wp-json\/wp\/v2\/pages\/4222\/revisions"}],"predecessor-version":[{"id":4660,"href":"https:\/\/dolmabahcepalace.gen.tr\/it\/wp-json\/wp\/v2\/pages\/4222\/revisions\/4660"}],"up":[{"embeddable":true,"href":"https:\/\/dolmabahcepalace.gen.tr\/it\/wp-json\/wp\/v2\/pages\/4218"}],"wp:featuredmedia":[{"embeddable":true,"href":"https:\/\/dolmabahcepalace.gen.tr\/it\/wp-json\/wp\/v2\/media\/4223"}],"wp:attachment":[{"href":"https:\/\/dolmabahcepalace.gen.tr\/it\/wp-json\/wp\/v2\/media?parent=4222"}],"curies":[{"name":"wp","href":"https:\/\/api.w.org\/{rel}","templated":true}]}}