{"id":4247,"date":"2024-09-10T17:56:55","date_gmt":"2024-09-10T17:56:55","guid":{"rendered":"https:\/\/dolmabahcepalace.gen.tr\/dolmabahce-palace-skip-the-line-bosphorus-cruise-ticket\/"},"modified":"2025-08-04T12:37:38","modified_gmt":"2025-08-04T12:37:38","slug":"biglietto-salta-fila-palazzo-dolmabahce","status":"publish","type":"page","link":"https:\/\/dolmabahcepalace.gen.tr\/it\/biglietto-salta-fila-palazzo-dolmabahce\/","title":{"rendered":"Combo Palazzo Dolmabahce: Salta la Coda alla Biglietteria + Crociera sul Bosforo"},"content":{"rendered":"<p><span><img decoding=\"async\" alt=\"\" data-id=\"3694\" width=\"2374\" height=\"1322\" title=\"Tour della Moschea Blu, biglietto per la Cisterna Basilica e crociera sul Bosforo 2\" src=\"https:\/\/dolmabahcepalace.gen.tr\/wp-content\/uploads\/2024\/09\/Blue-Mosque-Tour-Basilica-Cistern-Ticket-Bosphorus-Cruise-2-1024x570.png\" data-src=\"https:\/\/dolmabahcepalace.gen.tr\/wp-content\/uploads\/2024\/09\/Blue-Mosque-Tour-Basilica-Cistern-Ticket-Bosphorus-Cruise-2-300x167.png\" loading=\"lazy\" data-sizes=\"{&quot;thumbnail&quot;:{&quot;url&quot;:&quot;https:\/\/dolmabahcepalace.gen.tr\/wp-content\/uploads\/2024\/09\/Blue-Mosque-Tour-Basilica-Cistern-Ticket-Bosphorus-Cruise-2-150x150.png&quot;,&quot;height&quot;:150,&quot;width&quot;:150,&quot;orientation&quot;:&quot;landscape&quot;},&quot;medium&quot;:{&quot;url&quot;:&quot;https:\/\/dolmabahcepalace.gen.tr\/wp-content\/uploads\/2024\/09\/Blue-Mosque-Tour-Basilica-Cistern-Ticket-Bosphorus-Cruise-2-300x167.png&quot;,&quot;height&quot;:167,&quot;width&quot;:300,&quot;orientation&quot;:&quot;landscape&quot;},&quot;large&quot;:{&quot;url&quot;:&quot;https:\/\/dolmabahcepalace.gen.tr\/wp-content\/uploads\/2024\/09\/Blue-Mosque-Tour-Basilica-Cistern-Ticket-Bosphorus-Cruise-2-1024x570.png&quot;,&quot;height&quot;:570,&quot;width&quot;:1024,&quot;orientation&quot;:&quot;landscape&quot;},&quot;full&quot;:{&quot;url&quot;:&quot;https:\/\/dolmabahcepalace.gen.tr\/wp-content\/uploads\/2024\/09\/Blue-Mosque-Tour-Basilica-Cistern-Ticket-Bosphorus-Cruise-2.png&quot;,&quot;height&quot;:1322,&quot;width&quot;:2374,&quot;orientation&quot;:&quot;landscape&quot;},&quot;1536x1536&quot;:{&quot;url&quot;:&quot;https:\/\/dolmabahcepalace.gen.tr\/wp-content\/uploads\/2024\/09\/Blue-Mosque-Tour-Basilica-Cistern-Ticket-Bosphorus-Cruise-2-1536x855.png&quot;,&quot;height&quot;:855,&quot;width&quot;:1536,&quot;orientation&quot;:&quot;landscape&quot;},&quot;2048x2048&quot;:{&quot;url&quot;:&quot;https:\/\/dolmabahcepalace.gen.tr\/wp-content\/uploads\/2024\/09\/Blue-Mosque-Tour-Basilica-Cistern-Ticket-Bosphorus-Cruise-2-2048x1140.png&quot;,&quot;height&quot;:1140,&quot;width&quot;:2048,&quot;orientation&quot;:&quot;landscape&quot;}}\"><\/span><span><img decoding=\"async\" alt=\"\" data-id=\"3700\" width=\"2376\" height=\"1318\" title=\"Salta la fila per il Palazzo Dolmabah\u00e7e e crociera sul Bosforo 22\" src=\"https:\/\/dolmabahcepalace.gen.tr\/wp-content\/uploads\/2024\/09\/Dolmabahce-Palace-Skip-the-Ticket-Line-Bosphorus-Cruise-22-1024x568.png\" data-src=\"https:\/\/dolmabahcepalace.gen.tr\/wp-content\/uploads\/2024\/09\/Dolmabahce-Palace-Skip-the-Ticket-Line-Bosphorus-Cruise-22-300x166.png\" loading=\"lazy\" data-sizes=\"{&quot;thumbnail&quot;:{&quot;url&quot;:&quot;https:\/\/dolmabahcepalace.gen.tr\/wp-content\/uploads\/2024\/09\/Dolmabahce-Palace-Skip-the-Ticket-Line-Bosphorus-Cruise-22-150x150.png&quot;,&quot;height&quot;:150,&quot;width&quot;:150,&quot;orientation&quot;:&quot;landscape&quot;},&quot;medium&quot;:{&quot;url&quot;:&quot;https:\/\/dolmabahcepalace.gen.tr\/wp-content\/uploads\/2024\/09\/Dolmabahce-Palace-Skip-the-Ticket-Line-Bosphorus-Cruise-22-300x166.png&quot;,&quot;height&quot;:166,&quot;width&quot;:300,&quot;orientation&quot;:&quot;landscape&quot;},&quot;large&quot;:{&quot;url&quot;:&quot;https:\/\/dolmabahcepalace.gen.tr\/wp-content\/uploads\/2024\/09\/Dolmabahce-Palace-Skip-the-Ticket-Line-Bosphorus-Cruise-22-1024x568.png&quot;,&quot;height&quot;:568,&quot;width&quot;:1024,&quot;orientation&quot;:&quot;landscape&quot;},&quot;full&quot;:{&quot;url&quot;:&quot;https:\/\/dolmabahcepalace.gen.tr\/wp-content\/uploads\/2024\/09\/Dolmabahce-Palace-Skip-the-Ticket-Line-Bosphorus-Cruise-22.png&quot;,&quot;height&quot;:1318,&quot;width&quot;:2376,&quot;orientation&quot;:&quot;landscape&quot;},&quot;1536x1536&quot;:{&quot;url&quot;:&quot;https:\/\/dolmabahcepalace.gen.tr\/wp-content\/uploads\/2024\/09\/Dolmabahce-Palace-Skip-the-Ticket-Line-Bosphorus-Cruise-22-1536x852.png&quot;,&quot;height&quot;:852,&quot;width&quot;:1536,&quot;orientation&quot;:&quot;landscape&quot;},&quot;2048x2048&quot;:{&quot;url&quot;:&quot;https:\/\/dolmabahcepalace.gen.tr\/wp-content\/uploads\/2024\/09\/Dolmabahce-Palace-Skip-the-Ticket-Line-Bosphorus-Cruise-22-2048x1136.png&quot;,&quot;height&quot;:1136,&quot;width&quot;:2048,&quot;orientation&quot;:&quot;landscape&quot;}}\"><\/span><span><img decoding=\"async\" alt=\"\" data-id=\"3703\" width=\"2372\" height=\"1318\" title=\"Salta la fila per il Palazzo Dolmabah\u00e7e e crociera sul Bosforo33\" src=\"https:\/\/dolmabahcepalace.gen.tr\/wp-content\/uploads\/2024\/09\/Dolmabahce-Palace-Skip-the-Ticket-Line-Bosphorus-Cruise33-1024x569.png\" data-src=\"https:\/\/dolmabahcepalace.gen.tr\/wp-content\/uploads\/2024\/09\/Dolmabahce-Palace-Skip-the-Ticket-Line-Bosphorus-Cruise33-300x167.png\" loading=\"lazy\" data-sizes=\"{&quot;thumbnail&quot;:{&quot;url&quot;:&quot;https:\/\/dolmabahcepalace.gen.tr\/wp-content\/uploads\/2024\/09\/Dolmabahce-Palace-Skip-the-Ticket-Line-Bosphorus-Cruise33-150x150.png&quot;,&quot;height&quot;:150,&quot;width&quot;:150,&quot;orientation&quot;:&quot;landscape&quot;},&quot;medium&quot;:{&quot;url&quot;:&quot;https:\/\/dolmabahcepalace.gen.tr\/wp-content\/uploads\/2024\/09\/Dolmabahce-Palace-Skip-the-Ticket-Line-Bosphorus-Cruise33-300x167.png&quot;,&quot;height&quot;:167,&quot;width&quot;:300,&quot;orientation&quot;:&quot;landscape&quot;},&quot;large&quot;:{&quot;url&quot;:&quot;https:\/\/dolmabahcepalace.gen.tr\/wp-content\/uploads\/2024\/09\/Dolmabahce-Palace-Skip-the-Ticket-Line-Bosphorus-Cruise33-1024x569.png&quot;,&quot;height&quot;:569,&quot;width&quot;:1024,&quot;orientation&quot;:&quot;landscape&quot;},&quot;full&quot;:{&quot;url&quot;:&quot;https:\/\/dolmabahcepalace.gen.tr\/wp-content\/uploads\/2024\/09\/Dolmabahce-Palace-Skip-the-Ticket-Line-Bosphorus-Cruise33.png&quot;,&quot;height&quot;:1318,&quot;width&quot;:2372,&quot;orientation&quot;:&quot;landscape&quot;},&quot;1536x1536&quot;:{&quot;url&quot;:&quot;https:\/\/dolmabahcepalace.gen.tr\/wp-content\/uploads\/2024\/09\/Dolmabahce-Palace-Skip-the-Ticket-Line-Bosphorus-Cruise33-1536x853.png&quot;,&quot;height&quot;:853,&quot;width&quot;:1536,&quot;orientation&quot;:&quot;landscape&quot;},&quot;2048x2048&quot;:{&quot;url&quot;:&quot;https:\/\/dolmabahcepalace.gen.tr\/wp-content\/uploads\/2024\/09\/Dolmabahce-Palace-Skip-the-Ticket-Line-Bosphorus-Cruise33-2048x1138.png&quot;,&quot;height&quot;:1138,&quot;width&quot;:2048,&quot;orientation&quot;:&quot;landscape&quot;}}\"><\/span><span><img decoding=\"async\" alt=\"\" data-id=\"3706\" width=\"2374\" height=\"1316\" title=\"Biglietti per il Palazzo Dolmabah\u00e7e con ingresso prioritario e audioguida\" src=\"https:\/\/dolmabahcepalace.gen.tr\/wp-content\/uploads\/2024\/09\/Dolmabahce-Palace-Tickets-with-Fast-Track-Entry-Audio-Guide-5-1024x568.png\" data-src=\"https:\/\/dolmabahcepalace.gen.tr\/wp-content\/uploads\/2024\/09\/Dolmabahce-Palace-Tickets-with-Fast-Track-Entry-Audio-Guide-5-300x166.png\" loading=\"lazy\" data-sizes=\"{&quot;thumbnail&quot;:{&quot;url&quot;:&quot;https:\/\/dolmabahcepalace.gen.tr\/wp-content\/uploads\/2024\/09\/Dolmabahce-Palace-Tickets-with-Fast-Track-Entry-Audio-Guide-5-150x150.png&quot;,&quot;height&quot;:150,&quot;width&quot;:150,&quot;orientation&quot;:&quot;landscape&quot;},&quot;medium&quot;:{&quot;url&quot;:&quot;https:\/\/dolmabahcepalace.gen.tr\/wp-content\/uploads\/2024\/09\/Dolmabahce-Palace-Tickets-with-Fast-Track-Entry-Audio-Guide-5-300x166.png&quot;,&quot;height&quot;:166,&quot;width&quot;:300,&quot;orientation&quot;:&quot;landscape&quot;},&quot;large&quot;:{&quot;url&quot;:&quot;https:\/\/dolmabahcepalace.gen.tr\/wp-content\/uploads\/2024\/09\/Dolmabahce-Palace-Tickets-with-Fast-Track-Entry-Audio-Guide-5-1024x568.png&quot;,&quot;height&quot;:568,&quot;width&quot;:1024,&quot;orientation&quot;:&quot;landscape&quot;},&quot;full&quot;:{&quot;url&quot;:&quot;https:\/\/dolmabahcepalace.gen.tr\/wp-content\/uploads\/2024\/09\/Dolmabahce-Palace-Tickets-with-Fast-Track-Entry-Audio-Guide-5.png&quot;,&quot;height&quot;:1316,&quot;width&quot;:2374,&quot;orientation&quot;:&quot;landscape&quot;},&quot;1536x1536&quot;:{&quot;url&quot;:&quot;https:\/\/dolmabahcepalace.gen.tr\/wp-content\/uploads\/2024\/09\/Dolmabahce-Palace-Tickets-with-Fast-Track-Entry-Audio-Guide-5-1536x851.png&quot;,&quot;height&quot;:851,&quot;width&quot;:1536,&quot;orientation&quot;:&quot;landscape&quot;},&quot;2048x2048&quot;:{&quot;url&quot;:&quot;https:\/\/dolmabahcepalace.gen.tr\/wp-content\/uploads\/2024\/09\/Dolmabahce-Palace-Tickets-with-Fast-Track-Entry-Audio-Guide-5-2048x1135.png&quot;,&quot;height&quot;:1135,&quot;width&quot;:2048,&quot;orientation&quot;:&quot;landscape&quot;}}\"><\/span><span><img decoding=\"async\" alt=\"\" data-id=\"3697\" width=\"2344\" height=\"1302\" title=\"Salta la fila per i biglietti del Palazzo Dolmabah\u00e7e e crociera sul Bosforo\" src=\"https:\/\/dolmabahcepalace.gen.tr\/wp-content\/uploads\/2024\/09\/Dolmabahce-Palace-Skip-the-Ticket-Line-Bosphorus-Cruise-1-1024x569.png\" data-src=\"https:\/\/dolmabahcepalace.gen.tr\/wp-content\/uploads\/2024\/09\/Dolmabahce-Palace-Skip-the-Ticket-Line-Bosphorus-Cruise-1-300x167.png\" loading=\"lazy\" data-sizes=\"{&quot;thumbnail&quot;:{&quot;url&quot;:&quot;https:\/\/dolmabahcepalace.gen.tr\/wp-content\/uploads\/2024\/09\/Dolmabahce-Palace-Skip-the-Ticket-Line-Bosphorus-Cruise-1-150x150.png&quot;,&quot;height&quot;:150,&quot;width&quot;:150,&quot;orientation&quot;:&quot;landscape&quot;},&quot;medium&quot;:{&quot;url&quot;:&quot;https:\/\/dolmabahcepalace.gen.tr\/wp-content\/uploads\/2024\/09\/Dolmabahce-Palace-Skip-the-Ticket-Line-Bosphorus-Cruise-1-300x167.png&quot;,&quot;height&quot;:167,&quot;width&quot;:300,&quot;orientation&quot;:&quot;landscape&quot;},&quot;large&quot;:{&quot;url&quot;:&quot;https:\/\/dolmabahcepalace.gen.tr\/wp-content\/uploads\/2024\/09\/Dolmabahce-Palace-Skip-the-Ticket-Line-Bosphorus-Cruise-1-1024x569.png&quot;,&quot;height&quot;:569,&quot;width&quot;:1024,&quot;orientation&quot;:&quot;landscape&quot;},&quot;full&quot;:{&quot;url&quot;:&quot;https:\/\/dolmabahcepalace.gen.tr\/wp-content\/uploads\/2024\/09\/Dolmabahce-Palace-Skip-the-Ticket-Line-Bosphorus-Cruise-1.png&quot;,&quot;height&quot;:1302,&quot;width&quot;:2344,&quot;orientation&quot;:&quot;landscape&quot;},&quot;1536x1536&quot;:{&quot;url&quot;:&quot;https:\/\/dolmabahcepalace.gen.tr\/wp-content\/uploads\/2024\/09\/Dolmabahce-Palace-Skip-the-Ticket-Line-Bosphorus-Cruise-1-1536x853.png&quot;,&quot;height&quot;:853,&quot;width&quot;:1536,&quot;orientation&quot;:&quot;landscape&quot;},&quot;2048x2048&quot;:{&quot;url&quot;:&quot;https:\/\/dolmabahcepalace.gen.tr\/wp-content\/uploads\/2024\/09\/Dolmabahce-Palace-Skip-the-Ticket-Line-Bosphorus-Cruise-1-2048x1138.png&quot;,&quot;height&quot;:1138,&quot;width&quot;:2048,&quot;orientation&quot;:&quot;landscape&quot;}}\"><\/span><\/p>\n<h1 dir=\"ltr\">Salta la fila per i biglietti del Palazzo Dolmabah\u00e7e e crociera sul Bosforo<\/h1>\n<h2><a href=\"https:\/\/megapass.com\/tours-tickets\/dolmabahce-palace-skip-the-ticket-line-and-bosphorus-cruise-i2249?discountCode=ma-places\" target=\"_blank\" rel=\"nofollow noopener\" style=\"outline: none;\">Per prenotare<\/a><\/h2>\n<h1><a href=\"https:\/\/megapass.com\/tours-tickets\/dolmabahce-palace-skip-the-ticket-line-and-bosphorus-cruise-i2249?discountCode=ma-places\" target=\"_blank\" rel=\"nofollow noopener\" style=\"outline: none;\"><strong>48,00 \u20ac<\/strong><\/a><\/h1>\n<p dir=\"ltr\">Scopri l&#8217;opulenza di Istanbul con il <strong data-end=\"227\" data-start=\"184\">biglietto salta fila Palazzo Dolmabah\u00e7e<\/strong>: esplora i suoi interni sfarzosi e i giardini reali senza attese. Completa la tua visita con una crociera panoramica sul Bosforo e goditi viste indimenticabili sullo skyline e sui monumenti storici della citt\u00e0.<\/p>\n<ul>\n<li style=\"\"><span>Biglietto consigliato<\/span><\/li>\n<li style=\"\"><span>Biglietto mobile &nbsp;<\/span><\/li>\n<li style=\"\">                    <span>Conferma immediata<\/span><\/li>\n<li style=\"\"><span>Ingresso rapido<\/span><\/li>\n<li style=\"\"><span>Cancellazione gratuita<\/span><\/li>\n<\/ul>\n<h2>Cosa \u00e8 incluso<\/h2>\n<ul>\n<li><span>Ingresso al Palazzo Dolmabah\u00e7e, inclusa la sezione Harem<\/span><\/li>\n<li><span>Biglietto salta fila Palazzo Dolmabah\u00e7e<\/span><\/li>\n<li><span>Audioguida per il Palazzo Dolmabah\u00e7e (disponibile in oltre 10 lingue)<\/span><\/li>\n<li><span>Crociera di 90 minuti sul Bosforo<\/span><\/li>\n<li><span>Audioguida per la crociera sul Bosforo (disponibile in 5 lingue)<\/span><\/li>\n<\/ul>\n<h2>Cosa non \u00e8 incluso<\/h2>\n<ul>\n<li style=\"\"><span>Accesso salta la fila per i controlli di sicurezza<\/span><\/li>\n<li><span>Cibo e bevande<\/span><\/li>\n<li style=\"\"><span>Guida in loco per il Palazzo Dolmabahce o crociera<\/span><\/li>\n<\/ul>\n<h2>Informazioni importanti<\/h2>\n<ul>\n<li style=\"\"><span>Orari di apertura del Palazzo Dolmabah\u00e7e: dalle 9:00 alle 18:00 (ultimo ingresso alle 17:00, chiuso il luned\u00ec)<\/span><\/li>\n<li><span>La crociera sul Bosforo parte tutti i giorni alle 10:30, 11:45, 12:45, 13:45 e 14:45<\/span><\/li>\n<li><span>Il punto di partenza della crociera \u00e8 a 5 minuti a piedi dal Palazzo Dolmabah\u00e7e<\/span><\/li>\n<li><span>I controlli di sicurezza potrebbero causare brevi ritardi durante l&#8217;alta stagione<\/span><\/li>\n<li><span>Assicurati che il tuo telefono sia carico per utilizzare l&#8217;audioguida<\/span><\/li>\n<\/ul>\n<h2 style=\"\">Offerto in collaborazione con il nostro partner:<\/h2>\n<p><span><img decoding=\"async\" alt=\"\" data-id=\"3006\" width=\"129\" data-init-width=\"265\" height=\"75\" data-init-height=\"153\" title=\"MegaPass\" loading=\"lazy\" src=\"https:\/\/dolmabahcepalace.gen.tr\/wp-content\/uploads\/2024\/05\/MegaPass.png\" data-width=\"129\" data-height=\"75\" style=\"aspect-ratio: auto 265 \/ 153;\"><\/span><\/p>\n<p>Dolmabahcepalace.gen.tr facilita i pagamenti, mentre MegaPass funge da esercente ufficiale. I termini e le condizioni rimangono invariati.<\/p>\n<p><a href=\"https:\/\/megapass.com\/tours-tickets\/dolmabahce-palace-skip-the-ticket-line-and-bosphorus-cruise-i2249?discountCode=ma-places\" target=\"_blank\" rel=\"nofollow noopener\" style=\"outline: none;\" data-lt-tmp-id=\"lt-493231\" spellcheck=\"false\">Clicca qui se preferisci prenotare sul sito MegaPass.<\/a><\/p>\n<h2>Descrizione:<\/h2>\n<p dir=\"ltr\">Immergiti nella grandiosit\u00e0 ottomana con un <strong data-end=\"623\" data-start=\"580\">biglietto salta fila Palazzo Dolmabah\u00e7e<\/strong>, che ti permette di visitare gli splendidi saloni e i giardini in totale libert\u00e0. Approfitta dell\u2019audioguida inclusa per scoprire la storia del palazzo, poi rilassati <strong>con una crociera sul Bosforo<\/strong> tra panorami mozzafiato e luoghi simbolo di Istanbul.<\/p>\n<h2>Punti salienti:<\/h2>\n<ul>\n<li dir=\"ltr\">Evita le lunghe attese con un biglietto salta fila Palazzo Dolmabah\u00e7e<\/li>\n<li dir=\"ltr\">Esplora gli opulenti interni del palazzo e i tranquilli giardini<\/li>\n<li dir=\"ltr\">Goditi una crociera di 90 minuti sul Bosforo con viste mozzafiato sullo skyline di Istanbul<\/li>\n<li dir=\"ltr\">Audioguide per il palazzo e la crociera in pi\u00f9 lingue<\/li>\n<li dir=\"ltr\">Scopri il legame del palazzo con la storia ottomana e con Mustafa Kemal Atat\u00fcrk<\/li>\n<\/ul>\n<h2>Palazzo Dolmabah\u00e7e<\/h2>\n<p dir=\"ltr\">Vi\u015fnezade, Dolmabah\u00e7e Cd., 34357 Be\u015fikta\u015f\/Istanbul<\/p>\n<h2>Politica di cancellazione<\/h2>\n<p dir=\"ltr\">Cancellazione gratuita 24 ore prima dell&#8217;inizio dell&#8217;attivit\u00e0.<\/p>\n<h2>Punto d&#8217;incontro e istruzioni<\/h2>\n<p dir=\"ltr\">Riscatta il tuo biglietto presso il Palazzo Dolmabah\u00e7e, Vi\u015fnezade, Dolmabah\u00e7e Cd., 34357 Be\u015fikta\u015f\/\u0130stanbul. Mostra il voucher e un documento d&#8217;identit\u00e0 valido con foto al punto di riscatto dei biglietti.<\/p>\n<p><a href=\"https:\/\/maps.app.goo.gl\/sY2oxjpUd5ADBcXV8\" target=\"_blank\" rel=\"nofollow noopener\" style=\"outline: none;\" data-lt-tmp-id=\"lt-581789\" spellcheck=\"false\">Apri in Maps<\/a><\/p>\n<h2>Alcune attivit\u00e0 che potrebbero piacerti<\/h2>\n<p><span># <\/span><strong><span>2<\/span><\/strong><span># <\/span><strong><span>2<\/span><\/strong><span><img decoding=\"async\" alt=\"\" data-id=\"3667\" width=\"159\" data-init-width=\"2374\" height=\"88\" data-init-height=\"1316\" title=\"Biglietti per il Palazzo Dolmabah\u00e7e con ingresso prioritario e audioguida\" loading=\"lazy\" src=\"https:\/\/dolmabahcepalace.gen.tr\/wp-content\/uploads\/2024\/09\/Dolmabahce-Palace-Tickets-with-Fast-Track-Entry-Audio-Guide-1.png\" data-width=\"159\" data-height=\"88\" style=\"aspect-ratio: auto 2374 \/ 1316;\"><\/span><\/p>\n<table>\n<tbody>\n<tr>\n<td><a href=\"https:\/\/megapass.com\/tours-tickets\/dolmabahce-palace-skip-the-line-ticket-and-audio-guide-i2513?discountCode=ma-places\" target=\"_blank\" rel=\"nofollow noopener\" style=\"outline: none;\" data-lt-tmp-id=\"lt-569507\" spellcheck=\"false\">Biglietti per il Palazzo Dolmabah\u00e7e con ingresso prioritario e audioguida<\/a><\/td>\n<\/tr>\n<\/tbody>\n<\/table>\n<p dir=\"ltr\">Scopri la massima comodit\u00e0 con il nostro biglietto giornaliero per Dolmabah\u00e7e! Salta le lunghe code, risparmia fino a 1 ora con l&#8217;ingresso prioritario e goditi un&#8217;audioguida gratuita. Sfrutta al massimo la tua visita con la massima flessibilit\u00e0 durante gli orari di apertura.&nbsp;<\/p>\n<h3 style=\"\">Prezzo totale<\/h3>\n<h3 style=\"\">Non ti verr\u00e0 ancora addebitato alcun importo<\/h3>\n<p><span># <\/span><strong><span>2<\/span><\/strong><span><img decoding=\"async\" alt=\"\" data-id=\"3682\" width=\"159\" data-init-width=\"2362\" height=\"89\" data-init-height=\"1316\" title=\"Biglietti per il Palazzo Dolmabah\u00e7e, Santa Sofia e la Cisterna Basilica\" loading=\"lazy\" src=\"https:\/\/dolmabahcepalace.gen.tr\/wp-content\/uploads\/2024\/09\/Dolmabahce-Palace-Hagia-Sophia-Basilica-Cistern-Tickets.png\" data-width=\"159\" data-height=\"89\" style=\"aspect-ratio: auto 2362 \/ 1316;\"><\/span><\/p>\n<table>\n<tbody>\n<tr>\n<td><a href=\"https:\/\/megapass.com\/tours-tickets\/dolmabahce-palace-hagia-sophia-and-basilica-cistern-tickets-i2383?discountCode=ma-places\" target=\"_blank\" rel=\"nofollow noopener\" style=\"outline: none;\" data-lt-tmp-id=\"lt-163467\" spellcheck=\"false\">Biglietti per il Palazzo Dolmabah\u00e7e, Santa Sofia e la Cisterna Basilica<\/a><\/td>\n<\/tr>\n<\/tbody>\n<\/table>\n<p dir=\"ltr\">Massimizza i tuoi risparmi con questa combinazione 3 in 1, valida per 2 giorni! Esplora l&#8217;iconico Palazzo Dolmabah\u00e7e, la Basilica di Santa Sofia e la Cisterna Basilica di Istanbul al tuo ritmo. Con i biglietti in tasca e un&#8217;audioguida a portata di mano, potrai immergerti nella sua ricca storia.<\/p>\n<h3 style=\"\">Prezzo totale<\/h3>\n<h3 style=\"\">Non ti verr\u00e0 ancora addebitato alcun importo<\/h3>\n<\/p>\n<h2><a href=\"https:\/\/megapass.com\/tours-tickets\/dolmabahce-palace-skip-the-ticket-line-and-bosphorus-cruise-i2249?discountCode=ma-places\" target=\"_blank\" rel=\"nofollow noopener\" style=\"outline: none;\">Per prenotare<\/a><\/h2>\n<h1><a href=\"https:\/\/megapass.com\/tours-tickets\/dolmabahce-palace-skip-the-ticket-line-and-bosphorus-cruise-i2249?discountCode=ma-places\" target=\"_blank\" rel=\"nofollow noopener\" style=\"outline: none;\"><strong>48,00 \u20ac<\/strong><\/a><\/h1>\n<p style=\"\">Non ti verr\u00e0 ancora addebitato alcun importo<\/p>\n","protected":false},"excerpt":{"rendered":"<p>Salta la fila per i biglietti del Palazzo Dolmabah\u00e7e e crociera sul Bosforo Per prenotare 48,00 \u20ac Scopri l&#8217;opulenza di Istanbul con il biglietto salta fila Palazzo Dolmabah\u00e7e: esplora i suoi interni sfarzosi e i giardini reali senza attese. Completa la tua visita con una crociera panoramica sul Bosforo e goditi viste indimenticabili sullo skyline [&hellip;]<\/p>\n","protected":false},"author":6,"featured_media":0,"parent":0,"menu_order":0,"comment_status":"closed","ping_status":"closed","template":"","meta":{"footnotes":""},"class_list":["post-4247","page","type-page","status-publish","hentry","post-wrapper","thrv_wrapper"],"_links":{"self":[{"href":"https:\/\/dolmabahcepalace.gen.tr\/it\/wp-json\/wp\/v2\/pages\/4247","targetHints":{"allow":["GET"]}}],"collection":[{"href":"https:\/\/dolmabahcepalace.gen.tr\/it\/wp-json\/wp\/v2\/pages"}],"about":[{"href":"https:\/\/dolmabahcepalace.gen.tr\/it\/wp-json\/wp\/v2\/types\/page"}],"author":[{"embeddable":true,"href":"https:\/\/dolmabahcepalace.gen.tr\/it\/wp-json\/wp\/v2\/users\/6"}],"replies":[{"embeddable":true,"href":"https:\/\/dolmabahcepalace.gen.tr\/it\/wp-json\/wp\/v2\/comments?post=4247"}],"version-history":[{"count":7,"href":"https:\/\/dolmabahcepalace.gen.tr\/it\/wp-json\/wp\/v2\/pages\/4247\/revisions"}],"predecessor-version":[{"id":4783,"href":"https:\/\/dolmabahcepalace.gen.tr\/it\/wp-json\/wp\/v2\/pages\/4247\/revisions\/4783"}],"wp:attachment":[{"href":"https:\/\/dolmabahcepalace.gen.tr\/it\/wp-json\/wp\/v2\/media?parent=4247"}],"curies":[{"name":"wp","href":"https:\/\/api.w.org\/{rel}","templated":true}]}}