{"id":4282,"date":"2023-12-06T07:41:56","date_gmt":"2023-12-06T07:41:56","guid":{"rendered":"https:\/\/dolmabahcepalace.gen.tr\/how-to-get-to-dolmabahce-palace\/"},"modified":"2025-08-04T13:02:50","modified_gmt":"2025-08-04T13:02:50","slug":"palazzo-dolmabahce-come-arrivare","status":"publish","type":"page","link":"https:\/\/dolmabahcepalace.gen.tr\/it\/palazzo-dolmabahce-come-arrivare\/","title":{"rendered":"Come arrivare al Palazzo Dolmabah\u00e7e a Istanbul"},"content":{"rendered":"<h1 style=\"text-align: left;\"><strong>Come arrivare al Palazzo Dolmabah\u00e7e<\/strong><\/h1>\n<h2 style=\"\"><strong>Altre opzioni:<\/strong><\/h2>\n<ul>\n<li style=\"\"><span style=\"\"><strong>A piedi:<\/strong><\/span><\/li>\n<\/ul>\n<p style=\"\"><span lang=\"EN-GB\">Il Palazzo Dolmabah\u00e7e si trova nel centro di Istanbul, quindi \u00e8 facilmente raggiungibile a piedi da molti luoghi. Camminare da<strong> Piazza Taksim<\/strong> o da <strong>Be\u015fikta\u015f<\/strong> fino al palazzo richiede circa <strong>20 minuti<\/strong>. Camminare da <strong>Sultanahmet<\/strong> al palazzo richiede circa<strong> 50 minuti<\/strong>.<\/span><\/p>\n<ul>\n<li style=\"\"><span style=\"\"><strong>In treno:<\/strong><\/span><\/li>\n<\/ul>\n<p>Puoi prendere <strong>il treno Marmaray da \u00dcsk\u00fcdar a Sirkeci<\/strong>. Dalla stazione di <strong>Sirkeci<\/strong> \u00e8 possibile raggiungere la stazione di Kabata\u015f con il tram. Dal capolinea di <strong>Kabata\u015f<\/strong> \u00e8 possibile raggiungere a piedi il Palazzo Dolmabah\u00e7e. Il tempo di percorrenza \u00e8 di circa<strong> 50 minuti<\/strong>.<\/p>\n<ul>\n<li style=\"\"><span style=\"\"><strong>In tram:<\/strong><\/span><\/li>\n<\/ul>\n<p><strong>Kabata\u015f \u00e8 la fermata del tram<\/strong> pi\u00f9 vicina al Palazzo Dolmabah\u00e7e; <strong>\u00e8 servita dalla linea T1<\/strong>. \u00c8 possibile raggiungere il palazzo a piedi da Kabata\u015f. La passeggiata richiede <strong>solo 7 minuti.<\/strong><\/p>\n<ul>\n<li style=\"\"><span style=\"\"><strong>In autobus:<\/strong><\/span><\/li>\n<\/ul>\n<p data-end=\"1198\" data-start=\"941\"><strong>Diverse linee di autobus<\/strong> fermano vicino al Palazzo Dolmabah\u00e7e. <strong>Kabata\u015f e Be\u015fikta\u015f <\/strong>sono le stazioni pi\u00f9 vicine. Il palazzo si trova a pochi passi da Kabata\u015f. Se preferisci, puoi camminare oppure prendere un taxi da Be\u015fikta\u015f fino al palazzo.<\/p>\n<ul>\n<li style=\"\"><span style=\"\"><strong>In taxi:<\/strong><\/span><\/li>\n<\/ul>\n<p style=\"\">Il Palazzo Dolmabah\u00e7e <strong>\u00e8 facilmente raggiungibile in taxi<\/strong>, disponibile ovunque a Istanbul. Prima di iniziare il tragitto, assicurati che il tassametro sia attivo o concorda un prezzo fisso con l\u2019autista.<\/p>\n<ul>\n<li style=\"\"><span style=\"\"><strong>In auto:<\/strong><\/span><\/li>\n<\/ul>\n<p>Se preferisci guidare, puoi utilizzare un\u2019app di navigazione o un GPS per raggiungere il Palazzo Dolmabah\u00e7e. <strong>Si consiglia di verificare la disponibilit\u00e0 di parcheggi nelle vicinanze<\/strong>, poich\u00e9 i posti auto possono essere limitati nella zona.<\/p>\n<h2 style=\"\"><strong>Posizione del Palazzo Dolmabah\u00e7e<\/strong><\/h2>\n<p style=\"\"><strong><strong data-end=\"137\" data-start=\"123\">Indirizzo:<\/strong><\/strong> Vi\u015fnezade, Dolmabah\u00e7e Cd., 34357 Be\u015fikta\u015f\/\u0130stanbul<\/p>\n<h2 id=\"t-1754053293271\" style=\"text-align: left;\"><strong>Il biglietto pi\u00f9 venduto per Palazzo Dolmabah\u00e7e<\/strong><\/h2>\n<p>  <a href=\"https:\/\/www.headout.com\/r\/most-amazing-placesrecommends-cvCBl\/\" target=\"_blank\" rel=\" nofollow noopener\" style=\"\"><\/a><\/p>\n<h2 data-qa-marker=\"product-name\" style=\"\" id=\"t-1754053293272\"><a href=\"https:\/\/www.headout.com\/r\/most-amazing-placesrecommends-cvCBl\/\" target=\"_blank\" rel=\"nofollow noopener\" data-tcb_hover_state_parent=\"\" style=\"outline: none;\" spellcheck=\"false\">Biglietti Salta la Fila per il palazzo Dolmabah\u00e7e e l&#8217;Harem con audioguida<\/a><\/h2>\n<p style=\"\"><a href=\"https:\/\/www.headout.com\/r\/most-amazing-placesrecommends-cvCBl\/\" target=\"_blank\" rel=\"nofollow noopener\" style=\"outline: none;\" data-lt-tmp-id=\"lt-915279\" spellcheck=\"false\">4.6 \/ 5 (1300+ recensioni)<\/a><\/p>\n<p data-pm-slice=\"1 1 []\" style=\"\">Preparati per un&#8217;esperienza indimenticabile nello sfarzoso Palazzo Dolmabah\u00e7e, situato lungo lo Stretto di Istanbul. Con l&#8217;ingresso rapido e le audioguide incluse, goditi un tour ricco di spunti in uno dei palazzi pi\u00f9 famosi al mondo.<strong><span style=\"--tcb-applied-color: rgba(255, 0, 0, 0.85) !important; color: rgba(255, 0, 0, 0.85) !important;\"> <a href=\"https:\/\/www.headout.com\/r\/most-amazing-placesrecommends-cvCBl\/\" target=\"_blank\" rel=\"nofollow noopener\" style=\"outline: none;\" spellcheck=\"false\">+ maggiori dettagli<\/a><\/span><\/strong><\/p>\n<p style=\"\"><a href=\"https:\/\/www.headout.com\/r\/most-amazing-placesrecommends-cvCBl\/\" target=\"_blank\" rel=\"nofollow noopener\" style=\"outline: none; font-size: 25px !important;\" data-lt-tmp-id=\"lt-920362\" spellcheck=\"false\"><span style=\"--tcb-applied-color: var$(--tcb-skin-color-4) !important; color: var(--tcb-skin-color-4) !important;\"><strong>46,49 \u20ac<\/strong><\/span><\/a><\/p>\n<p> __CONFIG_colors_palette__{&#8220;active_palette&#8221;:0,&#8221;config&#8221;:{&#8220;colors&#8221;:{&#8220;62516&#8221;:{&#8220;name&#8221;:&#8221;Main Accent&#8221;,&#8221;parent&#8221;:-1}},&#8221;gradients&#8221;:[]},&#8221;palettes&#8221;:[{&#8220;name&#8221;:&#8221;Default Palette&#8221;,&#8221;value&#8221;:{&#8220;colors&#8221;:{&#8220;62516&#8221;:{&#8220;val&#8221;:&#8221;rgb(29, 73, 186)&#8221;}},&#8221;gradients&#8221;:[]}}]}__CONFIG_colors_palette__ <a href=\"https:\/\/www.headout.com\/r\/most-amazing-placesrecommends-cvCBl\/\" target=\"_blank\" rel=\"nofollow noopener\"> <span><span><strong>Verifica la disponibilit\u00e0<\/strong><\/span><\/span> <\/a>  <\/p>\n<h2 style=\"text-align: left;\" id=\"t-1754053293273\"><strong>I biglietti combinati pi\u00f9 popolari<\/strong><\/h2>\n<p>  <a href=\"https:\/\/www.headout.com\/r\/most-amazing-placesrecommends-cxDQB\/\" target=\"_blank\" rel=\" nofollow noopener\" style=\"\"><\/a><\/p>\n<h2 data-qa-marker=\"product-name\" style=\"\" id=\"t-1754053293274\" data-tcb_hover_state_parent=\"\"><span style=\"font-weight: normal;\"><a href=\"https:\/\/www.headout.com\/r\/most-amazing-placesrecommends-cxDQB\/\" target=\"_blank\" rel=\"nofollow noopener\" style=\"outline: none;\" data-lt-tmp-id=\"lt-134517\" spellcheck=\"false\">Combo: Palazzo Dolmabah\u00e7e &amp; Harem Salta la Fila con audioguida + Crociera con cena sul Bosforo con spettacolo turco<\/a><\/span><\/h2>\n<p style=\"\"><a href=\"https:\/\/www.headout.com\/r\/most-amazing-placesrecommends-eIPYn\/\" target=\"_blank\" rel=\"nofollow noopener\"><\/a><a href=\"https:\/\/www.headout.com\/r\/most-amazing-placesrecommends-cxDQB\/\" rel=\"nofollow noopener\" target=\"_blank\" style=\"outline: none;\" spellcheck=\"false\">4.7\/5 (2200+ recensioni)<\/a><\/p>\n<p data-pm-slice=\"1 1 []\" style=\"\"><span style=\"\">Risparmia su 2 esperienze imperdibili a Istanbul! Goditi una crociera serale sul Bosforo con bevande illimitate e salta la fila al Palazzo Dolmabah\u00e7e \u2013 ideale per gli amanti della cultura<\/span>. <a href=\"https:\/\/www.headout.com\/r\/most-amazing-placesrecommends-cxDQB\/\" rel=\"nofollow noopener\" target=\"_blank\" style=\"outline: none;\"><strong>+ maggiori dettagli<\/strong><\/a><\/p>\n<p style=\"\"><a href=\"https:\/\/www.headout.com\/r\/most-amazing-placesrecommends-eIPYn\/\" target=\"_blank\" rel=\"nofollow noopener\"><\/a><a data-lt-tmp-id=\"lt-949290\" href=\"https:\/\/www.headout.com\/r\/most-amazing-placesrecommends-7Svlr\/\" rel=\"nofollow noopener\" spellcheck=\"false\" target=\"_blank\"><\/a><a data-lt-tmp-id=\"lt-998872\" href=\"https:\/\/www.headout.com\/r\/most-amazing-placesrecommends-cxDQB\/\" rel=\"nofollow noopener\" spellcheck=\"false\" target=\"_blank\" style=\"outline: none;\">69,11 \u20ac<\/a><\/p>\n<p>__CONFIG_colors_palette__{&#8220;active_palette&#8221;:0,&#8221;config&#8221;:{&#8220;colors&#8221;:{&#8220;9296b&#8221;:{&#8220;name&#8221;:&#8221;Main Accent&#8221;,&#8221;parent&#8221;:-1}},&#8221;gradients&#8221;:[]},&#8221;palettes&#8221;:[{&#8220;name&#8221;:&#8221;Default Palette&#8221;,&#8221;value&#8221;:{&#8220;colors&#8221;:{&#8220;9296b&#8221;:{&#8220;val&#8221;:&#8221;rgb(29, 73, 186)&#8221;}},&#8221;gradients&#8221;:[]},&#8221;original&#8221;:{&#8220;colors&#8221;:{&#8220;9296b&#8221;:{&#8220;val&#8221;:&#8221;rgb(19, 114, 211)&#8221;,&#8221;hsl&#8221;:{&#8220;h&#8221;:210,&#8221;s&#8221;:0.83,&#8221;l&#8221;:0.45,&#8221;a&#8221;:1}}},&#8221;gradients&#8221;:[]}}]}__CONFIG_colors_palette__ <a href=\"https:\/\/www.headout.com\/r\/most-amazing-placesrecommends-cxDQB\/\" target=\"_blank\" rel=\"nofollow noopener\"> <span><span style=\"\">Verifica la disponibilit\u00e0<\/span><\/span> <\/a>    <a href=\"https:\/\/megapass.com\/tours-tickets\/dolmabahce-palace-skip-the-ticket-line-and-bosphorus-cruise-i2249?discountCode=ma-places\" target=\"_blank\" rel=\" nofollow noopener\" style=\"\"><\/a><\/p>\n<h2 data-qa-marker=\"product-name\" style=\"\" id=\"t-1754053293275\"><a href=\"https:\/\/www.headout.com\/r\/most-amazing-placesrecommends-eIPYn\/\" target=\"_blank\" rel=\"nofollow noopener\"><\/a><a data-lt-tmp-id=\"lt-225321\" href=\"https:\/\/www.headout.com\/r\/most-amazing-placesrecommends-7Svlr\/\" rel=\"nofollow noopener\" spellcheck=\"false\" target=\"_blank\"><\/a><a data-lt-tmp-id=\"lt-398957\" href=\"https:\/\/megapass.com\/turkey\/istanbul\/topkapi-palace-museum-tickets?discountCode=ma-places\" rel=\"nofollow noopener\" spellcheck=\"false\" target=\"_blank\"><\/a><a data-lt-tmp-id=\"lt-707253\" href=\"https:\/\/megapass.com\/tours-tickets\/dolmabahce-palace-skip-the-ticket-line-and-bosphorus-cruise-i2249?discountCode=ma-places\" rel=\"nofollow noopener\" spellcheck=\"false\" target=\"_blank\" style=\"outline: none;\">Palazzo Dolmabah\u00e7e Salta la Fila &amp; Crociera sul Bosforo<\/a><\/h2>\n<p style=\"\"><a href=\"https:\/\/www.headout.com\/r\/most-amazing-placesrecommends-eIPYn\/\" target=\"_blank\" rel=\"nofollow noopener\"><\/a><a href=\"https:\/\/megapass.com\/turkey\/istanbul\/topkapi-palace-museum-tickets?discountCode=ma-places\" rel=\"nofollow noopener\" target=\"_blank\"><\/a><a href=\"https:\/\/megapass.com\/tours-tickets\/dolmabahce-palace-skip-the-ticket-line-and-bosphorus-cruise-i2249?discountCode=ma-places\" rel=\"nofollow noopener\" target=\"_blank\" style=\"outline: none;\" spellcheck=\"false\">4.9 \/ 5 (20+ recensioni)<\/a><\/p>\n<p style=\"\"><strong>Include:<\/strong><\/p>\n<ul>\n<li style=\"\"><strong>Accesso<\/strong><strong> salta la fila&nbsp;<\/strong>al <strong>Palazzo<\/strong> <strong>Dolmabah\u00e7e<\/strong> e <strong>all\u2019Harem<\/strong><\/li>\n<li style=\"\"><strong>Audioguida<\/strong> per il Palazzo Dolmabah\u00e7e (disponibile in oltre 10 lingue)<\/li>\n<li style=\"\"><strong>Crociera di 90 minuti sul Bosforo<\/strong> con audioguida multilingue (oltre 5 lingue)<\/li>\n<\/ul>\n<p style=\"\"><a href=\"https:\/\/www.headout.com\/r\/most-amazing-placesrecommends-eIPYn\/\" target=\"_blank\" rel=\"nofollow noopener\"><\/a><a data-lt-tmp-id=\"lt-949290\" href=\"https:\/\/www.headout.com\/r\/most-amazing-placesrecommends-7Svlr\/\" rel=\"nofollow noopener\" spellcheck=\"false\" target=\"_blank\"><\/a><a data-lt-tmp-id=\"lt-821383\" href=\"https:\/\/megapass.com\/turkey\/istanbul\/topkapi-palace-museum-tickets?discountCode=ma-places\" rel=\"nofollow noopener\" spellcheck=\"false\" target=\"_blank\"><\/a><a href=\"https:\/\/megapass.com\/tours-tickets\/dolmabahce-palace-skip-the-ticket-line-and-bosphorus-cruise-i2249?discountCode=ma-places\" rel=\"nofollow noopener\" spellcheck=\"false\" target=\"_blank\" style=\"outline: none;\">53,00 \u20ac<\/a><\/p>\n<p>__CONFIG_colors_palette__{&#8220;active_palette&#8221;:0,&#8221;config&#8221;:{&#8220;colors&#8221;:{&#8220;9296b&#8221;:{&#8220;name&#8221;:&#8221;Main Accent&#8221;,&#8221;parent&#8221;:-1}},&#8221;gradients&#8221;:[]},&#8221;palettes&#8221;:[{&#8220;name&#8221;:&#8221;Default Palette&#8221;,&#8221;value&#8221;:{&#8220;colors&#8221;:{&#8220;9296b&#8221;:{&#8220;val&#8221;:&#8221;rgb(29, 73, 186)&#8221;}},&#8221;gradients&#8221;:[]},&#8221;original&#8221;:{&#8220;colors&#8221;:{&#8220;9296b&#8221;:{&#8220;val&#8221;:&#8221;rgb(19, 114, 211)&#8221;,&#8221;hsl&#8221;:{&#8220;h&#8221;:210,&#8221;s&#8221;:0.83,&#8221;l&#8221;:0.45,&#8221;a&#8221;:1}}},&#8221;gradients&#8221;:[]}}]}__CONFIG_colors_palette__ <a href=\"\" rel=\"nofollow\" target=\"_blank\" style=\"\"> <span style=\"\"><span style=\"\">Verifica la disponibilit\u00e0<\/span><\/span> <\/a>    <a href=\"https:\/\/www.headout.com\/r\/most-amazing-placesrecommends-d071Z\/\" target=\"_blank\" rel=\" nofollow noopener\" style=\"\"><\/a><\/p>\n<h2 data-qa-marker=\"product-name\" style=\"\" id=\"t-1754053293276\"><a href=\"https:\/\/www.headout.com\/r\/most-amazing-placesrecommends-eIPYn\/\" target=\"_blank\" rel=\"nofollow noopener\"><\/a><a data-lt-tmp-id=\"lt-225321\" href=\"https:\/\/www.headout.com\/r\/most-amazing-placesrecommends-7Svlr\/\" rel=\"nofollow noopener\" spellcheck=\"false\" target=\"_blank\"><\/a><a data-lt-tmp-id=\"lt-398957\" href=\"https:\/\/megapass.com\/turkey\/istanbul\/topkapi-palace-museum-tickets?discountCode=ma-places\" rel=\"nofollow noopener\" spellcheck=\"false\" target=\"_blank\"><\/a><a data-lt-tmp-id=\"lt-707014\" href=\"https:\/\/www.getyourguide.com\/istanbul-l56\/istanbul-topkapi-palace-harem-tour-including-entry-ticket-t127010\/?partner_id=NO9XIDE&amp;utm_medium=online_publisher&amp;cmp=TopkapiGenTrHomepage\" rel=\"nofollow noopener\" spellcheck=\"false\" target=\"_blank\"><\/a><a href=\"https:\/\/www.headout.com\/r\/most-amazing-placesrecommends-d071Z\/\" rel=\"nofollow noopener\" spellcheck=\"false\" target=\"_blank\" style=\"outline: none;\">Combo: Palazzo Dolmabah\u00e7e e Harem + Biglietti Salta la Fila per Santa Sofia<\/a><\/h2>\n<p style=\"\"><a href=\"https:\/\/www.headout.com\/r\/most-amazing-placesrecommends-eIPYn\/\" target=\"_blank\" rel=\"nofollow noopener\"><\/a><a href=\"https:\/\/megapass.com\/turkey\/istanbul\/topkapi-palace-museum-tickets?discountCode=ma-places\" rel=\"nofollow noopener\" target=\"_blank\"><\/a><a href=\"https:\/\/www.getyourguide.com\/istanbul-l56\/istanbul-topkapi-palace-harem-tour-including-entry-ticket-t127010\/?partner_id=NO9XIDE&amp;utm_medium=online_publisher&amp;cmp=TopkapiGenTrHomepage\" rel=\"nofollow noopener\" target=\"_blank\"><\/a><a href=\"https:\/\/www.headout.com\/r\/most-amazing-placesrecommends-d071Z\/\" rel=\"nofollow noopener\" target=\"_blank\" style=\"outline: none;\" data-lt-tmp-id=\"lt-482563\" spellcheck=\"false\">4.5\/5 (1500+ recensioni)<\/a><\/p>\n<p data-pm-slice=\"1 1 []\" style=\"\">Scopri i tesori di Istanbul: accedi con priorit\u00e0 al Palazzo Dolmabah\u00e7e (con audioguida approfondita) e alla magnifica Hagia Sophia.<a href=\"https:\/\/www.headout.com\/r\/most-amazing-placesrecommends-d071Z\/\" rel=\"nofollow noopener\" target=\"_blank\" style=\"outline: none;\" spellcheck=\"false\"><strong>+ maggiori dettagli<\/strong><\/a><\/p>\n<p style=\"\"><a href=\"https:\/\/www.headout.com\/r\/most-amazing-placesrecommends-eIPYn\/\" target=\"_blank\" rel=\"nofollow noopener\"><\/a><a data-lt-tmp-id=\"lt-949290\" href=\"https:\/\/www.headout.com\/r\/most-amazing-placesrecommends-7Svlr\/\" rel=\"nofollow noopener\" spellcheck=\"false\" target=\"_blank\"><\/a><a data-lt-tmp-id=\"lt-821383\" href=\"https:\/\/megapass.com\/turkey\/istanbul\/topkapi-palace-museum-tickets?discountCode=ma-places\" rel=\"nofollow noopener\" spellcheck=\"false\" target=\"_blank\"><\/a><a data-lt-tmp-id=\"lt-541635\" href=\"https:\/\/www.getyourguide.com\/istanbul-l56\/istanbul-topkapi-palace-harem-tour-including-entry-ticket-t127010\/?partner_id=NO9XIDE&amp;utm_medium=online_publisher&amp;cmp=TopkapiGenTrHomepage\" rel=\"nofollow noopener\" spellcheck=\"false\" target=\"_blank\"><\/a><a href=\"https:\/\/www.headout.com\/r\/most-amazing-placesrecommends-d071Z\/\" rel=\"nofollow noopener\" spellcheck=\"false\" target=\"_blank\" style=\"outline: none;\">75,05 \u20ac<\/a><\/p>\n<p>__CONFIG_colors_palette__{&#8220;active_palette&#8221;:0,&#8221;config&#8221;:{&#8220;colors&#8221;:{&#8220;9296b&#8221;:{&#8220;name&#8221;:&#8221;Main Accent&#8221;,&#8221;parent&#8221;:-1}},&#8221;gradients&#8221;:[]},&#8221;palettes&#8221;:[{&#8220;name&#8221;:&#8221;Default Palette&#8221;,&#8221;value&#8221;:{&#8220;colors&#8221;:{&#8220;9296b&#8221;:{&#8220;val&#8221;:&#8221;rgb(29, 73, 186)&#8221;}},&#8221;gradients&#8221;:[]},&#8221;original&#8221;:{&#8220;colors&#8221;:{&#8220;9296b&#8221;:{&#8220;val&#8221;:&#8221;rgb(19, 114, 211)&#8221;,&#8221;hsl&#8221;:{&#8220;h&#8221;:210,&#8221;s&#8221;:0.83,&#8221;l&#8221;:0.45,&#8221;a&#8221;:1}}},&#8221;gradients&#8221;:[]}}]}__CONFIG_colors_palette__ <a href=\"https:\/\/www.headout.com\/r\/most-amazing-placesrecommends-d071Z\/\" target=\"_blank\" rel=\"nofollow noopener\"> <span style=\"\"><span style=\"\">Verifica la disponibilit\u00e0<\/span><\/span> <\/a>  <\/p>\n<h2 style=\"text-align: left;\" id=\"t-1754053293277\"><strong>Pass&nbsp;<\/strong><strong>Combo Miglior Rapporto Qualit\u00e0-Prezzo<\/strong><\/h2>\n<p>  <a href=\"https:\/\/megapass.com\/turkey\/istanbul\/megapass-istanbul?discountCode=ma-places\" target=\"_blank\" rel=\" nofollow noopener\" style=\"\"><\/a><\/p>\n<h2 data-qa-marker=\"product-name\" style=\"\" id=\"t-1754053293278\"><a href=\"https:\/\/www.headout.com\/r\/most-amazing-placesrecommends-eIPYn\/\" target=\"_blank\" rel=\"nofollow noopener\"><\/a><a data-lt-tmp-id=\"lt-225321\" href=\"https:\/\/www.headout.com\/r\/most-amazing-placesrecommends-7Svlr\/\" rel=\"nofollow noopener\" spellcheck=\"false\" target=\"_blank\"><\/a><a data-lt-tmp-id=\"lt-398957\" href=\"https:\/\/megapass.com\/turkey\/istanbul\/topkapi-palace-museum-tickets?discountCode=ma-places\" rel=\"nofollow noopener\" spellcheck=\"false\" target=\"_blank\"><\/a><a data-lt-tmp-id=\"lt-707014\" href=\"https:\/\/www.getyourguide.com\/istanbul-l56\/istanbul-topkapi-palace-harem-tour-including-entry-ticket-t127010\/?partner_id=NO9XIDE&amp;utm_medium=online_publisher&amp;cmp=TopkapiGenTrHomepage\" rel=\"nofollow noopener\" spellcheck=\"false\" target=\"_blank\"><\/a><a data-lt-tmp-id=\"lt-652778\" href=\"https:\/\/megapass.com\/turkey\/istanbul\/pass?discountCode=ma-places\" rel=\"nofollow noopener\" spellcheck=\"false\" target=\"_blank\" style=\"outline: none;\"><strong><strong><\/strong><\/strong><\/a><strong><strong><a href=\"https:\/\/megapass.com\/turkey\/istanbul\/pass?discountCode=ma-places\" rel=\"nofollow noopener\" spellcheck=\"false\" target=\"_blank\" style=\"outline: none;\"><strong>MegaPass con 2, 4 o 10 Attrazioni Principali<\/strong><\/a><\/strong><\/strong><\/h2>\n<p style=\"\"><a href=\"https:\/\/www.headout.com\/r\/most-amazing-placesrecommends-eIPYn\/\" target=\"_blank\" rel=\"nofollow noopener\"><\/a><a href=\"https:\/\/megapass.com\/turkey\/istanbul\/topkapi-palace-museum-tickets?discountCode=ma-places\" rel=\"nofollow noopener\" target=\"_blank\"><\/a><a href=\"https:\/\/www.getyourguide.com\/istanbul-l56\/istanbul-topkapi-palace-harem-tour-including-entry-ticket-t127010\/?partner_id=NO9XIDE&amp;utm_medium=online_publisher&amp;cmp=TopkapiGenTrHomepage\" rel=\"nofollow noopener\" target=\"_blank\"><\/a><a href=\"https:\/\/megapass.com\/turkey\/istanbul\/pass?discountCode=ma-places\" rel=\"nofollow noopener\" target=\"_blank\" style=\"outline: none;\" data-lt-tmp-id=\"lt-516065\" spellcheck=\"false\">4.9 \/ 5 (1020+ recensioni)<\/a><\/p>\n<p data-pm-slice=\"1 1 []\" style=\"\">Con questo pass, visita <strong>2, 4 o 10 delle principali attrazioni<\/strong>, ammira la Moschea Blu, fai una crociera sul Bosforo e usa i mezzi pubblici per esplorare Istanbul senza stress. Mega Risparmio e Mega Valore! <a href=\"https:\/\/megapass.com\/turkey\/istanbul\/pass?discountCode=ma-places\" rel=\"nofollow noopener\" target=\"_blank\" style=\"outline: none;\" spellcheck=\"false\"><strong>+ maggiori dettagli<\/strong><\/a><\/p>\n<p style=\"\"><a href=\"https:\/\/www.headout.com\/r\/most-amazing-placesrecommends-eIPYn\/\" target=\"_blank\" rel=\"nofollow noopener\"><\/a><a data-lt-tmp-id=\"lt-949290\" href=\"https:\/\/www.headout.com\/r\/most-amazing-placesrecommends-7Svlr\/\" rel=\"nofollow noopener\" spellcheck=\"false\" target=\"_blank\"><\/a><a data-lt-tmp-id=\"lt-821383\" href=\"https:\/\/megapass.com\/turkey\/istanbul\/topkapi-palace-museum-tickets?discountCode=ma-places\" rel=\"nofollow noopener\" spellcheck=\"false\" target=\"_blank\"><\/a><a data-lt-tmp-id=\"lt-541635\" href=\"https:\/\/www.getyourguide.com\/istanbul-l56\/istanbul-topkapi-palace-harem-tour-including-entry-ticket-t127010\/?partner_id=NO9XIDE&amp;utm_medium=online_publisher&amp;cmp=TopkapiGenTrHomepage\" rel=\"nofollow noopener\" spellcheck=\"false\" target=\"_blank\"><\/a><a href=\"https:\/\/megapass.com\/turkey\/istanbul\/pass?discountCode=ma-places\" rel=\"nofollow noopener\" spellcheck=\"false\" target=\"_blank\" style=\"outline: none;\">Da 144,00 \u20ac<\/a><\/p>\n<p>__CONFIG_colors_palette__{&#8220;active_palette&#8221;:0,&#8221;config&#8221;:{&#8220;colors&#8221;:{&#8220;9296b&#8221;:{&#8220;name&#8221;:&#8221;Main Accent&#8221;,&#8221;parent&#8221;:-1}},&#8221;gradients&#8221;:[]},&#8221;palettes&#8221;:[{&#8220;name&#8221;:&#8221;Default Palette&#8221;,&#8221;value&#8221;:{&#8220;colors&#8221;:{&#8220;9296b&#8221;:{&#8220;val&#8221;:&#8221;rgb(29, 73, 186)&#8221;}},&#8221;gradients&#8221;:[]},&#8221;original&#8221;:{&#8220;colors&#8221;:{&#8220;9296b&#8221;:{&#8220;val&#8221;:&#8221;rgb(19, 114, 211)&#8221;,&#8221;hsl&#8221;:{&#8220;h&#8221;:210,&#8221;s&#8221;:0.83,&#8221;l&#8221;:0.45,&#8221;a&#8221;:1}}},&#8221;gradients&#8221;:[]}}]}__CONFIG_colors_palette__ <a href=\"https:\/\/megapass.com\/turkey\/istanbul\/pass?discountCode=ma-places\" target=\"_blank\" rel=\"nofollow noopener\"> <span style=\"\"><span style=\"\">Verifica la disponibilit\u00e0<\/span><\/span> <\/a>   <\/p>\n","protected":false},"excerpt":{"rendered":"<p>Come arrivare al Palazzo Dolmabah\u00e7e Altre opzioni: A piedi: Il Palazzo Dolmabah\u00e7e si trova nel centro di Istanbul, quindi \u00e8 facilmente raggiungibile a piedi da molti luoghi. Camminare da Piazza Taksim o da Be\u015fikta\u015f fino al palazzo richiede circa 20 minuti. Camminare da Sultanahmet al palazzo richiede circa 50 minuti. In treno: Puoi prendere il [&hellip;]<\/p>\n","protected":false},"author":1,"featured_media":4234,"parent":0,"menu_order":0,"comment_status":"closed","ping_status":"closed","template":"","meta":{"footnotes":""},"class_list":["post-4282","page","type-page","status-publish","has-post-thumbnail","hentry","post-wrapper","thrv_wrapper"],"_links":{"self":[{"href":"https:\/\/dolmabahcepalace.gen.tr\/it\/wp-json\/wp\/v2\/pages\/4282","targetHints":{"allow":["GET"]}}],"collection":[{"href":"https:\/\/dolmabahcepalace.gen.tr\/it\/wp-json\/wp\/v2\/pages"}],"about":[{"href":"https:\/\/dolmabahcepalace.gen.tr\/it\/wp-json\/wp\/v2\/types\/page"}],"author":[{"embeddable":true,"href":"https:\/\/dolmabahcepalace.gen.tr\/it\/wp-json\/wp\/v2\/users\/1"}],"replies":[{"embeddable":true,"href":"https:\/\/dolmabahcepalace.gen.tr\/it\/wp-json\/wp\/v2\/comments?post=4282"}],"version-history":[{"count":12,"href":"https:\/\/dolmabahcepalace.gen.tr\/it\/wp-json\/wp\/v2\/pages\/4282\/revisions"}],"predecessor-version":[{"id":4797,"href":"https:\/\/dolmabahcepalace.gen.tr\/it\/wp-json\/wp\/v2\/pages\/4282\/revisions\/4797"}],"wp:featuredmedia":[{"embeddable":true,"href":"https:\/\/dolmabahcepalace.gen.tr\/it\/wp-json\/wp\/v2\/media\/4234"}],"wp:attachment":[{"href":"https:\/\/dolmabahcepalace.gen.tr\/it\/wp-json\/wp\/v2\/media?parent=4282"}],"curies":[{"name":"wp","href":"https:\/\/api.w.org\/{rel}","templated":true}]}}