{"id":4285,"date":"2024-11-08T14:38:51","date_gmt":"2024-11-08T14:38:51","guid":{"rendered":"https:\/\/dolmabahcepalace.gen.tr\/palace-and-harem-fast-track-entry\/"},"modified":"2025-08-04T12:39:36","modified_gmt":"2025-08-04T12:39:36","slug":"ingresso-rapido-al-palazzo-dolmabahce-e-harem","status":"publish","type":"page","link":"https:\/\/dolmabahcepalace.gen.tr\/it\/ingresso-rapido-al-palazzo-dolmabahce-e-harem\/","title":{"rendered":"Istanbul: Ingresso Rapido al Palazzo Dolmabahce e Harem"},"content":{"rendered":"<p><span><img decoding=\"async\" alt=\"\" data-id=\"3927\" width=\"853\" height=\"640\" title=\"Ingresso rapido 2 al Palazzo Dolmabahce e all'Harem\" src=\"https:\/\/dolmabahcepalace.gen.tr\/wp-content\/uploads\/2024\/11\/Dolmabahce-Palace-and-Harem-Fast-Track-Entry-2.jpg\" data-src=\"https:\/\/dolmabahcepalace.gen.tr\/wp-content\/uploads\/2024\/11\/Dolmabahce-Palace-and-Harem-Fast-Track-Entry-2-300x225.jpg\" loading=\"lazy\" data-sizes=\"{&quot;thumbnail&quot;:{&quot;url&quot;:&quot;https:\/\/dolmabahcepalace.gen.tr\/wp-content\/uploads\/2024\/11\/Dolmabahce-Palace-and-Harem-Fast-Track-Entry-2-150x150.jpg&quot;,&quot;height&quot;:150,&quot;width&quot;:150,&quot;orientation&quot;:&quot;landscape&quot;},&quot;medium&quot;:{&quot;url&quot;:&quot;https:\/\/dolmabahcepalace.gen.tr\/wp-content\/uploads\/2024\/11\/Dolmabahce-Palace-and-Harem-Fast-Track-Entry-2-300x225.jpg&quot;,&quot;height&quot;:225,&quot;width&quot;:300,&quot;orientation&quot;:&quot;landscape&quot;},&quot;full&quot;:{&quot;url&quot;:&quot;https:\/\/dolmabahcepalace.gen.tr\/wp-content\/uploads\/2024\/11\/Dolmabahce-Palace-and-Harem-Fast-Track-Entry-2.jpg&quot;,&quot;height&quot;:640,&quot;width&quot;:853,&quot;orientation&quot;:&quot;landscape&quot;}}\"><\/span><span><img decoding=\"async\" alt=\"\" data-id=\"3930\" width=\"960\" height=\"640\" title=\"Ingresso rapido al Palazzo Dolmabah\u00e7e e all'Harem\" src=\"https:\/\/dolmabahcepalace.gen.tr\/wp-content\/uploads\/2024\/11\/Dolmabahce-Palace-and-Harem-Fast-Track-Entry.jpg\" data-src=\"https:\/\/dolmabahcepalace.gen.tr\/wp-content\/uploads\/2024\/11\/Dolmabahce-Palace-and-Harem-Fast-Track-Entry-300x200.jpg\" loading=\"lazy\" data-sizes=\"{&quot;thumbnail&quot;:{&quot;url&quot;:&quot;https:\/\/dolmabahcepalace.gen.tr\/wp-content\/uploads\/2024\/11\/Dolmabahce-Palace-and-Harem-Fast-Track-Entry-150x150.jpg&quot;,&quot;height&quot;:150,&quot;width&quot;:150,&quot;orientation&quot;:&quot;landscape&quot;},&quot;medium&quot;:{&quot;url&quot;:&quot;https:\/\/dolmabahcepalace.gen.tr\/wp-content\/uploads\/2024\/11\/Dolmabahce-Palace-and-Harem-Fast-Track-Entry-300x200.jpg&quot;,&quot;height&quot;:200,&quot;width&quot;:300,&quot;orientation&quot;:&quot;landscape&quot;},&quot;full&quot;:{&quot;url&quot;:&quot;https:\/\/dolmabahcepalace.gen.tr\/wp-content\/uploads\/2024\/11\/Dolmabahce-Palace-and-Harem-Fast-Track-Entry.jpg&quot;,&quot;height&quot;:640,&quot;width&quot;:960,&quot;orientation&quot;:&quot;landscape&quot;}}\"><\/span><span><img decoding=\"async\" alt=\"\" data-id=\"3921\" width=\"853\" height=\"640\" title=\"Ingresso rapido al Palazzo Dolmabahce e all'Harem 4\" src=\"https:\/\/dolmabahcepalace.gen.tr\/wp-content\/uploads\/2024\/11\/Dolmabahce-Palace-and-Harem-Fast-Track-Entry-4.jpg\" data-src=\"https:\/\/dolmabahcepalace.gen.tr\/wp-content\/uploads\/2024\/11\/Dolmabahce-Palace-and-Harem-Fast-Track-Entry-4-300x225.jpg\" loading=\"lazy\" data-sizes=\"{&quot;thumbnail&quot;:{&quot;url&quot;:&quot;https:\/\/dolmabahcepalace.gen.tr\/wp-content\/uploads\/2024\/11\/Dolmabahce-Palace-and-Harem-Fast-Track-Entry-4-150x150.jpg&quot;,&quot;height&quot;:150,&quot;width&quot;:150,&quot;orientation&quot;:&quot;landscape&quot;},&quot;medium&quot;:{&quot;url&quot;:&quot;https:\/\/dolmabahcepalace.gen.tr\/wp-content\/uploads\/2024\/11\/Dolmabahce-Palace-and-Harem-Fast-Track-Entry-4-300x225.jpg&quot;,&quot;height&quot;:225,&quot;width&quot;:300,&quot;orientation&quot;:&quot;landscape&quot;},&quot;full&quot;:{&quot;url&quot;:&quot;https:\/\/dolmabahcepalace.gen.tr\/wp-content\/uploads\/2024\/11\/Dolmabahce-Palace-and-Harem-Fast-Track-Entry-4.jpg&quot;,&quot;height&quot;:640,&quot;width&quot;:853,&quot;orientation&quot;:&quot;landscape&quot;}}\"><\/span><span><img decoding=\"async\" alt=\"\" data-id=\"3918\" width=\"853\" height=\"640\" title=\"Ingresso prioritario al Palazzo Dolmabahce e all'Harem 5\" src=\"https:\/\/dolmabahcepalace.gen.tr\/wp-content\/uploads\/2024\/11\/Dolmabahce-Palace-and-Harem-Fast-Track-Entry-5.jpg\" data-src=\"https:\/\/dolmabahcepalace.gen.tr\/wp-content\/uploads\/2024\/11\/Dolmabahce-Palace-and-Harem-Fast-Track-Entry-5-300x225.jpg\" loading=\"lazy\" data-sizes=\"{&quot;thumbnail&quot;:{&quot;url&quot;:&quot;https:\/\/dolmabahcepalace.gen.tr\/wp-content\/uploads\/2024\/11\/Dolmabahce-Palace-and-Harem-Fast-Track-Entry-5-150x150.jpg&quot;,&quot;height&quot;:150,&quot;width&quot;:150,&quot;orientation&quot;:&quot;landscape&quot;},&quot;medium&quot;:{&quot;url&quot;:&quot;https:\/\/dolmabahcepalace.gen.tr\/wp-content\/uploads\/2024\/11\/Dolmabahce-Palace-and-Harem-Fast-Track-Entry-5-300x225.jpg&quot;,&quot;height&quot;:225,&quot;width&quot;:300,&quot;orientation&quot;:&quot;landscape&quot;},&quot;full&quot;:{&quot;url&quot;:&quot;https:\/\/dolmabahcepalace.gen.tr\/wp-content\/uploads\/2024\/11\/Dolmabahce-Palace-and-Harem-Fast-Track-Entry-5.jpg&quot;,&quot;height&quot;:640,&quot;width&quot;:853,&quot;orientation&quot;:&quot;landscape&quot;}}\"><\/span><\/p>\n<h1 dir=\"ltr\">Biglietti salta fila per il Palazzo Dolmabah\u00e7e e l&#8217;Harem con audioguida<\/h1>\n<h2><a href=\"https:\/\/www.headout.com\/r\/most-amazing-placesrecommends-u2YaN\/\" target=\"_blank\" rel=\"nofollow noopener\" style=\"outline: none;\">Per prenotare<\/a><\/h2>\n<h1><a href=\"https:\/\/www.headout.com\/r\/most-amazing-placesrecommends-u2YaN\/\" target=\"_blank\" rel=\"nofollow noopener\" style=\"outline: none;\" spellcheck=\"false\"><span style=\"font-weight: normal;\">da&nbsp;<\/span><strong>46,49 \u20ac<\/strong><\/a><\/h1>\n<p dir=\"ltr\">Scopri lo splendore dell\u2019Impero Ottomano con l\u2019<strong data-end=\"257\" data-start=\"208\">Ingresso Rapido al Palazzo Dolmabahce e Harem<\/strong>: salta la fila, esplora con audioguida e ammira ogni dettaglio architettonico in totale libert\u00e0.<\/p>\n<ul>\n<li style=\"\"><span>Biglietto consigliato<\/span><\/li>\n<li style=\"\"><span>Biglietto mobile &nbsp;<\/span><\/li>\n<li style=\"\"><span>Ingresso rapido<\/span><\/li>\n<li style=\"\"><span>Cancellazione gratuita<\/span><\/li>\n<\/ul>\n<h2>Cosa \u00e8 incluso<\/h2>\n<ul>\n<li><span>Ingresso salta fila al Palazzo Dolmabah\u00e7e&nbsp;<\/span><\/li>\n<li><span>Accesso all&#8217;Harem<\/span><\/li>\n<li><span>Audioguida multilingue (10 lingue disponibili)<\/span><\/li>\n<\/ul>\n<h2>Cosa non \u00e8 incluso<\/h2>\n<ul>\n<li style=\"\"><span>Guida turistica<\/span><\/li>\n<li style=\"\"><span>Ingresso al Museo dell&#8217;Orologio<\/span><\/li>\n<\/ul>\n<h2>Informazioni importanti<\/h2>\n<ul>\n<li style=\"\"><span>Presentare un documento d&#8217;identit\u00e0 o un passaporto valido. In caso di assenza, \u00e8 richiesto un deposito di 200 \u20ac per il prestito dell&#8217;audioguida, rimborsabile al momento della restituzione all&#8217;uscita.<\/span><\/li>\n<li style=\"\"><span>\u00c8 severamente vietato scattare fotografie all&#8217;interno del locale.<\/span><\/li>\n<li><span>L&#8217;ingresso rapido salta le file per i biglietti ma non la fila per i controlli di sicurezza, che pu\u00f2 durare fino a 30 minuti<\/span><\/li>\n<li><span>L&#8217;ultimo ingresso \u00e8 1 ora prima dell&#8217;orario di chiusura<\/span><\/li>\n<li><span>Porta le tue cuffie per l&#8217;audioguida<\/span><\/li>\n<\/ul>\n<h2>Descrizione:<\/h2>\n<p dir=\"ltr\">Vivi la grandiosit\u00e0 dell\u2019Impero Ottomano con <strong>l\u2019Ingresso Rapido al Palazzo Dolmabahce e Harem<\/strong>. Questo biglietto ti consente di saltare la fila e visitare una delle residenze pi\u00f9 iconiche dei sultani ottomani, nota per il suo sfarzo europeo e le sue sale riccamente decorate. <\/p>\n<p dir=\"ltr\"><strong>Grazie all\u2019audioguida inclusa<\/strong>, potrai ascoltare storie affascinanti su sultani, regine e la vita di corte. Un\u2019esperienza imperdibile per gli amanti della storia, dell\u2019architettura e della cultura ottomana.<\/p>\n<h2>Punti salienti:<\/h2>\n<ul>\n<li><strong><strong data-end=\"658\" data-start=\"609\">Ingresso Rapido al Palazzo Dolmabahce e Harem<\/strong>: <\/strong>evita le code e risparmia tempo prezioso esplorando le 285 stanze di una delle dimore pi\u00f9 sontuose dell\u2019Impero Ottomano.<\/li>\n<li dir=\"ltr\"><strong>Audioguida approfondita:<\/strong> disponibile in pi\u00f9 lingue per un tour personalizzato<\/li>\n<li dir=\"ltr\"><strong>Meraviglie architettoniche:<\/strong> ammirate la Sala Cerimoniale con i lampadari inglesi pi\u00f9 grandi del mondo, l&#8217;imponente Sala Medhal, la Sala Piastrellata e molto altro ancora<\/li>\n<li dir=\"ltr\"><strong>Esplora l&#8217;Harem:<\/strong> include l&#8217;accesso all&#8217;intrigante sezione Harem del palazzo<\/li>\n<li><strong>Vista sul Bosforo:<\/strong> ammira le viste panoramiche dell&#8217;iconico corso d&#8217;acqua di Istanbul<\/li>\n<\/ul>\n<h3 dir=\"ltr\">Palazzo Dolmabah\u00e7e<\/h3>\n<p dir=\"ltr\">Vi\u015fnezade, Dolmabah\u00e7e Cd., 34357 Be\u015fikta\u015f\/Istanbul<\/p>\n<h2>Politica di cancellazione<\/h2>\n<p dir=\"ltr\">Per ottenere un rimborso completo, puoi annullare fino a 24 ore prima dell&#8217;esperienza.<\/p>\n<h2>Punto d&#8217;incontro e istruzioni<\/h2>\n<p data-pm-slice=\"1 1 []\">Mostra il tuo voucher mobile insieme a un documento d&#8217;identit\u00e0 valido e arriva 15 minuti prima per evitare ritardi.<\/p>\n<p><a href=\"https:\/\/www.google.com\/maps?q=@41.03916549682617,29.000459671020508\" target=\"_blank\" rel=\"nofollow noopener\" style=\"outline: none;\" data-lt-tmp-id=\"lt-581789\" spellcheck=\"false\">Apri in Maps<\/a><\/p>\n<h2>Recensioni e valutazioni<\/h2>\n<p><strong>4.6\/ 5&nbsp; <\/strong><strong>(1283 recensioni)<\/strong><\/p>\n<p><em>&#8220;Il palazzo \u00e8 meraviglioso e non c&#8217;era quasi nessuno quando sono arrivata (alle 10:30). \u00c8 enorme e con l&#8217;audioguida ne vale la pena.&#8221;<\/em> -Marina, aprile 2025<\/p>\n<p><em>&#8220;La prenotazione \u00e8 stata rapida e senza intoppi. Ingresso senza tempi di attesa! Ottima audioguida. Non c&#8217;erano lunghe code a palazzo, n\u00e9 folla. Abbiamo potuto vedere tutto in tutta tranquillit\u00e0. Un palazzo meraviglioso che dovete assolutamente vedere! Altamente consigliato!&#8221;<\/em> &#8211; Barbara, aprile 2025 <a href=\"https:\/\/www.headout.com\/r\/most-amazing-placesrecommends-u2YaN\/\" target=\"_blank\" rel=\"nofollow noopener\" style=\"outline: none;\">&gt;&gt; Altre recensioni<\/a><\/p>\n<h2>Alcune attivit\u00e0 che potrebbero piacerti<\/h2>\n<p><span># <\/span><strong><span>2<\/span><\/strong><span># <\/span><strong><span>2<\/span><\/strong><span><img decoding=\"async\" alt=\"Salta la fila per i biglietti del Palazzo Dolmabah\u00e7e e crociera sul Bosforo\" data-id=\"3685\" width=\"159\" data-init-width=\"2344\" height=\"88\" data-init-height=\"1302\" title=\"Salta la fila per i biglietti del Palazzo Dolmabah\u00e7e e crociera sul Bosforo\" loading=\"lazy\" src=\"https:\/\/dolmabahcepalace.gen.tr\/wp-content\/uploads\/2024\/09\/Dolmabahce-Palace-Skip-the-Ticket-Line-Bosphorus-Cruise.png\" data-width=\"159\" data-height=\"88\" style=\"aspect-ratio: auto 2344 \/ 1302;\"><\/span><\/p>\n<table>\n<tbody>\n<tr>\n<td><a href=\"https:\/\/megapass.com\/tours-tickets\/dolmabahce-palace-skip-the-ticket-line-and-bosphorus-cruise-i2249?discountCode=ma-places\" target=\"_blank\" rel=\"nofollow noopener\" style=\"outline: none;\" data-lt-tmp-id=\"lt-569507\" spellcheck=\"false\">Salta la fila per i biglietti del Palazzo Dolmabah\u00e7e e crociera sul Bosforo<\/a><\/td>\n<\/tr>\n<\/tbody>\n<\/table>\n<p dir=\"ltr\">Salta la fila al Palazzo Dolmabah\u00e7e e goditi i suoi sfarzosi interni e gli splendidi giardini. Completa la tua esperienza con una crociera panoramica sul Bosforo, che offre splendide viste su Istanbul.&nbsp;<\/p>\n<h3 style=\"\">Prezzo totale<\/h3>\n<h3 style=\"\">Non ti verr\u00e0 ancora addebitato alcun importo<\/h3>\n<p><span># <\/span><strong><span>2<\/span><\/strong><span><img decoding=\"async\" alt=\"\" data-id=\"3682\" width=\"159\" data-init-width=\"2362\" height=\"89\" data-init-height=\"1316\" title=\"Biglietti per il Palazzo Dolmabah\u00e7e, Santa Sofia e la Cisterna Basilica\" loading=\"lazy\" src=\"https:\/\/dolmabahcepalace.gen.tr\/wp-content\/uploads\/2024\/09\/Dolmabahce-Palace-Hagia-Sophia-Basilica-Cistern-Tickets.png\" data-width=\"159\" data-height=\"89\" style=\"aspect-ratio: auto 2362 \/ 1316;\"><\/span><\/p>\n<table>\n<tbody>\n<tr>\n<td><a href=\"https:\/\/megapass.com\/tours-tickets\/dolmabahce-palace-hagia-sophia-and-basilica-cistern-tickets-i2383?discountCode=ma-places\" target=\"_blank\" rel=\"nofollow noopener\" style=\"outline: none;\" data-lt-tmp-id=\"lt-163467\" spellcheck=\"false\">Biglietti per il Palazzo Dolmabah\u00e7e, Santa Sofia e la Cisterna Basilica<\/a><\/td>\n<\/tr>\n<\/tbody>\n<\/table>\n<p>Massimizza i tuoi risparmi con questa combinazione 3 in 1, valida per 2 giorni! Esplora l&#8217;iconico Palazzo Dolmabah\u00e7e, la Basilica di Santa Sofia e la Cisterna Basilica di Istanbul al tuo ritmo. Con i biglietti in tasca e un&#8217;audioguida a portata di mano, potrai immergerti nella sua ricca storia.<\/p>\n<h3 style=\"\">Prezzo totale<\/h3>\n<h3 style=\"\">Non ti verr\u00e0 ancora addebitato alcun importo<\/h3>\n<\/p>\n<h2><a href=\"https:\/\/www.headout.com\/r\/most-amazing-placesrecommends-u2YaN\/\" target=\"_blank\" rel=\"nofollow noopener\" style=\"outline: none;\" data-lt-tmp-id=\"lt-208305\" spellcheck=\"false\">Per prenotare<\/a><\/h2>\n<h1><a href=\"https:\/\/www.headout.com\/r\/most-amazing-placesrecommends-u2YaN\/\" target=\"_blank\" rel=\"nofollow noopener\" style=\"outline: none;\" spellcheck=\"false\"><span style=\"font-weight: normal;\">da&nbsp;<\/span><strong>46,49 \u20ac<\/strong><\/a><\/h1>\n<p style=\"\">Non ti verr\u00e0 ancora addebitato alcun importo<\/p>\n","protected":false},"excerpt":{"rendered":"<p>Biglietti salta fila per il Palazzo Dolmabah\u00e7e e l&#8217;Harem con audioguida Per prenotare da&nbsp;46,49 \u20ac Scopri lo splendore dell\u2019Impero Ottomano con l\u2019Ingresso Rapido al Palazzo Dolmabahce e Harem: salta la fila, esplora con audioguida e ammira ogni dettaglio architettonico in totale libert\u00e0. Biglietto consigliato Biglietto mobile &nbsp; Ingresso rapido Cancellazione gratuita Cosa \u00e8 incluso Ingresso [&hellip;]<\/p>\n","protected":false},"author":5,"featured_media":4268,"parent":0,"menu_order":0,"comment_status":"closed","ping_status":"closed","template":"","meta":{"footnotes":""},"class_list":["post-4285","page","type-page","status-publish","has-post-thumbnail","hentry","post-wrapper","thrv_wrapper"],"_links":{"self":[{"href":"https:\/\/dolmabahcepalace.gen.tr\/it\/wp-json\/wp\/v2\/pages\/4285","targetHints":{"allow":["GET"]}}],"collection":[{"href":"https:\/\/dolmabahcepalace.gen.tr\/it\/wp-json\/wp\/v2\/pages"}],"about":[{"href":"https:\/\/dolmabahcepalace.gen.tr\/it\/wp-json\/wp\/v2\/types\/page"}],"author":[{"embeddable":true,"href":"https:\/\/dolmabahcepalace.gen.tr\/it\/wp-json\/wp\/v2\/users\/5"}],"replies":[{"embeddable":true,"href":"https:\/\/dolmabahcepalace.gen.tr\/it\/wp-json\/wp\/v2\/comments?post=4285"}],"version-history":[{"count":6,"href":"https:\/\/dolmabahcepalace.gen.tr\/it\/wp-json\/wp\/v2\/pages\/4285\/revisions"}],"predecessor-version":[{"id":4767,"href":"https:\/\/dolmabahcepalace.gen.tr\/it\/wp-json\/wp\/v2\/pages\/4285\/revisions\/4767"}],"wp:featuredmedia":[{"embeddable":true,"href":"https:\/\/dolmabahcepalace.gen.tr\/it\/wp-json\/wp\/v2\/media\/4268"}],"wp:attachment":[{"href":"https:\/\/dolmabahcepalace.gen.tr\/it\/wp-json\/wp\/v2\/media?parent=4285"}],"curies":[{"name":"wp","href":"https:\/\/api.w.org\/{rel}","templated":true}]}}